{"id":3267,"date":"2024-12-13T15:10:56","date_gmt":"2024-12-13T23:10:56","guid":{"rendered":"https:\/\/hawaiipublicschools.org\/?page_id=3267"},"modified":"2026-02-10T15:57:45","modified_gmt":"2026-02-11T01:57:45","slug":"special-education-directory","status":"publish","type":"page","link":"https:\/\/hawaiipublicschools.org\/es\/school-services\/parent-rights\/special-education-directory\/","title":{"rendered":"Directorio de Educaci\u00f3n Especial"},"content":{"rendered":"<p>Cada \u00e1rea compleja tiene <a href=\"https:\/\/docs.google.com\/spreadsheets\/d\/1dOgQPPM7-BbR5JM8t52TaYeE0WJRvzWcCDlZrp9JnRU\/view?gid=0#gid=0\" target=\"_blank\" rel=\"noreferrer noopener\">District Educational Specialists<\/a> who are available to assist and support you and your child&#8217;s needs. Use the directory below to contact the appropriate office for your area. If you&#8217;re unsure which complex area to choose, search for your school in our <a href=\"\/es\/enrolling-in-school\/find-your-school\/\">Buscador de escuelas<\/a> y encontrar su complejo asociado.<\/p>\n\n\n\n<div class=\"wp-block-buttons is-layout-flex wp-block-buttons-is-layout-flex\" style=\"margin-bottom:var(--wp--preset--spacing--10)\">\n<div class=\"wp-block-button has-custom-font-size ghost positive custom_button border_bx-pos is-style-outline is-style-outline--1\" style=\"font-size:0.8rem\"><a rel=\"noreferrer noopener\" target=\"_blank\" href=\"https:\/\/docs.google.com\/spreadsheets\/d\/1dOgQPPM7-BbR5JM8t52TaYeE0WJRvzWcCDlZrp9JnRU\/view?gid=0#gid=0\" class=\"wp-block-button__link has-text-color has-link-color has-border-color has-contrast-border-color wp-element-button\" style=\"border-width:2px;color:#010101;padding-top:12px;padding-right:20px;padding-bottom:12px;padding-left:20px\">directory<\/a><\/div>\n<\/div>\n\n\n\n<h2 class=\"wp-block-heading\" id=\"CMP\">Monitoring and Compliance Branch (MAC)<\/h2>\n\n\n\n<p><em>The Monitoring and Compliance Branch (MAC), IDEA Team, under the Office of Strategy, Innovation and Performance, supports the implementation of the Individuals with Disabilities Education Improvement Act of 2004 (IDEA) and Hawai\u02bbi Administrative Rules (HAR), Chapter 60 requirements to improve educational outcomes for students with disabilities and their families.<\/em><\/p>\n\n\n\n<h3 class=\"wp-block-heading\">Oficina<\/h3>\n\n\n\n<div class=\"wp-block-columns is-layout-flex wp-container-core-columns-is-layout-28f84493 wp-block-columns-is-layout-flex\">\n<div class=\"wp-block-column is-layout-flow wp-block-column-is-layout-flow\">\n<p>Programa de Gesti\u00f3n de Quejas<br>Tel\u00e9fono: 808-307-3600<br><a href=\"mailto:specialedcomplaints@k12.hi.us\">Correo electr\u00f3nico<\/a><\/p>\n<\/div>\n\n\n\n<div class=\"wp-block-column is-layout-flow wp-block-column-is-layout-flow\"><\/div>\n<\/div>\n\n\n\n<h3 class=\"wp-block-heading\">DIRECCI\u00d3N<\/h3>\n\n\n\n<p>Programa de Gesti\u00f3n de Quejas<br>Divisi\u00f3n de Monitoreo y Cumplimiento<br>Oficina de Estrategia, Innovaci\u00f3n y Desempe\u00f1o<\/p>\n\n\n\n<p>Apartado Postal 2360<br>Honolulu, Haw\u00e1i 96804<\/p>\n\n\n\n<p><\/p>\n\n\n\n<h2 class=\"wp-block-heading\">Rama de apoyo excepcional<\/h2>\n\n\n\n<p><em>The Exceptional Support Branch (ESB), under the Office of Student Support Services, provides leadership, professional development and technical assistance to Complex Areas and schools in planning and implementing programs that increase achievement for students with disabilities.<\/em><\/p>\n\n\n\n<p>For more information, call 808-305-9750.<\/p>\n\n\n\n<h3 class=\"wp-block-heading\">DIRECCI\u00d3N<\/h3>\n\n\n\n<p>Rama de apoyo excepcional<br>475 22nd Avenue, Building 302<br>Honolulu, Haw\u00e1i 96816<\/p>\n\n\n\n<p><\/p>","protected":false},"excerpt":{"rendered":"<p>Each complex area has District Educational Specialists who are available to assist and support you and your child&#8217;s needs. Use the directory below to contact the appropriate office for your area. If you&#8217;re unsure which complex area to choose, search for your school in our school finder and find its associated complex. Monitoring and Compliance [&hellip;]<\/p>","protected":false},"author":8,"featured_media":0,"parent":49,"menu_order":0,"comment_status":"closed","ping_status":"closed","template":"","meta":{"_relevanssi_hide_post":"","_relevanssi_hide_content":"","_relevanssi_pin_for_all":"","_relevanssi_pin_keywords":"","_relevanssi_unpin_keywords":"","_relevanssi_related_keywords":"","_relevanssi_related_include_ids":"","_relevanssi_related_exclude_ids":"","_relevanssi_related_no_append":"","_relevanssi_related_not_related":"","_relevanssi_related_posts":"8795,10212,11023,17489,11215,14190","_relevanssi_noindex_reason":"","_sitemap_exclude":false,"_sitemap_priority":"","_sitemap_frequency":"","_kad_blocks_custom_css":"","_kad_blocks_head_custom_js":"","_kad_blocks_body_custom_js":"","_kad_blocks_footer_custom_js":"","wp_popup_display_lightbox":0,"wp_popup_suppress":"","wp_popup_trigger":"","wp_popup_trigger_amount":0,"wp_popup_disable_on_mobile":false,"footnotes":""},"class_list":["post-3267","page","type-page","status-publish","hentry"],"pp_statuses_selecting_workflow":false,"pp_workflow_action":"current","pp_status_selection":"publish","taxonomy_info":[],"featured_image_src_large":false,"author_info":{"display_name":"Ariana Enomoto","author_link":"https:\/\/hawaiipublicschools.org\/es\/author\/arianastaceyleong-com\/"},"comment_info":0,"publishpress_future_action":{"enabled":false,"date":"2026-04-16 05:02:34","action":"change-status","newStatus":"draft","terms":[],"taxonomy":"","extraData":[]},"publishpress_future_workflow_manual_trigger":{"enabledWorkflows":[]},"_links":{"self":[{"href":"https:\/\/hawaiipublicschools.org\/es\/wp-json\/wp\/v2\/pages\/3267","targetHints":{"allow":["GET"]}}],"collection":[{"href":"https:\/\/hawaiipublicschools.org\/es\/wp-json\/wp\/v2\/pages"}],"about":[{"href":"https:\/\/hawaiipublicschools.org\/es\/wp-json\/wp\/v2\/types\/page"}],"author":[{"embeddable":true,"href":"https:\/\/hawaiipublicschools.org\/es\/wp-json\/wp\/v2\/users\/8"}],"replies":[{"embeddable":true,"href":"https:\/\/hawaiipublicschools.org\/es\/wp-json\/wp\/v2\/comments?post=3267"}],"version-history":[{"count":1,"href":"https:\/\/hawaiipublicschools.org\/es\/wp-json\/wp\/v2\/pages\/3267\/revisions"}],"predecessor-version":[{"id":18550,"href":"https:\/\/hawaiipublicschools.org\/es\/wp-json\/wp\/v2\/pages\/3267\/revisions\/18550"}],"up":[{"embeddable":true,"href":"https:\/\/hawaiipublicschools.org\/es\/wp-json\/wp\/v2\/pages\/49"}],"wp:attachment":[{"href":"https:\/\/hawaiipublicschools.org\/es\/wp-json\/wp\/v2\/media?parent=3267"}],"curies":[{"name":"wp","href":"https:\/\/api.w.org\/{rel}","templated":true}]}}