{"id":32,"date":"2024-09-04T22:13:36","date_gmt":"2024-09-04T22:13:36","guid":{"rendered":"https:\/\/hawaiipublicschools.org\/?page_id=32"},"modified":"2025-10-23T13:17:53","modified_gmt":"2025-10-23T23:17:53","slug":"hawaiian-education","status":"publish","type":"page","link":"https:\/\/hawaiipublicschools.org\/es\/academics\/hawaiian-education\/","title":{"rendered":"Educaci\u00f3n hawaiana"},"content":{"rendered":"<p class=\"intro\" style=\"font-size:clamp(0.875rem, 0.875rem + ((1vw - 0.2rem) * 0.531), 1.3rem);\"><em>\u200b<\/em>Haw\u00e1i es el \u00fanico estado del pa\u00eds que ha designado una lengua nativa, el hawaiano, como una de sus dos lenguas oficiales. En 1987, a la luz del mandato de la Constituci\u00f3n del Estado de Haw\u00e1i de promover el estudio de la cultura, la lengua y la historia hawaianas, el Departamento estableci\u00f3 el Programa de Estudios Hawaianos y Ka Papahana Kaiapuni Hawai\u02bbi, el Programa de Inmersi\u00f3n en el Idioma Hawaiano.<\/p>\n\n\n\n<p>El conocimiento de nuestro k\u016bpuna es la luz que gu\u00eda nuestro prop\u00f3sito en apoyo de la educaci\u00f3n hawaiana. La educaci\u00f3n hawaiana conduce al desarrollo de una perspectiva cultural que preserva las perspectivas hawaianas fundamentales. La educaci\u00f3n hawaiana va m\u00e1s all\u00e1 del aprendizaje de contenidos, ya que tambi\u00e9n incluye la internalizaci\u00f3n y la puesta en pr\u00e1ctica de las ense\u00f1anzas de nuestro k\u016bpuna.<\/p>\n\n\n\n<h2 class=\"wp-block-heading\">Programas<\/h2>\n\n\n\n<h3 class=\"wp-block-heading\">Estudios hawaianos<\/h3>\n\n\n\n<figure class=\"wp-block-image alignright size-large is-resized\"><img loading=\"lazy\" decoding=\"async\" width=\"1024\" height=\"684\" src=\"https:\/\/hawaiipublicschools.org\/wp-content\/uploads\/2024\/12\/KahaluuElementary-1-1024x684.jpg\" alt=\"Students doing arts and crafts\" class=\"wp-image-3905\" style=\"width:452px;height:auto\" srcset=\"https:\/\/hawaiipublicschools.org\/wp-content\/uploads\/2024\/12\/KahaluuElementary-1-1024x684.jpg 1024w, https:\/\/hawaiipublicschools.org\/wp-content\/uploads\/2024\/12\/KahaluuElementary-1-300x200.jpg 300w, https:\/\/hawaiipublicschools.org\/wp-content\/uploads\/2024\/12\/KahaluuElementary-1-768x513.jpg 768w, https:\/\/hawaiipublicschools.org\/wp-content\/uploads\/2024\/12\/KahaluuElementary-1-18x12.jpg 18w, https:\/\/hawaiipublicschools.org\/wp-content\/uploads\/2024\/12\/KahaluuElementary-1.jpg 1200w\" sizes=\"auto, (max-width: 1024px) 100vw, 1024px\" \/><\/figure>\n\n\n\n<p>Estudios hawaianos es un programa de K-12 que brinda apoyo curricular y recursos para la ense\u00f1anza y el aprendizaje de la cultura, la historia y el idioma hawaianos. Esto puede incluir la integraci\u00f3n de conceptos y contenidos hawaianos en las lecciones del aula impartidas por profesores o personal cultural de la escuela.<\/p>\n\n\n\n<p>El programa se cre\u00f3 en 1980 para implementar la Enmienda Constitucional Estatal de 1978 que dispon\u00eda que el estado deb\u00eda promover el estudio de la cultura, la historia y el idioma hawaianos. En esa \u00e9poca, el renacimiento hawaiano estaba en pleno apogeo y los l\u00edderes comunitarios presionaban para que se estableciera un sistema educativo m\u00e1s integrado en Haw\u00e1i, que tuviera en cuenta aspectos importantes de la cultura y la historia ind\u00edgenas de Haw\u00e1i.<\/p>\n\n\n\n<p>Los esfuerzos del Departamento por cumplir con el requisito constitucional comenzaron en 1979 con un programa piloto K\u016bpuna desarrollado por el Queen Lili\u02bbuokallani Trust. En 1981, el Departamento adopt\u00f3 este programa como un componente del Programa de Estudios Hawaianos y lo implement\u00f3 gradualmente en todo el estado para atender a los estudiantes de los grados K-6.<\/p>\n\n\n\n<p>Los conocimientos, habilidades y pr\u00e1cticas que forman parte integral de la educaci\u00f3n hawaiana incluyen:<\/p>\n\n\n\n<ul class=\"wp-block-list\">\n<li>Ka m\u0101lama \u02bb\u0101ina \u2013 conocimiento y administraci\u00f3n de la tierra, el oc\u00e9ano y el cielo.<\/li>\n\n\n\n<li>Ka mo\u02bbolelo Hawai\u02bbi \u2013 conocimiento y uso del idioma, leyendas, historias y artes.<\/li>\n\n\n\n<li>Ka nohona: conocimiento y pr\u00e1ctica de la cultura y el estilo de vida hawaianos.<\/li>\n\n\n\n<li>Ka \u02bbike k\u016bpuna \u2013 knowledge and consideration of history, origins, genealogy and governance of Hawai\u02bbi.<\/li>\n<\/ul>\n\n\n\n<p>Las principales perspectivas hawaianas en materia de ense\u00f1anza y aprendizaje incluyen:<\/p>\n\n\n\n<ul class=\"wp-block-list\">\n<li>Ka pilina \u2014 reconocer y honrar las relaciones e interconexiones.<\/li>\n\n\n\n<li>Ka mahalo \u2014 mostrar gratitud y aprecio.<\/li>\n\n\n\n<li>Ke aloha: mostrar compasi\u00f3n y bondad.<\/li>\n<\/ul>\n\n\n\n<h4 class=\"wp-block-heading\">Misi\u00f3n y objetivos<\/h4>\n\n\n\n<p>El Programa de Estudios Hawaianos brinda el apoyo y los recursos necesarios para implementar los objetivos de la educaci\u00f3n hawaiana. Para lograr esta misi\u00f3n, los objetivos del programa se basan en <a href=\"http:\/\/boe.hawaii.gov\/policies\/Board%20Policies\/Hawaiian%20Education.pdf\" target=\"_blank\" rel=\"noreferrer noopener\">Pol\u00edtica 105-7 del BOE (PDF)<\/a> son:<\/p>\n\n\n\n<ol class=\"wp-block-list\">\n<li>Apoyar la incorporaci\u00f3n de conocimientos, pr\u00e1cticas y perspectivas hawaianas en diversas \u00e1reas de contenido ayudando en la adquisici\u00f3n y el uso de materiales de recursos.<\/li>\n\n\n\n<li>Apoyar a los docentes y al personal de recursos culturales (CPR) en la adquisici\u00f3n de conocimientos sobre contenidos que incluyen la cultura, la historia, los lugares y el idioma de Haw\u00e1i.<\/li>\n\n\n\n<li>Apoyar los recursos comunitarios y a las personas que brindan recursos, como CPR (por ejemplo, k\u016bpuna, makua, kumu), de manera que puedan compartir sus valiosos conocimientos, habilidades y experiencias que mejoren y enriquezcan el aprendizaje.<\/li>\n\n\n\n<li>Apoyar a los estudiantes en el desarrollo de una comprensi\u00f3n y apreciaci\u00f3n de la cultura, la historia, los lugares y el idioma hawaianos.<\/li>\n\n\n\n<li>Recopilar datos e informaci\u00f3n que permitan evaluar la eficacia del programa.<\/li>\n<\/ol>\n\n\n\n<h3 class=\"wp-block-heading\">Programa de inmersi\u00f3n en lengua hawaiana: Ka Papahana Kaiapuni<\/h3>\n\n\n\n<p>El Departamento contribuye a la revitalizaci\u00f3n del idioma hawaiano impartiendo educaci\u00f3n en hawaiano desde preescolar hasta el bachillerato. El programa de inmersi\u00f3n en hawaiano, Ka Papahana Kaiapuni, imparte instrucci\u00f3n exclusivamente en hawaiano hasta quinto grado, momento en el que se introduce formalmente el ingl\u00e9s. Todas las familias residentes en Haw\u00e1i tienen la opci\u00f3n de inscribir a sus hijos en un programa de inmersi\u00f3n en hawaiano. Dentro de la estructura organizativa del Departamento, Kaiapuni cuenta con el apoyo de... <a href=\"https:\/\/sites.google.com\/k12.hi.us\/ohehub\/home\" data-type=\"link\" data-id=\"https:\/\/sites.google.com\/k12.hi.us\/ohehub\/home\">Oficina de Educaci\u00f3n Hawaiana (OHE)<\/a> y otras oficinas estatales y \u00e1reas complejas.<\/p>\n\n\n\n<p>Los objetivos de Ka Papahana Kaiapuni se centran en el desarrollo de una perspectiva Kaiapuni que conecte a las generaciones futuras con las formas de saber y ser hawaianas. A instancias de los padres preocupados por la necesidad de ampliar la educaci\u00f3n en lengua hawaiana para sus keikis matriculados en los centros preescolares privados de inmersi\u00f3n en lengua hawaiana P\u016bnana Leo, el Departamento comenz\u00f3 a implementar programas piloto en las escuelas primarias Waiau y Keaukaha en el a\u00f1o escolar 1987-88.<\/p>\n\n\n\n<p>Desde entonces, el programa ha crecido y ofrece a las familias una opci\u00f3n de idioma hawaiano para la educaci\u00f3n p\u00fablica desde jard\u00edn de infantes hasta el 12.\u00ba grado. <a href=\"\/es\/enrolling-in-school\/hawaiian-immersion-school\/\" data-type=\"page\" data-id=\"19\">26 HIDOE sites and seven charter school sites<\/a>A trav\u00e9s de varios modelos de educaci\u00f3n de inmersi\u00f3n hawaiana en escuelas primarias, secundarias y preparatorias, seis de las ocho islas principales pueden brindar una experiencia de inmersi\u00f3n desde el jard\u00edn de infantes hasta el 12.\u00ba grado.<\/p>\n\n\n\n<p>El Departamento tambi\u00e9n interact\u00faa con la comunidad a trav\u00e9s de: <a href=\"https:\/\/sites.google.com\/hawaii.edu\/aha-kauleo\/makahiki-2024-2025\" target=\"_blank\" rel=\"noreferrer noopener\">\u02bbAha Kauleo (\u02bbAKL\u200b)<\/a>, para recopilar las opiniones de las partes interesadas sobre la implementaci\u00f3n de Kaiapuni. El \u02bbAKL es un consorcio comunitario de representantes de padres, maestros y administradores de cada escuela, as\u00ed como representantes de nivel universitario y socios comunitarios, como la Oficina de Asuntos Hawaianos (OHA), Kamehameha Schools Bishop Estate (KSBE) y \u02bbAha P\u016bnana Leo. El grupo act\u00faa como asesor de la Junta de Educaci\u00f3n de Haw\u00e1i y el superintendente, as\u00ed como defensor de la educaci\u00f3n de inmersi\u00f3n en el idioma hawaiano de calidad y de la educaci\u00f3n hawaiana en general.&nbsp;<\/p>\n\n\n\n<p>Se proporcionan est\u00e1ndares, lecciones y medidas de aprendizaje de Kaiapuni para todos los niveles de grado y recursos de apoyo para estudiantes, familias y maestros en <a href=\"http:\/\/aokaiapuni.weebly.com\/n257-ana-a699o.html\">N\u0101 Ana A\u02bbo<\/a>.<\/p>\n\n\n\n<p>El \u00e9xito de la revitalizaci\u00f3n de la lengua de Kaiapuni es conocido en todo el mundo. Otros pueblos nativos de todo el pa\u00eds y del mundo buscan a los educadores de nuestro programa para que compartan su experiencia a trav\u00e9s de visitas a escuelas, invitaciones a conferencias y diversos eventos.<\/p>\n\n\n\n<h3 class=\"wp-block-heading\">Programa estatal de educaci\u00f3n a distancia de Kaiapuni: Ka Papahana Kelea&#039;o Kaiapuni<\/h3>\n\n\n\n<p>El Departamento, a trav\u00e9s de OHE, utilizar\u00e1 el dise\u00f1o de aprendizaje a distancia de Kaiapuni para priorizar problemas de larga data relacionados con la infraestructura educativa de la educaci\u00f3n de Kaiapuni. El programa de educaci\u00f3n de aprendizaje virtual abordar\u00e1 el rendimiento de los estudiantes a trav\u00e9s de un dise\u00f1o de programa flexible que permitir\u00e1:<\/p>\n\n\n\n<ul class=\"wp-block-list\">\n<li>Un enfoque interdisciplinario K-12 para el dise\u00f1o curricular.<\/li>\n\n\n\n<li>Priorizar la participaci\u00f3n en el aprendizaje de \u02bb\u014dlelo Hawai\u02bbi.<\/li>\n\n\n\n<li>Liderazgo compartido y mayor colaboraci\u00f3n de las partes interesadas de Kaiapuni.<\/li>\n\n\n\n<li>El cumplimiento de la declaraci\u00f3n de misi\u00f3n de Kaiapuni que es:\n<ul class=\"wp-block-list\">\n<li>Proporcionar un entorno de aprendizaje din\u00e1mico y culturalmente rico.<\/li>\n\n\n\n<li>Garantizar la excelencia en el idioma, la cultura, la historia y las formas de conocimiento hawaianas.<\/li>\n\n\n\n<li>Toma de decisiones que permite a los estudiantes autodeterminar su \u00e9xito y su gesti\u00f3n.<\/li>\n<\/ul>\n<\/li>\n<\/ul>\n\n\n\n<p>Contacto <a href=\"mailto:keleao-kaiapuni@k12.hi.us\" target=\"_blank\" rel=\"noreferrer noopener\">&#039;Ilikea Kam<\/a> o (808) 518-5364 si tiene alguna pregunta.<\/p>\n\n\n\n<h2 class=\"wp-block-heading\">Acerca de la Oficina de Educaci\u00f3n Hawaiana<\/h2>\n\n\n\n<p>En 2015 el <a href=\"https:\/\/sites.google.com\/k12.hi.us\/ohehub\/office-of-hawaiian-education\" data-type=\"link\" data-id=\"https:\/\/sites.google.com\/k12.hi.us\/ohehub\/office-of-hawaiian-education\">Oficina de Educaci\u00f3n Hawaiana (OHE)<\/a> Se estableci\u00f3 bajo la Oficina del Superintendente, como resultado de una auditor\u00eda de pol\u00edticas de la Junta de Educaci\u00f3n del Estado de Haw\u00e1i (BOE) relacionadas con la educaci\u00f3n hawaiana y los programas de inmersi\u00f3n en el idioma hawaiano.<\/p>\n\n\n\n<p>Additionally, OHE was charged with the task of planning for the implementation of a new so-called ends policy. This policy, known as N\u0101 Hopena A\u02bbo, provides for the expansion of Hawaiian education across Hawai\u02bbi\u2019s K-12 public education system for all students and adults. N\u0101 Hopena A\u02bbo\u2014<a href=\"https:\/\/hawaiipublicschools.org\/es\/about\/na-hopena-a%ca%bbo-ha\/\" data-type=\"link\" data-id=\"https:\/\/hawaiipublicschools.org\/about\/na-hopena-a%ca%bbo-ha\/\">o H\u0100<\/a>\u2014es un marco que abarca todo el Departamento para desarrollar las habilidades, comportamientos y disposiciones que recuerdan el contexto \u00fanico de Haw\u00e1i y para honrar las cualidades y los valores de la lengua y la cultura ind\u00edgenas de Haw\u00e1i.<\/p>\n\n\n\n<p>En conjunto, este trabajo ayuda al Departamento a cumplir con sus obligaciones tanto con las pol\u00edticas de BOE como con la Constituci\u00f3n del Estado de Haw\u00e1i (<a href=\"https:\/\/lrb.hawaii.gov\/constitution#articlex\" target=\"_blank\" rel=\"noreferrer noopener\">Art\u00edculo X, Secci\u00f3n 4<\/a> y <a href=\"https:\/\/lrb.hawaii.gov\/constitution#articlexv\" target=\"_blank\" rel=\"noreferrer noopener\">Art\u00edculo XV, Secci\u00f3n 4<\/a>).<\/p>\n\n\n\n<h2 class=\"wp-block-heading\">Contacto<\/h2>\n\n\n\n<ul class=\"wp-block-list\">\n<li><a href=\"mailto:anela.iwane@k12.hi.us\" target=\"_blank\" rel=\"noreferrer noopener\">&#039;Anela Iwane<\/a>, Especialista en Educaci\u00f3n<\/li>\n\n\n\n<li><a href=\"mailto:aulia.austin@k12.hi.us\" target=\"_blank\" rel=\"noreferrer noopener\">Aulia Austin<\/a>, Especialista en Educaci\u00f3n<\/li>\n\n\n\n<li><a href=\"mailto:dana.tanigawa@k12.hi.us\" target=\"_blank\" rel=\"noreferrer noopener\">Dana Tanigawa<\/a>, Especialista en Educaci\u00f3n<\/li>\n\n\n\n<li><a href=\"mailto:leilani.nerveza-clark@k12.hi.us\" target=\"_blank\" rel=\"noreferrer noopener\">Leilani Nerveza-Clark<\/a>, Especialista en Educaci\u00f3n<\/li>\n\n\n\n<li>L\u00ednea principal del Programa de Inmersi\u00f3n en Lengua Hawaiana: 808-784-6070<\/li>\n<\/ul>\n\n\n\n<p><\/p>\n\n\n\n<p><\/p>\n\n\n\n<p><\/p>","protected":false},"excerpt":{"rendered":"<p>\u200b\u200bHawai\u02bbi is the only state in the country that has designated a native language, Hawaiian, as one of its two official state languages. In 1987, in light of the Hawai\u02bbi State Constitution mandate to promote the study of Hawaiian culture, language and history, the Department established the Hawaiian Studies Program and Ka Papahana Kaiapuni Hawai\u02bbi\u2014the [&hellip;]<\/p>","protected":false},"author":8,"featured_media":0,"parent":22,"menu_order":35,"comment_status":"closed","ping_status":"closed","template":"","meta":{"_relevanssi_hide_post":"","_relevanssi_hide_content":"","_relevanssi_pin_for_all":"","_relevanssi_pin_keywords":"","_relevanssi_unpin_keywords":"","_relevanssi_related_keywords":"","_relevanssi_related_include_ids":"","_relevanssi_related_exclude_ids":"","_relevanssi_related_no_append":"","_relevanssi_related_not_related":"","_relevanssi_related_posts":"10208,9807,14742,10858,15545,8795","_relevanssi_noindex_reason":"","_sitemap_exclude":false,"_sitemap_priority":"","_sitemap_frequency":"","_kad_blocks_custom_css":"","_kad_blocks_head_custom_js":"","_kad_blocks_body_custom_js":"","_kad_blocks_footer_custom_js":"","wp_popup_display_lightbox":0,"wp_popup_suppress":"","wp_popup_trigger":"","wp_popup_trigger_amount":0,"wp_popup_disable_on_mobile":false,"footnotes":""},"class_list":["post-32","page","type-page","status-publish","hentry"],"pp_statuses_selecting_workflow":false,"pp_workflow_action":"current","pp_status_selection":"publish","taxonomy_info":[],"featured_image_src_large":false,"author_info":{"display_name":"Ariana Enomoto","author_link":"https:\/\/hawaiipublicschools.org\/es\/author\/arianastaceyleong-com\/"},"comment_info":0,"publishpress_future_action":{"enabled":false,"date":"2026-04-12 06:37:57","action":"change-status","newStatus":"draft","terms":[],"taxonomy":"","extraData":[]},"publishpress_future_workflow_manual_trigger":{"enabledWorkflows":[]},"_links":{"self":[{"href":"https:\/\/hawaiipublicschools.org\/es\/wp-json\/wp\/v2\/pages\/32","targetHints":{"allow":["GET"]}}],"collection":[{"href":"https:\/\/hawaiipublicschools.org\/es\/wp-json\/wp\/v2\/pages"}],"about":[{"href":"https:\/\/hawaiipublicschools.org\/es\/wp-json\/wp\/v2\/types\/page"}],"author":[{"embeddable":true,"href":"https:\/\/hawaiipublicschools.org\/es\/wp-json\/wp\/v2\/users\/8"}],"replies":[{"embeddable":true,"href":"https:\/\/hawaiipublicschools.org\/es\/wp-json\/wp\/v2\/comments?post=32"}],"version-history":[{"count":0,"href":"https:\/\/hawaiipublicschools.org\/es\/wp-json\/wp\/v2\/pages\/32\/revisions"}],"up":[{"embeddable":true,"href":"https:\/\/hawaiipublicschools.org\/es\/wp-json\/wp\/v2\/pages\/22"}],"wp:attachment":[{"href":"https:\/\/hawaiipublicschools.org\/es\/wp-json\/wp\/v2\/media?parent=32"}],"curies":[{"name":"wp","href":"https:\/\/api.w.org\/{rel}","templated":true}]}}