{"id":28,"date":"2024-09-04T22:11:02","date_gmt":"2024-09-04T22:11:02","guid":{"rendered":"https:\/\/hawaiipublicschools.org\/?page_id=28"},"modified":"2025-10-10T10:10:29","modified_gmt":"2025-10-10T20:10:29","slug":"advanced-placement","status":"publish","type":"page","link":"https:\/\/hawaiipublicschools.org\/es\/academics\/secondary-middle-high-school\/advanced-placement\/","title":{"rendered":"Colocaci\u00f3n avanzada"},"content":{"rendered":"<p class=\"intro\" style=\"font-size:clamp(0.875rem, 0.875rem + ((1vw - 0.2rem) * 0.531), 1.3rem);\">Los ex\u00e1menes de Colocaci\u00f3n Avanzada, desarrollados por el College Board, permiten a los estudiantes realizar trabajos de nivel universitario y obtener cr\u00e9ditos y ubicaci\u00f3n universitaria.<\/p>\n\n\n\n<h2 class=\"wp-block-heading\"><a href=\"https:\/\/hawaiipublicschools.org\/TeachingAndLearning\/Testing\/AdvancedPlacement\/Pages\/APcourses.aspx\">\u200b<\/a>\u200b\u200b\u200b\u200b\u200b\u200b\u200b\u200b\u200b\u200b\u200b\u200b\u200b\u200b\u200b\u200b\u200b\u200b\u200b\u200b\u200b\u200b\u200b\u200bEl examen<\/h2>\n\n\n\n<p>Un programa desarrollado por el College Board para proporcionar cursos acad\u00e9micos rigurosos que se ofrecen en las escuelas secundarias, <a href=\"https:\/\/apstudents.collegeboard.org\/ap-exams-what-to-know\" target=\"_blank\" rel=\"noreferrer noopener\">Colocaci\u00f3n avanzada<\/a> Se ofrecen cursos en 40 escuelas secundarias de Haw\u00e1i en materias que van desde c\u00e1lculo hasta lengua inglesa y redacci\u00f3n, biolog\u00eda, historia de los EE. UU., arte de estudio y otras 20 materias. Los estudiantes pueden recibir cr\u00e9ditos universitarios si obtienen una puntuaci\u00f3n de 3 o m\u00e1s en el examen AP. Los estudiantes pueden tomar un examen AP sin inscribirse en un curso AP.<\/p>\n\n\n\n<p>Datos breves sobre los ex\u00e1menes AP:<\/p>\n\n\n\n<ul class=\"wp-block-list\">\n<li>La tarifa del examen AP es de $99 por examen. El College Board ofrece una reducci\u00f3n de tarifa de $37 por examen para estudiantes con necesidades econ\u00f3micas. Se otorgar\u00e1 un subsidio estatal de $45 por cada examen AP realizado en una escuela de T\u00edtulo I o CEP y por cada examen AP para estudiantes de bajos ingresos en todas las dem\u00e1s escuelas HIDOE. Por cada examen AP realizado con una reducci\u00f3n de tarifa, la escuela renuncia a su reembolso de $9, lo que resulta en un costo de $8 por examen para estudiantes de bajos ingresos.&nbsp;&nbsp;<\/li>\n\n\n\n<li>M\u00e1s de 3.800 universidades reciben anualmente las calificaciones del examen AP. La mayor\u00eda de las universidades de cuatro a\u00f1os en los EE. UU. otorgan cr\u00e9ditos y\/o colocaci\u00f3n avanzada por las calificaciones que califican.<\/li>\n<\/ul>\n\n\n\n<h2 class=\"wp-block-heading\">Cursos de Colocaci\u00f3n Avanzada<\/h2>\n\n\n\n<p>Comun\u00edquese con el maestro de recursos de Colocaci\u00f3n Avanzada o el consejero universitario en la escuela de su hijo para obtener m\u00e1s informaci\u00f3n. Los estudiantes tambi\u00e9n tienen la opci\u00f3n de tomar los cursos a continuaci\u00f3n en l\u00ednea a trav\u00e9s del Departamento <a href=\"https:\/\/sites.google.com\/hawaiidoe.k12.hi.us\/e-school\/courses\/ap-courses?pli=1\" target=\"_blank\" rel=\"noreferrer noopener\">Cursos en l\u00ednea de Haw\u00e1i<\/a>.&nbsp;<\/p>\n\n\n\n<p><\/p>","protected":false},"excerpt":{"rendered":"<p>Advanced Placement exams, developed by the College Board, allows students to take college-level work and earn college credit and placement. \u200b\u200b\u200b\u200b\u200b\u200b\u200b\u200b\u200b\u200b\u200b\u200b\u200b\u200b\u200b\u200b\u200b\u200b\u200b\u200b\u200b\u200bThe Exam A program developed by the College Board to provide rigorous academic courses that are offered at high schools, Advanced Placement courses are offered at 40 Hawai\u02bbi high schools in subjects ranging from Calculus [&hellip;]<\/p>","protected":false},"author":8,"featured_media":0,"parent":25,"menu_order":12,"comment_status":"closed","ping_status":"closed","template":"","meta":{"_relevanssi_hide_post":"","_relevanssi_hide_content":"","_relevanssi_pin_for_all":"","_relevanssi_pin_keywords":"","_relevanssi_unpin_keywords":"","_relevanssi_related_keywords":"","_relevanssi_related_include_ids":"","_relevanssi_related_exclude_ids":"","_relevanssi_related_no_append":"","_relevanssi_related_not_related":"","_relevanssi_related_posts":"","_relevanssi_noindex_reason":"","_sitemap_exclude":false,"_sitemap_priority":"","_sitemap_frequency":"","_kad_blocks_custom_css":"","_kad_blocks_head_custom_js":"","_kad_blocks_body_custom_js":"","_kad_blocks_footer_custom_js":"","wp_popup_display_lightbox":0,"wp_popup_suppress":"","wp_popup_trigger":"","wp_popup_trigger_amount":0,"wp_popup_disable_on_mobile":false,"footnotes":""},"class_list":["post-28","page","type-page","status-publish","hentry"],"pp_statuses_selecting_workflow":false,"pp_workflow_action":"current","pp_status_selection":"publish","taxonomy_info":[],"featured_image_src_large":false,"author_info":{"display_name":"Ariana Enomoto","author_link":"https:\/\/hawaiipublicschools.org\/es\/author\/arianastaceyleong-com\/"},"comment_info":0,"publishpress_future_action":{"enabled":false,"date":"2026-04-26 01:26:34","action":"change-status","newStatus":"draft","terms":[],"taxonomy":"","extraData":[]},"publishpress_future_workflow_manual_trigger":{"enabledWorkflows":[]},"_links":{"self":[{"href":"https:\/\/hawaiipublicschools.org\/es\/wp-json\/wp\/v2\/pages\/28","targetHints":{"allow":["GET"]}}],"collection":[{"href":"https:\/\/hawaiipublicschools.org\/es\/wp-json\/wp\/v2\/pages"}],"about":[{"href":"https:\/\/hawaiipublicschools.org\/es\/wp-json\/wp\/v2\/types\/page"}],"author":[{"embeddable":true,"href":"https:\/\/hawaiipublicschools.org\/es\/wp-json\/wp\/v2\/users\/8"}],"replies":[{"embeddable":true,"href":"https:\/\/hawaiipublicschools.org\/es\/wp-json\/wp\/v2\/comments?post=28"}],"version-history":[{"count":0,"href":"https:\/\/hawaiipublicschools.org\/es\/wp-json\/wp\/v2\/pages\/28\/revisions"}],"up":[{"embeddable":true,"href":"https:\/\/hawaiipublicschools.org\/es\/wp-json\/wp\/v2\/pages\/25"}],"wp:attachment":[{"href":"https:\/\/hawaiipublicschools.org\/es\/wp-json\/wp\/v2\/media?parent=28"}],"curies":[{"name":"wp","href":"https:\/\/api.w.org\/{rel}","templated":true}]}}