{"id":18184,"date":"2026-01-26T08:19:52","date_gmt":"2026-01-26T18:19:52","guid":{"rendered":"https:\/\/hawaiipublicschools.org\/?page_id=18184"},"modified":"2026-01-26T08:21:52","modified_gmt":"2026-01-26T18:21:52","slug":"kaiapuni-directory","status":"publish","type":"page","link":"https:\/\/hawaiipublicschools.org\/es\/kaiapuni-directory\/","title":{"rendered":"Kaiapuni Directory"},"content":{"rendered":"<div class=\"wp-block-columns double_col_sidebar is-layout-flex wp-container-core-columns-is-layout-28f84493 wp-block-columns-is-layout-flex\">\n<div class=\"wp-block-column left_col is-layout-flow wp-block-column-is-layout-flow\">\n<p class=\"intro\" style=\"font-size:clamp(0.875rem, 0.875rem + ((1vw - 0.2rem) * 0.531), 1.3rem);\">To contribute to the revitalization of the Hawaiian language and culture, we offer a K-12 Hawaiian language immersion education in our Kaiapuni schools. Classes in Kaiapuni schools are conducted exclusively in the Hawaiian language. English is introduced as a subject starting in Grade 5.<\/p>\n\n\n\n<p><strong>Policy &amp; Commitment<\/strong><br>We are guided by <a href=\"https:\/\/boe.hawaii.gov\/wp-content\/uploads\/policy_105-08_20160621.pdf\" data-type=\"link\" data-id=\"https:\/\/boe.hawaii.gov\/wp-content\/uploads\/policy_105-08_20160621.pdf\">Board of Education Policy 105.8<\/a> (\u201creasonable access to Hawaiian immersion\u201d) and the Implementation Plan for the 2023-29 Strategic Plan, which calls for a Kaiapuni education strategic plan. These policies help ensure that growth of Kaiapuni education is high quality and accessible.<\/p>\n\n\n\n<p><strong>Investing in Our Teachers<\/strong><br>Quality immersion education requires quality teachers. Students&#8217; and families&#8217; interest in Kaiapuni education has grown faster than the availability of qualified teachers for Kaiapuni education. The Department continues to partner with teacher preparation programs, the Hawai\u02bbi Teacher Standards Board, and the University of Hawai\u02bbi to develop more Kaiapuni educators.<\/p>\n\n\n\n<p>Since January 2020, every Kaiapuni-licensed teacher receives an $8,000 annual salary differential \u2014 one of several \u201cGrow Our Own\u201d strategies designed to recruit and retain \u02bb\u014dlelo Hawai\u02bbi educators.<\/p>\n\n\n\n<p><strong>Kaiapuni Distance Learning<\/strong><br>The Department offers Kaiapuni education in grades K-12 via distance learning. The Kaiapuni Distance Learning Program offers options for students who thrive in the online modality and provides access for students who may not be able to access an in-person Kaiapuni program.<\/p>\n\n\n\n<p>There are specific enrollment capacities and criteria that will guide student participation, ensuring resources are distributed effectively and that student needs are met.<\/p>\n\n\n\n<p><\/p>\n\n\n\n<h2 class=\"wp-block-heading\">Escuelas de Kaiapuni por isla<\/h2>\n\n\n\n<h3 class=\"wp-block-heading\">O&#039;ahu<\/h3>\n\n\n\n<div class=\"wp-block-columns is-layout-flex wp-container-core-columns-is-layout-28f84493 wp-block-columns-is-layout-flex\">\n<div class=\"wp-block-column is-layout-flow wp-block-column-is-layout-flow\">\n<h4 class=\"wp-block-heading\">Ke Kula Kaiapuni `O \u0100nuenue<\/h4>\n\n\n\n<p>Kaiapuni: grados K-12<br>2528 Avenida 10<br>Honolulu, Haw\u00e1i 96816<br>Tel\u00e9fono: 808-307-3000 | Tel\u00e9fono: 808-733-8467<br><a href=\"https:\/\/www.anuenue.org\/\" target=\"_blank\" rel=\"noreferrer noopener\">www.anuenue.org<\/a><\/p>\n\n\n\n<h4 class=\"wp-block-heading\">Escuela primaria Blanche Pope<\/h4>\n\n\n\n<p>Kaiapuni: grados K-6<br>Calle Huli 41-133<br>Waim\u0101nalo, HI 96795<br>Tel\u00e9fono: 808-259-0450 | Tel\u00e9fono: 808-259-0452<br><a href=\"https:\/\/www.pope.k12.hi.us\" target=\"_blank\" rel=\"noreferrer noopener\">www.pope.k12.hi.us<\/a><\/p>\n\n\n\n<h4 class=\"wp-block-heading\">Escuela secundaria James B. Castle<\/h4>\n\n\n\n<p>Satellite site located at P\u016b\u02bb\u014dhala Elementary<br>Kaiapuni: Grades 9-12<br>Calle Kulauli 45-233<br>K\u0101ne\u02bbohe, HI 96744<br>Tel\u00e9fono: 808-233-5660 | Tel\u00e9fono: 808-233-5663<br><a href=\"https:\/\/puohalaschool.weebly.com\" target=\"_blank\" rel=\"noreferrer noopener\">www.puohalaschool.weebly.com<\/a><\/p>\n\n\n\n<h4 class=\"wp-block-heading\">Escuela primaria Hau\u02bbula<\/h4>\n\n\n\n<p>Kaiapuni: grados K-6<br>54-046 Carretera Kamehameha<br>Hau\u02bbula, HI 96717<br>Tel\u00e9fono: 808-305-2100 | Tel\u00e9fono: 808-293-8927<br><a href=\"https:\/\/www.hauulaelementary.com\/\" target=\"_blank\" rel=\"noreferrer noopener\">www.hauulaelementary.com<\/a><\/p>\n\n\n\n<h4 class=\"wp-block-heading\">Kahuku nivel alto e intermedio<\/h4>\n\n\n\n<p>Kaiapuni: grados 7 a 12<br>56-490 Autopista Kamehameha<br>Kahuku, Haw\u00e1i 96731<br>Tel\u00e9fono: 808-305-7300 | Tel\u00e9fono: 808-293-8960<br><a href=\"http:\/\/www.kahukuhigh.org\/\" target=\"_blank\" rel=\"noreferrer noopener\">www.kahukuhigh.org<\/a><\/p>\n<\/div>\n\n\n\n<div class=\"wp-block-column is-layout-flow wp-block-column-is-layout-flow\">\n<h4 class=\"wp-block-heading\">Escuela secundaria Kailua<\/h4>\n\n\n\n<p>Kaiapuni: grados 9 a 12<br>451 Ulumana Drive<br>Kailua, Haw\u00e1i 96734<br>Tel\u00e9fono: 808-266-7900<br>\u200b<a href=\"http:\/\/www.kailuahighschool.com\/\" target=\"_blank\" rel=\"noreferrer noopener\">www.escuelasecundariakailua.com<\/a><\/p>\n\n\n\n<h4 class=\"wp-block-heading\">Preparatoria Kapolei<\/h4>\n\n\n\n<p>Ke Kula Ki\u02bbeki\u02bbe Kaiapuni \u02bbo Kapolei<br>Kaiapuni: Grade 9<br>91-5007 Kapolei Parkway<br>Kapolei, Haw\u00e1i 96707<br><a href=\"https:\/\/www.kapoleihigh.org\/\" target=\"_blank\" rel=\"noreferrer noopener\">www.kapoleihigh.org\/<\/a><\/p>\n\n\n\n<h4 class=\"wp-block-heading\">Escuela media Kapolei<\/h4>\n\n\n\n<p>Kaiapuni: Grades 7-8<br>91-5335 Kapolei Parkway<br>Kapolei, Haw\u00e1i 96707<br><a href=\"https:\/\/www.kapoleimid.k12.hi.us\/\" target=\"_blank\" rel=\"noreferrer noopener\">www.kapoleimid.k12.hi.us\/<\/a><\/p>\n\n\n\n<h4 class=\"wp-block-heading\">Gobernador SW King Intermediate<\/h4>\n\n\n\n<p>Sitio sat\u00e9lite ubicado en la escuela primaria P\u016b&#039;\u014dhala<br>Kaiapuni: Grades 7-8<br>Calle Kulauli 45-233<br>K\u0101ne\u02bbohe, HI 96744<br><a href=\"https:\/\/puohalaschool.weebly.com\" target=\"_blank\" rel=\"noreferrer noopener\">escuelapuohala.weebly.com<\/a><\/p>\n\n\n\n<h4 class=\"wp-block-heading\">Escuela primaria N\u0101n\u0101\u200bkuli<\/h4>\n\n\n\n<p>Kaiapuni: grados K-6<br>Avenida Haleakala 89-778<br>Wai\u02bbanae, HI 96792<br>Tel\u00e9fono: 808-307-8600 | Tel\u00e9fono: 808-668-5817<br><a href=\"http:\/\/nes.nwcomplex.org\" target=\"_blank\" rel=\"noreferrer noopener\">www.nes.nwcomplex.org<\/a><\/p>\n<\/div>\n\n\n\n<div class=\"wp-block-column is-layout-flow wp-block-column-is-layout-flow\">\n<h4 class=\"wp-block-heading\">Escuela primaria P\u016b\u02bb\u014dhala<\/h4>\n\n\n\n<p>Kaiapuni: grados K-6<br>Calle Kulauli 45-233<br>K\u0101ne\u02bbohe, HI 96744<br>Tel\u00e9fono: 808-305-5900 | Tel\u00e9fono: 808-233-5663<br><a href=\"https:\/\/puohalaschool.weebly.com\/\" target=\"_blank\" rel=\"noreferrer noopener\">www.puohalaschool.weebly.com<\/a><\/p>\n\n\n\n<h4 class=\"wp-block-heading\">Escuela primaria Waiau<\/h4>\n\n\n\n<p>Kaiapuni: grados K-6<br>Calle Hookanike 98-450<br>Ciudad Perla, HI 96782<br>Tel\u00e9fono: 808-307-5200 | Tel\u00e9fono: 808-453-6541<br><a href=\"http:\/\/www.waiauelementary.org\/\" target=\"_blank\" rel=\"noreferrer noopener\">www.waiauelementary.org<\/a><br><\/p>\n<\/div>\n<\/div>\n\n\n\n<div class=\"wp-block-kadence-spacer aligncenter kt-block-spacer-18184_cbd8bf-fd\"><div class=\"kt-block-spacer kt-block-spacer-halign-center\"><hr class=\"kt-divider\"\/><\/div><\/div>\n\n\n\n<h3 class=\"wp-block-heading\">Maui<\/h3>\n\n\n\n<div class=\"wp-block-columns is-layout-flex wp-container-core-columns-is-layout-28f84493 wp-block-columns-is-layout-flex\">\n<div class=\"wp-block-column is-layout-flow wp-block-column-is-layout-flow\">\n<h4 class=\"wp-block-heading\">Escuela secundaria y primaria H\u0101\u200b\u200bna<\/h4>\n\n\n\n<p>Kaiapuni: Grades K\u20139<br>4111 H\u0101na Highway<br>H\u0101na, HI 96713<br>Tel\u00e9fono: 808-248-4815<br><a href=\"http:\/\/www.hanak12school.org\" target=\"_blank\" rel=\"noreferrer noopener\">www.escuelahanak12.org<\/a><\/p>\n\n\n\n<h4 class=\"wp-block-heading\">Samuel E. Kalama Nivel intermedio<\/h4>\n\n\n\n<p>Kaiapuni: grados 6 a 8<br>Carretera Makani 120<br>Makawao, Haw\u00e1i 96768<br>Tel\u00e9fono: 808-573-8735 | Tel\u00e9fono: 808-573-8748<br><a href=\"https:\/\/www.kalama.k12.hi.us\" target=\"_blank\" rel=\"noreferrer noopener\">www.kalama.k12.hi.us<\/a><\/p>\n\n\n\n<h4 class=\"wp-block-heading\">Escuela Secundaria King Kekaulike<\/h4>\n\n\n\n<p>Kaiapuni: grados 9 a 12<br>Autopista Kula 121<br>Pukalani, Haw\u00e1i 96768<br>Tel\u00e9fono: 808-727-3500 | Tel\u00e9fono: 808-573-2231<br><a href=\"https:\/\/sites.google.com\/kkhs.k12.hi.us\/kingkekaulike\/home?authuser=0\" target=\"_blank\" rel=\"noreferrer noopener\">https:\/\/sites.google.com\/kkhs.k12.hi.us\/kingkekaulike\/home?authuser=0<\/a><\/p>\n<\/div>\n\n\n\n<div class=\"wp-block-column is-layout-flow wp-block-column-is-layout-flow\">\n<h4 class=\"wp-block-heading\">Nivel intermedio de Lahaina<\/h4>\n\n\n\n<p>Kaiapuni: grados 6 a 8<br>Carretera Lahainaluna 871<br>Lahaina, Haw\u00e1i 96761<br>Tel\u00e9fono: 808-662-3965 | Tel\u00e9fono: 808-662-3968<br><a href=\"https:\/\/www.lis.k12.hi.us\/\" target=\"_blank\" rel=\"noreferrer noopener\">www.lis.k12.hi.us<\/a><\/p>\n\n\n\n<h4 class=\"wp-block-heading\">Escuela Secundaria Lahainaluna<\/h4>\n\n\n\n<p>Kaiapuni: grados 9 a 12<br>Carretera Lahainaluna 980<br>Lahaina, Haw\u00e1i 96761<br>Tel\u00e9fono: 808-662-4000<br><a href=\"http:\/\/www.lahainalunahs.org\/\" target=\"_blank\" rel=\"noreferrer noopener\">www.lahainalunahs.org<\/a><\/p>\n<\/div>\n\n\n\n<div class=\"wp-block-column is-layout-flow wp-block-column-is-layout-flow\">\n<h4 class=\"wp-block-heading\">N\u0101hi\u02bbena\u02bbena Elementary<\/h4>\n\n\n\n<p>Kaiapuni: grados K-5<br>Calle Niheu 816<br>Lahaina, Haw\u00e1i 96761<br>Tel\u00e9fono: 808-727-6200 | Tel\u00e9fono: 808-662-4023<br><a href=\"https:\/\/www.nahienaena.k12.hi.us\/\" target=\"_blank\" rel=\"noreferrer noopener\">www.nahienaena.k12.hi.us<\/a><\/p>\n\n\n\n<h4 class=\"wp-block-heading\">Escuela primaria P\u0101\u02bbia<\/h4>\n\n\n\n<p>Kaiapuni: grados K-5<br>Avenida Baldwin 955<br>P\u0101\u02bbia, HI 96779<br>Tel\u00e9fono: 808-727-3800 | Tel\u00e9fono: 808-579-2103<br><a href=\"http:\/\/paiaelementary.com\/\" target=\"_blank\" rel=\"noreferrer noopener\">www.paiaelementary.com<\/a><\/p>\n<\/div>\n<\/div>\n\n\n\n<div class=\"wp-block-kadence-spacer aligncenter kt-block-spacer-18184_a6c186-9d\"><div class=\"kt-block-spacer kt-block-spacer-halign-center\"><hr class=\"kt-divider\"\/><\/div><\/div>\n\n\n\n<h3 class=\"wp-block-heading\">Hawai<\/h3>\n\n\n\n<div class=\"wp-block-columns is-layout-flex wp-container-core-columns-is-layout-28f84493 wp-block-columns-is-layout-flex\">\n<div class=\"wp-block-column is-layout-flow wp-block-column-is-layout-flow\">\n<h4 class=\"wp-block-heading\">Ke Kula \u02bbO \u02bbEhunuikaimalino<\/h4>\n\n\n\n<p>Kaiapuni: grados K-12<br>81-1041 Calle de la escuela Konawaena<br>Kealakekua, Haw\u00e1i 96750<br>Tel\u00e9fono: 808-313-3131 | Tel\u00e9fono: 808-323-4538<br><a href=\"http:\/\/ehunui.org\/\" target=\"_blank\" rel=\"noreferrer noopener\">www.ehunui.org<\/a><\/p>\n<\/div>\n\n\n\n<div class=\"wp-block-column is-layout-flow wp-block-column-is-layout-flow\">\n<h4 class=\"wp-block-heading\">Escuela secundaria Hilo<\/h4>\n\n\n\n<p>N\u0101\u200bwah\u012bokalani&#039;\u014dpu\u02bbu<br>Kaiapuni: grados 9 a 12<br>Calle Opukahaia 16-120<br>Keaau, Haw\u00e1i 96749<br>Tel\u00e9fono: 808-966-7821 | Tel\u00e9fono: 808-966-7821<br><a href=\"http:\/\/www.nawahi.org\/\" target=\"_blank\" rel=\"noreferrer noopener\">www.nawahi.org<\/a><\/p>\n<\/div>\n\n\n\n<div class=\"wp-block-column is-layout-flow wp-block-column-is-layout-flow\">\n<h4 class=\"wp-block-heading\">Escuela primaria Keonepoko<\/h4>\n\n\n\n<p>Kaiapuni: Grade K<br>15-890 Kahakai Boulevard<br>Pahoa, HI 96778<br>P: 808-313-4500<br><a href=\"https:\/\/www.keonepoko.k12.hi.us\/\" target=\"_blank\" rel=\"noreferrer noopener\">www.keonepoko.k12.hi.us\/<\/a><\/p>\n<\/div>\n<\/div>\n\n\n\n<div class=\"wp-block-kadence-spacer aligncenter kt-block-spacer-18184_6065ab-fd\"><div class=\"kt-block-spacer kt-block-spacer-halign-center\"><hr class=\"kt-divider\"\/><\/div><\/div>\n\n\n\n<h3 class=\"wp-block-heading\">Molokai<\/h3>\n\n\n\n<div class=\"wp-block-columns is-layout-flex wp-container-core-columns-is-layout-28f84493 wp-block-columns-is-layout-flex\">\n<div class=\"wp-block-column is-layout-flow wp-block-column-is-layout-flow\">\n<h4 class=\"wp-block-heading\">Centro de Molokai<\/h4>\n\n\n\n<p>Oh, Dios m\u00edo, Dios m\u00edo<br>Kaiapuni: grados 7 y 8<br>Avenida Lihi Pali 2175<br>Ho\u02bbolehua, HI 96729<br>Tel\u00e9fono: 808-774-8500<br><a href=\"https:\/\/www.molokaimiddle.org\/\" target=\"_blank\" rel=\"noreferrer noopener\">www.molokaimiddle.org<\/a><\/p>\n<\/div>\n\n\n\n<div class=\"wp-block-column is-layout-flow wp-block-column-is-layout-flow\">\n<h4 class=\"wp-block-heading\">Preparatoria Molokai<\/h4>\n\n\n\n<p>Oh, Dios m\u00edo, Dios m\u00edo<br>Kaiapuni: grados 9 a 12<br>Avenida Farrington 2140<br>Ho\u02bbolehua, HI 96729<br>Tel\u00e9fono: 808-576-7100<br><a href=\"https:\/\/www.molokaihighschool.org\/\" target=\"_blank\" rel=\"noreferrer noopener\">www.escuelasecundariamolokai.org<\/a><\/p>\n<\/div>\n\n\n\n<div class=\"wp-block-column is-layout-flow wp-block-column-is-layout-flow\">\n<p><\/p>\n<\/div>\n<\/div>\n\n\n\n<div class=\"wp-block-kadence-spacer aligncenter kt-block-spacer-18184_81833b-ca\"><div class=\"kt-block-spacer kt-block-spacer-halign-center\"><hr class=\"kt-divider\"\/><\/div><\/div>\n\n\n\n<h3 class=\"wp-block-heading\">L\u0101na\u02bbi<\/h3>\n\n\n\n<h4 class=\"wp-block-heading\">Escuela secundaria y primaria L\u0101na\u02bbi<\/h4>\n\n\n\n<p>Kaiapuni: grados K-5<br>Avenida Fraser 555<br>Ciudad de L\u0101na\u02bbi, HI 96763<br>Tel\u00e9fono: 808-565-7900<br>\u200b<a href=\"http:\/\/lanaihighandelementaryschool.org\/\" target=\"_blank\" rel=\"noreferrer noopener\">www.lanaihighandelementaryschool.org<\/a><\/p>\n\n\n\n<div style=\"height:100px\" aria-hidden=\"true\" class=\"wp-block-spacer\"><\/div>\n\n\n\n<h2 class=\"wp-block-heading\">Escuelas Charter de Kaiapuni por isla<\/h2>\n\n\n\n<h3 class=\"wp-block-heading\">O&#039;ahu<\/h3>\n\n\n\n<div class=\"wp-block-columns is-layout-flex wp-container-core-columns-is-layout-28f84493 wp-block-columns-is-layout-flex\">\n<div class=\"wp-block-column is-layout-flow wp-block-column-is-layout-flow\">\n<h4 class=\"wp-block-heading\">Ke Kula \u02bbo Samuel M. Kamakau Laboratory PCS<\/h4>\n\n\n\n<p>Kaiapuni: grados K-12<br>Calle Kuneki 46-500<br>K\u0101ne\u02bbohe, HI 96744<br>Tel\u00e9fono: 808-235-9175 | Tel\u00e9fono: 808-235-9173<br><a href=\"http:\/\/www.kamakau.com\/\" target=\"_blank\" rel=\"noreferrer noopener\">www.kamakau.com<\/a><\/p>\n<\/div>\n\n\n\n<div class=\"wp-block-column is-layout-flow wp-block-column-is-layout-flow\">\n<h4 class=\"wp-block-heading\">Ka Waihona o ka Na\u02bbauao PCS<\/h4>\n\n\n\n<p>Kaiapuni: grados K-8<br>Carretera Farrington 89-195<br>Wai\u02bbanae, HI 96792<br>Tel\u00e9fono: 808-235-9175 | Tel\u00e9fono: 808-235-9173<br><a href=\"https:\/\/www.kawaihonapcs.org\/\" target=\"_blank\" rel=\"noreferrer noopener\">www.kawaihonapcs.org<\/a><\/p>\n<\/div>\n\n\n\n<div class=\"wp-block-column is-layout-flow wp-block-column-is-layout-flow\"><\/div>\n<\/div>\n\n\n\n<div class=\"wp-block-kadence-spacer aligncenter kt-block-spacer-18184_321b2b-8c\"><div class=\"kt-block-spacer kt-block-spacer-halign-center\"><hr class=\"kt-divider\"\/><\/div><\/div>\n\n\n\n<h3 class=\"wp-block-heading\">Molokai<\/h3>\n\n\n\n<h4 class=\"wp-block-heading\">Kualapu\u02bbu Conversion CS<\/h4>\n\n\n\n<p>Kaiapuni: grados K-6<br>Avenida Farrington 260<br>Kuala Lumpur, HI 96757<br>Tel\u00e9fono: 808-567-6900 | Tel\u00e9fono: 808-567-6906<br><a href=\"https:\/\/www.kualapuucharterschool.org\/\" target=\"_blank\" rel=\"noreferrer noopener\">www.kualapuucharterschool.org<\/a><\/p>\n\n\n\n<div class=\"wp-block-kadence-spacer aligncenter kt-block-spacer-18184_8fa799-09\"><div class=\"kt-block-spacer kt-block-spacer-halign-center\"><hr class=\"kt-divider\"\/><\/div><\/div>\n\n\n\n<h3 class=\"wp-block-heading\">Hawai<\/h3>\n\n\n\n<div class=\"wp-block-columns is-layout-flex wp-container-core-columns-is-layout-28f84493 wp-block-columns-is-layout-flex\">\n<div class=\"wp-block-column is-layout-flow wp-block-column-is-layout-flow\">\n<h4 class=\"wp-block-heading\">Ka \u02bbUmeke K\u0101\u02bbeo<\/h4>\n\n\n\n<p>Kaiapuni: grados K-12<br>Avenida Kalanianaole 1500<br>Hilo, HI 96720<br>Tel\u00e9fono: 808-961-0470 | Tel\u00e9fono: 808-933-3488<br><a href=\"http:\/\/kaumeke.org\/\" target=\"_blank\" rel=\"noreferrer noopener\">www.kaumeke.org<\/a><br><\/p>\n<\/div>\n\n\n\n<div class=\"wp-block-column is-layout-flow wp-block-column-is-layout-flow\">\n<h4 class=\"wp-block-heading\">Ke Kula \u02bbO N\u0101wah\u012bokalani\u02bb\u014dpu\u02bbu Iki Lab&nbsp;PCS<\/h4>\n\n\n\n<p>Sitios sat\u00e9lite: Ka Papahana \u02bbo M\u0101\u02bbilik\u016bkahi <br>ubicado en Wai&#039;anae, O&#039;ahu (K-8)<br>Ka Papahana \u02bbo \u02bbAlo K\u0113hau o ka \u02bb\u0100ina Mauna <br>Ubicado en Waimea, Haw\u00e1i (K-8)<br>Kaiapuni: grados K-8<br>16-120 Calle Opukahaia, Suite 2<br>Kea\u2018au, HI 96749<br>Tel\u00e9fono: 808-982-4260 | Tel\u00e9fono: 808-966-7821<br><a href=\"https:\/\/www.nawahi.org\/\" target=\"_blank\" rel=\"noreferrer noopener\">www.nawahi.org<\/a><\/p>\n<\/div>\n\n\n\n<div class=\"wp-block-column is-layout-flow wp-block-column-is-layout-flow\"><\/div>\n<\/div>\n\n\n\n<div class=\"wp-block-kadence-spacer aligncenter kt-block-spacer-18184_535784-ce\"><div class=\"kt-block-spacer kt-block-spacer-halign-center\"><hr class=\"kt-divider\"\/><\/div><\/div>\n\n\n\n<h3 class=\"wp-block-heading\">Kauai<\/h3>\n\n\n\n<div class=\"wp-block-columns is-layout-flex wp-container-core-columns-is-layout-28f84493 wp-block-columns-is-layout-flex\">\n<div class=\"wp-block-column is-layout-flow wp-block-column-is-layout-flow\">\n<h4 class=\"wp-block-heading\">Ke Kula Niihau o Kekaha<\/h4>\n\n\n\n<p>Kaiapuni: grados K-12<br>Calle Kekaha 8135<br>Kekaha, Haw\u00e1i, 96752<br>Tel\u00e9fono: 808-337-0481 | Tel\u00e9fono: 808-337-1289<br><a href=\"http:\/\/www.kknok.org\/\" target=\"_blank\" rel=\"noreferrer noopener\">www.kknok.org<\/a><\/p>\n<\/div>\n\n\n\n<div class=\"wp-block-column is-layout-flow wp-block-column-is-layout-flow\">\n<h4 class=\"wp-block-heading\">Kawaikini New Century&nbsp; PCS<\/h4>\n\n\n\n<p>Kaiapuni: grados K-12<br>3-1821J Carretera Kaumualii<br>L\u012bhu\u02bbe, HI 96766<br>Tel\u00e9fono: 808-632-2032 | Tel\u00e9fono: 808-246-4835<br><a href=\"http:\/\/www.kawaikini.com\/\" target=\"_blank\" rel=\"noreferrer noopener\">www.kawaikini.com<\/a><\/p>\n<\/div>\n\n\n\n<div class=\"wp-block-column is-layout-flow wp-block-column-is-layout-flow\"><\/div>\n<\/div>\n<\/div>\n<\/div>\n\n\n\n<p><\/p>","protected":false},"excerpt":{"rendered":"<p>To contribute to the revitalization of the Hawaiian language and culture, we offer a K-12 Hawaiian language immersion education in our Kaiapuni schools. Classes in Kaiapuni schools are conducted exclusively in the Hawaiian language. English is introduced as a subject starting in Grade 5. Policy &amp; CommitmentWe are guided by Board of Education Policy 105.8 [&hellip;]<\/p>","protected":false},"author":13,"featured_media":0,"parent":0,"menu_order":0,"comment_status":"closed","ping_status":"closed","template":"","meta":{"_relevanssi_hide_post":"","_relevanssi_hide_content":"","_relevanssi_pin_for_all":"","_relevanssi_pin_keywords":"","_relevanssi_unpin_keywords":"","_relevanssi_related_keywords":"","_relevanssi_related_include_ids":"","_relevanssi_related_exclude_ids":"","_relevanssi_related_no_append":"","_relevanssi_related_not_related":"","_relevanssi_related_posts":"856,888,893,1022,1619,1622","_relevanssi_noindex_reason":"","_sitemap_exclude":false,"_sitemap_priority":"","_sitemap_frequency":"","_kad_blocks_custom_css":"","_kad_blocks_head_custom_js":"","_kad_blocks_body_custom_js":"","_kad_blocks_footer_custom_js":"","wp_popup_display_lightbox":0,"wp_popup_suppress":"","wp_popup_trigger":"","wp_popup_trigger_amount":0,"wp_popup_disable_on_mobile":false,"footnotes":""},"class_list":["post-18184","page","type-page","status-publish","hentry"],"pp_statuses_selecting_workflow":false,"pp_workflow_action":"current","pp_status_selection":"publish","taxonomy_info":[],"featured_image_src_large":false,"author_info":{"display_name":"Sara Miyazono","author_link":"https:\/\/hawaiipublicschools.org\/es\/author\/sara-miyazonok12-hi-us\/"},"comment_info":0,"publishpress_future_action":{"enabled":false,"date":"2026-04-28 22:48:46","action":"change-status","newStatus":"draft","terms":[],"taxonomy":"","extraData":[]},"publishpress_future_workflow_manual_trigger":{"enabledWorkflows":[]},"_links":{"self":[{"href":"https:\/\/hawaiipublicschools.org\/es\/wp-json\/wp\/v2\/pages\/18184","targetHints":{"allow":["GET"]}}],"collection":[{"href":"https:\/\/hawaiipublicschools.org\/es\/wp-json\/wp\/v2\/pages"}],"about":[{"href":"https:\/\/hawaiipublicschools.org\/es\/wp-json\/wp\/v2\/types\/page"}],"author":[{"embeddable":true,"href":"https:\/\/hawaiipublicschools.org\/es\/wp-json\/wp\/v2\/users\/13"}],"replies":[{"embeddable":true,"href":"https:\/\/hawaiipublicschools.org\/es\/wp-json\/wp\/v2\/comments?post=18184"}],"version-history":[{"count":0,"href":"https:\/\/hawaiipublicschools.org\/es\/wp-json\/wp\/v2\/pages\/18184\/revisions"}],"wp:attachment":[{"href":"https:\/\/hawaiipublicschools.org\/es\/wp-json\/wp\/v2\/media?parent=18184"}],"curies":[{"name":"wp","href":"https:\/\/api.w.org\/{rel}","templated":true}]}}