{"id":17,"date":"2025-02-11T09:08:18","date_gmt":"2025-02-11T19:08:18","guid":{"rendered":"https:\/\/hawaiipublicschools.org\/?page_id=17"},"modified":"2025-10-06T08:11:03","modified_gmt":"2025-10-06T18:11:03","slug":"charter-schools","status":"publish","type":"page","link":"https:\/\/hawaiipublicschools.org\/es\/enrolling-in-school\/charter-schools\/","title":{"rendered":"Escuelas Charter"},"content":{"rendered":"<div class=\"wp-block-columns double_col_sidebar is-layout-flex wp-container-core-columns-is-layout-28f84493 wp-block-columns-is-layout-flex\">\n<div class=\"wp-block-column left_col is-layout-flow wp-block-column-is-layout-flow\">\n<p class=\"intro\" style=\"font-size:clamp(0.875rem, 0.875rem + ((1vw - 0.2rem) * 0.531), 1.3rem);\">Hawai\u02bbi&#8217;s charter schools are tuition-free public schools of choice open to all, serving students in kindergarten through 12th grade. Each charter school offers a different learning environment; some offer blended learning, others focus on Hawaiian language immersion or arts integration, and others offer project-based learning or a Waldorf model of learning.<\/p>\n\n\n\n<p>Unlike traditional public schools, charters are operated and managed by independent governing boards. They operate under a performance contract with the State Public Charter School Commission. If you&#8217;re interested in learning more about Hawai\u02bbi&#8217;s charter schools, please connect with the charter school commission.<\/p>\n\n\n\n<h2 class=\"wp-block-heading\">Comisi\u00f3n de Escuelas Charter<\/h2>\n\n\n\n<p>La misi\u00f3n de la <a href=\"http:\/\/www.chartercommission.hawaii.gov\/\" target=\"_blank\" rel=\"noreferrer noopener\">Comisi\u00f3n de Escuelas Charter P\u00fablicas Estatales<\/a> is to authorize high-quality public charter schools throughout Hawai\u02bbi. The Commission approves quality applications for new charter schools and monitors the performance and legal compliance of existing charter schools. The major responsibilities of the Charter School commission include:<\/p>\n\n\n\n<ul class=\"wp-block-list\">\n<li>Brindar asistencia y apoyo para el desarrollo, crecimiento, progreso y \u00e9xito de las escuelas aut\u00f3nomas y del sistema de escuelas aut\u00f3nomas;<\/li>\n\n\n\n<li>Determinar las necesidades de las escuelas charter y del sistema de escuelas charter a trav\u00e9s del an\u00e1lisis y la provisi\u00f3n de recomendaciones sobre cuestiones relacionadas con las escuelas charter;<\/li>\n\n\n\n<li>Actuar como defensor de las escuelas aut\u00f3nomas y del sistema de escuelas aut\u00f3nomas y representarlas en las comunicaciones con la Junta de Educaci\u00f3n, el gobernador y la Legislatura;<\/li>\n\n\n\n<li>Actuar como enlace, conducto, mediador y facilitador entre las escuelas aut\u00f3nomas y las agencias estatales; y<\/li>\n\n\n\n<li>Preparar y ejecutar el presupuesto general del sistema de escuelas aut\u00f3nomas y asignar y distribuir fondos estatales y federales a las escuelas aut\u00f3nomas.<\/li>\n<\/ul>\n<\/div>\n\n\n\n<div class=\"wp-block-column right_col is-layout-flow wp-block-column-is-layout-flow\"><div class=\"kb-row-layout-wrap kb-row-layout-id1050_d76aa3-f2 alignnone wp-block-kadence-rowlayout\"><div class=\"kt-row-column-wrap kt-has-2-columns kt-row-layout-row kt-tab-layout-row kt-mobile-layout-row kt-row-valign-top\">\n\n<div class=\"wp-block-kadence-column kadence-column1050_63c690-aa\"><div class=\"kt-inside-inner-col\">\n<figure class=\"wp-block-image size-full no_margin\"><img loading=\"lazy\" decoding=\"async\" width=\"1024\" height=\"576\" src=\"https:\/\/hawaiipublicschools.org\/wp-content\/uploads\/2024\/12\/Noelani-1024x576.jpg\" alt=\"\" class=\"wp-image-2280\" style=\"aspect-ratio:4\/3;object-fit:cover\" srcset=\"https:\/\/hawaiipublicschools.org\/wp-content\/uploads\/2024\/12\/Noelani-1024x576.jpg 1024w, https:\/\/hawaiipublicschools.org\/wp-content\/uploads\/2024\/12\/Noelani-300x169.jpg 300w, https:\/\/hawaiipublicschools.org\/wp-content\/uploads\/2024\/12\/Noelani-768x432.jpg 768w, https:\/\/hawaiipublicschools.org\/wp-content\/uploads\/2024\/12\/Noelani-18x10.jpg 18w, https:\/\/hawaiipublicschools.org\/wp-content\/uploads\/2024\/12\/Noelani.jpg 1500w\" sizes=\"auto, (max-width: 1024px) 100vw, 1024px\" \/><\/figure>\n<\/div><\/div>\n\n\n\n<div class=\"wp-block-kadence-column kadence-column1050_6ae211-6a\"><div class=\"kt-inside-inner-col\">\n<h5 class=\"wp-block-heading has-base-color has-text-color has-link-color wp-elements-91735848e86ea283e0928ede427b944c\" style=\"margin-top:0px;padding-top:0;padding-bottom:0.5rem;font-size:1.4vw\">Comisi\u00f3n de escuelas charter p\u00fablicas estatales<\/h5>\n\n\n\n<p class=\"has-base-color has-text-color has-link-color wp-elements-73de11a7dc8419c68045457638ce71c1\">Calle Bishop 1164, Suite 1100<br>Honolulu, Haw\u00e1i 96813<br><a href=\"mailto:info@spcsc.hawaii.gov\">Correo electr\u00f3nico<\/a><br>Tel\u00e9fono: (808) 586-3775<br>Tel\u00e9fono: (808) 586-3776<br><a href=\"http:\/\/www.chartercommission.hawaii.gov\/\" data-type=\"link\" data-id=\"http:\/\/www.chartercommission.hawaii.gov\/\" target=\"_blank\" rel=\"noreferrer noopener\">Sitio web<\/a><\/p>\n<\/div><\/div>\n\n<\/div><\/div><\/div>\n<\/div>","protected":false},"excerpt":{"rendered":"<p>Hawai\u02bbi&#8217;s charter schools are tuition-free public schools of choice open to all, serving students in kindergarten through 12th grade. Each charter school offers a different learning environment; some offer blended learning, others focus on Hawaiian language immersion or arts integration, and others offer project-based learning or a Waldorf model of learning. Unlike traditional public schools, [&hellip;]<\/p>","protected":false},"author":8,"featured_media":0,"parent":13,"menu_order":19,"comment_status":"closed","ping_status":"closed","template":"wp-custom-template-page-for-custom-sidebar","meta":{"_relevanssi_hide_post":"","_relevanssi_hide_content":"","_relevanssi_pin_for_all":"","_relevanssi_pin_keywords":"","_relevanssi_unpin_keywords":"","_relevanssi_related_keywords":"","_relevanssi_related_include_ids":"","_relevanssi_related_exclude_ids":"","_relevanssi_related_no_append":"","_relevanssi_related_not_related":"","_relevanssi_related_posts":"","_relevanssi_noindex_reason":"","_sitemap_exclude":false,"_sitemap_priority":"","_sitemap_frequency":"","_kad_blocks_custom_css":"","_kad_blocks_head_custom_js":"","_kad_blocks_body_custom_js":"","_kad_blocks_footer_custom_js":"","wp_popup_display_lightbox":0,"wp_popup_suppress":"","wp_popup_trigger":"","wp_popup_trigger_amount":0,"wp_popup_disable_on_mobile":false,"footnotes":""},"class_list":["post-17","page","type-page","status-publish","hentry"],"pp_statuses_selecting_workflow":false,"pp_workflow_action":"current","pp_status_selection":"publish","taxonomy_info":[],"featured_image_src_large":false,"author_info":{"display_name":"Ariana Enomoto","author_link":"https:\/\/hawaiipublicschools.org\/es\/author\/arianastaceyleong-com\/"},"comment_info":0,"publishpress_future_action":{"enabled":false,"date":"2026-05-06 13:38:33","action":"change-status","newStatus":"draft","terms":[],"taxonomy":"","extraData":[]},"publishpress_future_workflow_manual_trigger":{"enabledWorkflows":[]},"_links":{"self":[{"href":"https:\/\/hawaiipublicschools.org\/es\/wp-json\/wp\/v2\/pages\/17","targetHints":{"allow":["GET"]}}],"collection":[{"href":"https:\/\/hawaiipublicschools.org\/es\/wp-json\/wp\/v2\/pages"}],"about":[{"href":"https:\/\/hawaiipublicschools.org\/es\/wp-json\/wp\/v2\/types\/page"}],"author":[{"embeddable":true,"href":"https:\/\/hawaiipublicschools.org\/es\/wp-json\/wp\/v2\/users\/8"}],"replies":[{"embeddable":true,"href":"https:\/\/hawaiipublicschools.org\/es\/wp-json\/wp\/v2\/comments?post=17"}],"version-history":[{"count":0,"href":"https:\/\/hawaiipublicschools.org\/es\/wp-json\/wp\/v2\/pages\/17\/revisions"}],"up":[{"embeddable":true,"href":"https:\/\/hawaiipublicschools.org\/es\/wp-json\/wp\/v2\/pages\/13"}],"wp:attachment":[{"href":"https:\/\/hawaiipublicschools.org\/es\/wp-json\/wp\/v2\/media?parent=17"}],"curies":[{"name":"wp","href":"https:\/\/api.w.org\/{rel}","templated":true}]}}