{"id":164,"date":"2024-09-05T00:20:02","date_gmt":"2024-09-05T00:20:02","guid":{"rendered":"https:\/\/hawaiipublicschools.org\/?page_id=164"},"modified":"2025-10-09T15:49:20","modified_gmt":"2025-10-10T01:49:20","slug":"terms-of-use","status":"publish","type":"page","link":"https:\/\/hawaiipublicschools.org\/es\/useful-links\/terms-of-use\/","title":{"rendered":"Condiciones de uso"},"content":{"rendered":"<p class=\"intro\" style=\"font-size:clamp(0.875rem, 0.875rem + ((1vw - 0.2rem) * 0.531), 1.3rem);\">Thank you for visiting the Hawai\u02bbi State Department of Education\u2019s website. By visiting and using this website, its subpages and content, you are agreeing to these terms of access and use.<\/p>\n\n\n\n<h2 class=\"wp-block-heading\">Aviso<\/h2>\n\n\n\n<p>You have entered the official Hawai\u02bbi State Department of Education website (\u201chawaiipublicschools.org\u201d), which may be used for authorized purposes only. This website is not, nor is it intended to be, an open public forum.<\/p>\n\n\n\n<h2 class=\"wp-block-heading\">Definici\u00f3n<\/h2>\n\n\n\n<p>Tal como se utiliza en estos t\u00e9rminos de acceso y uso, \u201cSITIO WEB\u201d significa y se refiere a la totalidad o parte del SITIO WEB oficial del Departamento de Educaci\u00f3n del Estado de Haw\u00e1i (es decir, todas las p\u00e1ginas con el dominio \u201chawaiipublicschools.org\u201d), subp\u00e1ginas y contenido.<\/p>\n\n\n\n<p>Tal como se utiliza en estos t\u00e9rminos de acceso y uso, \u201cCONTENIDO\u201d incluye la informaci\u00f3n, material, documentos, texto, gr\u00e1ficos, im\u00e1genes, logotipos, formato de programaci\u00f3n HTML (incluidas las metaetiquetas o el equivalente meta http) y scripts.<\/p>\n\n\n\n<h2 class=\"wp-block-heading\">Aviso de seguridad y monitoreo<\/h2>\n\n\n\n<p>Este sitio se reserva el derecho de recopilar informaci\u00f3n de navegaci\u00f3n de sus usuarios como:<\/p>\n\n\n\n<ul class=\"wp-block-list\">\n<li>La direcci\u00f3n IP y el nombre del dominio desde el que se accedi\u00f3 al sitio.<\/li>\n\n\n\n<li>La fecha y hora en que se accedi\u00f3 al sitio.<\/li>\n\n\n\n<li>La direcci\u00f3n del sitio web (tambi\u00e9n llamada URL) del enlace en el que se hizo clic para acceder al sitio.<\/li>\n<\/ul>\n\n\n\n<p>Por motivos de seguridad del sitio, se monitoriza todo el tr\u00e1fico de red para identificar intentos no autorizados de cargar o modificar informaci\u00f3n, o de llevar a cabo actividades delictivas. En relaci\u00f3n con investigaciones policiales autorizadas y de conformidad con el proceso legal requerido, la informaci\u00f3n de navegaci\u00f3n puede utilizarse para obtener informaci\u00f3n personal identificable.<\/p>\n\n\n\n<p>Furthermore, to protect this WEBSITE as well as the associated computer system supporting this WEBSITE from unauthorized use and to ensure that the computer system is functioning properly, individuals accessing this WEBSITE and the associated computer system are subject to having all of their activities monitored and recorded by personnel authorized to do so by the state of Hawai\u02bbi. Anyone using this WEBSITE and the associated computer system expressly consents to such monitoring and is advised that if such monitoring reveals evidence of possible abuse or criminal activity, state of Hawai\u2018i personnel may provide the results of such monitoring to appropriate officials.<\/p>\n\n\n\n<p>Los intentos no autorizados de cargar o cambiar el CONTENIDO del sitio web, o de cualquier otra forma causar da\u00f1os a este SITIO WEB o al sistema inform\u00e1tico, est\u00e1n estrictamente prohibidos y pueden ser punibles seg\u00fan la ley aplicable.<\/p>\n\n\n\n<h2 class=\"wp-block-heading\">Aviso de que el sitio web puede cambiar sin previo aviso<\/h2>\n\n\n\n<p>Este SITIO WEB se ofrece como un servicio p\u00fablico. Es din\u00e1mico y est\u00e1 sujeto a cambios sin previo aviso. Por lo tanto, los usuarios de este SITIO WEB son totalmente responsables de comprobar la exactitud, integridad, actualidad e idoneidad del CONTENIDO que se encuentra en el mismo.<\/p>\n\n\n\n<p>In addition, the state of Hawai\u02bbi may suspend or discontinue some or all of this public service at any time, or it may elect to charge a fee for access to or use of this public service.<\/p>\n\n\n\n<h2 class=\"wp-block-heading\">Descargo de responsabilidad de garant\u00edas<\/h2>\n\n\n\n<p>This WEBSITE is provided &#8220;as is&#8221; and without warranties of any kind. To the fullest extent of the law, the state of Hawai\u02bbi, including each agency, officer or employee of the state of Hawai\u2018i, disclaims all warranties, expressed or implied, including, but not limited to, warranties of merchantability and fitness for a particular purpose, with respect to this WEBSITE; this disclaimer of warranties includes but is not limited to disclaimers as regards the following: (1) that the functioning of this WEBSITE will be uninterrupted and error-free; (2) that any defects or other errors on this WEBSITE will be corrected; and (3) that this WEBSITE as well as the computer system are or will be free of viruses or other harmful components.<\/p>\n\n\n\n<p>In addition, neither the state of Hawai\u02bbi nor any agency, officer or employee of the state of Hawai\u02bbi makes any representations, guarantees or warranties as to: (1) the accuracy, completeness, currency or suitability of the information provided via this WEBSITE; (2) the use of or the results of the use of this WEBSITE; and (3) the accuracy, reliability, availability or completeness or usefulness of the content of websites created and maintained by persons other than the state of Hawai\u2018i and linked to or from this WEBSITE.<\/p>\n\n\n\n<h2 class=\"wp-block-heading\">Limitaci\u00f3n de responsabilidad<\/h2>\n\n\n\n<p>Under no circumstances, including, but not limited to, negligence, shall the state of Hawai\u02bbi or any agency, officer or employee of the state of Hawai\u2018i be liable for any special, consequential and\/or incidental damages that may result from the use of or the inability to access or use this WEBSITE, even if the state of Hawai\u02bbi has been advised of the possibility of such damages. Applicable law may not allow the limitation or exclusion of liability or incidental or consequential damages, so the above limitation or exclusion may not apply to you. In no event shall the state of Hawai\u02bbi&#8217;s total liability to you for all damages, losses and causes of action (whether in contract, tort\u2014including but not limited to negligence\u2014or otherwise) exceed the amount paid by you, if any, to access this WEBSITE.<\/p>\n\n\n\n<h2 class=\"wp-block-heading\">Aviso de derechos de autor<\/h2>\n\n\n\n<p>Duplication or use of any CONTENT from this WEBSITE for commercial purposes or in any manner likely to give the impression of official approval by the state of Hawai\u02bbi is prohibited. The WEBSITE Copyright \u00a9 1995-2025 Department of Education, state of Hawai\u02bbi.<\/p>\n\n\n\n<h2 class=\"wp-block-heading\">Aviso de limitaci\u00f3n en el uso de sellos estatales, logotipos y s\u00edmbolos del Departamento de Educaci\u00f3n<\/h2>\n\n\n\n<p>Submit requests for use of the logo and any questions regarding proper use to the Hawai\u02bbi State Department of Education, Attention: Communications Branch, P.O. Box 2360, Honolulu, HI 96804 or <a href=\"mailto:doeinfo@k12.hi.us\">correo electr\u00f3nico<\/a>. Por favor, facilite la siguiente informaci\u00f3n:<\/p>\n\n\n\n<ol class=\"wp-block-list\">\n<li>Logotipo a utilizar.<\/li>\n\n\n\n<li>C\u00f3mo se utilizar\u00e1 el logotipo.<\/li>\n\n\n\n<li>Audience and distribution of the product the logo will be used on.<\/li>\n\n\n\n<li>La relaci\u00f3n del Departamento con la organizaci\u00f3n o evento.<\/li>\n<\/ol>\n\n\n\n<p>The logo should not be used in any way likely to give the impression of official Department approval or affiliation with any non-HIDOE business, product or activity.<\/p>\n\n\n\n<h2 class=\"wp-block-heading\">Section 5-6, Hawai\u02bbi Revised Statutes: Links to External Web Sites and Pages<\/h2>\n\n\n\n<p>This WEBSITE may contain hypertext links to external websites and pages containing information created and maintained by public and private organizations other than the state of Hawai\u02bbi. These hypertext links may be created by the state of Hawai\u02bbi if it determines that establishing the external link will be consistent with assisting or furthering the purpose of this WEBSITE, which is to significantly and diligently promote public service to citizens and businesses by:<\/p>\n\n\n\n<ul class=\"wp-block-list\">\n<li>Ampliar el acceso de las empresas y los ciudadanos a los servicios y la informaci\u00f3n gubernamentales.<\/li>\n\n\n\n<li>Ofrecer un proceso f\u00e1cil y conveniente para que las empresas y los ciudadanos realicen transacciones con el gobierno estatal en l\u00ednea.<\/li>\n\n\n\n<li>Acelerar el desarrollo y la prestaci\u00f3n de un mayor volumen de servicios gubernamentales en l\u00ednea de calidad.<\/li>\n\n\n\n<li>Mejorar el nivel de servicio al cliente por parte del gobierno estatal.<\/li>\n\n\n\n<li>Extender los servicios de gobierno electr\u00f3nico a los ciudadanos de las ciudades y los gobiernos de los condados.<\/li>\n<\/ul>\n\n\n\n<p>In addition, hypertext links may be created by the state of Hawai\u02bbi for informational purposes, that is, where the linked external website will provide useful and valuable information to visitors to this WEBSITE, or where the linked external website is required or authorized by law.<\/p>\n\n\n\n<p>The state of Hawai\u02bbi, in its sole discretion, will determine whether the external website meets the purpose of this WEBSITE or for the specified informational purposes. The inclusion of a hypertext link to an external website is not intended as an endorsement of any products or service offered or referenced on the linked website, the organizations sponsoring such website, or any views which might be expressed or referenced in the website.<\/p>\n\n\n\n<p>These hypertext links to external websites and pages may be removed or replaced in the sole discretion of the state of Hawai\u02bbi, at any time without notice.<\/p>\n\n\n\n<p>In the event you discover problems with or have concerns regarding the format, accuracy, timeliness or completeness of a linked external website, please contact the organization responsible for the linked external website. The state of Hawai\u02bbi does not control nor is it responsible for any linked external websites and pages. The state of Hawai\u02bbi WEBSITE and pages are not intended to be open public forums.<\/p>\n\n\n\n<h2 class=\"wp-block-heading\">Descargo de responsabilidad de respaldo<\/h2>\n\n\n\n<p>Any reference in this WEBSITE to any specific commercial products, processes or services by trade name, trademark, manufacturer, or otherwise, does not constitute or imply its endorsement, recommendation or favoring by the state of Hawai\u02bbi.<\/p>\n\n\n\n<h2 class=\"wp-block-heading\">Jurisdicci\u00f3n<\/h2>\n\n\n\n<p>This WEBSITE is provided as a public service using an associated computer system located within the state of Hawai\u02bbi. Any person choosing to access and use this WEBSITE is subject to the jurisdiction of the state of Hawai\u02bbi.<\/p>\n\n\n\n<p>These terms shall be governed by and construed in accordance with the laws of the state of Hawai\u02bbi. Any dispute arising out of or relating to these terms, or access and use of this WEBSITE shall be decided under the laws of and in the state courts in the state of Hawai\u02bbi, and you hereby consent to and submit to the personal jurisdiction of such courts for the purpose of adjudicating such dispute.<\/p>\n\n\n\n<h2 class=\"wp-block-heading\">Divisibilidad<\/h2>\n\n\n\n<p>Si un tribunal de jurisdicci\u00f3n competente determina que alguna disposici\u00f3n de estos t\u00e9rminos es ilegal, nula o inaplicable, dicha disposici\u00f3n se considerar\u00e1 separable de los t\u00e9rminos restantes y no afectar\u00e1 la validez y aplicabilidad de las disposiciones restantes.<\/p>","protected":false},"excerpt":{"rendered":"<p>Thank you for visiting the Hawai\u02bbi State Department of Education\u2019s website. By visiting and using this website, its subpages and content, you are agreeing to these terms of access and use. \u200b\u200bNotice You have entered the official Hawai\u02bbi State Department of Education website (\u201chawaiipublicschools.org\u201d), which may be used for authorized purposes only. This website is [&hellip;]<\/p>","protected":false},"author":8,"featured_media":0,"parent":1291,"menu_order":19,"comment_status":"closed","ping_status":"closed","template":"","meta":{"_relevanssi_hide_post":"","_relevanssi_hide_content":"","_relevanssi_pin_for_all":"","_relevanssi_pin_keywords":"","_relevanssi_unpin_keywords":"","_relevanssi_related_keywords":"","_relevanssi_related_include_ids":"","_relevanssi_related_exclude_ids":"","_relevanssi_related_no_append":"","_relevanssi_related_not_related":"","_relevanssi_related_posts":"","_relevanssi_noindex_reason":"","_sitemap_exclude":false,"_sitemap_priority":"","_sitemap_frequency":"","_kad_blocks_custom_css":"","_kad_blocks_head_custom_js":"","_kad_blocks_body_custom_js":"","_kad_blocks_footer_custom_js":"","wp_popup_display_lightbox":0,"wp_popup_suppress":"","wp_popup_trigger":"","wp_popup_trigger_amount":0,"wp_popup_disable_on_mobile":false,"footnotes":""},"class_list":["post-164","page","type-page","status-publish","hentry"],"pp_statuses_selecting_workflow":false,"pp_workflow_action":"current","pp_status_selection":"publish","taxonomy_info":[],"featured_image_src_large":false,"author_info":{"display_name":"Ariana Enomoto","author_link":"https:\/\/hawaiipublicschools.org\/es\/author\/arianastaceyleong-com\/"},"comment_info":0,"publishpress_future_action":{"enabled":false,"date":"2026-04-20 07:23:13","action":"change-status","newStatus":"draft","terms":[],"taxonomy":"","extraData":[]},"publishpress_future_workflow_manual_trigger":{"enabledWorkflows":[]},"_links":{"self":[{"href":"https:\/\/hawaiipublicschools.org\/es\/wp-json\/wp\/v2\/pages\/164","targetHints":{"allow":["GET"]}}],"collection":[{"href":"https:\/\/hawaiipublicschools.org\/es\/wp-json\/wp\/v2\/pages"}],"about":[{"href":"https:\/\/hawaiipublicschools.org\/es\/wp-json\/wp\/v2\/types\/page"}],"author":[{"embeddable":true,"href":"https:\/\/hawaiipublicschools.org\/es\/wp-json\/wp\/v2\/users\/8"}],"replies":[{"embeddable":true,"href":"https:\/\/hawaiipublicschools.org\/es\/wp-json\/wp\/v2\/comments?post=164"}],"version-history":[{"count":0,"href":"https:\/\/hawaiipublicschools.org\/es\/wp-json\/wp\/v2\/pages\/164\/revisions"}],"up":[{"embeddable":true,"href":"https:\/\/hawaiipublicschools.org\/es\/wp-json\/wp\/v2\/pages\/1291"}],"wp:attachment":[{"href":"https:\/\/hawaiipublicschools.org\/es\/wp-json\/wp\/v2\/media?parent=164"}],"curies":[{"name":"wp","href":"https:\/\/api.w.org\/{rel}","templated":true}]}}