{"id":156,"date":"2024-09-05T00:16:43","date_gmt":"2024-09-05T00:16:43","guid":{"rendered":"https:\/\/hawaiipublicschools.org\/?page_id=156"},"modified":"2025-11-19T07:40:23","modified_gmt":"2025-11-19T17:40:23","slug":"report-an-issue","status":"publish","type":"page","link":"https:\/\/hawaiipublicschools.org\/es\/contact\/report-an-issue\/","title":{"rendered":"Informar un problema"},"content":{"rendered":"<h2 class=\"wp-block-heading\">Fraud and unethical behavior<\/h2>\n\n\n\n<p>Nuestro personal y nuestras escuelas se rigen por altos est\u00e1ndares de integridad. Si tiene alguna inquietud sobre comportamiento fraudulento o poco \u00e9tico, por favor, rep\u00f3rtelo al Departamento. Puede hacerlo de forma an\u00f3nima, las 24 horas del d\u00eda, los siete d\u00edas de la semana, llamando a nuestra l\u00ednea directa gratuita y confidencial al 855-233-8085 o a nuestro <a href=\"https:\/\/secure.ethicspoint.com\/domain\/media\/en\/gui\/57591\/index.html\" target=\"_blank\" rel=\"noreferrer noopener\">servicio de informes en l\u00ednea<\/a>.<\/p>\n\n\n\n<p>Los ejemplos pueden incluir:<\/p>\n\n\n\n<ul class=\"wp-block-list\">\n<li>Uso indebido de fondos.<\/li>\n\n\n\n<li>Falsificaci\u00f3n de documentos.<\/li>\n\n\n\n<li>Sobornos o comisiones ilegales.<\/li>\n\n\n\n<li>Robo de dinero en efectivo o propiedad de HIDOE.<\/li>\n\n\n\n<li>Comportamiento inapropiado del empleado.<\/li>\n\n\n\n<li>Mal uso del tiempo o recursos de HIDOE.<\/li>\n<\/ul>\n\n\n\n<h2 class=\"wp-block-heading\">C\u00f3digo de conducta<\/h2>\n\n\n\n<p>De conformidad con la Junta de Educaci\u00f3n <a href=\"http:\/\/boe.hawaii.gov\/policies\/Board%20Policies\/Accountability%20of%20Employees.pdf\" target=\"_blank\" rel=\"noreferrer noopener\">Pol\u00edtica 201.2 (PDF)<\/a>Responsabilidad de los empleados, del Departamento de Energ\u00eda <a href=\"\/es\/DOE%20Forms\/CodeofConduct.pdf\/\" target=\"_blank\" rel=\"noreferrer noopener\">C\u00f3digo de conducta (PDF)<\/a>\u200b Se aplica a todos los empleados, contratistas y voluntarios.<\/p>\n\n\n\n<h2 class=\"wp-block-heading\">Preocupaciones sobre los derechos civiles<\/h2>\n\n\n\n<p>El Departamento <a href=\"\/es\/useful-links\/policies\/nondiscrimination-policy\/\">Divisi\u00f3n de Cumplimiento de Derechos Civiles<\/a> (CRCB) aborda la discriminaci\u00f3n en el Departamento y promueve la igualdad de oportunidades en los programas y actividades educativos para los estudiantes y la igualdad de oportunidades en el empleo para solicitantes y empleados. El CRCB es responsable del cumplimiento general por parte del Departamento de las leyes estatales y federales contra la discriminaci\u00f3n. El CRCB lleva a cabo investigaciones administrativas internas de presuntas infracciones y proporciona formaci\u00f3n y\/u orientaci\u00f3n sobre cuestiones generales de derechos civiles.&nbsp;<\/p>\n\n\n\n<h2 class=\"wp-block-heading\">Mala gesti\u00f3n de los fondos federales<\/h2>\n\n\n\n<p>Cualquier persona que conozca o sospeche de fraude, despilfarro, abuso, mala gesti\u00f3n o infracci\u00f3n de las leyes y reglamentos relativos a los fondos del Departamento de Educaci\u00f3n de EE.UU. debe ponerse en contacto con la l\u00ednea directa de la Oficina del Inspector General (OIG). Esto incluye las denuncias de presuntas irregularidades cometidas por empleados del Departamento, contratistas, concesionarios, escuelas, funcionarios escolares y voluntarios.<\/p>\n\n\n\n<p>Haga clic en <a href=\"https:\/\/oig.ed.gov\/oig-hotline\" target=\"_blank\" rel=\"noreferrer noopener\">L\u00ednea directa de la OIG<\/a> para iniciar un informe.<\/p>\n\n\n\n<h2 class=\"wp-block-heading\">Sitio web<\/h2>\n\n\n\n<p>Si tiene problemas para acceder o utilizar este sitio, env\u00ede un correo electr\u00f3nico a <a href=\"mailto:webmaster@k12.hi.us\" target=\"_blank\" rel=\"noreferrer noopener\">webmaster@k12.hi.us<\/a>.  <\/p>\n\n\n\n<p><\/p>","protected":false},"excerpt":{"rendered":"<p>Fraud and unethical behavior Our staff and our schools are held to high standards of integrity. If you have any concerns of fraudulent or unethical behavior, please report it to the Department. It may be done anonymously, 24 hours a day, seven days a week, to our confidential toll-free hotline at 855-233-8085\u200b\u200b or at our [&hellip;]<\/p>","protected":false},"author":8,"featured_media":0,"parent":155,"menu_order":12,"comment_status":"closed","ping_status":"closed","template":"","meta":{"_relevanssi_hide_post":"","_relevanssi_hide_content":"","_relevanssi_pin_for_all":"","_relevanssi_pin_keywords":"","_relevanssi_unpin_keywords":"","_relevanssi_related_keywords":"","_relevanssi_related_include_ids":"","_relevanssi_related_exclude_ids":"","_relevanssi_related_no_append":"","_relevanssi_related_not_related":"","_relevanssi_related_posts":"8795,10169,8804,9777,888,9713","_relevanssi_noindex_reason":"","_sitemap_exclude":false,"_sitemap_priority":"","_sitemap_frequency":"","_kad_blocks_custom_css":"","_kad_blocks_head_custom_js":"","_kad_blocks_body_custom_js":"","_kad_blocks_footer_custom_js":"","wp_popup_display_lightbox":0,"wp_popup_suppress":"","wp_popup_trigger":"","wp_popup_trigger_amount":0,"wp_popup_disable_on_mobile":false,"footnotes":""},"class_list":["post-156","page","type-page","status-publish","hentry"],"pp_statuses_selecting_workflow":false,"pp_workflow_action":"current","pp_status_selection":"publish","taxonomy_info":[],"featured_image_src_large":false,"author_info":{"display_name":"Ariana Enomoto","author_link":"https:\/\/hawaiipublicschools.org\/es\/author\/arianastaceyleong-com\/"},"comment_info":0,"publishpress_future_action":{"enabled":false,"date":"2026-04-28 11:48:01","action":"change-status","newStatus":"draft","terms":[],"taxonomy":"","extraData":[]},"publishpress_future_workflow_manual_trigger":{"enabledWorkflows":[]},"_links":{"self":[{"href":"https:\/\/hawaiipublicschools.org\/es\/wp-json\/wp\/v2\/pages\/156","targetHints":{"allow":["GET"]}}],"collection":[{"href":"https:\/\/hawaiipublicschools.org\/es\/wp-json\/wp\/v2\/pages"}],"about":[{"href":"https:\/\/hawaiipublicschools.org\/es\/wp-json\/wp\/v2\/types\/page"}],"author":[{"embeddable":true,"href":"https:\/\/hawaiipublicschools.org\/es\/wp-json\/wp\/v2\/users\/8"}],"replies":[{"embeddable":true,"href":"https:\/\/hawaiipublicschools.org\/es\/wp-json\/wp\/v2\/comments?post=156"}],"version-history":[{"count":0,"href":"https:\/\/hawaiipublicschools.org\/es\/wp-json\/wp\/v2\/pages\/156\/revisions"}],"up":[{"embeddable":true,"href":"https:\/\/hawaiipublicschools.org\/es\/wp-json\/wp\/v2\/pages\/155"}],"wp:attachment":[{"href":"https:\/\/hawaiipublicschools.org\/es\/wp-json\/wp\/v2\/media?parent=156"}],"curies":[{"name":"wp","href":"https:\/\/api.w.org\/{rel}","templated":true}]}}