{"id":154,"date":"2024-09-05T00:15:24","date_gmt":"2024-09-05T00:15:24","guid":{"rendered":"https:\/\/hawaiipublicschools.org\/?page_id=154"},"modified":"2026-04-24T12:15:29","modified_gmt":"2026-04-24T22:15:29","slug":"equitable-services-for-private-schools","status":"publish","type":"page","link":"https:\/\/hawaiipublicschools.org\/es\/useful-links\/policies\/equitable-services-for-private-schools\/","title":{"rendered":"Servicios equitativos para escuelas privadas"},"content":{"rendered":"<p class=\"intro\" style=\"font-size:clamp(0.875rem, 0.875rem + ((1vw - 0.2rem) * 0.531), 1.3rem);\">Como Agencia Educativa Estatal (SEA), el HIDOE es responsable bajo la ley federal de garantizar servicios equitativos para los ni\u00f1os, maestros y otro personal educativo de escuelas privadas.<\/p>\n\n\n\n<p>April 24, 2026 Update:<br>Private schools that wish to participate in equitable services under the Elementary and Secondary Education Act for school year 2026-2027 must complete and submit the <a href=\"https:\/\/drive.google.com\/file\/d\/1-R3H1J-IbHC3R_P5uLMLdb-otU8673oA\/view?usp=drive_link\" target=\"_blank\" rel=\"noreferrer noopener\">ESEA Equitable Services Intent to Participate Survey School Year 2026-2027<\/a> to <a href=\"mailto:ombudsman@k12.hi.us\" target=\"_blank\" rel=\"noreferrer noopener\">ombudsman@k12.hi.us<\/a> by <strong>Friday, May 29, 2026<\/strong>.<\/p>\n\n\n\n<p><\/p>\n\n\n\n<p><\/p>\n\n\n\n<div class=\"wp-block-kadence-spacer aligncenter kt-block-spacer-154_6492c5-f4\"><div class=\"kt-block-spacer kt-block-spacer-halign-center\"><hr class=\"kt-divider\"\/><\/div><\/div>\n\n\n\n<p>Desde que la Ley de Educaci\u00f3n Primaria y Secundaria federal de 1965 (ESEA, por sus siglas en ingl\u00e9s) fue reautorizada como la Ley Cada Estudiante Triunfa (ESSA, por sus siglas en ingl\u00e9s) en 2015, los estudiantes y maestros de escuelas privadas han sido elegibles para participar en ciertos programas educativos federales (Secciones 1117 y 8501 de ESEA). Los servicios educativos y otros beneficios brindados a los estudiantes, maestros y otro personal educativo de escuelas privadas deben ser equitativos en comparaci\u00f3n con los servicios y otros beneficios para los estudiantes, maestros y otro personal educativo de escuelas p\u00fablicas que participan en los programas de ESEA.<\/p>\n\n\n\n<h2 class=\"wp-block-heading\">Requisito de ESEA<\/h2>\n\n\n\n<p>De acuerdo con las secciones 1117 y 8501 de ESEA, los servicios equitativos se aplican a los siguientes programas:<\/p>\n\n\n\n<h3 class=\"wp-block-heading\">T\u00edtulo I, Parte A<\/h3>\n\n\n\n<p>Dise\u00f1ado para brindar a todos los ni\u00f1os una oportunidad significativa de recibir una educaci\u00f3n justa, equitativa y de alta calidad, y para cerrar las brechas en el rendimiento educativo.<\/p>\n\n\n\n<h3 class=\"wp-block-heading\">T\u00edtulo I, Parte C<\/h3>\n\n\n\n<p>Apoyar programas educativos de alta calidad para ni\u00f1os migrantes y ayudar a garantizar que los ni\u00f1os migrantes que se desplazan entre estados no se vean penalizados de ninguna manera por las disparidades entre los estados en el curr\u00edculo, los requisitos de graduaci\u00f3n o el contenido acad\u00e9mico estatal y los est\u00e1ndares de rendimiento acad\u00e9mico de los estudiantes.<\/p>\n\n\n\n<h3 class=\"wp-block-heading\">T\u00edtulo II, Parte A<\/h3>\n\n\n\n<p>Brindar a los maestros y l\u00edderes de escuelas privadas oportunidades de desarrollo profesional para apoyar una instrucci\u00f3n eficaz.<\/p>\n\n\n\n<h3 class=\"wp-block-heading\">T\u00edtulo III, Parte A<\/h3>\n\n\n\n<p>Servicios para beneficiar a los ni\u00f1os que aprenden ingl\u00e9s (EL) y a los ni\u00f1os y j\u00f3venes inmigrantes (ICY).<\/p>\n\n\n\n<h3 class=\"wp-block-heading\">T\u00edtulo IV, Parte A<\/h3>\n\n\n\n<p>Mejorar el rendimiento acad\u00e9mico de los estudiantes aumentando la capacidad de HIDOE, las escuelas y las comunidades locales para: 1) proporcionar a todos los estudiantes acceso a una educaci\u00f3n integral, 2) mejorar las condiciones escolares para el aprendizaje de los estudiantes y 3) mejorar el uso de la tecnolog\u00eda para mejorar el rendimiento acad\u00e9mico y la alfabetizaci\u00f3n digital de todos los estudiantes.<\/p>\n\n\n\n<h3 class=\"wp-block-heading\">T\u00edtulo IV, Parte B<\/h3>\n\n\n\n<p>Crear centros comunitarios de aprendizaje que brinden oportunidades de enriquecimiento acad\u00e9mico para los ni\u00f1os, particularmente para los estudiantes que asisten a escuelas de alta pobreza y bajo rendimiento.<\/p>\n\n\n\n<h3 class=\"wp-block-heading\">T\u00edtulo IV, Parte F<\/h3>\n\n\n\n<p>Los fondos del Programa de Respuesta de Emergencia a la Violencia del Proyecto Escolar (Proyecto SERV) brindan asistencia inmediata a corto plazo para ayudar en la recuperaci\u00f3n del entorno de aprendizaje despu\u00e9s de una interrupci\u00f3n debido a una crisis violenta o traum\u00e1tica.<\/p>\n\n\n\n<p><\/p>\n\n\n\n<p><strong>Grabaciones de sesiones informativas de Equitable Services<\/strong><\/p>\n\n\n\n<ul class=\"wp-block-list\">\n<li><a href=\"https:\/\/hidoe.webex.com\/hidoe\/ldr.php?RCID=65259942b53feffddfc52fc837c330cf\">May 20, 2025 2025-2026 Equitable Services Informational Session Recording<\/a>, password: 94cXZuDx | <a href=\"https:\/\/drive.google.com\/file\/d\/11k7IGRJvPfezG4ipAKkx86VJFhmzELmX\/view?usp=sharing\" target=\"_blank\" rel=\"noreferrer noopener\">Presentation slides<\/a> (PDF)<\/li>\n\n\n\n<li><a href=\"https:\/\/hidoe.webex.com\/hidoe\/ldr.php?RCID=b63f81e8fb6bb49fe5a43bd9a55074df\" target=\"_blank\" rel=\"noreferrer noopener\">5 de abril de 2024 Grabaci\u00f3n de servicios equitativos del Proyecto SERV<\/a>, contrase\u00f1a: XsPapH4R<\/li>\n<\/ul>\n\n\n\n<h2 class=\"wp-block-heading\">Defensor del Pueblo<\/h2>\n\n\n\n<p>Para ayudar a garantizar que se brinden servicios equitativos y otros beneficios bajo la ESEA a los estudiantes, maestros y otro personal educativo de escuelas privadas elegibles, HIDOE ha designado un defensor del pueblo para monitorear y hacer cumplir los requisitos. (Secciones 1117(a)(3)(B) y 8501(a)(3)(B) de la ESEA).<\/p>\n\n\n\n<h3 class=\"wp-block-heading\">Informaci\u00f3n del contacto<\/h3>\n\n\n\n<p>Jacy Yamamoto <br>Tel\u00e9fono: 808-307-3600<br><a href=\"mailto:Ombudsman@k12.hi.us\">Correo electr\u00f3nico<\/a><\/p>\n\n\n\n<p>Direcci\u00f3n de envio:<br>Defensor del Pueblo de ESEA<br>Direcci\u00f3n de Vigilancia y Cumplimiento<br>Apartado Postal 2360<br>Honolulu, Haw\u00e1i 96804<\/p>\n\n\n\n<h2 class=\"wp-block-heading\">Proceso y formulario de quejas de Equitable Services<\/h2>\n\n\n\n<p>Un funcionario de una escuela privada tiene derecho a presentar una queja ante la SEA cuando considere que la Agencia Educativa Local no ha llevado a cabo una consulta significativa y oportuna, no ha tenido debidamente en cuenta las opiniones del funcionario de la escuela privada o no ha tomado una decisi\u00f3n que trate a los estudiantes de la escuela privada de manera equitativa (Secciones 1117(b)(6)(A) y 8501(c)(6)(A) de la ESEA). Las escuelas privadas que deseen saber m\u00e1s sobre el proceso y c\u00f3mo presentar una queja por escrito pueden consultar los documentos que se indican a continuaci\u00f3n.<\/p>\n\n\n\n<ul class=\"wp-block-list\">\n<li><a href=\"\/es\/DOE%20Forms\/Equitable%20Services\/EquitableServicesComplaintProcess.pdf\/\" target=\"_blank\" rel=\"noreferrer noopener\">Proceso de quejas sobre servicios equitativos de ESEA y CARES (PDF)<\/a><\/li>\n\n\n\n<li><a href=\"\/es\/DOE%20Forms\/Equitable%20Services\/EquitableServicesComplaintForm.pdf\/\" target=\"_blank\" rel=\"noreferrer noopener\">Formulario de quejas sobre servicios equitativos de ESEA y CARES (PDF)<\/a><\/li>\n<\/ul>\n\n\n\n<h2 class=\"wp-block-heading\">Recursos<\/h2>\n\n\n\n<ul class=\"wp-block-list\">\n<li><a href=\"https:\/\/oese.ed.gov\/files\/2023\/05\/Title-I-ES-guidance-revised-5-2023.pdf\" target=\"_blank\" rel=\"noreferrer noopener\">Orientaci\u00f3n no reglamentaria sobre servicios equitativos del T\u00edtulo I, Parte A (PDF)<\/a>&nbsp;<\/li>\n\n\n\n<li><a href=\"https:\/\/www2.ed.gov\/about\/inits\/ed\/non-public-education\/files\/esea-titleviii-guidance-2023.pdf\" target=\"_blank\" rel=\"noreferrer noopener\">T\u00edtulo VIII, Parte F Orientaci\u00f3n no reglamentaria sobre servicios equitativos (PDF)<\/a>&nbsp;<\/li>\n\n\n\n<li><a href=\"https:\/\/hawaiipublicschools.org\/es\/DOE%20Forms\/Equitable%20Services\/COMPS-748%20PL%20118-42.pdf\/\" target=\"_blank\" rel=\"noreferrer noopener\">Ley de Educaci\u00f3n Elemental y Secundaria (PDF)<\/a>&nbsp;<\/li>\n\n\n\n<li><a href=\"https:\/\/www.ed.gov\/laws-and-policy\/laws-preschool-grade-12-education\/every-student-succeeds-act-essa\" target=\"_blank\" rel=\"noreferrer noopener\">P\u00e1gina web de ESSA del Departamento de Educaci\u00f3n de EE. UU.<\/a><\/li>\n\n\n\n<li><a href=\"https:\/\/www2.ed.gov\/about\/inits\/ed\/non-public-education\/index.html\">P\u00e1gina web de la Oficina de Educaci\u00f3n No P\u00fablica del Departamento de Educaci\u00f3n de EE. UU.<\/a> <\/li>\n<\/ul>\n\n\n\n<p><\/p>\n\n\n\n<p><\/p>","protected":false},"excerpt":{"rendered":"<p>As a State Educational Agency (SEA), the HIDOE is responsible under federal law for ensuring equitable services for private school children, teachers and other educational personnel. April 24, 2026 Update:Private schools that wish to participate in equitable services under the Elementary and Secondary Education Act for school year 2026-2027 must complete and submit the ESEA [&hellip;]<\/p>","protected":false},"author":8,"featured_media":0,"parent":148,"menu_order":21,"comment_status":"closed","ping_status":"closed","template":"","meta":{"_relevanssi_hide_post":"","_relevanssi_hide_content":"","_relevanssi_pin_for_all":"","_relevanssi_pin_keywords":"","_relevanssi_unpin_keywords":"","_relevanssi_related_keywords":"","_relevanssi_related_include_ids":"","_relevanssi_related_exclude_ids":"","_relevanssi_related_no_append":"","_relevanssi_related_not_related":"","_relevanssi_related_posts":"888,8795,9834,17489,9994,16933","_relevanssi_noindex_reason":"","_sitemap_exclude":false,"_sitemap_priority":"","_sitemap_frequency":"","_kad_blocks_custom_css":"","_kad_blocks_head_custom_js":"","_kad_blocks_body_custom_js":"","_kad_blocks_footer_custom_js":"","wp_popup_display_lightbox":0,"wp_popup_suppress":"","wp_popup_trigger":"","wp_popup_trigger_amount":0,"wp_popup_disable_on_mobile":false,"footnotes":""},"class_list":["post-154","page","type-page","status-publish","hentry"],"pp_statuses_selecting_workflow":false,"pp_workflow_action":"current","pp_status_selection":"publish","taxonomy_info":[],"featured_image_src_large":false,"author_info":{"display_name":"Ariana Enomoto","author_link":"https:\/\/hawaiipublicschools.org\/es\/author\/arianastaceyleong-com\/"},"comment_info":0,"publishpress_future_action":{"enabled":false,"date":"2026-05-14 00:11:14","action":"change-status","newStatus":"draft","terms":[],"taxonomy":"","extraData":[]},"publishpress_future_workflow_manual_trigger":{"enabledWorkflows":[]},"_links":{"self":[{"href":"https:\/\/hawaiipublicschools.org\/es\/wp-json\/wp\/v2\/pages\/154","targetHints":{"allow":["GET"]}}],"collection":[{"href":"https:\/\/hawaiipublicschools.org\/es\/wp-json\/wp\/v2\/pages"}],"about":[{"href":"https:\/\/hawaiipublicschools.org\/es\/wp-json\/wp\/v2\/types\/page"}],"author":[{"embeddable":true,"href":"https:\/\/hawaiipublicschools.org\/es\/wp-json\/wp\/v2\/users\/8"}],"replies":[{"embeddable":true,"href":"https:\/\/hawaiipublicschools.org\/es\/wp-json\/wp\/v2\/comments?post=154"}],"version-history":[{"count":2,"href":"https:\/\/hawaiipublicschools.org\/es\/wp-json\/wp\/v2\/pages\/154\/revisions"}],"predecessor-version":[{"id":19497,"href":"https:\/\/hawaiipublicschools.org\/es\/wp-json\/wp\/v2\/pages\/154\/revisions\/19497"}],"up":[{"embeddable":true,"href":"https:\/\/hawaiipublicschools.org\/es\/wp-json\/wp\/v2\/pages\/148"}],"wp:attachment":[{"href":"https:\/\/hawaiipublicschools.org\/es\/wp-json\/wp\/v2\/media?parent=154"}],"curies":[{"name":"wp","href":"https:\/\/api.w.org\/{rel}","templated":true}]}}