{"id":153,"date":"2024-09-05T00:15:04","date_gmt":"2024-09-05T00:15:04","guid":{"rendered":"https:\/\/hawaiipublicschools.org\/?page_id=153"},"modified":"2025-10-23T13:01:11","modified_gmt":"2025-10-23T23:01:11","slug":"attendance-policy","status":"publish","type":"page","link":"https:\/\/hawaiipublicschools.org\/es\/useful-links\/policies\/attendance-policy\/","title":{"rendered":"Pol\u00edtica de asistencia"},"content":{"rendered":"<p class=\"intro\" style=\"font-size:clamp(0.875rem, 0.875rem + ((1vw - 0.2rem) * 0.531), 1.3rem);\">La asistencia regular a la escuela es esencial para el \u00e9xito de los estudiantes y es una responsabilidad compartida por las familias, las escuelas y la comunidad en general. En Haw\u00e1i, la asistencia a la escuela est\u00e1 regida tanto por la ley estatal como por la pol\u00edtica de la Junta de Educaci\u00f3n, que enfatizan la importancia de mantener a los estudiantes interesados en el aprendizaje desde una edad temprana. Estas pautas garantizan que los ni\u00f1os de 5 a 17 a\u00f1os asistan a la escuela regularmente, lo que ayuda a construir una base s\u00f3lida para su futuro.<\/p>\n\n\n\n<ul class=\"wp-block-list\">\n<li><a href=\"http:\/\/www.capitol.hawaii.gov\/hrscurrent\/Vol05_Ch0261-0319\/HRS0302A\/HRS_0302A-1132.HTM\" target=\"_blank\" rel=\"noreferrer noopener\">Ley estatal: Ley de asistencia obligatoria, Estatutos revisados de Haw\u00e1i 302A-1132<\/a><\/li>\n<\/ul>\n\n\n\n<p>\u201cA menos que sean excluidos de la escuela o exceptuados de asistir, todos los ni\u00f1os que hayan llegado a la edad de al menos cinco a\u00f1os el 31 de julio del a\u00f1o escolar o antes, y que no hayan llegado a la edad de dieciocho a\u00f1os, para el 1 de enero de cualquier a\u00f1o escolar, asistir\u00e1n a una escuela p\u00fablica o privada durante el a\u00f1o escolar, y cualquier padre, tutor u otra persona que tenga la responsabilidad o el cuidado de un ni\u00f1o cuya asistencia a la escuela es obligatoria enviar\u00e1 al ni\u00f1o a una escuela p\u00fablica o privada\u201d.<\/p>\n\n\n\n<ul class=\"wp-block-list\">\n<li><a href=\"https:\/\/boe.hawaii.gov\/wp-content\/uploads\/policy_106-03_20160621.pdf\" target=\"_blank\" rel=\"noreferrer noopener\">Pol\u00edtica de la Junta \u2014 Pol\u00edtica 106-3: Asistencia escolar obligatoria\u00a0<\/a><\/li>\n<\/ul>\n\n\n\n<p>\u201cEl Departamento har\u00e1 todos los esfuerzos posibles para garantizar y hacer cumplir la asistencia escolar obligatoria de los estudiantes de conformidad con la ley de asistencia obligatoria\u201d.<\/p>\n\n\n\n<p>El ausentismo cr\u00f3nico se define como faltar a clases 10% o m\u00e1s durante el a\u00f1o escolar por cualquier motivo, justificado o injustificado, y puede ocurrir con tan solo dos d\u00edas de ausencia por mes. Ausentarse con frecuencia de la escuela puede obstaculizar significativamente la capacidad de un estudiante para dominar el material del nivel de grado. La asistencia regular permite a los estudiantes mantenerse al d\u00eda con el trabajo del curso y participar plenamente en las actividades del aula.<\/p>\n\n\n\n<p>Los estudiantes que tengan m\u00e1s de 18 ausencias injustificadas y no hayan respondido a las intervenciones de la escuela pueden ser remitidos al Tribunal de Familia. El Tribunal de Familia puede poner a un ni\u00f1o bajo jurisdicci\u00f3n por ausentismo escolar si el ni\u00f1o no asiste a la escuela o no recibe los servicios educativos requeridos por la ley.<\/p>\n\n\n\n<p><\/p>\n\n\n\n<p><\/p>\n\n\n\n<p><\/p>\n\n\n\n<p><\/p>","protected":false},"excerpt":{"rendered":"<p>Regular school attendance is essential for student success, and it\u2019s a responsibility shared by families, schools and the broader community. In Hawai\u02bbi, school attendance is governed by both state law and Board of Education policy, which emphasize the importance of keeping students engaged in learning from an early age. These guidelines ensure that children age [&hellip;]<\/p>","protected":false},"author":8,"featured_media":0,"parent":148,"menu_order":20,"comment_status":"closed","ping_status":"closed","template":"","meta":{"_relevanssi_hide_post":"","_relevanssi_hide_content":"","_relevanssi_pin_for_all":"","_relevanssi_pin_keywords":"","_relevanssi_unpin_keywords":"","_relevanssi_related_keywords":"","_relevanssi_related_include_ids":"","_relevanssi_related_exclude_ids":"","_relevanssi_related_no_append":"","_relevanssi_related_not_related":"","_relevanssi_related_posts":"15792,2432,9713,2429,2390,15630","_relevanssi_noindex_reason":"","_sitemap_exclude":false,"_sitemap_priority":"","_sitemap_frequency":"","_kad_blocks_custom_css":"","_kad_blocks_head_custom_js":"","_kad_blocks_body_custom_js":"","_kad_blocks_footer_custom_js":"","wp_popup_display_lightbox":0,"wp_popup_suppress":"","wp_popup_trigger":"","wp_popup_trigger_amount":0,"wp_popup_disable_on_mobile":false,"footnotes":""},"class_list":["post-153","page","type-page","status-publish","hentry"],"pp_statuses_selecting_workflow":false,"pp_workflow_action":"current","pp_status_selection":"publish","taxonomy_info":[],"featured_image_src_large":false,"author_info":{"display_name":"Ariana Enomoto","author_link":"https:\/\/hawaiipublicschools.org\/es\/author\/arianastaceyleong-com\/"},"comment_info":0,"publishpress_future_action":{"enabled":false,"date":"2026-05-05 07:09:10","action":"change-status","newStatus":"draft","terms":[],"taxonomy":"","extraData":[]},"publishpress_future_workflow_manual_trigger":{"enabledWorkflows":[]},"_links":{"self":[{"href":"https:\/\/hawaiipublicschools.org\/es\/wp-json\/wp\/v2\/pages\/153","targetHints":{"allow":["GET"]}}],"collection":[{"href":"https:\/\/hawaiipublicschools.org\/es\/wp-json\/wp\/v2\/pages"}],"about":[{"href":"https:\/\/hawaiipublicschools.org\/es\/wp-json\/wp\/v2\/types\/page"}],"author":[{"embeddable":true,"href":"https:\/\/hawaiipublicschools.org\/es\/wp-json\/wp\/v2\/users\/8"}],"replies":[{"embeddable":true,"href":"https:\/\/hawaiipublicschools.org\/es\/wp-json\/wp\/v2\/comments?post=153"}],"version-history":[{"count":0,"href":"https:\/\/hawaiipublicschools.org\/es\/wp-json\/wp\/v2\/pages\/153\/revisions"}],"up":[{"embeddable":true,"href":"https:\/\/hawaiipublicschools.org\/es\/wp-json\/wp\/v2\/pages\/148"}],"wp:attachment":[{"href":"https:\/\/hawaiipublicschools.org\/es\/wp-json\/wp\/v2\/media?parent=153"}],"curies":[{"name":"wp","href":"https:\/\/api.w.org\/{rel}","templated":true}]}}