{"id":151,"date":"2024-09-05T00:13:09","date_gmt":"2024-09-05T00:13:09","guid":{"rendered":"https:\/\/hawaiipublicschools.org\/?page_id=151"},"modified":"2025-03-28T14:49:26","modified_gmt":"2025-03-29T00:49:26","slug":"web-accessibility-notice","status":"publish","type":"page","link":"https:\/\/hawaiipublicschools.org\/es\/useful-links\/policies\/web-accessibility-notice\/","title":{"rendered":"Aviso de accesibilidad web"},"content":{"rendered":"<p class=\"intro\" style=\"font-size:clamp(0.875rem, 0.875rem + ((1vw - 0.2rem) * 0.531), 1.3rem);\">El Departamento de Educaci\u00f3n del Estado de Haw\u00e1i reconoce la importancia de garantizar que nuestro sitio web sea accesible y utilizable para todos los visitantes.<\/p>\n\n\n\n<p>Esto incluye esfuerzos para cumplir con las versiones actuales de las Pautas de Accesibilidad al Contenido Web (WCAG) del W3C y la Suite de Aplicaciones de Internet enriquecidas y accesibles de la Iniciativa de Accesibilidad Web (WAI-ARIA).&nbsp;<\/p>\n\n\n\n<p>Buscamos continuamente soluciones que permitan que todas las \u00e1reas del sitio web alcancen el mismo nivel de accesibilidad web general. Mientras tanto, si experimenta alguna dificultad para acceder a nuestro sitio web, comun\u00edquese con nosotros enviando un correo electr\u00f3nico a <a href=\"mailto:webmaster@k12.hi.us\" target=\"_blank\" rel=\"noreferrer noopener\">Maestro web<\/a>.&nbsp;<\/p>\n\n\n\n<p>Cualquier persona que crea que el HIDOE la ha discriminado debido a su discapacidad y, por lo tanto, ha violado la Secci\u00f3n 504 de la Ley de Rehabilitaci\u00f3n y\/o el T\u00edtulo II de la Ley de Estadounidenses con Discapacidades (ADA), puede presentar una queja comunic\u00e1ndose con:&nbsp;<\/p>\n\n\n\n<p>Divisi\u00f3n de Cumplimiento de Derechos Civiles&nbsp;<br>Departamento de Educaci\u00f3n del Estado de Haw\u00e1i&nbsp;<br>Apartado Postal 2360&nbsp;<br>Honolulu, Haw\u00e1i 96804&nbsp;<\/p>\n\n\n\n<p>Tel\u00e9fono: 808-784-6325\u00a0<br>Tel\u00e9fono: 808-586-3331\u00a0<br><a href=\"mailto:crcb@k12.hi.us\" data-type=\"mailto\" data-id=\"mailto:crcb@k12.hi.us\">CRCB@k12.hi.us<\/a><\/p>\n\n\n\n<p><\/p>","protected":false},"excerpt":{"rendered":"<p>The Hawai\u02bbi State Department of Education recognizes the importance of ensuring our website is accessible and usable to all visitors. This includes efforts to conform to the current versions of W3C\u2019s Web Content Accessibility Guidelines (WCAG) and the Web Accessibility Initiative Accessible Rich Internet Applications Suite (WAI-ARIA).&nbsp; We are continually seeking solutions that will bring [&hellip;]<\/p>","protected":false},"author":8,"featured_media":0,"parent":148,"menu_order":15,"comment_status":"closed","ping_status":"closed","template":"","meta":{"_relevanssi_hide_post":"","_relevanssi_hide_content":"","_relevanssi_pin_for_all":"","_relevanssi_pin_keywords":"","_relevanssi_unpin_keywords":"","_relevanssi_related_keywords":"","_relevanssi_related_include_ids":"","_relevanssi_related_exclude_ids":"","_relevanssi_related_no_append":"","_relevanssi_related_not_related":"","_relevanssi_related_posts":"","_relevanssi_noindex_reason":"","_sitemap_exclude":false,"_sitemap_priority":"","_sitemap_frequency":"","_kad_blocks_custom_css":"","_kad_blocks_head_custom_js":"","_kad_blocks_body_custom_js":"","_kad_blocks_footer_custom_js":"","wp_popup_display_lightbox":0,"wp_popup_suppress":"","wp_popup_trigger":"","wp_popup_trigger_amount":0,"wp_popup_disable_on_mobile":false,"footnotes":""},"class_list":["post-151","page","type-page","status-publish","hentry"],"pp_statuses_selecting_workflow":false,"pp_workflow_action":"current","pp_status_selection":"publish","taxonomy_info":[],"featured_image_src_large":false,"author_info":{"display_name":"Ariana Enomoto","author_link":"https:\/\/hawaiipublicschools.org\/es\/author\/arianastaceyleong-com\/"},"comment_info":0,"publishpress_future_action":{"enabled":false,"date":"2026-05-06 20:31:49","action":"change-status","newStatus":"draft","terms":[],"taxonomy":"","extraData":[]},"publishpress_future_workflow_manual_trigger":{"enabledWorkflows":[]},"_links":{"self":[{"href":"https:\/\/hawaiipublicschools.org\/es\/wp-json\/wp\/v2\/pages\/151","targetHints":{"allow":["GET"]}}],"collection":[{"href":"https:\/\/hawaiipublicschools.org\/es\/wp-json\/wp\/v2\/pages"}],"about":[{"href":"https:\/\/hawaiipublicschools.org\/es\/wp-json\/wp\/v2\/types\/page"}],"author":[{"embeddable":true,"href":"https:\/\/hawaiipublicschools.org\/es\/wp-json\/wp\/v2\/users\/8"}],"replies":[{"embeddable":true,"href":"https:\/\/hawaiipublicschools.org\/es\/wp-json\/wp\/v2\/comments?post=151"}],"version-history":[{"count":0,"href":"https:\/\/hawaiipublicschools.org\/es\/wp-json\/wp\/v2\/pages\/151\/revisions"}],"up":[{"embeddable":true,"href":"https:\/\/hawaiipublicschools.org\/es\/wp-json\/wp\/v2\/pages\/148"}],"wp:attachment":[{"href":"https:\/\/hawaiipublicschools.org\/es\/wp-json\/wp\/v2\/media?parent=151"}],"curies":[{"name":"wp","href":"https:\/\/api.w.org\/{rel}","templated":true}]}}