{"id":150,"date":"2024-09-05T00:12:37","date_gmt":"2024-09-05T00:12:37","guid":{"rendered":"https:\/\/hawaiipublicschools.org\/?page_id=150"},"modified":"2025-03-28T14:48:35","modified_gmt":"2025-03-29T00:48:35","slug":"usda-nondiscrimination-statement","status":"publish","type":"page","link":"https:\/\/hawaiipublicschools.org\/es\/useful-links\/policies\/usda-nondiscrimination-statement\/","title":{"rendered":"Declaraci\u00f3n de no discriminaci\u00f3n del USDA"},"content":{"rendered":"<p>De acuerdo con la ley federal de derechos civiles y las normas y pol\u00edticas de derechos civiles del Departamento de Agricultura de los Estados Unidos (USDA), esta instituci\u00f3n tiene prohibido discriminar por motivos de raza, color, origen nacional, sexo (incluida la identidad de g\u00e9nero y la orientaci\u00f3n sexual), discapacidad, edad, o represalia o venganza por actividades previas de derechos civiles.<\/p>\n\n\n\n<p>La informaci\u00f3n del programa podr\u00eda estar disponible en otros idiomas adem\u00e1s del ingl\u00e9s. Las personas con discapacidad que necesiten medios de comunicaci\u00f3n alternativos para obtener informaci\u00f3n del programa (por ejemplo, braille, letra grande, audio, lenguaje de se\u00f1as americano) deben comunicarse con la agencia estatal o local responsable que administra el programa o con el Centro TARGET del USDA al (202) 720-2600 (voz y TTY) o al USDA a trav\u00e9s del Servicio Federal de Retransmisi\u00f3n al (800) 877-8339.<\/p>\n\n\n\n<p>Para presentar una queja por discriminaci\u00f3n en el programa, el denunciante debe completar el Formulario AD-3027, Formulario de queja por discriminaci\u00f3n en el programa del USDA, que se puede obtener en l\u00ednea en:&nbsp;<a href=\"https:\/\/www.usda.gov\/sites\/default\/files\/documents\/USDA-OASCR%20P-Complaint-Form-0508-0002-508-11-28-17Fax2Mail.pdf\" target=\"_blank\" rel=\"noreferrer noopener\">https:\/\/www.usda.gov\/sites\/default\/files\/documents\/USDA-OASCR%20P-Complaint-Form-0508-0002-508-11-28-17Fax2Mail.pdf<\/a>Desde cualquier oficina del USDA, llamando al (866) 632-9992 o escribiendo una carta dirigida al USDA. La carta debe incluir el nombre, la direcci\u00f3n y el n\u00famero de tel\u00e9fono del denunciante, as\u00ed como una descripci\u00f3n por escrito de la presunta acci\u00f3n discriminatoria con suficiente detalle para informar al Subsecretario de Derechos Civiles (ASCR) sobre la naturaleza y la fecha de la presunta violaci\u00f3n de derechos civiles. El formulario AD-3027 o la carta deben entregarse al USDA antes de:<\/p>\n\n\n\n<ul class=\"wp-block-list\">\n<li><strong>correo:<\/strong><br>Departamento de Agricultura de los Estados Unidos<br>Oficina del Subsecretario de Derechos Civiles<br>Avenida Independencia 1400, SW<br>Washington, DC 20250-9410; o<\/li>\n\n\n\n<li><strong>fax:<\/strong><br>(833) 256-1665 o (202) 690-7442; o<\/li>\n\n\n\n<li><strong>correo electr\u00f3nico:<\/strong><br><a href=\"mailto:program.intake@usda.gov\" target=\"_blank\" rel=\"noreferrer noopener\">programa.intake@usda.gov<\/a><\/li>\n<\/ul>\n\n\n\n<p>Esta instituci\u00f3n es un proveedor que ofrece igualdad de oportunidades.<\/p>\n\n\n\n<h2 class=\"wp-block-heading\">Traducciones<\/h2>\n\n\n\n<div class=\"wp-block-columns is-layout-flex wp-container-core-columns-is-layout-28f84493 wp-block-columns-is-layout-flex\">\n<div class=\"wp-block-column is-layout-flow wp-block-column-is-layout-flow\">\n<ul class=\"wp-block-list\">\n<li><a href=\"https:\/\/hcnp.hawaii.gov\/wp-content\/uploads\/2021\/01\/FNS-NonDiscrimination-Statement-2015-English-1.docx\" target=\"_blank\" rel=\"noreferrer noopener\">Ingl\u00e9s (Documento de Word)<\/a>*<\/li>\n\n\n\n<li><a href=\"https:\/\/hcnp.hawaii.gov\/wp-content\/uploads\/2021\/01\/FNS-NonDiscrimination-Statement-2015-Hawaiian-1.docx\" target=\"_blank\" rel=\"noreferrer noopener\">\u02bb\u014clelo Hawai\u02bbi (hawaiano) (Word Doc)<\/a>*<\/li>\n\n\n\n<li><a href=\"https:\/\/hcnp.hawaii.gov\/wp-content\/uploads\/2021\/01\/FNS-NonDiscrimination-Statement-2015-Cantonese-1.docx\" target=\"_blank\" rel=\"noreferrer noopener\">\u5ee3\u6771\u8a71\/\u5e7f\u4e1c\u8bdd (canton\u00e9s) (Word Doc)<\/a>*<\/li>\n\n\n\n<li>Visayan (Cebuano) (Pr\u00f3ximamente)<\/li>\n\n\n\n<li><a href=\"https:\/\/hcnp.hawaii.gov\/wp-content\/uploads\/2021\/01\/FNS-NonDiscrimination-Statement-2015-Chuukese-1.docx\" target=\"_blank\" rel=\"noreferrer noopener\">Kapasen Chuuk (chuukese) (Word Doc)<\/a>*<\/li>\n\n\n\n<li><a href=\"https:\/\/hcnp.hawaii.gov\/wp-content\/uploads\/2021\/01\/FNS-NonDiscrimination-Statement-2015-Ilocano-1.docx\" target=\"_blank\" rel=\"noreferrer noopener\">Ilocano (Documento de Word)<\/a>*<\/li>\n<\/ul>\n<\/div>\n\n\n\n<div class=\"wp-block-column is-layout-flow wp-block-column-is-layout-flow\">\n<ul class=\"wp-block-list\">\n<li><a href=\"https:\/\/hcnp.hawaii.gov\/wp-content\/uploads\/2021\/01\/FNS-NonDiscrimination-Statement-2015-Japanese-1.docx\" target=\"_blank\" rel=\"noreferrer noopener\">\u65e5\u672c\u8a9e (japon\u00e9s) (Word Doc)<\/a>*<\/li>\n\n\n\n<li><a href=\"https:\/\/hcnp.hawaii.gov\/wp-content\/uploads\/2021\/01\/FNS-NonDiscrimination-Statement-2015-Korean-1.docx\" target=\"_blank\" rel=\"noreferrer noopener\">\ud55c\uad6d\uc5b4 (coreano) (documento de Word)<\/a>*<\/li>\n\n\n\n<li><a href=\"https:\/\/hcnp.hawaii.gov\/wp-content\/uploads\/2021\/01\/FNS-NonDiscrimination-Statement-2015-Mandarin-1.doc\" target=\"_blank\" rel=\"noreferrer noopener\">\u570b\u8a9e\/\u666e\u901a\u8bdd (mandar\u00edn) (Word Doc)<\/a>*<\/li>\n\n\n\n<li><a href=\"https:\/\/hcnp.hawaii.gov\/wp-content\/uploads\/2021\/01\/FNS-NonDiscrimination-Statement-2015-Marshallese-1.doc\" target=\"_blank\" rel=\"noreferrer noopener\">Kajin M\u0327aje\u013c (marshall\u00e9s) (Word Doc)<\/a>*<\/li>\n\n\n\n<li><a href=\"https:\/\/hcnp.hawaii.gov\/wp-content\/uploads\/2021\/01\/FNS-NonDiscrimination-Statement-2015-Samoan-1.doc\" target=\"_blank\" rel=\"noreferrer noopener\">Gagana Samoa (samoano) (Word Doc)<\/a>*<\/li>\n<\/ul>\n<\/div>\n\n\n\n<div class=\"wp-block-column is-layout-flow wp-block-column-is-layout-flow\">\n<ul class=\"wp-block-list\">\n<li><a href=\"https:\/\/hcnp.hawaii.gov\/wp-content\/uploads\/2021\/01\/FNS-NonDiscrimination-Statement-2015-Spanish-1.docx\" target=\"_blank\" rel=\"noreferrer noopener\">Espa\u00f1ol (Documento de Word)<\/a>*<\/li>\n\n\n\n<li><a href=\"https:\/\/hcnp.hawaii.gov\/wp-content\/uploads\/2021\/01\/FNS-NonDiscrimination-Statement-2015-Tagalog-1.doc\" target=\"_blank\" rel=\"noreferrer noopener\">Tagalo (Tagalo) (Documento de Word)<\/a>*<\/li>\n\n\n\n<li>Tailand\u00e9s (pr\u00f3ximamente)<\/li>\n\n\n\n<li><a href=\"https:\/\/hcnp.hawaii.gov\/wp-content\/uploads\/2021\/01\/FNS-NonDiscrimination-Statement-2015-Tongan-1.docx\" target=\"_blank\" rel=\"noreferrer noopener\">Tongano (Documento de Word)<\/a>*<\/li>\n\n\n\n<li><a href=\"https:\/\/hcnp.hawaii.gov\/wp-content\/uploads\/2021\/01\/FNS-NonDiscrimination-Statement-2015-Vietnamese-1.docx\" target=\"_blank\" rel=\"noreferrer noopener\">Ti\u1ebfng Vi\u1ec7t (vietnamita) (Word Doc)<\/a>*<\/li>\n<\/ul>\n<\/div>\n<\/div>\n\n\n\n<p>*Traducciones proporcionadas por Hawai\u02bbi Child Nutrition Programs (HCNP)<\/p>\n\n\n\n<p><\/p>","protected":false},"excerpt":{"rendered":"<p>In accordance with federal civil rights law and U.S. Department of Agriculture (USDA) civil rights regulations and policies, this institution is prohibited from discriminating on the basis of race, color, national origin, sex (including gender identity and sexual orientation), disability, age, or reprisal or retaliation for prior civil rights activity. Program information may be made [&hellip;]<\/p>","protected":false},"author":8,"featured_media":0,"parent":148,"menu_order":14,"comment_status":"closed","ping_status":"closed","template":"","meta":{"_relevanssi_hide_post":"","_relevanssi_hide_content":"","_relevanssi_pin_for_all":"","_relevanssi_pin_keywords":"","_relevanssi_unpin_keywords":"","_relevanssi_related_keywords":"","_relevanssi_related_include_ids":"","_relevanssi_related_exclude_ids":"","_relevanssi_related_no_append":"","_relevanssi_related_not_related":"","_relevanssi_related_posts":"","_relevanssi_noindex_reason":"","_sitemap_exclude":false,"_sitemap_priority":"","_sitemap_frequency":"","_kad_blocks_custom_css":"","_kad_blocks_head_custom_js":"","_kad_blocks_body_custom_js":"","_kad_blocks_footer_custom_js":"","wp_popup_display_lightbox":0,"wp_popup_suppress":"","wp_popup_trigger":"","wp_popup_trigger_amount":0,"wp_popup_disable_on_mobile":false,"footnotes":""},"class_list":["post-150","page","type-page","status-publish","hentry"],"pp_statuses_selecting_workflow":false,"pp_workflow_action":"current","pp_status_selection":"publish","taxonomy_info":[],"featured_image_src_large":false,"author_info":{"display_name":"Ariana Enomoto","author_link":"https:\/\/hawaiipublicschools.org\/es\/author\/arianastaceyleong-com\/"},"comment_info":0,"publishpress_future_action":{"enabled":false,"date":"2026-04-18 08:23:27","action":"change-status","newStatus":"draft","terms":[],"taxonomy":"","extraData":[]},"publishpress_future_workflow_manual_trigger":{"enabledWorkflows":[]},"_links":{"self":[{"href":"https:\/\/hawaiipublicschools.org\/es\/wp-json\/wp\/v2\/pages\/150","targetHints":{"allow":["GET"]}}],"collection":[{"href":"https:\/\/hawaiipublicschools.org\/es\/wp-json\/wp\/v2\/pages"}],"about":[{"href":"https:\/\/hawaiipublicschools.org\/es\/wp-json\/wp\/v2\/types\/page"}],"author":[{"embeddable":true,"href":"https:\/\/hawaiipublicschools.org\/es\/wp-json\/wp\/v2\/users\/8"}],"replies":[{"embeddable":true,"href":"https:\/\/hawaiipublicschools.org\/es\/wp-json\/wp\/v2\/comments?post=150"}],"version-history":[{"count":0,"href":"https:\/\/hawaiipublicschools.org\/es\/wp-json\/wp\/v2\/pages\/150\/revisions"}],"up":[{"embeddable":true,"href":"https:\/\/hawaiipublicschools.org\/es\/wp-json\/wp\/v2\/pages\/148"}],"wp:attachment":[{"href":"https:\/\/hawaiipublicschools.org\/es\/wp-json\/wp\/v2\/media?parent=150"}],"curies":[{"name":"wp","href":"https:\/\/api.w.org\/{rel}","templated":true}]}}