{"id":15,"date":"2026-04-02T00:01:33","date_gmt":"2026-04-02T10:01:33","guid":{"rendered":"https:\/\/hawaiipublicschools.org\/?page_id=15"},"modified":"2026-04-02T00:01:33","modified_gmt":"2026-04-02T10:01:33","slug":"how-to-enroll","status":"publish","type":"page","link":"https:\/\/hawaiipublicschools.org\/es\/enrolling-in-school\/how-to-enroll\/","title":{"rendered":"C\u00f3mo inscribirse"},"content":{"rendered":"<div class=\"wp-block-columns double_col_sidebar is-layout-flex wp-container-core-columns-is-layout-28f84493 wp-block-columns-is-layout-flex\">\n<div class=\"wp-block-column left_col is-layout-flow wp-block-column-is-layout-flow\">\n<p class=\"intro\">Enrolling in Hawai\u02bbi&#8217;s public schools is a simple process. Follow the steps below to get started. Find answers to commonly asked questions in our <a href=\"https:\/\/hawaiipublicschools.org\/es\/enrolling-in-school\/enrollment-faqs\/\" data-type=\"page\" data-id=\"4648\">Preguntas frecuentes<\/a>. If you have additional questions, please <a href=\"\/es\/enrolling-in-school\/find-your-school\/\">Contacte con la escuela<\/a> directamente.<\/p>\n\n\n\n<h2 class=\"wp-block-heading\">Pasos para inscribirse<\/h2>\n\n\n\n<p>These steps apply to kindergarten through high school enrollment.&nbsp;Children who are 5 years old by July 31 enroll in kindergarten for that school year. Children who turn 5 on August 1 or later enroll the following school year. For information on enrollment in public preschool programs (e.g., EOEL, SPED), please contact the <a href=\"https:\/\/earlylearning.ehawaii.gov\/wf\/index.html\">Executive Office on Early Learning (EOEL)<\/a> y <a href=\"https:\/\/hawaiipublicschools.org\/es\/school-services\/does-my-child-have-a-disability-child-find\/\">Ni\u00f1o Encuentra<\/a>.<\/p>\n\n\n\n<p><\/p>\n\n\n\n<div class=\"wp-block-columns is-layout-flex wp-container-core-columns-is-layout-87ca924f wp-block-columns-is-layout-flex\" style=\"margin-top:0vw;margin-bottom:3vw\">\n<div class=\"wp-block-column is-layout-flow wp-block-column-is-layout-flow\" style=\"flex-basis:8vw\">\n<p class=\"number_circle\">1<\/p>\n<\/div>\n\n\n\n<div class=\"wp-block-column is-layout-flow wp-block-column-is-layout-flow\" style=\"flex-basis:85%\">\n<h3 class=\"wp-block-heading\" style=\"margin-bottom:0.2rem;font-size:clamp(1.146rem, 1.146rem + ((1vw - 0.2rem) * 0.818), 1.8rem);\">Determinar la elegibilidad escolar<\/h3>\n\n\n\n<ul class=\"wp-block-list\">\n<li><strong>Encuentra tu escuela<\/strong>:Utilice el <a href=\"https:\/\/hidoe.maps.arcgis.com\/apps\/webappviewer\/index.html?id=69f6b96049794d5592bb355b9cf12ec4\" target=\"_blank\" rel=\"noreferrer noopener\">Aplicaci\u00f3n de localizaci\u00f3n de escuelas<\/a> para identificar su escuela designada en funci\u00f3n de su direcci\u00f3n. <\/li>\n\n\n\n<li>Su hijo debe asistir a la escuela que atiende su \u00e1rea geogr\u00e1fica de residencia.<\/li>\n\n\n\n<li>Para inscribir a su estudiante en una escuela charter p\u00fablica de Haw\u00e1i, por favor <a href=\"https:\/\/www.chartercommission.hawaii.gov\/find-a-charter-school\" target=\"_blank\" rel=\"noreferrer noopener\">Contacte con la escuela charter<\/a> directamente para obtener m\u00e1s informaci\u00f3n sobre sus procesos de admisi\u00f3n individuales y fechas l\u00edmite.<\/li>\n<\/ul>\n<\/div>\n<\/div>\n\n\n\n<div class=\"wp-block-columns is-layout-flex wp-container-core-columns-is-layout-87ca924f wp-block-columns-is-layout-flex\" style=\"margin-top:0vw;margin-bottom:3vw\">\n<div class=\"wp-block-column is-layout-flow wp-block-column-is-layout-flow\" style=\"flex-basis:8vw\">\n<p class=\"number_circle\">2<\/p>\n<\/div>\n\n\n\n<div class=\"wp-block-column is-layout-flow wp-block-column-is-layout-flow\" style=\"flex-basis:85%\">\n<h3 class=\"wp-block-heading\" style=\"margin-bottom:0.4rem;font-size:clamp(1.146rem, 1.146rem + ((1vw - 0.2rem) * 0.818), 1.8rem);\">Prepare los siguientes documentos<\/h3>\n\n\n\n<ul class=\"wp-block-list\">\n<li><strong><a href=\"\/es\/DOE%20Forms\/Enrollment\/SIS-10W.pdf\/\" target=\"_blank\" rel=\"noreferrer noopener\">Formulario de inscripci\u00f3n de estudiantes (PDF)<\/a> <\/strong>y el <a href=\"\/wp-content\/uploads\/Supplemental-Kindergarten-Enrollment-Form.pdf\" data-type=\"attachment\" data-id=\"17471\" target=\"_blank\" rel=\"noreferrer noopener\">Formulario de inscripci\u00f3n suplementaria para jard\u00edn de infantes (PDF)<\/a> Para estudiantes que ingresan al jard\u00edn de infantes.<\/li>\n\n\n\n<li><a href=\"\/es\/DOE%20Forms\/Enrollment\/HomeLanguageSurvey.pdf\/\" target=\"_blank\" rel=\"noreferrer noopener\"><strong>Encuesta sobre el idioma que se habla en casa (PDF)<\/strong><\/a>. The&nbsp;<a href=\"https:\/\/hawaiipublicschools.org\/es\/DOE%20Forms\/Enrollment\/LanguageList.pdf\/\" target=\"_blank\" rel=\"noreferrer noopener\">Language List<\/a>&nbsp;may be used to assist with completing the HLS. Translated documents in your preferred language are also available below.<\/li>\n\n\n\n<li><strong>Identificaci\u00f3n con fotograf\u00eda v\u00e1lida del padre\/tutor<\/strong>.<\/li>\n\n\n\n<li><strong>Comprobante de residencia<\/strong>:Factura de servicios p\u00fablicos, contrato de arrendamiento u otros documentos oficiales que muestren su direcci\u00f3n actual.\n<ul class=\"wp-block-list\">\n<li>La escuela puede aceptar una declaraci\u00f3n notariada de un familiar\/amigo con la siguiente estipulaci\u00f3n: (a) La declaraci\u00f3n notariada debe indicar que el padre\/tutor legal y el ni\u00f1o viven con el familiar\/amigo; (b) La declaraci\u00f3n notariada debe indicar el nombre del familiar\/amigo que figura en el comprobante de residencia legal del familiar\/amigo; (c) La declaraci\u00f3n notariada debe indicar la misma direcci\u00f3n del familiar\/amigo que figura en el comprobante de residencia legal del familiar\/amigo; (d) Se debe adjuntar una copia del comprobante de residencia legal del familiar\/amigo a la declaraci\u00f3n notariada; y (e) La declaraci\u00f3n notariada debe estar firmada por el mismo nombre del familiar\/amigo que figura en el comprobante de residencia legal del familiar\/amigo.<\/li>\n<\/ul>\n<\/li>\n\n\n\n<li><strong>Certificado de nacimiento<\/strong>:Para verificar la edad, se aceptan pasaportes o visas de estudiantes para estudiantes extranjeros.<\/li>\n\n\n\n<li><strong>Familias en viviendas inestables:<\/strong> Las familias que atraviesan una situaci\u00f3n de vivienda inestable est\u00e1n cubiertas por las pautas de inscripci\u00f3n provistas en la Ley McKinney-Vento. Comun\u00edquese con un&nbsp;<a href=\"https:\/\/docs.google.com\/spreadsheets\/d\/14bLiX0YVH59fEo_IiV825fX2D0S3kiVuKN1W7WisDWo\/edit?gid=1131496463#gid=1131496463\" target=\"_blank\" rel=\"noreferrer noopener\">Enlace comunitario<\/a>&nbsp;en tu zona.<\/li>\n<\/ul>\n\n\n\n<p><\/p>\n\n\n\n<p>La falsificaci\u00f3n de documentos presentados est\u00e1 sujeta a sanciones seg\u00fan los Estatutos Revisados de Haw\u00e1i 710-1063, lo que dar\u00e1 como resultado que el ni\u00f1o sea enviado de regreso a la escuela a la que deber\u00eda asistir. El Departamento puede iniciar acciones legales a su discreci\u00f3n.<\/p>\n<\/div>\n<\/div>\n\n\n\n<div class=\"wp-block-columns is-layout-flex wp-container-core-columns-is-layout-87ca924f wp-block-columns-is-layout-flex\" style=\"margin-top:0vw;margin-bottom:3vw\">\n<div class=\"wp-block-column is-layout-flow wp-block-column-is-layout-flow\" style=\"flex-basis:8vw\">\n<p class=\"number_circle\">3<\/p>\n<\/div>\n\n\n\n<div class=\"wp-block-column is-layout-flow wp-block-column-is-layout-flow\" style=\"flex-basis:85%\">\n<h3 class=\"wp-block-heading\" style=\"font-size:clamp(1.146rem, 1.146rem + ((1vw - 0.2rem) * 0.818), 1.8rem);\">Completar la solicitud de inscripci\u00f3n<\/h3>\n\n\n\n<p>Visit your designated school in-person to complete the enrollment process.<\/p>\n\n\n\n<ul class=\"wp-block-list\"><\/ul>\n<\/div>\n<\/div>\n\n\n\n<h2 class=\"wp-block-heading\">Documentos traducidos<\/h2>\n\n\n\n<h3 class=\"wp-block-heading\">Formulario de inscripci\u00f3n de estudiantes<\/h3>\n\n\n\n<p>El <a href=\"\/es\/DOE%20Forms\/Enrollment\/SIS-10W.pdf\/\" data-type=\"link\" data-id=\"\/DOE%20Forms\/Enrollment\/SIS-10W.pdf\" target=\"_blank\" rel=\"noreferrer noopener\">Formulario de inscripci\u00f3n de estudiantes (PDF)<\/a> Es obligatorio para todos los estudiantes. Los documentos traducidos en su idioma preferido tambi\u00e9n est\u00e1n disponibles a continuaci\u00f3n.<\/p>\n\n\n\n<div class=\"wp-block-columns is-layout-flex wp-container-core-columns-is-layout-28f84493 wp-block-columns-is-layout-flex\">\n<div class=\"wp-block-column is-layout-flow wp-block-column-is-layout-flow\">\n<ul class=\"wp-block-list\">\n<li><a href=\"\/es\/DOE%20Forms\/Enrollment\/SIS-10W_Cebuano.pdf\/\" target=\"_blank\" rel=\"noreferrer noopener\">Cebuano<\/a><\/li>\n\n\n\n<li><a href=\"\/es\/DOE%20Forms\/Enrollment\/SIS-10W_Chinese%20%28Simplified%29.pdf\/\" target=\"_blank\" rel=\"noreferrer noopener\">Chino (simplificado)<\/a><\/li>\n\n\n\n<li><a href=\"\/es\/DOE%20Forms\/Enrollment\/SIS-10W%20Rev_Chinese%20%28Traditional%29.pdf\/\" target=\"_blank\" rel=\"noreferrer noopener\">Chino (tradicional)<\/a><\/li>\n\n\n\n<li><a href=\"\/es\/DOE%20Forms\/Enrollment\/SIS-10W_Chuukese.pdf\/\" target=\"_blank\" rel=\"noreferrer noopener\">Chuukese<\/a><\/li>\n\n\n\n<li>\u200b\u200b<a href=\"\/es\/DOE%20Forms\/Enrollment\/SIS-10W_Hawaiian.pdf\/\" target=\"_blank\" rel=\"noreferrer noopener\">hawaiano<\/a><\/li>\n<\/ul>\n<\/div>\n\n\n\n<div class=\"wp-block-column is-layout-flow wp-block-column-is-layout-flow\">\n<ul class=\"wp-block-list\">\n<li><a href=\"\/es\/DOE%20Forms\/Enrollment\/SIS-10W_Ilocano.pdf\/\" target=\"_blank\" rel=\"noreferrer noopener\">Ilocano<\/a><\/li>\n\n\n\n<li><a href=\"\/es\/DOE%20Forms\/Enrollment\/SIS-10W_Japanese.pdf\/\" target=\"_blank\" rel=\"noreferrer noopener\">japon\u00e9s<\/a><\/li>\n\n\n\n<li><a href=\"\/es\/DOE%20Forms\/Enrollment\/SIS-10W_Korean.pdf\/\" target=\"_blank\" rel=\"noreferrer noopener\">coreano<\/a><\/li>\n\n\n\n<li><a href=\"\/es\/DOE%20Forms\/Enrollment\/SIS-10W_Marshallese.pdf\/\" target=\"_blank\" rel=\"noreferrer noopener\">marshal\u00e9s<\/a><\/li>\n\n\n\n<li><a href=\"\/es\/DOE%20Forms\/Enrollment\/SIS-10W_Samoan.pdf\/\" target=\"_blank\" rel=\"noreferrer noopener\">Samoano<\/a><\/li>\n<\/ul>\n<\/div>\n\n\n\n<div class=\"wp-block-column is-layout-flow wp-block-column-is-layout-flow\">\n<ul class=\"wp-block-list\">\n<li><a href=\"\/es\/DOE%20Forms\/Enrollment\/SIS-10W_Spanish.pdf\/\" target=\"_blank\" rel=\"noreferrer noopener\">Espa\u00f1ol<\/a><\/li>\n\n\n\n<li><a href=\"\/es\/DOE%20Forms\/Enrollment\/SIS-10W_Tagalog.pdf\/\" target=\"_blank\" rel=\"noreferrer noopener\">Tagalo<\/a><\/li>\n\n\n\n<li><a href=\"\/es\/DOE%20Forms\/Enrollment\/SIS-10W_Thai.pdf\/\" target=\"_blank\" rel=\"noreferrer noopener\">tailand\u00e9s<\/a><\/li>\n\n\n\n<li><a href=\"\/es\/DOE%20Forms\/Enrollment\/SIS-10W_Tongan.pdf\/\" target=\"_blank\" rel=\"noreferrer noopener\">Tongano<\/a><\/li>\n\n\n\n<li><a href=\"\/es\/DOE%20Forms\/Enrollment\/SIS-10W_Vietnamese.pdf\/\" target=\"_blank\" rel=\"noreferrer noopener\">vietnamita<\/a><\/li>\n<\/ul>\n<\/div>\n<\/div>\n\n\n\n<h3 class=\"wp-block-heading\">Home Language Survey (HLS)<\/h3>\n\n\n\n<p>El <a href=\"\/es\/DOE%20Forms\/Enrollment\/HomeLanguageSurvey.pdf\/\" data-type=\"link\" data-id=\"\/DOE%20Forms\/Enrollment\/HomeLanguageSurvey.pdf\" target=\"_blank\" rel=\"noreferrer noopener\">Formulario de encuesta sobre el idioma que se habla en casa (PDF)<\/a> is required for all newly enrolled students. The <a href=\"\/es\/DOE%20Forms\/Enrollment\/LanguageList.pdf\/\" target=\"_blank\" rel=\"noreferrer noopener\">Language List<\/a> may be used to assist with completing the HLS. Translated documents in your preferred language are also available below.<\/p>\n\n\n\n<div class=\"wp-block-columns is-layout-flex wp-container-core-columns-is-layout-28f84493 wp-block-columns-is-layout-flex\">\n<div class=\"wp-block-column is-layout-flow wp-block-column-is-layout-flow\">\n<ul class=\"wp-block-list\">\n<li><a href=\"\/es\/DOE%20Forms\/Enrollment\/HLS_Cebuano.pdf\/\" target=\"_blank\" rel=\"noreferrer noopener\">Cebuano<\/a><\/li>\n\n\n\n<li><a href=\"\/es\/DOE%20Forms\/Enrollment\/HLS_Chinese-Simplified.pdf\/\" target=\"_blank\" rel=\"noreferrer noopener\">Chino (simplificado)<\/a><\/li>\n\n\n\n<li><a href=\"\/es\/DOE%20Forms\/Enrollment\/HLS_Chinese-Traditional.pdf\/\" target=\"_blank\" rel=\"noreferrer noopener\">Chino (tradicional)<\/a><\/li>\n\n\n\n<li><a href=\"\/es\/DOE%20Forms\/Enrollment\/HLS_Chuukese.pdf\/\" target=\"_blank\" rel=\"noreferrer noopener\">Chuukese<\/a><\/li>\n\n\n\n<li><a href=\"\/es\/DOE%20Forms\/Enrollment\/HLS_Hawaiian.pdf\/\" target=\"_blank\" rel=\"noreferrer noopener\">hawaiano<\/a><\/li>\n<\/ul>\n<\/div>\n\n\n\n<div class=\"wp-block-column is-layout-flow wp-block-column-is-layout-flow\">\n<ul class=\"wp-block-list\">\n<li><a href=\"\/es\/DOE%20Forms\/Enrollment\/HLS_Ilocano.pdf\/\" target=\"_blank\" rel=\"noreferrer noopener\">Ilocano<\/a><\/li>\n\n\n\n<li><a href=\"\/es\/DOE%20Forms\/Enrollment\/HLS_Japanese.pdf\/\" target=\"_blank\" rel=\"noreferrer noopener\">japon\u00e9s<\/a><\/li>\n\n\n\n<li><a href=\"\/es\/DOE%20Forms\/Enrollment\/HLS_Korean.pdf\/\" target=\"_blank\" rel=\"noreferrer noopener\">coreano<\/a><\/li>\n\n\n\n<li><a href=\"\/es\/DOE%20Forms\/Enrollment\/HLS_Marshallese.pdf\/\" target=\"_blank\" rel=\"noreferrer noopener\">marshal\u00e9s<\/a><\/li>\n\n\n\n<li><a href=\"\/es\/DOE%20Forms\/Enrollment\/HLS_Samoan.pdf\/\" target=\"_blank\" rel=\"noreferrer noopener\">Samoano<\/a><\/li>\n<\/ul>\n<\/div>\n\n\n\n<div class=\"wp-block-column is-layout-flow wp-block-column-is-layout-flow\">\n<ul class=\"wp-block-list\">\n<li><a href=\"\/es\/DOE%20Forms\/Enrollment\/HLS_Spanish.pdf\/\" target=\"_blank\" rel=\"noreferrer noopener\">Espa\u00f1ol<\/a><\/li>\n\n\n\n<li><a href=\"\/es\/DOE%20Forms\/Enrollment\/HLS_Tagalog.pdf\/\" target=\"_blank\" rel=\"noreferrer noopener\">Tagalo<\/a><\/li>\n\n\n\n<li>\u200b<a href=\"\/es\/DOE%20Forms\/Enrollment\/HLS_Thai.pdf\/\" target=\"_blank\" rel=\"noreferrer noopener\">tailand\u00e9s<\/a><\/li>\n\n\n\n<li><a href=\"\/es\/DOE%20Forms\/Enrollment\/HLS_Tongan.pdf\/\" target=\"_blank\" rel=\"noreferrer noopener\">Tongano<\/a><\/li>\n\n\n\n<li>\u200b<a href=\"\/es\/DOE%20Forms\/Enrollment\/HLS_Vietnamese.pdf\/\" target=\"_blank\" rel=\"noreferrer noopener\">vietnamita<\/a><\/li>\n<\/ul>\n<\/div>\n<\/div>\n<\/div>\n\n\n\n<div class=\"wp-block-column right_col is-layout-flow wp-block-column-is-layout-flow\"><div class=\"kb-row-layout-wrap kb-row-layout-id1050_d76aa3-f2 alignnone wp-block-kadence-rowlayout\"><div class=\"kt-row-column-wrap kt-has-2-columns kt-row-layout-row kt-tab-layout-row kt-mobile-layout-row kt-row-valign-top\">\n\n<div class=\"wp-block-kadence-column kadence-column1050_63c690-aa\"><div class=\"kt-inside-inner-col\">\n<figure class=\"wp-block-image size-full no_margin\"><img loading=\"lazy\" decoding=\"async\" width=\"1200\" height=\"800\" src=\"https:\/\/hawaiipublicschools.org\/wp-content\/uploads\/SpecialEducationServices.jpg\" alt=\"Special education students painting.\" class=\"wp-image-8515\" style=\"aspect-ratio:4\/3;object-fit:cover\" srcset=\"https:\/\/hawaiipublicschools.org\/wp-content\/uploads\/SpecialEducationServices.jpg 1200w, https:\/\/hawaiipublicschools.org\/wp-content\/uploads\/SpecialEducationServices-300x200.jpg 300w, https:\/\/hawaiipublicschools.org\/wp-content\/uploads\/SpecialEducationServices-1024x683.jpg 1024w, https:\/\/hawaiipublicschools.org\/wp-content\/uploads\/SpecialEducationServices-768x512.jpg 768w, https:\/\/hawaiipublicschools.org\/wp-content\/uploads\/SpecialEducationServices-18x12.jpg 18w\" sizes=\"auto, (max-width: 1200px) 100vw, 1200px\" \/><\/figure>\n<\/div><\/div>\n\n\n\n<div class=\"wp-block-kadence-column kadence-column1050_6ae211-6a\"><div class=\"kt-inside-inner-col\">\n<h5 class=\"wp-block-heading has-base-color has-text-color has-link-color wp-elements-91735848e86ea283e0928ede427b944c\" style=\"margin-top:0px;padding-top:0;padding-bottom:0.5rem;font-size:1.4vw\">Servicios de educaci\u00f3n especial<\/h5>\n\n\n\n<p class=\"has-base-color has-text-color has-link-color wp-elements-73de11a7dc8419c68045457638ce71c1\">Si su hijo tiene una discapacidad que afecta su aprendizaje o desarrollo, estamos aqu\u00ed para guiarlo a trav\u00e9s del proceso. <a href=\"https:\/\/hawaiipublicschools.org\/es\/academics\/what-is-special-education\/\" data-type=\"page\" data-id=\"933\" target=\"_blank\" rel=\"noreferrer noopener\">proceso de acceso a la educaci\u00f3n especial<\/a> y servicios relacionados.<\/p>\n<\/div><\/div>\n\n<\/div><\/div><\/div>\n<\/div>","protected":false},"excerpt":{"rendered":"<p>Enrolling in Hawai\u02bbi&#8217;s public schools is a simple process. Follow the steps below to get started. Find answers to commonly asked questions in our FAQs. If you have additional questions, please contact the school directly. Steps to enroll These steps apply to kindergarten through high school enrollment.&nbsp;Children who are 5 years old by July 31 [&hellip;]<\/p>","protected":false},"author":8,"featured_media":0,"parent":13,"menu_order":13,"comment_status":"closed","ping_status":"closed","template":"wp-custom-template-page-for-custom-sidebar","meta":{"_relevanssi_hide_post":"","_relevanssi_hide_content":"","_relevanssi_pin_for_all":"","_relevanssi_pin_keywords":"","_relevanssi_unpin_keywords":"","_relevanssi_related_keywords":"","_relevanssi_related_include_ids":"","_relevanssi_related_exclude_ids":"","_relevanssi_related_no_append":"","_relevanssi_related_not_related":"","_relevanssi_related_posts":"9834,2420,10146,16870,9887,9713","_relevanssi_noindex_reason":"","_sitemap_exclude":false,"_sitemap_priority":"","_sitemap_frequency":"","_kad_blocks_custom_css":"","_kad_blocks_head_custom_js":"","_kad_blocks_body_custom_js":"","_kad_blocks_footer_custom_js":"","wp_popup_display_lightbox":0,"wp_popup_suppress":"","wp_popup_trigger":"","wp_popup_trigger_amount":0,"wp_popup_disable_on_mobile":false,"footnotes":""},"class_list":["post-15","page","type-page","status-publish","hentry"],"pp_statuses_selecting_workflow":false,"pp_workflow_action":"current","pp_status_selection":"publish","taxonomy_info":[],"featured_image_src_large":false,"author_info":{"display_name":"Ariana Enomoto","author_link":"https:\/\/hawaiipublicschools.org\/es\/author\/arianastaceyleong-com\/"},"comment_info":0,"publishpress_future_action":{"enabled":false,"date":"2026-04-24 06:09:04","action":"change-status","newStatus":"draft","terms":[],"taxonomy":"","extraData":[]},"publishpress_future_workflow_manual_trigger":{"enabledWorkflows":[]},"_links":{"self":[{"href":"https:\/\/hawaiipublicschools.org\/es\/wp-json\/wp\/v2\/pages\/15","targetHints":{"allow":["GET"]}}],"collection":[{"href":"https:\/\/hawaiipublicschools.org\/es\/wp-json\/wp\/v2\/pages"}],"about":[{"href":"https:\/\/hawaiipublicschools.org\/es\/wp-json\/wp\/v2\/types\/page"}],"author":[{"embeddable":true,"href":"https:\/\/hawaiipublicschools.org\/es\/wp-json\/wp\/v2\/users\/8"}],"replies":[{"embeddable":true,"href":"https:\/\/hawaiipublicschools.org\/es\/wp-json\/wp\/v2\/comments?post=15"}],"version-history":[{"count":2,"href":"https:\/\/hawaiipublicschools.org\/es\/wp-json\/wp\/v2\/pages\/15\/revisions"}],"predecessor-version":[{"id":19223,"href":"https:\/\/hawaiipublicschools.org\/es\/wp-json\/wp\/v2\/pages\/15\/revisions\/19223"}],"up":[{"embeddable":true,"href":"https:\/\/hawaiipublicschools.org\/es\/wp-json\/wp\/v2\/pages\/13"}],"wp:attachment":[{"href":"https:\/\/hawaiipublicschools.org\/es\/wp-json\/wp\/v2\/media?parent=15"}],"curies":[{"name":"wp","href":"https:\/\/api.w.org\/{rel}","templated":true}]}}