{"id":147,"date":"2025-09-23T07:14:47","date_gmt":"2025-09-23T17:14:47","guid":{"rendered":"https:\/\/hawaiipublicschools.org\/?page_id=147"},"modified":"2025-11-14T09:31:37","modified_gmt":"2025-11-14T19:31:37","slug":"volunteering-donating","status":"publish","type":"page","link":"https:\/\/hawaiipublicschools.org\/es\/useful-links\/volunteering-donating\/","title":{"rendered":"Voluntariado y donaciones"},"content":{"rendered":"<p class=\"intro\" style=\"font-size:clamp(0.875rem, 0.875rem + ((1vw - 0.2rem) * 0.531), 1.3rem);\">Apoyar a nuestras escuelas p\u00fablicas puede marcar una gran diferencia para nuestros estudiantes. Ya sea donando \u00fatiles escolares, financiando programas innovadores o dedicando su tiempo como voluntario, sus contribuciones contribuyen a un impacto positivo.<\/p>\n\n\n\n<div class=\"wp-block-columns double_col_sidebar is-layout-flex wp-container-core-columns-is-layout-28f84493 wp-block-columns-is-layout-flex\">\n<div class=\"wp-block-column left_col is-layout-flow wp-block-column-is-layout-flow\">\n<h2 class=\"wp-block-heading\">C\u00f3mo puedes ayudar<\/h2>\n\n\n\n<h3 class=\"wp-block-heading\">Donaciones a nivel estatal<\/h3>\n\n\n\n<p>Si est\u00e1 interesado en realizar una donaci\u00f3n al Departamento, utilice este <a href=\"https:\/\/forms.gle\/8qKRiG9ud6amXrc57\">Formulario de donaci\u00f3n (Documento de Google)<\/a>.<\/p>\n\n\n\n<p>Para obtener ayuda o m\u00e1s detalles sobre donaciones, obsequios u oportunidades de colaboraci\u00f3n a nivel estatal, env\u00ede un correo electr\u00f3nico a <a href=\"mailto:familypartnerships@k12.hi.us\">Divisi\u00f3n de participaci\u00f3n comunitaria<\/a> or call 808-305-0699.\u00a0<\/p>\n\n\n\n<h3 class=\"wp-block-heading\">Donaciones de bienes para personas sin hogar Keiki<\/h3>\n\n\n\n<p>Las escuelas p\u00fablicas de Haw\u00e1i atienden a estudiantes sin hogar en todo el estado. Gracias a las donaciones de \u00fatiles escolares, el Departamento suele proporcionar a los estudiantes lo necesario para sus tareas: mochilas, cuadernos, bol\u00edgrafos, etc. A menudo necesitamos calzado, zapatos y pantuflas. Si tiene alguna pregunta, comun\u00edquese con el programa de Educaci\u00f3n para Ni\u00f1os y J\u00f3venes sin Hogar al 808-348-0304 o al 808-723-4192. Tambi\u00e9n puede atender sus necesidades directamente a trav\u00e9s del <a href=\"http:\/\/bit.ly\/givetokids808\" target=\"_blank\" rel=\"noreferrer noopener\">Sitio web de Purposity<\/a>.<\/p>\n\n\n\n<h3 class=\"wp-block-heading\">Donar a trav\u00e9s de socios<\/h3>\n\n\n\n<p><a href=\"https:\/\/www.hawaiicommunityfoundation.org\/\" target=\"_blank\" rel=\"noreferrer noopener\">Fundaci\u00f3n Comunitaria de Haw\u00e1i<\/a>:Un socio importante del Departamento y una fuente importante de becas para estudiantes y subvenciones para organizaciones sin fines de lucro que apoyan a las comunidades escolares y a las familias.<\/p>\n\n\n\n<p><a href=\"https:\/\/pshf.org\/\" target=\"_blank\" rel=\"noreferrer noopener\">Fundaci\u00f3n de Escuelas P\u00fablicas de Haw\u00e1i<\/a>Una corporaci\u00f3n independiente sin fines de lucro dedicada a fortalecer la calidad de la educaci\u00f3n p\u00fablica. La fundaci\u00f3n utiliza sus... <a href=\"https:\/\/pshf.org\/good-idea-grants\/\" target=\"_blank\" rel=\"noreferrer noopener\">Subvenciones para buenas ideas<\/a> Para estimular la innovaci\u00f3n y la excelencia acad\u00e9mica en las escuelas p\u00fablicas de Haw\u00e1i. Se otorgan minibecas a docentes y escuelas que promueven ideas pedag\u00f3gicas innovadoras que mejoren el aprendizaje estudiantil. La fundaci\u00f3n tambi\u00e9n ha otorgado becas de viaje a estudiantes y canalizado importantes contribuciones a escuelas o proyectos designados que cumplen con los criterios del donante.<\/p>\n\n\n\n<p><a href=\"https:\/\/www.hawaii3rs.com\/\" target=\"_blank\" rel=\"noreferrer noopener\">Las 3R de Haw\u00e1i<\/a>:Esta organizaci\u00f3n sin fines de lucro fundada por el difunto senador Daniel K. Inouye colabora con proyectos para mejorar los campus escolares.<\/p>\n\n\n\n<h3 class=\"wp-block-heading\">Donar a trav\u00e9s de plataformas en l\u00ednea<\/h3>\n\n\n\n<p>Visita <a href=\"http:\/\/www.donorschoose.org\/\" target=\"_blank\" rel=\"noreferrer noopener\">DonorsChoose.org<\/a> o <a href=\"http:\/\/www.teacherlists.com\/\" target=\"_blank\" rel=\"noreferrer noopener\">TeacherLists.com<\/a> para apoyar las necesidades de aulas y proyectos publicadas por los maestros de Haw\u00e1i.<\/p>\n<\/div>\n\n\n\n<div class=\"wp-block-column right_col is-layout-flow wp-block-column-is-layout-flow\"><div class=\"kb-row-layout-wrap kb-row-layout-id1050_d76aa3-f2 alignnone wp-block-kadence-rowlayout\"><div class=\"kt-row-column-wrap kt-has-2-columns kt-row-layout-row kt-tab-layout-row kt-mobile-layout-row kt-row-valign-top\">\n\n<div class=\"wp-block-kadence-column kadence-column1050_63c690-aa\"><div class=\"kt-inside-inner-col\">\n<figure class=\"wp-block-image size-full no_margin\"><img loading=\"lazy\" decoding=\"async\" width=\"1200\" height=\"898\" src=\"https:\/\/hawaiipublicschools.org\/wp-content\/uploads\/2024\/12\/Kalo.jpg\" alt=\"Close up photo of kalo leaves\" class=\"wp-image-2356\" style=\"aspect-ratio:4\/3;object-fit:cover\" srcset=\"https:\/\/hawaiipublicschools.org\/wp-content\/uploads\/2024\/12\/Kalo.jpg 1200w, https:\/\/hawaiipublicschools.org\/wp-content\/uploads\/2024\/12\/Kalo-300x225.jpg 300w, https:\/\/hawaiipublicschools.org\/wp-content\/uploads\/2024\/12\/Kalo-1024x766.jpg 1024w, https:\/\/hawaiipublicschools.org\/wp-content\/uploads\/2024\/12\/Kalo-768x575.jpg 768w, https:\/\/hawaiipublicschools.org\/wp-content\/uploads\/2024\/12\/Kalo-16x12.jpg 16w\" sizes=\"auto, (max-width: 1200px) 100vw, 1200px\" \/><\/figure>\n<\/div><\/div>\n\n\n\n<div class=\"wp-block-kadence-column kadence-column1050_6ae211-6a\"><div class=\"kt-inside-inner-col\">\n<h5 class=\"wp-block-heading has-base-color has-text-color has-link-color wp-elements-91735848e86ea283e0928ede427b944c\" style=\"margin-top:0px;padding-top:0;padding-bottom:0.5rem;font-size:1.4vw\">PARA M\u00c1S INFORMACI\u00d3N<\/h5>\n\n\n\n<p class=\"has-base-color has-text-color has-link-color wp-elements-73de11a7dc8419c68045457638ce71c1\"><strong>Divisi\u00f3n de participaci\u00f3n comunitaria<\/strong><br>Phone: 808-305-0699<br><a href=\"mailto:familypartnerships@k12.hi.us\" target=\"_blank\" rel=\"noreferrer noopener\">Correo electr\u00f3nico<\/a><\/p>\n<\/div><\/div>\n\n<\/div><\/div><\/div>\n<\/div>\n\n\n\n<h3 class=\"wp-block-heading\">Oportunidades de voluntariado<\/h3>\n\n\n\n<p>Comun\u00edquese con su escuela local para obtener m\u00e1s informaci\u00f3n.<\/p>","protected":false},"excerpt":{"rendered":"<p>Supporting our public schools can make a big difference our students. From donating supplies, funding innovative programs, or giving your time as a volunteer, your contributions help make a positive impact. how you can help Statewide Donations If you are interested in donating to the Department, please use this Donation Form (Google Doc). For assistance [&hellip;]<\/p>","protected":false},"author":8,"featured_media":0,"parent":1291,"menu_order":19,"comment_status":"closed","ping_status":"closed","template":"wp-custom-template-page-for-custom-sidebar","meta":{"_relevanssi_hide_post":"","_relevanssi_hide_content":"","_relevanssi_pin_for_all":"","_relevanssi_pin_keywords":"","_relevanssi_unpin_keywords":"","_relevanssi_related_keywords":"","_relevanssi_related_include_ids":"","_relevanssi_related_exclude_ids":"","_relevanssi_related_no_append":"","_relevanssi_related_not_related":"","_relevanssi_related_posts":"17006,10890,14003,856,888,893","_relevanssi_noindex_reason":"","_sitemap_exclude":false,"_sitemap_priority":"","_sitemap_frequency":"","_kad_blocks_custom_css":"","_kad_blocks_head_custom_js":"","_kad_blocks_body_custom_js":"","_kad_blocks_footer_custom_js":"","wp_popup_display_lightbox":0,"wp_popup_suppress":"","wp_popup_trigger":"","wp_popup_trigger_amount":0,"wp_popup_disable_on_mobile":false,"footnotes":""},"class_list":["post-147","page","type-page","status-publish","hentry"],"pp_statuses_selecting_workflow":false,"pp_workflow_action":"current","pp_status_selection":"publish","taxonomy_info":[],"featured_image_src_large":false,"author_info":{"display_name":"Ariana Enomoto","author_link":"https:\/\/hawaiipublicschools.org\/es\/author\/arianastaceyleong-com\/"},"comment_info":0,"publishpress_future_action":{"enabled":false,"date":"2026-04-13 04:48:07","action":"change-status","newStatus":"draft","terms":[],"taxonomy":"","extraData":[]},"publishpress_future_workflow_manual_trigger":{"enabledWorkflows":[]},"_links":{"self":[{"href":"https:\/\/hawaiipublicschools.org\/es\/wp-json\/wp\/v2\/pages\/147","targetHints":{"allow":["GET"]}}],"collection":[{"href":"https:\/\/hawaiipublicschools.org\/es\/wp-json\/wp\/v2\/pages"}],"about":[{"href":"https:\/\/hawaiipublicschools.org\/es\/wp-json\/wp\/v2\/types\/page"}],"author":[{"embeddable":true,"href":"https:\/\/hawaiipublicschools.org\/es\/wp-json\/wp\/v2\/users\/8"}],"replies":[{"embeddable":true,"href":"https:\/\/hawaiipublicschools.org\/es\/wp-json\/wp\/v2\/comments?post=147"}],"version-history":[{"count":0,"href":"https:\/\/hawaiipublicschools.org\/es\/wp-json\/wp\/v2\/pages\/147\/revisions"}],"up":[{"embeddable":true,"href":"https:\/\/hawaiipublicschools.org\/es\/wp-json\/wp\/v2\/pages\/1291"}],"wp:attachment":[{"href":"https:\/\/hawaiipublicschools.org\/es\/wp-json\/wp\/v2\/media?parent=147"}],"curies":[{"name":"wp","href":"https:\/\/api.w.org\/{rel}","templated":true}]}}