{"id":145,"date":"2024-09-05T00:10:56","date_gmt":"2024-09-05T00:10:56","guid":{"rendered":"https:\/\/hawaiipublicschools.org\/?page_id=145"},"modified":"2025-11-10T13:41:52","modified_gmt":"2025-11-10T23:41:52","slug":"using-school-facilities","status":"publish","type":"page","link":"https:\/\/hawaiipublicschools.org\/es\/useful-links\/using-school-facilities\/","title":{"rendered":"Uso de las instalaciones escolares"},"content":{"rendered":"<div class=\"wp-block-columns double_col_sidebar is-layout-flex wp-container-core-columns-is-layout-28f84493 wp-block-columns-is-layout-flex\">\n<div class=\"wp-block-column left_col is-layout-flow wp-block-column-is-layout-flow\">\n<p class=\"intro\" style=\"font-size:clamp(0.875rem, 0.875rem + ((1vw - 0.2rem) * 0.531), 1.3rem);\">Nuestras instalaciones escolares p\u00fablicas est\u00e1n disponibles para el uso de la comunidad, siempre que las actividades solicitadas no interfieran con el funcionamiento regular de la escuela. Ya sea que organice un evento comunitario, un programa extraescolar o una reuni\u00f3n p\u00fablica, nuestros espacios escolares pueden albergar diversas actividades.<\/p>\n\n\n\n<p>El uso de las instalaciones se rige por el Cap\u00edtulo 39 de las Reglas Administrativas de Haw\u00e1i, lo que garantiza que todos los eventos cumplan con las pautas estatales.<\/p>\n\n\n\n<h2 class=\"wp-block-heading\">tipos de instalaciones<\/h2>\n\n\n\n<ul class=\"wp-block-list\">\n<li><strong>Tipo I:<\/strong> Actividades relacionadas con el departamento y la escuela (por ejemplo, organizaciones de padres, maestros y estudiantes, programas A+).<\/li>\n\n\n\n<li><strong>Tipo II:<\/strong> Organizaciones sin fines de lucro que no cobran tarifas ni recolectan donaciones (por ejemplo, audiencias p\u00fablicas, programas extraescolares).<\/li>\n\n\n\n<li><strong>Tipo III:<\/strong> Organizaciones que cobran tarifas, recolectan donaciones o realizan actividades de recaudaci\u00f3n de fondos o de promoci\u00f3n (por ejemplo, eventos comunitarios, servicios religiosos, promociones comerciales).<\/li>\n<\/ul>\n\n\n\n<h2 class=\"wp-block-heading\">SOLICITUD Y TARIFAS<\/h2>\n\n\n\n<h3 class=\"wp-block-heading\">C\u00f3mo aplicar<\/h3>\n\n\n\n<p>Para solicitar el uso de una instalaci\u00f3n escolar, complete el <a href=\"https:\/\/www.hidoefacilities.org\/UseofSchoolFacilities_Application.php\" target=\"_blank\" rel=\"noreferrer noopener\">Solicitud en l\u00ednea de uso de instalaciones<\/a> al menos 10 d\u00edas antes de la fecha del evento.<\/p>\n\n\n\n<ul class=\"wp-block-list\">\n<li>Para per\u00edodos de uso de 12 meses o menos, el director de la escuela o su designado revisar\u00e1 la solicitud.<\/li>\n\n\n\n<li>Para per\u00edodos de uso superiores a 12 meses, la solicitud se procesar\u00e1 con la aprobaci\u00f3n final de la Junta de Tierras y Recursos Naturales.<\/li>\n<\/ul>\n\n\n\n<h3 class=\"wp-block-heading\">Tarifas y cargos&nbsp;<\/h3>\n\n\n\n<p>Se pueden aplicar cargos por el alquiler de las instalaciones escolares, los servicios de limpieza y los servicios p\u00fablicos. Consulte la <a href=\"\/es\/DOE%20Forms\/Facilities\/UseofFacilitiesFeeSchedule.pdf\/\" target=\"_blank\" rel=\"noreferrer noopener\">Tarifas por el uso de las instalaciones (PDF)<\/a> Para costos espec\u00edficos. Dependiendo del tipo de uso, algunos cargos podr\u00edan no aplicarse.<\/p>\n\n\n\n<h3 class=\"wp-block-heading\">\u00bfA d\u00f3nde van las tarifas?<\/h3>\n\n\n\n<ul class=\"wp-block-list\">\n<li>El director o su designado es responsable de la recaudaci\u00f3n de las cuotas. Estas se depositan en un fondo especial.<\/li>\n\n\n\n<li>Despu\u00e9s de las deducciones legales del fondo especial, 70% del monto restante se acredita a la escuela y 30% al distrito.<\/li>\n\n\n\n<li>Las tarifas por servicios de limpieza y servicios p\u00fablicos son utilizadas directamente por la escuela para cubrir estos costos.<\/li>\n<\/ul>\n\n\n\n<h2 class=\"wp-block-heading\">POL\u00cdTICAS Y PROCEDIMIENTOS<\/h2>\n\n\n\n<h3 class=\"wp-block-heading\">Responsabilidad y da\u00f1os a la propiedad&nbsp;<\/h3>\n\n\n\n<p>Todos los usuarios deben cumplir con las leyes locales, incluidas las normas contra incendios y sanitarias, y aceptar cubrir el costo de cualquier da\u00f1o. Adem\u00e1s, deben firmar una exenci\u00f3n de responsabilidad que exime al estado de Haw\u00e1i de toda responsabilidad. Los eventos con gran afluencia de p\u00fablico o de mayor riesgo, como carnavales o eventos deportivos no pertenecientes al Departamento, requieren una cobertura de responsabilidad civil general de $1,000,000 por cada incidente de lesiones personales, con el estado de Haw\u00e1i designado como asegurado adicional.<\/p>\n\n\n\n<p>Un organizador o promotor de una feria que cobre a los participantes por el uso de partes de una instalaci\u00f3n o mesas en una instalaci\u00f3n deber\u00e1 asegurarse de que cada uno de los participantes tenga un seguro de responsabilidad civil adecuado por un monto determinado por el estado de Haw\u00e1i.<\/p>\n\n\n\n<h3 class=\"wp-block-heading\">Requisitos de seguridad<\/h3>\n\n\n\n<p>Para eventos grandes, como los que se celebran en gimnasios o auditorios, se requiere al menos un agente de polic\u00eda. El organizador del evento es responsable de contratar y pagar la seguridad, y la escuela debe recibir los datos del agente antes del evento.<\/p>\n\n\n\n<h3 class=\"wp-block-heading\">Directrices adicionales<\/h3>\n\n\n\n<ul class=\"wp-block-list\">\n<li><strong>Alcohol y tabaco:<\/strong> Las bebidas alcoh\u00f3licas y el tabaco est\u00e1n prohibidos en todas las instalaciones del colegio.<\/li>\n\n\n\n<li><strong>Uso de la cafeter\u00eda:<\/strong> Para utilizar las instalaciones de la cocina de la escuela, comun\u00edquese con la Sucursal de Servicios de Alimentos de la Escuela al 808-733-8400.<\/li>\n<\/ul>\n<\/div>\n\n\n\n<div class=\"wp-block-column right_col is-layout-flow wp-block-column-is-layout-flow\"><div class=\"kb-row-layout-wrap kb-row-layout-id1050_d76aa3-f2 alignnone wp-block-kadence-rowlayout\"><div class=\"kt-row-column-wrap kt-has-2-columns kt-row-layout-row kt-tab-layout-row kt-mobile-layout-row kt-row-valign-top\">\n\n<div class=\"wp-block-kadence-column kadence-column1050_63c690-aa\"><div class=\"kt-inside-inner-col\">\n<figure class=\"wp-block-image size-full no_margin\"><img loading=\"lazy\" decoding=\"async\" width=\"1024\" height=\"766\" src=\"https:\/\/hawaiipublicschools.org\/wp-content\/uploads\/2024\/12\/Kalo-1024x766.jpg\" alt=\"\" class=\"wp-image-2356\" style=\"aspect-ratio:4\/3;object-fit:cover\" srcset=\"https:\/\/hawaiipublicschools.org\/wp-content\/uploads\/2024\/12\/Kalo-1024x766.jpg 1024w, https:\/\/hawaiipublicschools.org\/wp-content\/uploads\/2024\/12\/Kalo-300x225.jpg 300w, https:\/\/hawaiipublicschools.org\/wp-content\/uploads\/2024\/12\/Kalo-768x575.jpg 768w, https:\/\/hawaiipublicschools.org\/wp-content\/uploads\/2024\/12\/Kalo-16x12.jpg 16w, https:\/\/hawaiipublicschools.org\/wp-content\/uploads\/2024\/12\/Kalo.jpg 1200w\" sizes=\"auto, (max-width: 1024px) 100vw, 1024px\" \/><\/figure>\n<\/div><\/div>\n\n\n\n<div class=\"wp-block-kadence-column kadence-column1050_6ae211-6a\"><div class=\"kt-inside-inner-col\">\n<h5 class=\"wp-block-heading has-base-color has-text-color has-link-color wp-elements-91735848e86ea283e0928ede427b944c\" style=\"margin-top:0px;padding-top:0;padding-bottom:0.5rem;font-size:1.4vw\">Rama de desarrollo de instalaciones<\/h5>\n\n\n\n<p class=\"has-base-color has-text-color has-link-color wp-elements-73de11a7dc8419c68045457638ce71c1\"><a href=\"mailto:use_of_facilities@hawaiidoe.org\" target=\"_blank\" rel=\"noreferrer noopener\">Email us<\/a>\u00a0for more information on school facility use\u00a0or contact the respective school directly to check on the status of your application.\u00a0<br><br>Ver el\u00a0<a href=\"https:\/\/public.tableau.com\/app\/profile\/hidoe.dga\/viz\/OFO_UseofCountyFacilities\/Cover\" target=\"_blank\" rel=\"noreferrer noopener\">informe anual<\/a>\u00a0on the Department\u2019s use of county properties for school functions.<\/p>\n<\/div><\/div>\n\n<\/div><\/div><\/div>\n<\/div>\n\n\n\n<p><\/p>\n\n\n\n<p><\/p>","protected":false},"excerpt":{"rendered":"<p>Las instalaciones de nuestros colegios p\u00fablicos est\u00e1n disponibles para uso de la comunidad, siempre que las actividades solicitadas no interfieran con el funcionamiento normal del colegio. Ya sea que est\u00e9 organizando un evento comunitario, un programa extraescolar o una reuni\u00f3n p\u00fablica, nuestros espacios escolares pueden apoyar una variedad de actividades. El uso de las instalaciones se rige por el Cap\u00edtulo 39 de las Reglas Administrativas de Hawai\u02bbi, asegurando [...]<\/p>","protected":false},"author":8,"featured_media":0,"parent":1291,"menu_order":3,"comment_status":"closed","ping_status":"closed","template":"wp-custom-template-page-for-custom-sidebar","meta":{"_relevanssi_hide_post":"","_relevanssi_hide_content":"","_relevanssi_pin_for_all":"","_relevanssi_pin_keywords":"","_relevanssi_unpin_keywords":"","_relevanssi_related_keywords":"","_relevanssi_related_include_ids":"","_relevanssi_related_exclude_ids":"","_relevanssi_related_no_append":"","_relevanssi_related_not_related":"","_relevanssi_related_posts":"2395,9285,14012,11248,9337,9981","_relevanssi_noindex_reason":"","_sitemap_exclude":false,"_sitemap_priority":"","_sitemap_frequency":"","_kad_blocks_custom_css":"","_kad_blocks_head_custom_js":"","_kad_blocks_body_custom_js":"","_kad_blocks_footer_custom_js":"","wp_popup_display_lightbox":0,"wp_popup_suppress":"","wp_popup_trigger":"","wp_popup_trigger_amount":0,"wp_popup_disable_on_mobile":false,"footnotes":""},"class_list":["post-145","page","type-page","status-publish","hentry"],"pp_statuses_selecting_workflow":false,"pp_workflow_action":"current","pp_status_selection":"publish","taxonomy_info":[],"featured_image_src_large":false,"author_info":{"display_name":"Ariana Enomoto","author_link":"https:\/\/hawaiipublicschools.org\/es\/author\/arianastaceyleong-com\/"},"comment_info":0,"publishpress_future_action":{"enabled":false,"date":"2026-04-15 13:04:38","action":"change-status","newStatus":"draft","terms":[],"taxonomy":"","extraData":[]},"publishpress_future_workflow_manual_trigger":{"enabledWorkflows":[]},"_links":{"self":[{"href":"https:\/\/hawaiipublicschools.org\/es\/wp-json\/wp\/v2\/pages\/145","targetHints":{"allow":["GET"]}}],"collection":[{"href":"https:\/\/hawaiipublicschools.org\/es\/wp-json\/wp\/v2\/pages"}],"about":[{"href":"https:\/\/hawaiipublicschools.org\/es\/wp-json\/wp\/v2\/types\/page"}],"author":[{"embeddable":true,"href":"https:\/\/hawaiipublicschools.org\/es\/wp-json\/wp\/v2\/users\/8"}],"replies":[{"embeddable":true,"href":"https:\/\/hawaiipublicschools.org\/es\/wp-json\/wp\/v2\/comments?post=145"}],"version-history":[{"count":0,"href":"https:\/\/hawaiipublicschools.org\/es\/wp-json\/wp\/v2\/pages\/145\/revisions"}],"up":[{"embeddable":true,"href":"https:\/\/hawaiipublicschools.org\/es\/wp-json\/wp\/v2\/pages\/1291"}],"wp:attachment":[{"href":"https:\/\/hawaiipublicschools.org\/es\/wp-json\/wp\/v2\/media?parent=145"}],"curies":[{"name":"wp","href":"https:\/\/api.w.org\/{rel}","templated":true}]}}