{"id":136,"date":"2024-09-05T00:06:07","date_gmt":"2024-09-05T00:06:07","guid":{"rendered":"https:\/\/hawaiipublicschools.org\/?page_id=136"},"modified":"2026-03-30T12:56:14","modified_gmt":"2026-03-30T22:56:14","slug":"school-calendar","status":"publish","type":"page","link":"https:\/\/hawaiipublicschools.org\/es\/useful-links\/school-calendar\/","title":{"rendered":"Calendario escolar"},"content":{"rendered":"<p style=\"font-size:clamp(0.875rem, 0.875rem + ((1vw - 0.2rem) * 0.531), 1.3rem);\">Planificar el a\u00f1o escolar es fundamental para estudiantes, familias y educadores. Acceda a los calendarios escolares estatales oficiales para el a\u00f1o escolar actual y futuros.<\/p>\n\n\n\n<h2 class=\"wp-block-heading\">2025-26 School Year<\/h2>\n\n\n\n<p>These calendars apply to all public schools in Hawai\u02bbi\u2014except for Holomua Elementary (which is a multi-track campus) and charter schools\u2014and provide key information to help you plan ahead. Printable and digital versions of the calendars are found below. You can add them to your Google Calendar for easy reference throughout the year.<\/p>\n\n\n\n<div style=\"height:60px\" aria-hidden=\"true\" class=\"wp-block-spacer\"><\/div>\n\n\n\n<iframe frameborder=\"0\" src=\"https:\/\/calendar.google.com\/calendar\/u\/0\/embed?src=k12.hi.us_gmgfr70qv9qfmiiak9ubvn9nr8@group.calendar.google.com&amp;ctz=America\/honolulu\" title=\"Official school calendar\" loading=\"lazy\" class=\"\" style=\"width:100%;max-width:100%;height:800px\"><\/iframe>\n\n\n\n<h3 class=\"wp-block-heading\">Calendarios imprimibles<\/h3>\n\n\n\n<ul class=\"wp-block-list\">\n<li><a href=\"https:\/\/hawaiipublicschools.org\/es\/DOE%20Forms\/2025-26calendar.pdf\/\" target=\"_blank\" rel=\"noreferrer noopener\">Calendario Escolar Oficial (PDF)<\/a><\/li>\n\n\n\n<li><a href=\"\/wp-content\/uploads\/2025-26-Multitrack-Calendar.pdf\" target=\"_blank\" rel=\"noreferrer noopener\">Calendario de la escuela primaria Holomua (PDF)<\/a><\/li>\n<\/ul>\n\n\n\n<h3 class=\"wp-block-heading\">Fechas notables<\/h3>\n\n\n\n<p>The official school calendar applies to all schools except Holomua Elementary and charter schools. For school year 2025-26:<\/p>\n\n\n\n<ul class=\"wp-block-list\">\n<li>Teacher work year begins July 29, 2025<\/li>\n\n\n\n<li>Student instructional year begins Aug. 4, 2025<\/li>\n<\/ul>\n\n\n\n<h3 class=\"wp-block-heading\">Ceremonia de graduaci\u00f3n<\/h3>\n\n\n\n<p>The earliest date for commencement exercises is the first weekend preceding the last day of school for students. For the Class of 2026, commencement may be scheduled no sooner than May 22, 2026.<\/p>\n\n\n\n<h2 class=\"wp-block-heading\">Futuros a\u00f1os escolares<\/h2>\n\n\n\n<ul class=\"wp-block-list\">\n<li><a href=\"https:\/\/hawaiipublicschools.org\/wp-content\/uploads\/2026-27-Official-School-Calendar-amended.pdf\" target=\"_blank\" rel=\"noreferrer noopener\">Calendario Escolar Oficial 2026-27 (PDF)<\/a> | <a href=\"\/es\/DOE%20Forms\/2026-27%20Multitrack%20Calendar.pdf\/\" target=\"_blank\" rel=\"noreferrer noopener\">Calendario de primaria Holomua 2026-27 (PDF)<\/a><\/li>\n\n\n\n<li><a href=\"\/wp-content\/uploads\/2027-28-Calendar.pdf\" target=\"_blank\" rel=\"noreferrer noopener\">2027-28 Official School Calendar (PDF)<\/a><\/li>\n\n\n\n<li><a href=\"\/wp-content\/uploads\/2028-29-Calendar.pdf\" target=\"_blank\" rel=\"noreferrer noopener\">2028-29 Official School Calendar (PDF)<\/a><\/li>\n<\/ul>\n\n\n\n<h2 class=\"wp-block-heading\">Horarios escolares<\/h2>\n\n\n\n<p>Conforme a <a href=\"https:\/\/www.capitol.hawaii.gov\/hrscurrent\/Vol05_Ch0261-0319\/HRS0302A\/HRS_0302A-0251.htm\" target=\"_blank\" rel=\"noreferrer noopener\">302A-251, Estatutos Revisados de Haw\u00e1i<\/a>Las escuelas deben implementar un a\u00f1o escolar de 180 d\u00edas, que incluye 1080 horas. Todo el tiempo que los estudiantes est\u00e9n en el campus, incluyendo el recreo y el almuerzo, cuenta para el requisito de 1080 horas.<\/p>\n\n\n\n<p><\/p>\n\n\n\n<p><\/p>\n\n\n\n<p><\/p>","protected":false},"excerpt":{"rendered":"<p>Planning for the school year is essential for students, families and educators. Access the official statewide school calendars for the current and future school years. 2025-26 School Year These calendars apply to all public schools in Hawai\u02bbi\u2014except for Holomua Elementary (which is a multi-track campus) and charter schools\u2014and provide key information to help you plan [&hellip;]<\/p>","protected":false},"author":8,"featured_media":0,"parent":1291,"menu_order":64,"comment_status":"closed","ping_status":"closed","template":"","meta":{"_relevanssi_hide_post":"","_relevanssi_hide_content":"","_relevanssi_pin_for_all":"","_relevanssi_pin_keywords":"","_relevanssi_unpin_keywords":"","_relevanssi_related_keywords":"","_relevanssi_related_include_ids":"","_relevanssi_related_exclude_ids":"","_relevanssi_related_no_append":"","_relevanssi_related_not_related":"","_relevanssi_related_posts":"10177,17491,2432,9646,18004,856","_relevanssi_noindex_reason":"","_sitemap_exclude":false,"_sitemap_priority":"","_sitemap_frequency":"","_kad_blocks_custom_css":"","_kad_blocks_head_custom_js":"","_kad_blocks_body_custom_js":"","_kad_blocks_footer_custom_js":"","wp_popup_display_lightbox":0,"wp_popup_suppress":"","wp_popup_trigger":"","wp_popup_trigger_amount":0,"wp_popup_disable_on_mobile":false,"footnotes":""},"class_list":["post-136","page","type-page","status-publish","hentry"],"pp_statuses_selecting_workflow":false,"pp_workflow_action":"current","pp_status_selection":"publish","taxonomy_info":[],"featured_image_src_large":false,"author_info":{"display_name":"Ariana Enomoto","author_link":"https:\/\/hawaiipublicschools.org\/es\/author\/arianastaceyleong-com\/"},"comment_info":0,"publishpress_future_action":{"enabled":false,"date":"2026-05-11 14:42:11","action":"change-status","newStatus":"draft","terms":[],"taxonomy":"","extraData":[]},"publishpress_future_workflow_manual_trigger":{"enabledWorkflows":[]},"_links":{"self":[{"href":"https:\/\/hawaiipublicschools.org\/es\/wp-json\/wp\/v2\/pages\/136","targetHints":{"allow":["GET"]}}],"collection":[{"href":"https:\/\/hawaiipublicschools.org\/es\/wp-json\/wp\/v2\/pages"}],"about":[{"href":"https:\/\/hawaiipublicschools.org\/es\/wp-json\/wp\/v2\/types\/page"}],"author":[{"embeddable":true,"href":"https:\/\/hawaiipublicschools.org\/es\/wp-json\/wp\/v2\/users\/8"}],"replies":[{"embeddable":true,"href":"https:\/\/hawaiipublicschools.org\/es\/wp-json\/wp\/v2\/comments?post=136"}],"version-history":[{"count":1,"href":"https:\/\/hawaiipublicschools.org\/es\/wp-json\/wp\/v2\/pages\/136\/revisions"}],"predecessor-version":[{"id":19181,"href":"https:\/\/hawaiipublicschools.org\/es\/wp-json\/wp\/v2\/pages\/136\/revisions\/19181"}],"up":[{"embeddable":true,"href":"https:\/\/hawaiipublicschools.org\/es\/wp-json\/wp\/v2\/pages\/1291"}],"wp:attachment":[{"href":"https:\/\/hawaiipublicschools.org\/es\/wp-json\/wp\/v2\/media?parent=136"}],"curies":[{"name":"wp","href":"https:\/\/api.w.org\/{rel}","templated":true}]}}