{"id":133,"date":"2024-09-05T00:05:18","date_gmt":"2024-09-05T00:05:18","guid":{"rendered":"https:\/\/hawaiipublicschools.org\/?page_id=133"},"modified":"2026-02-12T14:19:14","modified_gmt":"2026-02-13T00:19:14","slug":"legislative-reports","status":"publish","type":"page","link":"https:\/\/hawaiipublicschools.org\/es\/data-reports\/legislative-reports\/","title":{"rendered":"Informes legislativos"},"content":{"rendered":"<div class=\"wp-block-columns double_col_sidebar is-layout-flex wp-container-core-columns-is-layout-28f84493 wp-block-columns-is-layout-flex\">\n<div class=\"wp-block-column left_col is-layout-flow wp-block-column-is-layout-flow\">\n<p class=\"intro\">The Hawai\u02bbi State Department of Education prepares annual reports requested by the Legislature and\/or required by statute.<\/p>\n\n\n\n<h2 class=\"wp-block-heading\">2026 Legislature\u200b\u200b\u200b\u200b\u200b\u200b\u200b\u200b\u200b\u200b\u200b\u200b\u200b\u200b<\/h2>\n\n\n\n<h3 class=\"wp-block-heading\">Estatuto \/ Proyecto de ley \/ Resoluci\u00f3n<\/h3>\n\n\n\n<p><strong><a href=\"\/wp-content\/uploads\/DOE_REPORT2026_LocalMealandFarmtoSchool.pdf\" target=\"_blank\" rel=\"noreferrer noopener\">Alimentos locales como porcentaje del costo de los alimentos<\/a><\/strong> (PDF)<br><a href=\"https:\/\/www.capitol.hawaii.gov\/hrscurrent\/Vol01_Ch0001-0042F\/HRS0027\/HRS_0027-0008.htm\" target=\"_blank\" rel=\"noreferrer noopener\">27-8, HORAS<\/a> | <a href=\"https:\/\/www.capitol.hawaii.gov\/hrscurrent\/Vol05_Ch0261-0319\/HRS0302A\/HRS_0302A-0405_0006.htm\" target=\"_blank\" rel=\"noreferrer noopener\">302A<\/a><a href=\"https:\/\/www.capitol.hawaii.gov\/hrscurrent\/Vol05_Ch0261-0319\/HRS0302A\/HRS_0302A-0405_0006.htm\">-405.6, HORAS<\/a><\/p>\n\n\n\n<p><strong><a href=\"\/wp-content\/uploads\/DOE_REPORT2026_FederalImpactAid.pdf\" target=\"_blank\" rel=\"noreferrer noopener\">Ayuda de impacto, fondos del Departamento de Defensa de los Estados Unidos y reembolsos de gastos generales indirectos<\/a><\/strong> (PDF)<br><a href=\"http:\/\/www.capitol.hawaii.gov\/hrscurrent\/Vol01_Ch0001-0042F\/HRS0029\/HRS_0029-0025.htm\" target=\"_blank\" rel=\"noreferrer noopener\">29-25(d), horas<\/a><\/p>\n\n\n\n<p><strong><a href=\"\/wp-content\/uploads\/DOE_REPORT2026_GeneralFundCarryover.pdf\" target=\"_blank\" rel=\"noreferrer noopener\">Fondos de transferencia por escuela<\/a><\/strong> (PDF)<br><a href=\"https:\/\/www.capitol.hawaii.gov\/hrscurrent\/Vol01_Ch0001-0042F\/HRS0037\/HRS_0037-0041_0005.htm\" target=\"_blank\" rel=\"noreferrer noopener\">37-41,5 horas<\/a><\/p>\n\n\n\n<p><strong><a href=\"https:\/\/www.capitol.hawaii.gov\/hrscurrent\/Vol01_Ch0001-0042F\/HRS0037\/HRS_0037-0047.htm\" target=\"_blank\" rel=\"noreferrer noopener\">\u200b<\/a><a href=\"\/wp-content\/uploads\/DOE_REPORT2026_Non-GeneralFundInformationReport.pdf\" target=\"_blank\" rel=\"noreferrer noopener\">Informes de informaci\u00f3n no perteneciente al Fondo General, Medidas de programas no pertenecientes al Fondo General, Informes de elementos de costo no pertenecientes al Fondo General<\/a><\/strong> (PDF)<br><a href=\"https:\/\/www.capitol.hawaii.gov\/hrscurrent\/Vol01_Ch0001-0042F\/HRS0037\/HRS_0037-0047.htm\" target=\"_blank\" rel=\"noreferrer noopener\">37-47 horas<\/a>\u200b | <a href=\"https:\/\/www.capitol.hawaii.gov\/hrscurrent\/Vol01_Ch0001-0042F\/HRS0037\/HRS_0037-0048.htm\" target=\"_blank\" rel=\"noreferrer noopener\">37-48 horas<\/a> | <a href=\"https:\/\/www.capitol.hawaii.gov\/hrscurrent\/Vol01_Ch0001-0042F\/HRS0037\/HRS_0037-0049.htm\" target=\"_blank\" rel=\"noreferrer noopener\">37-49 horas<\/a><\/p>\n\n\n\n<p><strong><a href=\"\/wp-content\/uploads\/DOE_REPORT2026_AdministrativelyEstAccountsandFunds.pdf\" target=\"_blank\" rel=\"noreferrer noopener\">Establecimiento y continuidad de cuentas y fondos establecidos administrativamente<\/a><\/strong> (PDF)<br><a href=\"https:\/\/www.capitol.hawaii.gov\/hrscurrent\/Vol01_Ch0001-0042F\/HRS0037\/HRS_0037-0052_0005.htm\" target=\"_blank\" rel=\"noreferrer noopener\">37-52,5 horas<\/a><\/p>\n\n\n\n<p><strong><a href=\"\/wp-content\/uploads\/DOE_REPORT2026_TransfersofAppropriatedFundsandPositions.pdf\" target=\"_blank\" rel=\"noreferrer noopener\">Transferencias realizadas entre programas y agencias; transferencias de fondos y puestos asignados<\/a><\/strong> (PDF)<br><a href=\"http:\/\/www.capitol.hawaii.gov\/hrscurrent\/Vol01_Ch0001-0042F\/HRS0037\/HRS_0037-0074.htm\" target=\"_blank\" rel=\"noreferrer noopener\">37-74 (d)(3), horas<\/a><\/p>\n\n\n\n<p><strong><a href=\"\/wp-content\/uploads\/DOE_REPORT2026_WorkforceDevelopment.pdf\" target=\"_blank\" rel=\"noreferrer noopener\">Desarrollo de la fuerza laboral<\/a><\/strong> (PDF)<br><a href=\"https:\/\/www.capitol.hawaii.gov\/hrscurrent\/Vol04_Ch0201-0257\/HRS0202\/HRS_0202-0010.htm\" target=\"_blank\" rel=\"noreferrer noopener\">202-10, HORAS<\/a><\/p>\n\n\n\n<p><strong><a href=\"\/wp-content\/uploads\/DOE_REPORT2026_ComputerScienceEducation.pdf\" target=\"_blank\" rel=\"noreferrer noopener\">Ciencias de la Computaci\u00f3n<\/a><\/strong> (PDF)<br><a href=\"https:\/\/www.capitol.hawaii.gov\/hrscurrent\/Vol05_Ch0261-0319\/HRS0302A\/HRS_0302A-0323.htm\" target=\"_blank\" rel=\"noreferrer noopener\">302A-323, HORAS<\/a><\/p>\n\n\n\n<p><strong><a href=\"\/wp-content\/uploads\/DOE_REPORT2026_AdministrativeHearingProcedures.pdf\" target=\"_blank\" rel=\"noreferrer noopener\">Procedimientos de audiencia administrativa y poder de citaci\u00f3n relacionados con la educaci\u00f3n de ni\u00f1os con discapacidad<\/a><\/strong> (PDF)<br><a href=\"https:\/\/www.capitol.hawaii.gov\/hrscurrent\/Vol05_Ch0261-0319\/HRS0302A\/HRS_0302A-0443.htm\" target=\"_blank\" rel=\"noreferrer noopener\">302A-443(e), HRS<\/a><\/p>\n\n\n\n<p><strong><a href=\"\/wp-content\/uploads\/DOE_REPORT2026_SpecialEducationTitleI-FundedPrekindergartenPrograms.pdf\" target=\"_blank\" rel=\"noreferrer noopener\">Educaci\u00f3n especial y aulas p\u00fablicas de preescolar financiadas por el T\u00edtulo I<\/a><\/strong> (PDF)<br><a href=\"http:\/\/www.capitol.hawaii.gov\/hrscurrent\/Vol05_Ch0261-0319\/HRS0302A\/HRS_0302A-0450.htm\" target=\"_blank\" rel=\"noreferrer noopener\">302A-450, HORAS<\/a><\/p>\n\n\n\n<p><strong><a href=\"\/wp-content\/uploads\/DOE_REPORT2026_ComprehensiveAccountabilitySystem.pdf\" target=\"_blank\" rel=\"noreferrer noopener\">Sistema Integral de Rendici\u00f3n de Cuentas<\/a><\/strong> (PDF)<br><a href=\"http:\/\/www.capitol.hawaii.gov\/hrscurrent\/Vol05_Ch0261-0319\/HRS0302A\/HRS_0302A-1004.htm\" target=\"_blank\" rel=\"noreferrer noopener\">302A-1004, HORAS<\/a><\/p>\n\n\n\n<p><strong><a href=\"https:\/\/hawaiipublicschools.org\/wp-content\/uploads\/DOE_REPORT2026_SixYearProgramandFinancialPlanforSchoolRepairandMaintenance-1.pdf\" target=\"_blank\" rel=\"noreferrer noopener\">Programa de seis a\u00f1os y plan financiero para la reparaci\u00f3n y el mantenimiento de escuelas<\/a><\/strong> (PDF)<br><a href=\"http:\/\/www.capitol.hawaii.gov\/hrscurrent\/Vol05_Ch0261-0319\/HRS0302A\/HRS_0302A-1312.htm\" target=\"_blank\" rel=\"noreferrer noopener\">302A-1312, HORAS<\/a><\/p>\n\n\n\n<p><strong><a href=\"\/wp-content\/uploads\/DOE_REPORT2026_FederalGrantsRevolvingFund.pdf\" target=\"_blank\" rel=\"noreferrer noopener\">Fondo Rotatorio para la B\u00fasqueda, Desarrollo y Solicitud de Subvenciones Federales<\/a><\/strong> (PDF)<br><a href=\"http:\/\/www.capitol.hawaii.gov\/hrscurrent\/Vol05_Ch0261-0319\/HRS0302A\/HRS_0302A-1405.htm\" target=\"_blank\" rel=\"noreferrer noopener\">302A-1405, HORAS<\/a><\/p>\n\n\n\n<p><strong><a href=\"\/wp-content\/uploads\/DOE_REPORT2026_SchoolLevelMinorRepairsandMaintenanceSpecialFund.pdf\" target=\"_blank\" rel=\"noreferrer noopener\">Fondo especial para reparaciones y mantenimiento menores a nivel escolar<\/a><\/strong> (PDF)<br><a href=\"http:\/\/www.capitol.hawaii.gov\/hrscurrent\/Vol05_Ch0261-0319\/HRS0302A\/HRS_0302A-1504_0005.htm\" target=\"_blank\" rel=\"noreferrer noopener\">302A-1504.5, HORAS<\/a><\/p>\n\n\n\n<p><strong><a href=\"https:\/\/hawaiipublicschools.org\/wp-content\/uploads\/DOE_REPORT2026_SustainableSchools.pdf\">Escuelas sostenibles<\/a><\/strong> (PDF)<br><a href=\"http:\/\/www.capitol.hawaii.gov\/hrscurrent\/Vol05_Ch0261-0319\/HRS0302A\/HRS_0302A-1510.htm\" target=\"_blank\" rel=\"noreferrer noopener\">302A-1510, HORAS<\/a><\/p>\n\n\n\n<p><strong><a href=\"\/wp-content\/uploads\/DOE_REPORT2026_TeacherEducationCoordinatingCommittee-1.pdf\" target=\"_blank\" rel=\"noreferrer noopener\">Comit\u00e9 Coordinador de Formaci\u00f3n Docente (TECC)<\/a>&nbsp;<\/strong>(PDF)<br><a href=\"http:\/\/www.capitol.hawaii.gov\/hrscurrent\/Vol05_Ch0261-0319\/HRS0304A\/HRS_0304A-1202.htm\" target=\"_blank\" rel=\"noreferrer noopener\">304A-1202, HORAS<\/a><\/p>\n\n\n\n<p><strong><a href=\"\/wp-content\/uploads\/DOE_REPORT2026_TitleIXComplaints.pdf\" target=\"_blank\" rel=\"noreferrer noopener\">Quejas del T\u00edtulo IX<\/a><\/strong> (PDF)<br><a href=\"https:\/\/www.capitol.hawaii.gov\/hrscurrent\/Vol07_Ch0346-0398\/HRS0368D\/HRS_0368D-0004.htm\" target=\"_blank\" rel=\"noreferrer noopener\">368D-4, HORAS<\/a><\/p>\n\n\n\n<p><strong><a href=\"\/wp-content\/uploads\/DOE_REPORT2026_GoalsObjectives.pdf\" target=\"_blank\" rel=\"noreferrer noopener\">Metas, objetivos, pol\u00edticas, plan de acci\u00f3n y medidas de desempe\u00f1o<\/a><\/strong> (PDF)<br><a href=\"https:\/\/www.capitol.hawaii.gov\/slh\/Years\/SLH1999\/SLH1999_Act100.pdf\" target=\"_blank\" rel=\"noreferrer noopener\">Ley 100 (1999) (PDF)<\/a><\/p>\n\n\n\n<p><strong><a href=\"\/wp-content\/uploads\/DOE_REPORT2026_LibrarianPilot.pdf\" target=\"_blank\" rel=\"noreferrer noopener\">Librarian Pilot<\/a><\/strong> (PDF)<br>Act 135 (2025)<\/p>\n\n\n\n<p><strong><a href=\"\/wp-content\/uploads\/DOE_REPORT2026_AutismSpectrumDisorderandAppliedBehaviorAnalysis.pdf\" target=\"_blank\" rel=\"noreferrer noopener\">Trastorno del espectro autista y an\u00e1lisis conductual aplicado<\/a><\/strong> (PDF)<br>\u200b<a href=\"https:\/\/www.capitol.hawaii.gov\/sessions\/session2023\/bills\/SB105_CD1_.htm\" target=\"_blank\" rel=\"noreferrer noopener\">Ley 166 (2023)<\/a><\/p>\n\n\n\n<p><strong><a href=\"\/wp-content\/uploads\/DOE_REPORT2026_CompostingPilotProject.pdf\" target=\"_blank\" rel=\"noreferrer noopener\">Grupo de trabajo del proyecto piloto de subvenci\u00f3n para compostaje<\/a><\/strong> (PDF)<br><a href=\"https:\/\/www.capitol.hawaii.gov\/slh\/Years\/SLH2018\/SLH2018_Act207.pdf\" target=\"_blank\" rel=\"noreferrer noopener\">Ley 207 (2018) (PDF)<\/a><\/p>\n\n\n\n<p><strong><a href=\"\/wp-content\/uploads\/DOE_REPORT2026_EnhancedElectronicHumanResources.pdf\" target=\"_blank\" rel=\"noreferrer noopener\">Instituci\u00f3n de un Sistema Electr\u00f3nico de Recursos Humanos<\/a><\/strong> (PDF)<br><a href=\"https:\/\/www.capitol.hawaii.gov\/slh\/Years\/SLH2022\/SLH2022_Act248.pdf\" target=\"_blank\" rel=\"noreferrer noopener\">Ley 248 (2022) (PDF)<\/a><\/p>\n\n\n\n<p><strong><a href=\"\/wp-content\/uploads\/DOE_REPORT2026_CapitalImprovementProjects.pdf\" target=\"_blank\" rel=\"noreferrer noopener\">Capital Improvement Projects<\/a><\/strong> (PDF)<br>Act 250 (2025)<\/p>\n\n\n\n<p><a href=\"\/wp-content\/uploads\/DOE_REPORT2026_TitleIX.pdf\" target=\"_blank\" rel=\"noreferrer noopener\"><strong>Esfuerzos del Departamento para Cumplir con el T\u00edtulo IX<\/strong> <\/a>(PDF)<br><a href=\"https:\/\/www.capitol.hawaii.gov\/session\/archives\/measure_indiv_Archives.aspx?billtype=HCR&amp;billnumber=198&amp;year=2018\" target=\"_blank\" rel=\"noreferrer noopener\">HCR 198 (2018)<\/a><\/p>\n\n\n\n<p><a href=\"\/wp-content\/uploads\/DOE_REPORT2026_MealCost.pdf\" target=\"_blank\" rel=\"noreferrer noopener\"><strong>Meal Cost<\/strong> <\/a>(PDF)<br>SCR 134 (2025)<br><\/p>\n<\/div>\n<\/div>\n\n\n\n<h2 class=\"wp-block-heading\"><a href=\"https:\/\/hawaiipublicschools.org\/es\/data-reports\/legislative-reports\/legislative-reports-archive\/\" data-type=\"page\" data-id=\"10085\">Legislative reports archive<\/a><\/h2>\n\n\n\n<p>Archived legislative reports for previous legislative sessions.<\/p>\n\n\n\n<p><\/p>","protected":false},"excerpt":{"rendered":"<p>The Hawai\u02bbi State Department of Education prepares annual reports requested by the Legislature and\/or required by statute. 2026 Legislature\u200b\u200b\u200b\u200b\u200b\u200b\u200b\u200b\u200b\u200b\u200b\u200b\u200b\u200b Statute \/ Bill \/ Resolution Local Food as a Percent of Food Costs (PDF)27-8, HRS | 302A-405.6, HRS Impact Aid, United States Department of Defense Funds, and Indirect Overhead Reimbursements (PDF)29-25(d), HRS Carryover Funds on a [&hellip;]<\/p>","protected":false},"author":8,"featured_media":0,"parent":127,"menu_order":19,"comment_status":"closed","ping_status":"closed","template":"","meta":{"_relevanssi_hide_post":"","_relevanssi_hide_content":"","_relevanssi_pin_for_all":"","_relevanssi_pin_keywords":"","_relevanssi_unpin_keywords":"","_relevanssi_related_keywords":"","_relevanssi_related_include_ids":"","_relevanssi_related_exclude_ids":"","_relevanssi_related_no_append":"","_relevanssi_related_not_related":"","_relevanssi_related_posts":"888,9332,8795,9324,15997,2395","_relevanssi_noindex_reason":"","_sitemap_exclude":false,"_sitemap_priority":"","_sitemap_frequency":"","_kad_blocks_custom_css":"","_kad_blocks_head_custom_js":"","_kad_blocks_body_custom_js":"","_kad_blocks_footer_custom_js":"","wp_popup_display_lightbox":0,"wp_popup_suppress":"","wp_popup_trigger":"","wp_popup_trigger_amount":0,"wp_popup_disable_on_mobile":false,"footnotes":""},"class_list":["post-133","page","type-page","status-publish","hentry"],"pp_statuses_selecting_workflow":false,"pp_workflow_action":"current","pp_status_selection":"publish","taxonomy_info":[],"featured_image_src_large":false,"author_info":{"display_name":"Ariana Enomoto","author_link":"https:\/\/hawaiipublicschools.org\/es\/author\/arianastaceyleong-com\/"},"comment_info":0,"publishpress_future_action":{"enabled":false,"date":"2026-04-29 04:53:11","action":"change-status","newStatus":"draft","terms":[],"taxonomy":"","extraData":[]},"publishpress_future_workflow_manual_trigger":{"enabledWorkflows":[]},"_links":{"self":[{"href":"https:\/\/hawaiipublicschools.org\/es\/wp-json\/wp\/v2\/pages\/133","targetHints":{"allow":["GET"]}}],"collection":[{"href":"https:\/\/hawaiipublicschools.org\/es\/wp-json\/wp\/v2\/pages"}],"about":[{"href":"https:\/\/hawaiipublicschools.org\/es\/wp-json\/wp\/v2\/types\/page"}],"author":[{"embeddable":true,"href":"https:\/\/hawaiipublicschools.org\/es\/wp-json\/wp\/v2\/users\/8"}],"replies":[{"embeddable":true,"href":"https:\/\/hawaiipublicschools.org\/es\/wp-json\/wp\/v2\/comments?post=133"}],"version-history":[{"count":0,"href":"https:\/\/hawaiipublicschools.org\/es\/wp-json\/wp\/v2\/pages\/133\/revisions"}],"up":[{"embeddable":true,"href":"https:\/\/hawaiipublicschools.org\/es\/wp-json\/wp\/v2\/pages\/127"}],"wp:attachment":[{"href":"https:\/\/hawaiipublicschools.org\/es\/wp-json\/wp\/v2\/media?parent=133"}],"curies":[{"name":"wp","href":"https:\/\/api.w.org\/{rel}","templated":true}]}}