{"id":125,"date":"2024-09-05T00:02:21","date_gmt":"2024-09-05T00:02:21","guid":{"rendered":"https:\/\/hawaiipublicschools.org\/?page_id=125"},"modified":"2025-10-07T07:30:03","modified_gmt":"2025-10-07T17:30:03","slug":"licensure-certification","status":"publish","type":"page","link":"https:\/\/hawaiipublicschools.org\/es\/jobs\/licensure-certification\/","title":{"rendered":"Licencias y certificaciones"},"content":{"rendered":"<div class=\"wp-block-columns double_col_sidebar is-layout-flex wp-container-core-columns-is-layout-28f84493 wp-block-columns-is-layout-flex\">\n<div class=\"wp-block-column left_col is-layout-flow wp-block-column-is-layout-flow\">\n<p class=\"intro\" style=\"font-size:clamp(0.875rem, 0.875rem + ((1vw - 0.2rem) * 0.531), 1.3rem);\">The Hawai\u02bbi State Department of Education is dedicated to recruiting and supporting highly qualified educators and school staff to ensure student success. Whether you&#8217;re looking to become a licensed teacher, substitute teacher, paraeducator or school administrator, there are many pathways to joining our public education system.<\/p>\n\n\n\n<p><\/p>\n\n\n\n<h2 class=\"wp-block-heading\">\u200b\u200b\u200b\u200b\u200b\u200b\u200b\u200b\u200b\u200b\u200b\u200bProveedores educativos<\/h2>\n\n\n\n<h3 class=\"wp-block-heading\">\u200b\u200b\u200b\u200b\u200b\u200b\u200b\u200b\u200b\u200b\u200bMaestros<\/h3>\n\n\n\n<p>El Departamento renueva su compromiso de contratar docentes con licencia altamente calificados en cada aula. Esta iniciativa se alinea con la Prioridad II del Plan Estrat\u00e9gico del Departamento: Fuerza Educativa de Alta Calidad en Todas las Escuelas.<\/p>\n\n\n\n<p>In order to teach in Hawai\u02bbi\u2019s public schools, you will need to hold a Hawai\u02bbi teaching license or permit. In some states, a license is known as your teaching credential or teacher certification. To obtain your no-cost Hawai\u02bbi teaching license or permit, you must complete the requirements laid out by the state&#8217;s <a href=\"https:\/\/hawaiiteacherstandardsboard.org\/\" data-type=\"link\" data-id=\"https:\/\/hawaiiteacherstandardsboard.org\/\" target=\"_blank\" rel=\"noreferrer noopener\">Junta de Normas Docentes de Haw\u00e1i<\/a>.<\/p>\n\n\n\n<p>Visita nuestra <a href=\"https:\/\/www.teachinhawaii.org\/\" data-type=\"link\" data-id=\"https:\/\/www.teachinhawaii.org\/\" target=\"_blank\" rel=\"noreferrer noopener\">Portal de ense\u00f1anza en Haw\u00e1i<\/a> para obtener m\u00e1s informaci\u00f3n sobre los beneficios de ense\u00f1ar en Haw\u00e1i, incluida la obtenci\u00f3n de una licencia docente.<\/p>\n\n\n\n<h3 class=\"wp-block-heading\">Maestros sustitutos<\/h3>\n\n\n\n<p>El Departamento busca maestros sustitutos para ayudar a mantener la continuidad del aprendizaje en las escuelas. Si te apasiona la educaci\u00f3n y quieres dejar huella en el aula, <a href=\"https:\/\/hawaiipublicschools.org\/es\/jobs\/substitute-teachers\/\" data-type=\"page\" data-id=\"123\">Explorar las calificaciones<\/a>, proceso de contrataci\u00f3n y requisitos de capacitaci\u00f3n para comenzar.<\/p>\n\n\n\n<h3 class=\"wp-block-heading\">Paraeducador (Asistente Educativo)<\/h3>\n\n\n\n<p>Un paraeducador trabaja bajo la supervisi\u00f3n de maestros u otros profesionales. El puesto es de car\u00e1cter educativo y presta otros servicios directos a ni\u00f1os, j\u00f3venes y sus familias, entre ellos:<\/p>\n\n\n\n<ol class=\"wp-block-list\">\n<li>Tutor\u00eda individual.<\/li>\n\n\n\n<li>Ayudar con la gesti\u00f3n del aula.<\/li>\n\n\n\n<li>Proporcionar asistencia instructiva en un laboratorio de computaci\u00f3n.<\/li>\n\n\n\n<li>Realizar actividades de participaci\u00f3n de los padres.<\/li>\n\n\n\n<li>Proporcionar apoyo educativo en una biblioteca o centro de medios.<\/li>\n\n\n\n<li>Actuando como traductor.<\/li>\n\n\n\n<li>Proporcionar servicios de apoyo instructivo bajo la supervisi\u00f3n directa de un docente o profesional altamente calificado.<\/li>\n<\/ol>\n\n\n\n<p>Requisitos m\u00ednimos para paraeducadores:<\/p>\n\n\n\n<ol class=\"wp-block-list\">\n<li>Cuarenta y ocho cr\u00e9ditos semestrales de cursos de bachillerato de una instituci\u00f3n de educaci\u00f3n superior acreditada regionalmente y reconocida por el Departamento. Los 48 cr\u00e9ditos pueden corresponder a diversos programas o \u00e1reas acad\u00e9micas. Adem\u00e1s, seis de los 48 cr\u00e9ditos deben haber sido de cursos de matem\u00e1ticas e ingl\u00e9s de bachillerato.&nbsp;<\/li>\n\n\n\n<li>O un t\u00edtulo de asociado en artes (AA) o ciencias (AS) de una instituci\u00f3n acreditada regionalmente y reconocida por el Departamento. Los cr\u00e9ditos obtenidos para obtener el t\u00edtulo deben corresponder a cursos de nivel de licenciatura.&nbsp;<\/li>\n\n\n\n<li>O bien, un certificado con una puntuaci\u00f3n m\u00ednima de 459 en la <a href=\"http:\/\/www.ets.org\/parapro\/\" target=\"_blank\" rel=\"noreferrer noopener\">Evaluaci\u00f3n ParaPro<\/a> proporcionado por el Servicio de Pruebas Educativas.<\/li>\n<\/ol>\n\n\n\n<p>Para obtener m\u00e1s informaci\u00f3n, comun\u00edquese con el Departamento de Reclutamiento de Personal para Servicios Clasificados y de Apoyo al 808-441-8411.<\/p>\n\n\n\n<h3 class=\"wp-block-heading\">Evaluaci\u00f3n ParaPro<\/h3>\n\n\n\n<p>La evaluaci\u00f3n ParaPro es una opci\u00f3n de evaluaci\u00f3n basada en computadora para asistentes educativos (EA) y tutores paraprofesionales a tiempo parcial (PPT) para cumplir con las calificaciones m\u00ednimas para el empleo.<\/p>\n\n\n\n<p>La administraci\u00f3n de la evaluaci\u00f3n ParaPro est\u00e1 gestionada por el <a href=\"https:\/\/hawaiipublicschools.org\/es\/academics\/adult-ed\/\" data-type=\"page\" data-id=\"34\" target=\"_blank\" rel=\"noreferrer noopener\">Escuela Comunitaria para Adultos (CSA)<\/a>Las personas interesadas en futuras oportunidades de evaluaci\u00f3n de ParaPro pueden comunicarse con los siguientes campus de CSA para obtener m\u00e1s informaci\u00f3n:<\/p>\n\n\n\n<h4 class=\"wp-block-heading\">CSA de McKinley:<\/h4>\n\n\n\n<ul class=\"wp-block-list\">\n<li>Campus McKinley: 808-594-0540<\/li>\n\n\n\n<li>Campus de Kauai: 808-274-3390<\/li>\n\n\n\n<li>Campus de Maui: 808-873-3082<\/li>\n<\/ul>\n\n\n\n<h4 class=\"wp-block-heading\">CSA de Waipahu:<\/h4>\n\n\n\n<ul class=\"wp-block-list\">\n<li>Campus de Waipahu: 808-307-9677<\/li>\n\n\n\n<li>Campus de Hilo: 808-480-3231<\/li>\n\n\n\n<li>Campus de Wahiawa: 808-305-3200<\/li>\n<\/ul>\n\n\n\n<h2 class=\"wp-block-heading\">Programas de preparaci\u00f3n<\/h2>\n\n\n\n<p>Programs that prepare teachers \u2013 including counselor and librarian candidates \u2013 or other practicing professionals, must obtain an affiliation agreement with the Hawai\u02bbi State Department of Education in order to place candidates in our public schools under the direct supervision of a mentor. The Department maintains <a href=\"https:\/\/sites.google.com\/k12.hi.us\/state-of-hawaii-department-of-\/Home\" target=\"_blank\" rel=\"noreferrer noopener\">a list of programs with affiliation agreements<\/a>.<\/p>\n\n\n\n<p><em>Importante: El acuerdo de afiliaci\u00f3n no garantiza que los candidatos que completen un programa de educaci\u00f3n obtengan la aprobaci\u00f3n para obtener una licencia de maestro, consejero escolar o bibliotecario escolar en Haw\u00e1i. Las preguntas sobre si un programa cumple con los requisitos para obtener una licencia en Haw\u00e1i, incluyendo programas fuera del estado, en l\u00ednea y de &quot;ruta alternativa&quot;, deben dirigirse a la Junta de Est\u00e1ndares para Maestros de Haw\u00e1i.<\/em><\/p>\n\n\n\n<h2 class=\"wp-block-heading\">CONVERTIRSE EN ADMINISTRADOR ESCOLAR&nbsp;<\/h2>\n\n\n\n<p>El Departamento de Educaci\u00f3n de Haw\u00e1i se compromete a fortalecer el liderazgo escolar mediante programas de capacitaci\u00f3n y certificaci\u00f3n de alta calidad. Ya sea que aspire a subdirector, director o administrador con experiencia de otro estado, nuestros programas de certificaci\u00f3n garantizan que todos los l\u00edderes escolares est\u00e9n capacitados para guiar a los estudiantes y al personal hacia el \u00e9xito.<\/p>\n\n\n\n<h3 class=\"wp-block-heading\">Programa de Certificaci\u00f3n de Subdirectores de HICISL&nbsp;<\/h3>\n\n\n\n<p>This one-year residency internship provides hands-on leadership experience under the guidance of a mentor principal. Participants gain valuable skills in school administration, and successful completion leads to an Initial School Administrator Certificate (ISAC). This certification allows individuals to apply for vice principal or equivalent positions within Hawai\u02bbi\u2019s public schools.<\/p>\n\n\n\n<h3 class=\"wp-block-heading\">Programa de Certificaci\u00f3n de Directores de HICISL<\/h3>\n\n\n\n<p>Dise\u00f1ado para subdirectores de departamento con titularidad, este programa preparatorio de un a\u00f1o ayuda a los aspirantes a directores a desarrollar las habilidades necesarias para el liderazgo escolar. Al completarlo con \u00e9xito, los participantes reciben un Certificado de Administrador Escolar Profesional (PSAC), que los habilita para postularse a puestos de director o equivalentes.<\/p>\n\n\n\n<h3 class=\"wp-block-heading\">Rutas de certificaci\u00f3n para administradores con licencia fuera del estado<\/h3>\n\n\n\n<p>Los administradores escolares experimentados de otros estados pueden ser elegibles para la certificaci\u00f3n en funci\u00f3n de sus calificaciones.<\/p>\n\n\n\n<p><strong>V\u00eda IV \u2013 Administrador con licencia y experiencia como subdirector<\/strong><\/p>\n\n\n\n<p>Si usted:<\/p>\n\n\n\n<ul class=\"wp-block-list\">\n<li>Tener una licencia v\u00e1lida de administrador escolar K-12 de otro estado de EE. UU.<\/li>\n\n\n\n<li>Tener un t\u00edtulo de maestr\u00eda en Administraci\u00f3n Educativa o Liderazgo Educativo de una universidad acreditada.<\/li>\n\n\n\n<li>Tener al menos tres a\u00f1os de experiencia como administrador escolar autorizado.<\/li>\n<\/ul>\n\n\n\n<p>Usted puede calificar para el Certificado de Administrador Escolar Inicial (ISAC), lo que le permitir\u00e1 postularse para puesto de subdirector o equivalente.<\/p>\n\n\n\n<p><strong>V\u00eda V \u2013 Administrador Licenciado con Experiencia como Director<\/strong><\/p>\n\n\n\n<p>Si usted:<\/p>\n\n\n\n<ul class=\"wp-block-list\">\n<li>Tener una licencia v\u00e1lida de administrador escolar K-12 de otro estado de EE. UU.<\/li>\n\n\n\n<li>Tener una maestr\u00eda en Administraci\u00f3n Educativa o Liderazgo Educativo de una universidad acreditada.<\/li>\n\n\n\n<li>Tener al menos cinco a\u00f1os de experiencia administrativa de K-12, incluidos al menos cuatro a\u00f1os como director. <\/li>\n<\/ul>\n\n\n\n<p>Usted puede calificar para el Certificado de Administrador Escolar Profesional (PSAC), lo que le permitir\u00e1 postularse para puestos de director o equivalentes.<\/p>\n\n\n\n<h2 class=\"wp-block-heading\">Miembros del servicio militar y sus c\u00f3nyuges: portabilidad de licencias<\/h2>\n\n\n\n<p>Seg\u00fan la Ley de Alivio Civil para Miembros de las Fuerzas Armadas (SCRA), el personal militar en servicio activo y sus c\u00f3nyuges pueden seguir utilizando sus licencias profesionales al reubicarse debido a \u00f3rdenes militares. Para calificar, las personas deben: <\/p>\n\n\n\n<ol class=\"wp-block-list\">\n<li>Mudarse fuera de la jurisdicci\u00f3n de la autoridad de licencias que emiti\u00f3 su licencia o certificado original debido a \u00f3rdenes militares.<\/li>\n\n\n\n<li>Proporcionar una copia de sus \u00f3rdenes militares a la nueva autoridad de licencias.&nbsp;<\/li>\n\n\n\n<li>Haber utilizado activamente su licencia o certificado en los dos a\u00f1os anteriores a la reubicaci\u00f3n.<\/li>\n\n\n\n<li>Estar al d\u00eda con la autoridad emisora de licencias.<\/li>\n\n\n\n<li>Cumplir con los est\u00e1ndares de pr\u00e1ctica, disciplina y requisitos de educaci\u00f3n continua en la nueva jurisdicci\u00f3n.<\/li>\n<\/ol>\n<\/div>\n\n\n\n<div class=\"wp-block-column right_col is-layout-flow wp-block-column-is-layout-flow\"><div class=\"kb-row-layout-wrap kb-row-layout-id1050_d76aa3-f2 alignnone wp-block-kadence-rowlayout\"><div class=\"kt-row-column-wrap kt-has-2-columns kt-row-layout-row kt-tab-layout-row kt-mobile-layout-row kt-row-valign-top\">\n\n<div class=\"wp-block-kadence-column kadence-column1050_63c690-aa\"><div class=\"kt-inside-inner-col\">\n<figure class=\"wp-block-image size-full no_margin\"><img loading=\"lazy\" decoding=\"async\" width=\"1024\" height=\"766\" src=\"https:\/\/hawaiipublicschools.org\/wp-content\/uploads\/2024\/12\/Kalo-1024x766.jpg\" alt=\"\" class=\"wp-image-2356\" style=\"aspect-ratio:4\/3;object-fit:cover\" srcset=\"https:\/\/hawaiipublicschools.org\/wp-content\/uploads\/2024\/12\/Kalo-1024x766.jpg 1024w, https:\/\/hawaiipublicschools.org\/wp-content\/uploads\/2024\/12\/Kalo-300x225.jpg 300w, https:\/\/hawaiipublicschools.org\/wp-content\/uploads\/2024\/12\/Kalo-768x575.jpg 768w, https:\/\/hawaiipublicschools.org\/wp-content\/uploads\/2024\/12\/Kalo-16x12.jpg 16w, https:\/\/hawaiipublicschools.org\/wp-content\/uploads\/2024\/12\/Kalo.jpg 1200w\" sizes=\"auto, (max-width: 1024px) 100vw, 1024px\" \/><\/figure>\n<\/div><\/div>\n\n\n\n<div class=\"wp-block-kadence-column kadence-column1050_6ae211-6a\"><div class=\"kt-inside-inner-col\">\n<h5 class=\"wp-block-heading has-base-color has-text-color has-link-color wp-elements-91735848e86ea283e0928ede427b944c\" style=\"margin-top:0px;padding-top:0;padding-bottom:0.5rem;font-size:1.4vw\">Oportunidades de aprendizaje y apoyo<\/h5>\n\n\n\n<p class=\"has-base-color has-text-color has-link-color wp-elements-73de11a7dc8419c68045457638ce71c1\">Learn more about becoming a certified school-level administrator in Hawai\u02bbi.<br><br><strong>Instituto de Desarrollo Profesional e Investigaci\u00f3n Educativa (PDERI)<\/strong><br>345 Puuhale Rd., Habitaci\u00f3n 106, Honolulu, Hawaii 96819<br>Tel\u00e9fono: 808-784-5300<br><a href=\"http:\/\/pderi.org\/\" target=\"_blank\" rel=\"noreferrer noopener\">pderi.org<\/a><\/p>\n<\/div><\/div>\n\n<\/div><\/div><\/div>\n<\/div>","protected":false},"excerpt":{"rendered":"<p>The Hawai\u02bbi State Department of Education is dedicated to recruiting and supporting highly qualified educators and school staff to ensure student success. Whether you&#8217;re looking to become a licensed teacher, substitute teacher, paraeducator or school administrator, there are many pathways to joining our public education system. \u200b\u200b\u200b\u200b\u200b\u200b\u200b\u200b\u200bEducational providers \u200b\u200b\u200b\u200b\u200b\u200b\u200b\u200b\u200bTeachers The Department is renewing its commitment [&hellip;]<\/p>","protected":false},"author":8,"featured_media":0,"parent":122,"menu_order":21,"comment_status":"closed","ping_status":"closed","template":"wp-custom-template-page-for-custom-sidebar","meta":{"_relevanssi_hide_post":"","_relevanssi_hide_content":"","_relevanssi_pin_for_all":"","_relevanssi_pin_keywords":"","_relevanssi_unpin_keywords":"","_relevanssi_related_keywords":"","_relevanssi_related_include_ids":"","_relevanssi_related_exclude_ids":"","_relevanssi_related_no_append":"","_relevanssi_related_not_related":"","_relevanssi_related_posts":"","_relevanssi_noindex_reason":"","_sitemap_exclude":false,"_sitemap_priority":"","_sitemap_frequency":"","_kad_blocks_custom_css":"","_kad_blocks_head_custom_js":"","_kad_blocks_body_custom_js":"","_kad_blocks_footer_custom_js":"","wp_popup_display_lightbox":0,"wp_popup_suppress":"","wp_popup_trigger":"","wp_popup_trigger_amount":0,"wp_popup_disable_on_mobile":false,"footnotes":""},"class_list":["post-125","page","type-page","status-publish","hentry"],"pp_statuses_selecting_workflow":false,"pp_workflow_action":"current","pp_status_selection":"publish","taxonomy_info":[],"featured_image_src_large":false,"author_info":{"display_name":"Ariana Enomoto","author_link":"https:\/\/hawaiipublicschools.org\/es\/author\/arianastaceyleong-com\/"},"comment_info":0,"publishpress_future_action":{"enabled":false,"date":"2026-04-14 00:16:20","action":"change-status","newStatus":"draft","terms":[],"taxonomy":"","extraData":[]},"publishpress_future_workflow_manual_trigger":{"enabledWorkflows":[]},"_links":{"self":[{"href":"https:\/\/hawaiipublicschools.org\/es\/wp-json\/wp\/v2\/pages\/125","targetHints":{"allow":["GET"]}}],"collection":[{"href":"https:\/\/hawaiipublicschools.org\/es\/wp-json\/wp\/v2\/pages"}],"about":[{"href":"https:\/\/hawaiipublicschools.org\/es\/wp-json\/wp\/v2\/types\/page"}],"author":[{"embeddable":true,"href":"https:\/\/hawaiipublicschools.org\/es\/wp-json\/wp\/v2\/users\/8"}],"replies":[{"embeddable":true,"href":"https:\/\/hawaiipublicschools.org\/es\/wp-json\/wp\/v2\/comments?post=125"}],"version-history":[{"count":0,"href":"https:\/\/hawaiipublicschools.org\/es\/wp-json\/wp\/v2\/pages\/125\/revisions"}],"up":[{"embeddable":true,"href":"https:\/\/hawaiipublicschools.org\/es\/wp-json\/wp\/v2\/pages\/122"}],"wp:attachment":[{"href":"https:\/\/hawaiipublicschools.org\/es\/wp-json\/wp\/v2\/media?parent=125"}],"curies":[{"name":"wp","href":"https:\/\/api.w.org\/{rel}","templated":true}]}}