{"id":124,"date":"2025-10-07T07:31:43","date_gmt":"2025-10-07T17:31:43","guid":{"rendered":"https:\/\/hawaiipublicschools.org\/?page_id=124"},"modified":"2026-03-24T14:43:24","modified_gmt":"2026-03-25T00:43:24","slug":"employee-benefits-and-salary","status":"publish","type":"page","link":"https:\/\/hawaiipublicschools.org\/es\/jobs\/employee-benefits-and-salary\/","title":{"rendered":"Beneficios para empleados"},"content":{"rendered":"<div class=\"wp-block-columns double_col_sidebar is-layout-flex wp-container-core-columns-is-layout-28f84493 wp-block-columns-is-layout-flex\">\n<div class=\"wp-block-column left_col is-layout-flow wp-block-column-is-layout-flow\">\n<p class=\"intro\" style=\"font-size:clamp(0.875rem, 0.875rem + ((1vw - 0.2rem) * 0.531), 1.3rem);\">Como parte de nuestro compromiso con el bienestar y el \u00e9xito de nuestros empleados, el Departamento ofrece un paquete integral de beneficios. Desde planes de pensiones hasta opciones de cobertura m\u00e9dica, nuestros empleados tienen acceso a una variedad de beneficios.<\/p>\n\n\n\n<p>Adem\u00e1s, ofrecemos programas de ahorro con impuestos diferidos, compensaci\u00f3n laboral y seguro por incapacidad temporal, todo con el objetivo de ayudar a los empleados a conciliar su vida laboral y personal. Explore los diversos beneficios disponibles para aprovechar al m\u00e1ximo su empleo.<\/p>\n\n\n\n<h2 class=\"wp-block-heading\">Pensi\u00f3n<\/h2>\n\n\n\n<h3 class=\"wp-block-heading\">Sistema de Jubilaci\u00f3n de Empleados (ERS)<\/h3>\n\n\n\n<p>Los empleados nombrados por un per\u00edodo superior a tres meses y que ocupen puestos que requieran al menos la mitad del equivalente a tiempo completo son miembros de la <a href=\"https:\/\/ers.ehawaii.gov\/\" target=\"_blank\" rel=\"noreferrer noopener\">Sistema de Jubilaci\u00f3n de Empleados (ERS)<\/a> bajo un plan de jubilaci\u00f3n contributivo, no contributivo o h\u00edbrido seg\u00fan lo prescrito por la ley estatal a la fecha de empleo.<\/p>\n\n\n\n<h2 class=\"wp-block-heading\">Beneficios para la salud<\/h2>\n\n\n\n<h3 class=\"wp-block-heading\">Fondo Fiduciario de Prestaciones de Salud de Empleadores y Sindicatos (EUTF)<\/h3>\n\n\n\n<p>Los empleados elegibles pueden inscribirse en los planes de beneficios que ofrece el EUTF estatal. Los planes de atenci\u00f3n m\u00e9dica\/quiropr\u00e1ctica, medicamentos recetados, atenci\u00f3n dental y de la vista requieren copagos por parte del empleador y del empleado. La prima mensual del seguro de vida colectivo la paga \u00fanicamente el empleador; sin embargo, el empleado debe inscribirse para recibir cobertura. La informaci\u00f3n sobre los planes y las tarifas se encuentra en el <a href=\"https:\/\/eutf.hawaii.gov\" target=\"_blank\" rel=\"noreferrer noopener\">Gu\u00eda de inscripci\u00f3n abierta de EUTF para empleados activos<\/a>.&nbsp;<\/p>\n\n\n\n<p>Durante el a\u00f1o del plan, cuando se producen ciertos eventos habilitantes a mitad de a\u00f1o, los empleados pueden inscribirse, cambiar o cancelar sus planes de beneficios del EUTF. Los siguientes son eventos habilitantes comunes: adquisici\u00f3n de otra cobertura, adopci\u00f3n, nacimiento, uni\u00f3n civil, fallecimiento del c\u00f3nyuge o dependiente, divorcio, pareja de hecho, tutela legal, p\u00e9rdida de cobertura, matrimonio, nuevo estudiante elegible, regreso de una licencia autorizada o jubilaci\u00f3n del c\u00f3nyuge empleado estatal o del condado. Los empleados tienen 30 d\u00edas a partir del evento habilitante para presentar un formulario de inscripci\u00f3n original y cualquier documentaci\u00f3n de respaldo pertinente a la Unidad de Beneficios para Empleados del Departamento. Puede comunicarse con el EUTF al 808-586-7390 (O&#039;ahu) o al 800-295-0089 (Islas Vecinas) para obtener m\u00e1s informaci\u00f3n.<\/p>\n\n\n\n<h3 class=\"wp-block-heading\">Opci\u00f3n de Plan de Conversi\u00f3n Premium (PCP)<\/h3>\n\n\n\n<p>Bajo el programa PCP, los empleados elegibles pueden aumentar su salario neto al solicitar al empleador que deduzca el costo de las primas de sus beneficios m\u00e9dicos de su salario antes de la retenci\u00f3n de impuestos. Puede obtener m\u00e1s informaci\u00f3n en el sitio web del estado. <a href=\"http:\/\/dhrd.hawaii.gov\/state-employees\/employee-benefits\/tax-savings-plan-benefits\/\" target=\"_blank\" rel=\"noreferrer noopener\">Departamento de Desarrollo de Recursos Humanos<\/a> sitio.<\/p>\n\n\n\n<h3 class=\"wp-block-heading\">CuidadoDeSalud.gov<\/h3>\n\n\n\n<p>El Hawai\u02bbi Health Connector se cancel\u00f3 en 2016 para cumplir con la solicitud del gobierno federal de cambiar a <a href=\"https:\/\/www.healthcare.gov\/\" target=\"_blank\" rel=\"noreferrer noopener\">CuidadoDeSalud.gov<\/a>.<\/p>\n\n\n\n<h2 class=\"wp-block-heading\">Programas de impuestos diferidos<\/h2>\n\n\n\n<h3 class=\"wp-block-heading\">Programa de anualidades protegidas de impuestos<\/h3>\n\n\n\n<p>Los empleados pueden participar en el Programa de Anualidades con Refugio Fiscal que ofrece el Departamento. Pueden realizar contribuciones antes de impuestos mediante deducciones de n\u00f3mina y complementar sus beneficios de jubilaci\u00f3n. Para m\u00e1s informaci\u00f3n, comun\u00edquese con la Unidad de Beneficios para Empleados al 808-441-8311.<\/p>\n\n\n\n<h3 class=\"wp-block-heading\">Plan de Compensaci\u00f3n Diferida del Estado<\/h3>\n\n\n\n<p>Conocido como el Plan Island $avings, los empleados estatales elegibles pueden participar en este plan voluntario de ahorro para la jubilaci\u00f3n antes de impuestos que ofrece el estado. Para m\u00e1s informaci\u00f3n, visite&nbsp;<a href=\"https:\/\/islandsavings.empower-retirement.com\/participant\/#\/sfd-login?accu=Hawaii\" target=\"_blank\" rel=\"noreferrer noopener\">Plan de la isla $avings<\/a>&nbsp;sitio web.<\/p>\n\n\n\n<h3 class=\"wp-block-heading\" id=\"psvpd\">Post-Separation Vacation Pay Deferral Program<\/h3>\n\n\n\n<p>The Post-Separation Vacation Pay Deferral (PSVPD) Program provides all Department employees who earn vacation leave credits the ability to defer pay or compensation received for unused vacation leave credits after separation from service due to retirement. Employees can defer with either the State of Hawai\u02bbi Deferred Compensation (<a href=\"https:\/\/islandsavings.empower-retirement.com\/participant\/#\/sfd-login?accu=Hawaii\" target=\"_blank\" rel=\"noreferrer noopener\">Plan de la isla $avings<\/a>) and\/or 403(b) Tax-Sheltered Annuity voluntary retirement plans. Deferring pay for unused vacation leave credits can provide tax savings on such pay in addition to significantly increasing an employee\u2019s retirement savings. Contact the Employee Benefits Unit at 808-441-8311 for more information.<\/p>\n\n\n\n<h3 class=\"wp-block-heading\">Cuenta de gastos flexibles<\/h3>\n\n\n\n<p>El estado&nbsp;<a href=\"http:\/\/dhrd.hawaii.gov\/state-employees\/employee-benefits\/family-friendly-benefits\/island-flex-flexible-spending-accounts-plan\/\" target=\"_blank\" rel=\"noreferrer noopener\">Island Flex<\/a>&nbsp;La cuenta de gastos flexible ofrece dos formas de reducir las retenciones de impuestos federales y estatales y los impuestos de seguridad social de los empleados:<\/p>\n\n\n\n<ol class=\"wp-block-list\">\n<li>La cuenta de gastos m\u00e9dicos flexibles (FSA m\u00e9dica) permite a los empleados pagar gastos de atenci\u00f3n m\u00e9dica no reembolsados de su bolsillo elegibles antes de impuestos.<\/li>\n\n\n\n<li>La Cuenta de Gastos Flexibles para el Cuidado de Dependientes (FSA para el Cuidado de Dependientes) permite a los empleados pagar los gastos elegibles de cuidado de dependientes antes de impuestos.<\/li>\n<\/ol>\n\n\n\n<h3 class=\"wp-block-heading\">Plan de Jubilaci\u00f3n con Compensaci\u00f3n Diferida para Empleados a Tiempo Parcial<\/h3>\n\n\n\n<p>El estado ofrece un Plan de Jubilaci\u00f3n de Compensaci\u00f3n Diferida PTS para empleados estatales a tiempo parcial, temporales y de temporada\/ocasionales que no son elegibles para participar en el ERS estatal. Las contribuciones de los empleados a este Plan PTS reemplazan las contribuciones al Seguro Social. Para obtener m\u00e1s informaci\u00f3n, los empleados pueden comunicarse con el administrador externo del plan, Comprehensive Financial Planning Inc., al 808-596-7006 (O&#039;ahu) y al 800-600-7167 (Islas Vecinas), o visitar&nbsp;<a href=\"http:\/\/dhrd.hawaii.gov\/retirees\/pts\/\" target=\"_blank\" rel=\"noreferrer noopener\">su sitio web<\/a>.<\/p>\n\n\n\n<h3 class=\"wp-block-heading\">Parque flexible<\/h3>\n\n\n\n<p>Permite a los empleados deducir las tarifas de estacionamiento elegibles de los fondos antes de impuestos. Las tarifas de estacionamiento elegibles son las asignadas en un estacionamiento administrado por el Departamento de Contabilidad y Servicios Generales del estado. Para m\u00e1s informaci\u00f3n, visite&nbsp;<a href=\"http:\/\/dhrd.hawaii.gov\/state-employees\/employee-benefits\/tax-savings-plan-benefits\/\" target=\"_blank\" rel=\"noreferrer noopener\">Departamento de Desarrollo de Recursos Humanos<\/a>&nbsp;sitio.<\/p>\n\n\n\n<h2 class=\"wp-block-heading\">Compensaci\u00f3n laboral<\/h2>\n\n\n\n<p>La ley estatal de compensaci\u00f3n laboral ofrece beneficios a los empleados que sufren una lesi\u00f3n o enfermedad laboral, incluyendo el pago de gastos m\u00e9dicos seg\u00fan lo requiera la naturaleza de la lesi\u00f3n o enfermedad durante el tiempo que sea razonablemente necesario, la restituci\u00f3n del salario, la incapacidad permanente o parcial permanente, la rehabilitaci\u00f3n, los servicios de un asistente, la desfiguraci\u00f3n y la asignaci\u00f3n para gastos funerarios y de entierro. Se puede pagar una parte del salario si los empleados no pueden trabajar debido a la lesi\u00f3n o enfermedad laboral.&nbsp;<\/p>\n\n\n\n<p>Adem\u00e1s, los empleados pueden complementar sus beneficios de compensaci\u00f3n laboral con los cr\u00e9ditos disponibles por licencia por enfermedad y vacaciones. Existe un per\u00edodo de espera obligatorio de tres d\u00edas a partir del primer d\u00eda de incapacidad, certificado por un m\u00e9dico colegiado. Los beneficios de compensaci\u00f3n laboral son gratuitos para los empleados. Para m\u00e1s informaci\u00f3n, comun\u00edquese con la Unidad de Compensaci\u00f3n Laboral al 808-441-8484.<\/p>\n\n\n\n<h2 class=\"wp-block-heading\">Seguro de Incapacidad Temporal<\/h2>\n\n\n\n<p>Los empleados que sufren una lesi\u00f3n o enfermedad no laboral pueden tener derecho a prestaciones por incapacidad temporal. Estas prestaciones sustituyen una parte del salario hasta un m\u00e1ximo de 26 semanas, si se cumplen todos los requisitos. Hay un periodo de espera obligatorio de siete d\u00edas a partir del primer d\u00eda de incapacidad. Los empleados deben agotar todos los cr\u00e9ditos de licencia por enfermedad acumulados y no utilizados antes de recibir estas prestaciones. Estas prestaciones son gratuitas para los empleados que cumplen los requisitos. Para obtener m\u00e1s informaci\u00f3n, comun\u00edquese con la Unidad de Beneficios para Empleados al 808-441-8311.<\/p>\n<\/div>\n\n\n\n<div class=\"wp-block-column right_col is-layout-flow wp-block-column-is-layout-flow\"><div class=\"kb-row-layout-wrap kb-row-layout-id6560_2c6583-e1 alignnone wp-block-kadence-rowlayout\"><div class=\"kt-row-column-wrap kt-has-2-columns kt-row-layout-row kt-tab-layout-row kt-mobile-layout-row kt-row-valign-top\">\n\n<div class=\"wp-block-kadence-column kadence-column6560_7b70a7-b5\"><div class=\"kt-inside-inner-col\">\n<figure class=\"wp-block-image size-large no_margin\"><img loading=\"lazy\" decoding=\"async\" width=\"1024\" height=\"685\" src=\"https:\/\/hawaiipublicschools.org\/wp-content\/uploads\/Courtney-Suma-Kapolei-HS-2-1024x685.png\" alt=\"\" class=\"wp-image-16110\" style=\"aspect-ratio:4\/3;object-fit:cover\" srcset=\"https:\/\/hawaiipublicschools.org\/wp-content\/uploads\/Courtney-Suma-Kapolei-HS-2-1024x685.png 1024w, https:\/\/hawaiipublicschools.org\/wp-content\/uploads\/Courtney-Suma-Kapolei-HS-2-300x201.png 300w, https:\/\/hawaiipublicschools.org\/wp-content\/uploads\/Courtney-Suma-Kapolei-HS-2-768x514.png 768w, https:\/\/hawaiipublicschools.org\/wp-content\/uploads\/Courtney-Suma-Kapolei-HS-2-18x12.png 18w, https:\/\/hawaiipublicschools.org\/wp-content\/uploads\/Courtney-Suma-Kapolei-HS-2.png 1200w\" sizes=\"auto, (max-width: 1024px) 100vw, 1024px\" \/><\/figure>\n<\/div><\/div>\n\n\n\n<div class=\"wp-block-kadence-column kadence-column6560_2a0af9-9c\"><div class=\"kt-inside-inner-col\">\n<h5 class=\"wp-block-heading has-base-color has-text-color has-link-color wp-elements-1651807adfa5d5c186f5975ed88182a9\" style=\"margin-top:0px;padding-bottom:0.5rem;font-size:1.4vw\">hacer una verdadera diferencia<\/h5>\n\n\n\n<p class=\"has-base-color has-text-color has-link-color wp-elements-855c172aece496ae5624d9c92857926c\">Inspira y cautiva a los j\u00f3venes como docente del Departamento de Educaci\u00f3n del Estado de Haw\u00e1i. Descubre las emocionantes oportunidades de docencia en todas las islas, trabajando con estudiantes de preescolar, primaria, secundaria y preparatoria.<\/p>\n\n\n\n<div class=\"wp-block-buttons is-layout-flex wp-block-buttons-is-layout-flex\" style=\"margin-bottom:var(--wp--preset--spacing--10)\">\n<div class=\"wp-block-button has-custom-font-size ghost negative custom_button border_bx-pos is-style-outline is-style-outline--1\" style=\"font-size:0.8rem\"><a rel=\"\" target=\"\" href=\"https:\/\/hawaiipublicschools.org\/es\/jobs\/jobs-listing\/\" class=\"wp-block-button__link has-base-color has-text-color has-link-color has-border-color has-base-border-color wp-element-button\" style=\"border-width:2px;padding-top:12px;padding-right:20px;padding-bottom:12px;padding-left:20px\">Encontrar el trabajo<\/a><\/div>\n<\/div>\n<\/div><\/div>\n\n<\/div><\/div><\/div>\n<\/div>\n\n\n\n<h2 class=\"wp-block-heading\">Teacher Housing Opportunities<\/h2>\n\n\n\n<p>El objetivo del programa de Viviendas para Maestros en Haw\u00e1i* es abordar la escasez de viviendas de alquiler asequibles y de docentes en zonas con dificultades para encontrar personal, ofreciendo incentivos de vivienda. Estos incentivos ayudan a atraer y retener a docentes altamente cualificados. El Departamento de Educaci\u00f3n puede proporcionar vivienda o estipendios a trav\u00e9s del programa de Viviendas para Maestros, perteneciente a la Oficina de Instalaciones Escolares y Servicios de Apoyo.<br><em>*Tenga en cuenta que la vivienda no est\u00e1 garantizada y no est\u00e1 destinada a una ocupaci\u00f3n a largo plazo.<\/em><\/p>\n\n\n\n<p><strong>Forms and Additional Information<\/strong><\/p>\n\n\n\n<ol class=\"wp-block-list\">\n<li><a href=\"\/wp-content\/uploads\/Teacher-Housing-Manual.pdf\" data-type=\"attachment\" data-id=\"9156\" target=\"_blank\" rel=\"noreferrer noopener\">Manual de vivienda para profesores<\/a><\/li>\n\n\n\n<li><a href=\"https:\/\/hawaiipublicschools.org\/wp-content\/uploads\/Teacher-Housing-Application-SY2026-27.pdf\" data-type=\"attachment\" data-id=\"9158\" target=\"_blank\" rel=\"noreferrer noopener\">Solicitud de alojamiento para profesores<\/a>\u00a0\u2013 Please complete and send to your district\u00a0HR Regional Office to certify. HRRO will route to Teacher Housing for processing.\n<ul class=\"wp-block-list\">\n<li><a href=\"\/wp-content\/uploads\/Teacher-Housing-Application-PCS-SY2026-27.pdf\" data-type=\"attachment\" data-id=\"9159\" target=\"_blank\" rel=\"noreferrer noopener\">Solicitud de alojamiento para profesores de escuelas p\u00fablicas aut\u00f3nomas (PCS)<\/a>&nbsp;Por favor, complete el formulario y env\u00edelo al administrador de su escuela. La escuela lo completar\u00e1 y lo enviar\u00e1.<\/li>\n<\/ul>\n<\/li>\n\n\n\n<li><a href=\"\/wp-content\/uploads\/Teacher-Housing-Rates-2026.pdf\" data-type=\"attachment\" data-id=\"9152\" target=\"_blank\" rel=\"noreferrer noopener\">Rates (School&nbsp;Year 2026-27)<\/a><\/li>\n\n\n\n<li><a href=\"\/wp-content\/uploads\/Teacher-Housing-Special-Provision-Form.pdf\" data-type=\"attachment\" data-id=\"9151\" target=\"_blank\" rel=\"noreferrer noopener\">Formulario de Disposici\u00f3n Especial<\/a><\/li>\n\n\n\n<li><a href=\"\/wp-content\/uploads\/Teacher-Housing-Priority-Placement.pdf\" data-type=\"attachment\" data-id=\"9154\" target=\"_blank\" rel=\"noreferrer noopener\">Prioridad de colocaci\u00f3n<\/a><\/li>\n\n\n\n<li><a href=\"\/wp-content\/uploads\/Teacher-Housing-Rental-Agreement.pdf\" data-type=\"attachment\" data-id=\"9153\" target=\"_blank\" rel=\"noreferrer noopener\">Modelo de contrato de alquiler<\/a>&nbsp;(The rental agreement will be sent to the&nbsp;applicant once the application is processed.)<\/li>\n\n\n\n<li><a href=\"https:\/\/hawaiipublicschools.org\/wp-content\/uploads\/Teacher-Housing-Locations.pdf\" data-type=\"attachment\" data-id=\"9526\" target=\"_blank\" rel=\"noreferrer noopener\">Ubicaciones de alojamiento para profesores<\/a><\/li>\n\n\n\n<li><a href=\"\/wp-content\/uploads\/Teacher-Housing-Hawaii-District-Fact-Sheet.pdf\" data-type=\"attachment\" data-id=\"9157\" target=\"_blank\" rel=\"noreferrer noopener\">Hoja informativa del distrito de Haw\u00e1i<\/a><\/li>\n\n\n\n<li><a href=\"\/wp-content\/uploads\/Teacher-Housing-Maui-District-Fact-Sheet.pdf\" data-type=\"attachment\" data-id=\"9155\" target=\"_blank\" rel=\"noreferrer noopener\">Hoja informativa del distrito de Maui<\/a><\/li>\n\n\n\n<li><a href=\"\/wp-content\/uploads\/Teacher-Housing-Map.pdf\" target=\"_blank\" rel=\"noreferrer noopener\">Teacher Housing Map<\/a><\/li>\n<\/ol>\n\n\n\n<p><strong>Administrador de propiedades de vivienda para maestros<\/strong><\/p>\n\n\n\n<p>VIVIENDA PARA PROFESORES<br>3633 Avenida Waialae, Sala C210<br>Honolulu, Haw\u00e1i 96816<br>L\u00cdNEA DIRECTA: (808) 784-6837<br>FAX: 808-733-2102<br><a href=\"mailto:TeacherHousing@k12.hi.us\" target=\"_blank\" rel=\"noreferrer noopener\">Correo electr\u00f3nico<\/a><\/p>\n\n\n\n<h2 class=\"wp-block-heading\">Lahaina employee workforce housing<\/h2>\n\n\n\n<p><a href=\"\/es\/jobs\/employee-benefits-and-salary\/lahaina-employee-workforce-housing\/\">More information on the employee housing in Lahaina<\/a>. For questions, please email <a href=\"mailto:EmployeeHousing@k12.hi.us\">EmployeeHousing@k12.hi.us<\/a>.<\/p>\n\n\n\n<p><\/p>","protected":false},"excerpt":{"rendered":"<p>As part of our commitment to supporting the well-being and success of our workforce, the Department offers a comprehensive benefits package. From pension plans to health coverage options, our employees enjoy access to a range of benefits. In addition, we offer tax-deferred savings programs, workers&#8217; compensation, and temporary disability insurance \u2014 all aimed at helping [&hellip;]<\/p>","protected":false},"author":8,"featured_media":0,"parent":122,"menu_order":13,"comment_status":"closed","ping_status":"closed","template":"wp-custom-template-page-for-custom-sidebar","meta":{"_relevanssi_hide_post":"","_relevanssi_hide_content":"","_relevanssi_pin_for_all":"","_relevanssi_pin_keywords":"","_relevanssi_unpin_keywords":"","_relevanssi_related_keywords":"","_relevanssi_related_include_ids":"","_relevanssi_related_exclude_ids":"","_relevanssi_related_no_append":"","_relevanssi_related_not_related":"","_relevanssi_related_posts":"888,2395,9337,16623,10010,11248","_relevanssi_noindex_reason":"","_sitemap_exclude":false,"_sitemap_priority":"","_sitemap_frequency":"","_kad_blocks_custom_css":"","_kad_blocks_head_custom_js":"","_kad_blocks_body_custom_js":"","_kad_blocks_footer_custom_js":"","wp_popup_display_lightbox":0,"wp_popup_suppress":"","wp_popup_trigger":"","wp_popup_trigger_amount":0,"wp_popup_disable_on_mobile":false,"footnotes":""},"class_list":["post-124","page","type-page","status-publish","hentry"],"pp_statuses_selecting_workflow":false,"pp_workflow_action":"current","pp_status_selection":"publish","taxonomy_info":[],"featured_image_src_large":false,"author_info":{"display_name":"Ariana Enomoto","author_link":"https:\/\/hawaiipublicschools.org\/es\/author\/arianastaceyleong-com\/"},"comment_info":0,"publishpress_future_action":{"enabled":false,"date":"2026-04-30 03:23:03","action":"change-status","newStatus":"draft","terms":[],"taxonomy":"","extraData":[]},"publishpress_future_workflow_manual_trigger":{"enabledWorkflows":[]},"_links":{"self":[{"href":"https:\/\/hawaiipublicschools.org\/es\/wp-json\/wp\/v2\/pages\/124","targetHints":{"allow":["GET"]}}],"collection":[{"href":"https:\/\/hawaiipublicschools.org\/es\/wp-json\/wp\/v2\/pages"}],"about":[{"href":"https:\/\/hawaiipublicschools.org\/es\/wp-json\/wp\/v2\/types\/page"}],"author":[{"embeddable":true,"href":"https:\/\/hawaiipublicschools.org\/es\/wp-json\/wp\/v2\/users\/8"}],"replies":[{"embeddable":true,"href":"https:\/\/hawaiipublicschools.org\/es\/wp-json\/wp\/v2\/comments?post=124"}],"version-history":[{"count":3,"href":"https:\/\/hawaiipublicschools.org\/es\/wp-json\/wp\/v2\/pages\/124\/revisions"}],"predecessor-version":[{"id":19094,"href":"https:\/\/hawaiipublicschools.org\/es\/wp-json\/wp\/v2\/pages\/124\/revisions\/19094"}],"up":[{"embeddable":true,"href":"https:\/\/hawaiipublicschools.org\/es\/wp-json\/wp\/v2\/pages\/122"}],"wp:attachment":[{"href":"https:\/\/hawaiipublicschools.org\/es\/wp-json\/wp\/v2\/media?parent=124"}],"curies":[{"name":"wp","href":"https:\/\/api.w.org\/{rel}","templated":true}]}}