{"id":119,"date":"2024-09-04T23:58:15","date_gmt":"2024-09-04T23:58:15","guid":{"rendered":"https:\/\/hawaiipublicschools.org\/?page_id=119"},"modified":"2025-07-16T14:56:47","modified_gmt":"2025-07-17T00:56:47","slug":"comprehensive-literacy-state-development-grant-clsd","status":"publish","type":"page","link":"https:\/\/hawaiipublicschools.org\/es\/about\/federal-grants\/comprehensive-literacy-state-development-grant-clsd\/","title":{"rendered":"Subvenci\u00f3n estatal para el desarrollo de la alfabetizaci\u00f3n integral (CLSD)"},"content":{"rendered":"<div class=\"wp-block-columns double_col_sidebar is-layout-flex wp-container-core-columns-is-layout-28f84493 wp-block-columns-is-layout-flex\">\n<div class=\"wp-block-column left_col is-layout-flow wp-block-column-is-layout-flow\">\n<h2 class=\"wp-block-heading\">Descripci\u00f3n general<\/h2>\n\n\n\n<p>El Departamento de Educaci\u00f3n de EE.UU. ha concedido al Departamento de Educaci\u00f3n del Estado de Haw\u00e1i (HIDOE) un <a href=\"https:\/\/hawaiipublicschools.org\/es\/hidoe-awarded-60-million-in-five-year-comprehensive-literacy-state-development-grant\/\">Subvenci\u00f3n de $60 millones a cinco a\u00f1os<\/a> El objetivo es promover pr\u00e1cticas de alfabetizaci\u00f3n efectivas y basadas en evidencia en las escuelas p\u00fablicas. Esto sigue a una subvenci\u00f3n estatal para el desarrollo de la alfabetizaci\u00f3n integral (CLSD) de casi $50 millones de cinco a\u00f1os recibida en 2019. El dominio de las artes del lenguaje es un indicador clave de desempe\u00f1o seg\u00fan el Plan de alfabetizaci\u00f3n 2023-29 de la Junta de Educaci\u00f3n. <a href=\"https:\/\/hawaiipublicschools.org\/es\/about\/federal-grants\/comprehensive-literacy-state-development-grant-clsd\/\">Plan estrat\u00e9gico<\/a>.<\/p>\n\n\n\n<p>The purpose of the CLSD grant is to support states in creating comprehensive literacy programs to advance literacy skills, including pre-literacy skills, reading and writing, for children from birth through Grade 12.<\/p>\n\n\n\n<h3 class=\"wp-block-heading\">Objetivos de la subvenci\u00f3n CLSD&nbsp;<\/h3>\n\n\n\n<ul class=\"wp-block-list\">\n<li>Enhance birth to grade 12 literacy outcomes for all students;<\/li>\n\n\n\n<li>Implementar pr\u00e1cticas de alfabetizaci\u00f3n basadas en evidencia con fidelidad;<\/li>\n\n\n\n<li>Garantizar que los beneficiarios desarrollen planes de alfabetizaci\u00f3n basados en evidencia;<\/li>\n\n\n\n<li>Mejorar la toma de decisiones basada en datos; y<\/li>\n\n\n\n<li>Involucrar a las familias en el apoyo al desarrollo de la alfabetizaci\u00f3n de sus hijos.<\/li>\n<\/ul>\n\n\n\n<p>Los fondos se utilizar\u00e1n:<\/p>\n\n\n\n<ul class=\"wp-block-list\">\n<li>Abordar las necesidades de alfabetizaci\u00f3n de los estudiantes y las familias;<\/li>\n\n\n\n<li>Implementar las actividades que fueron articuladas en la propuesta completa;<\/li>\n\n\n\n<li>Para el personal adicional necesario para implementar las actividades aprobadas;<\/li>\n\n\n\n<li>Por los costos de servicios, suministros, materiales y equipos necesarios para implementar las actividades aprobadas.<\/li>\n<\/ul>\n<\/div>\n\n\n\n<div class=\"wp-block-column right_col is-layout-flow wp-block-column-is-layout-flow\">\n<h3 class=\"wp-block-heading\">Acerca de<\/h3>\n\n\n<ul class=\"wp-block-page-list\"><li class=\"wp-block-pages-list__item has-child\"><a class=\"wp-block-pages-list__item__link\" href=\"https:\/\/hawaiipublicschools.org\/es\/about\/organization\/\">Organizaci\u00f3n<\/a><ul class=\"wp-block-navigation__submenu-container\"><li class=\"wp-block-pages-list__item\"><a class=\"wp-block-pages-list__item__link\" href=\"https:\/\/hawaiipublicschools.org\/es\/about\/organization\/strive-hi-dashboard\/\">Panel de control de Strive HI<\/a><\/li><\/ul><\/li><li class=\"wp-block-pages-list__item\"><a class=\"wp-block-pages-list__item__link\" href=\"https:\/\/hawaiipublicschools.org\/es\/about\/offices\/\">Oficinas<\/a><\/li><li class=\"wp-block-pages-list__item\"><a class=\"wp-block-pages-list__item__link\" href=\"https:\/\/hawaiipublicschools.org\/es\/about\/na-hopena-a%ca%bbo-ha\/\">N\u0101 Hopena A\u02bbo (H\u0100)<\/a><\/li><li class=\"wp-block-pages-list__item\"><a class=\"wp-block-pages-list__item__link\" href=\"https:\/\/hawaiipublicschools.org\/es\/about\/strategic-plan\/\">Plan estrat\u00e9gico<\/a><\/li><li class=\"wp-block-pages-list__item\"><a class=\"wp-block-pages-list__item__link\" href=\"https:\/\/hawaiipublicschools.org\/es\/about\/partnerships\/\">Asociaciones<\/a><\/li><li class=\"wp-block-pages-list__item has-child\"><a class=\"wp-block-pages-list__item__link\" href=\"https:\/\/hawaiipublicschools.org\/es\/about\/budget\/\">Presupuesto<\/a><ul class=\"wp-block-navigation__submenu-container\"><li class=\"wp-block-pages-list__item\"><a class=\"wp-block-pages-list__item__link\" href=\"https:\/\/hawaiipublicschools.org\/es\/about\/budget\/appropriation-summary-reports\/\">Informes de s\u00edntesis de los cr\u00e9ditos<\/a><\/li><li class=\"wp-block-pages-list__item\"><a class=\"wp-block-pages-list__item__link\" href=\"https:\/\/hawaiipublicschools.org\/es\/about\/budget\/budget-cycle-and-process\/\">Ciclo y proceso presupuestarios<\/a><\/li><li class=\"wp-block-pages-list__item\"><a class=\"wp-block-pages-list__item__link\" href=\"https:\/\/hawaiipublicschools.org\/es\/about\/budget\/capital-improvements-program\/\">Programa de mejoras de capital<\/a><\/li><li class=\"wp-block-pages-list__item\"><a class=\"wp-block-pages-list__item__link\" href=\"https:\/\/hawaiipublicschools.org\/es\/about\/budget\/federal-covid-relief-funding-for-education\/\">Financiamiento federal de ayuda por COVID para educaci\u00f3n<\/a><\/li><li class=\"wp-block-pages-list__item has-child\"><a class=\"wp-block-pages-list__item__link\" href=\"https:\/\/hawaiipublicschools.org\/es\/about\/budget\/weighted-student-formula\/\">F\u00f3rmula ponderada del estudiante<\/a><ul class=\"wp-block-navigation__submenu-container\"><li class=\"wp-block-pages-list__item\"><a class=\"wp-block-pages-list__item__link\" href=\"https:\/\/hawaiipublicschools.org\/es\/about\/budget\/weighted-student-formula\/weighted-student-formula-archived-reports\/\">Informes archivados de la f\u00f3rmula ponderada para estudiantes<\/a><\/li><\/ul><\/li><\/ul><\/li><li class=\"wp-block-pages-list__item has-child\"><a class=\"wp-block-pages-list__item__link\" href=\"https:\/\/hawaiipublicschools.org\/es\/about\/federal-grants\/\">Subvenciones federales<\/a><ul class=\"wp-block-navigation__submenu-container\"><li class=\"wp-block-pages-list__item\"><a class=\"wp-block-pages-list__item__link\" href=\"https:\/\/hawaiipublicschools.org\/es\/about\/federal-grants\/comprehensive-literacy-state-development-grant-clsd\/\">Subvenci\u00f3n estatal para el desarrollo de la alfabetizaci\u00f3n integral (CLSD)<\/a><\/li><li class=\"wp-block-pages-list__item\"><a class=\"wp-block-pages-list__item__link\" href=\"https:\/\/hawaiipublicschools.org\/es\/about\/federal-grants\/adult-education-family-literacy-act-aefla\/\">Ley de alfabetizaci\u00f3n familiar para la educaci\u00f3n de adultos (AEFLA)<\/a><\/li><\/ul><\/li><\/ul>\n\n\n<p><\/p>\n<\/div>\n<\/div>\n\n\n\n<p><\/p>\n\n\n\n<p><\/p>","protected":false},"excerpt":{"rendered":"<p>Overview The U.S. Department of Education has awarded the Hawai\u02bbi State Department of Education (HIDOE) a five-year $60 million grant aimed at advancing effective, evidence-based literacy practices in public schools. This follows a nearly $50 million five-year Comprehensive Literacy State Development (CLSD) Grant received in 2019. Language arts proficiency is a key performance indicator under [&hellip;]<\/p>","protected":false},"author":8,"featured_media":0,"parent":113,"menu_order":12,"comment_status":"closed","ping_status":"closed","template":"wp-custom-template-page-for-custom-sidebar","meta":{"_relevanssi_hide_post":"","_relevanssi_hide_content":"","_relevanssi_pin_for_all":"","_relevanssi_pin_keywords":"","_relevanssi_unpin_keywords":"","_relevanssi_related_keywords":"","_relevanssi_related_include_ids":"","_relevanssi_related_exclude_ids":"","_relevanssi_related_no_append":"","_relevanssi_related_not_related":"","_relevanssi_related_posts":"","_relevanssi_noindex_reason":"","_sitemap_exclude":false,"_sitemap_priority":"","_sitemap_frequency":"","_kad_blocks_custom_css":"","_kad_blocks_head_custom_js":"","_kad_blocks_body_custom_js":"","_kad_blocks_footer_custom_js":"","wp_popup_display_lightbox":0,"wp_popup_suppress":"","wp_popup_trigger":"","wp_popup_trigger_amount":0,"wp_popup_disable_on_mobile":false,"footnotes":""},"class_list":["post-119","page","type-page","status-publish","hentry"],"pp_statuses_selecting_workflow":false,"pp_workflow_action":"current","pp_status_selection":"publish","taxonomy_info":[],"featured_image_src_large":false,"author_info":{"display_name":"Ariana Enomoto","author_link":"https:\/\/hawaiipublicschools.org\/es\/author\/arianastaceyleong-com\/"},"comment_info":0,"publishpress_future_action":{"enabled":false,"date":"2026-04-27 00:12:07","action":"change-status","newStatus":"draft","terms":[],"taxonomy":"","extraData":[]},"publishpress_future_workflow_manual_trigger":{"enabledWorkflows":[]},"_links":{"self":[{"href":"https:\/\/hawaiipublicschools.org\/es\/wp-json\/wp\/v2\/pages\/119","targetHints":{"allow":["GET"]}}],"collection":[{"href":"https:\/\/hawaiipublicschools.org\/es\/wp-json\/wp\/v2\/pages"}],"about":[{"href":"https:\/\/hawaiipublicschools.org\/es\/wp-json\/wp\/v2\/types\/page"}],"author":[{"embeddable":true,"href":"https:\/\/hawaiipublicschools.org\/es\/wp-json\/wp\/v2\/users\/8"}],"replies":[{"embeddable":true,"href":"https:\/\/hawaiipublicschools.org\/es\/wp-json\/wp\/v2\/comments?post=119"}],"version-history":[{"count":0,"href":"https:\/\/hawaiipublicschools.org\/es\/wp-json\/wp\/v2\/pages\/119\/revisions"}],"up":[{"embeddable":true,"href":"https:\/\/hawaiipublicschools.org\/es\/wp-json\/wp\/v2\/pages\/113"}],"wp:attachment":[{"href":"https:\/\/hawaiipublicschools.org\/es\/wp-json\/wp\/v2\/media?parent=119"}],"curies":[{"name":"wp","href":"https:\/\/api.w.org\/{rel}","templated":true}]}}