{"id":110,"date":"2024-09-04T23:52:47","date_gmt":"2024-09-04T23:52:47","guid":{"rendered":"https:\/\/hawaiipublicschools.org\/?page_id=110"},"modified":"2025-10-08T10:49:20","modified_gmt":"2025-10-08T20:49:20","slug":"strategic-plan","status":"publish","type":"page","link":"https:\/\/hawaiipublicschools.org\/es\/about\/strategic-plan\/","title":{"rendered":"Plan estrat\u00e9gico"},"content":{"rendered":"<div class=\"wp-block-columns double_col_sidebar is-layout-flex wp-container-core-columns-is-layout-28f84493 wp-block-columns-is-layout-flex\">\n<div class=\"wp-block-column left_col is-layout-flow wp-block-column-is-layout-flow\">\n<h2 class=\"wp-block-heading\">Plan Estrat\u00e9gico 2023-2029<\/h2>\n\n\n\n<p>Hawai\u02bbi\u2019s public schools are the heart of our communities, shaping the future by empowering students, supporting educators, and inspiring success.<\/p>\n\n\n\n<p>In 2022 the Hawai\u02bbi Board of Education embarked on a journey to create a clear, forward-thinking roadmap for our public schools. The result is the <a href=\"https:\/\/boe.hawaii.gov\/joint-strategic-plan\/\" target=\"_blank\" rel=\"noreferrer noopener\">Plan Estrat\u00e9gico 2023-2029<\/a>, una visi\u00f3n integral para elevar el \u00e9xito de los estudiantes y fortalecer el sistema de educaci\u00f3n p\u00fablica de Haw\u00e1i durante seis a\u00f1os.<\/p>\n\n\n\n<p>Aprobado en dos fases, el Plan Estrat\u00e9gico establece objetivos de alto nivel, mientras que el Plan de Implementaci\u00f3n del Departamento que lo acompa\u00f1a, aprobado en mayo de 2023, detalla c\u00f3mo haremos realidad estos objetivos en las escuelas de todo el estado.<\/p>\n\n\n\n<p><strong>Las tres prioridades generales del Plan Estrat\u00e9gico son:<\/strong><\/p>\n\n\n\n<ol class=\"wp-block-list\">\n<li>Prioridad I: Aprendizaje de alta calidad para todos \u2013 Garantizar que cada estudiante reciba una educaci\u00f3n rigurosa, innovadora e inclusiva.<\/li>\n\n\n\n<li>Prioridad II: Fuerza laboral educativa de alta calidad en todas las escuelas: reclutar, apoyar y retener maestros, l\u00edderes escolares y personal excepcionales.<\/li>\n\n\n\n<li>Prioridad III: Operaciones eficaces y eficientes en todos los niveles \u2013 Fortalecer los sistemas para crear escuelas seguras, que brinden apoyo y cuenten con buenos recursos.<\/li>\n<\/ol>\n\n\n\n<p>Dentro de estas prioridades se encuentran 10 objetivos y 27 resultados deseados establecidos por la Junta.<\/p>\n\n\n\n<p>A trav\u00e9s del Departamento <a href=\"\/es\/DOE%20Forms\/Advancing%20Education\/2023-29-ImplementationPlan.pdf\/\" target=\"_blank\" rel=\"noreferrer noopener\">Plan de Implementaci\u00f3n (PDF)<\/a>Estamos convirtiendo la visi\u00f3n en acci\u00f3n. Para desarrollar el plan, el Departamento analiz\u00f3 datos estudiantiles, revis\u00f3 datos de rendimiento, involucr\u00f3 a las partes interesadas y revis\u00f3 la investigaci\u00f3n educativa y las pr\u00e1cticas basadas en la evidencia.&nbsp;&nbsp;<\/p>\n\n\n\n<p>Aspectos clave del plan de implementaci\u00f3n:<\/p>\n\n\n\n<ul class=\"wp-block-list\">\n<li><strong>Logros acad\u00e9micos<\/strong>Nuestro plan se centra en mejorar los resultados del aprendizaje de los estudiantes al garantizar que cada uno reciba una educaci\u00f3n de calidad, respaldada por m\u00e9todos de ense\u00f1anza innovadores y un curr\u00edculo riguroso.<\/li>\n\n\n\n<li><strong>Equidad e inclusi\u00f3n<\/strong>Estamos comprometidos a cerrar las brechas de logros y brindar a todos los estudiantes, independientemente de sus antecedentes, acceso a los recursos y oportunidades que necesitan para tener \u00e9xito.<\/li>\n\n\n\n<li><strong>Preparaci\u00f3n para la universidad, la carrera profesional y la comunidad<\/strong>Preparar a los estudiantes para la vida m\u00e1s all\u00e1 de la escuela, ya sea que eso signifique cursar una educaci\u00f3n superior, ingresar a la fuerza laboral o convertirse en miembros activos de la comunidad, es fundamental para nuestra misi\u00f3n.<\/li>\n\n\n\n<li><strong>Excelencia docente y l\u00edder<\/strong>Reconociendo que las grandes escuelas comienzan con grandes educadores, nos enfocamos en reclutar, retener y apoyar a maestros y l\u00edderes escolares talentosos.<\/li>\n\n\n\n<li><strong>Escuelas seguras y solidarias<\/strong>Nos dedicamos a crear entornos donde los estudiantes se sientan seguros, apoyados y empoderados para aprender.<\/li>\n<\/ul>\n\n\n\n<p>The strategic plan \u2014 along with the detailed implementation strategies \u2014 sets the stage for transforming public education in Hawai\u02bbi to meet the evolving needs of our students and communities, ensuring all graduates are globally competitive and locally committed.<\/p>\n\n\n\n<h2 class=\"wp-block-heading\">SEGUIMIENTO DEL PROGRESO<\/h2>\n\n\n\n<p class=\"has-text-align-left\">Nos comprometemos con la mejora continua y la rendici\u00f3n de cuentas. Nuestro portal de datos educativos, <a href=\"http:\/\/hidoedata.org\" data-type=\"link\" data-id=\"hidoedata.org\" target=\"_blank\" rel=\"noreferrer noopener\">LEI Kukui<\/a>, proporciona actualizaciones peri\u00f3dicas sobre el progreso hacia los resultados deseados del Plan Estrat\u00e9gico.<\/p>\n<\/div>\n\n\n\n<div class=\"wp-block-column right_col is-layout-flow wp-block-column-is-layout-flow\">\n<h3 class=\"wp-block-heading\">Acerca de<\/h3>\n\n\n<ul class=\"wp-block-page-list\"><li class=\"wp-block-pages-list__item has-child\"><a class=\"wp-block-pages-list__item__link\" href=\"https:\/\/hawaiipublicschools.org\/es\/about\/organization\/\">Organizaci\u00f3n<\/a><ul class=\"wp-block-navigation__submenu-container\"><li class=\"wp-block-pages-list__item\"><a class=\"wp-block-pages-list__item__link\" href=\"https:\/\/hawaiipublicschools.org\/es\/about\/organization\/strive-hi-dashboard\/\">Panel de control de Strive HI<\/a><\/li><\/ul><\/li><li class=\"wp-block-pages-list__item\"><a class=\"wp-block-pages-list__item__link\" href=\"https:\/\/hawaiipublicschools.org\/es\/about\/offices\/\">Oficinas<\/a><\/li><li class=\"wp-block-pages-list__item\"><a class=\"wp-block-pages-list__item__link\" href=\"https:\/\/hawaiipublicschools.org\/es\/about\/na-hopena-a%ca%bbo-ha\/\">N\u0101 Hopena A\u02bbo (H\u0100)<\/a><\/li><li class=\"wp-block-pages-list__item\"><a class=\"wp-block-pages-list__item__link\" href=\"https:\/\/hawaiipublicschools.org\/es\/about\/strategic-plan\/\">Plan estrat\u00e9gico<\/a><\/li><li class=\"wp-block-pages-list__item\"><a class=\"wp-block-pages-list__item__link\" href=\"https:\/\/hawaiipublicschools.org\/es\/about\/partnerships\/\">Asociaciones<\/a><\/li><li class=\"wp-block-pages-list__item has-child\"><a class=\"wp-block-pages-list__item__link\" href=\"https:\/\/hawaiipublicschools.org\/es\/about\/budget\/\">Presupuesto<\/a><ul class=\"wp-block-navigation__submenu-container\"><li class=\"wp-block-pages-list__item\"><a class=\"wp-block-pages-list__item__link\" href=\"https:\/\/hawaiipublicschools.org\/es\/about\/budget\/appropriation-summary-reports\/\">Informes de s\u00edntesis de los cr\u00e9ditos<\/a><\/li><li class=\"wp-block-pages-list__item\"><a class=\"wp-block-pages-list__item__link\" href=\"https:\/\/hawaiipublicschools.org\/es\/about\/budget\/budget-cycle-and-process\/\">Ciclo y proceso presupuestarios<\/a><\/li><li class=\"wp-block-pages-list__item\"><a class=\"wp-block-pages-list__item__link\" href=\"https:\/\/hawaiipublicschools.org\/es\/about\/budget\/capital-improvements-program\/\">Programa de mejoras de capital<\/a><\/li><li class=\"wp-block-pages-list__item\"><a class=\"wp-block-pages-list__item__link\" href=\"https:\/\/hawaiipublicschools.org\/es\/about\/budget\/federal-covid-relief-funding-for-education\/\">Financiamiento federal de ayuda por COVID para educaci\u00f3n<\/a><\/li><li class=\"wp-block-pages-list__item has-child\"><a class=\"wp-block-pages-list__item__link\" href=\"https:\/\/hawaiipublicschools.org\/es\/about\/budget\/weighted-student-formula\/\">F\u00f3rmula ponderada del estudiante<\/a><ul class=\"wp-block-navigation__submenu-container\"><li class=\"wp-block-pages-list__item\"><a class=\"wp-block-pages-list__item__link\" href=\"https:\/\/hawaiipublicschools.org\/es\/about\/budget\/weighted-student-formula\/weighted-student-formula-archived-reports\/\">Informes archivados de la f\u00f3rmula ponderada para estudiantes<\/a><\/li><\/ul><\/li><\/ul><\/li><li class=\"wp-block-pages-list__item has-child\"><a class=\"wp-block-pages-list__item__link\" href=\"https:\/\/hawaiipublicschools.org\/es\/about\/federal-grants\/\">Subvenciones federales<\/a><ul class=\"wp-block-navigation__submenu-container\"><li class=\"wp-block-pages-list__item\"><a class=\"wp-block-pages-list__item__link\" href=\"https:\/\/hawaiipublicschools.org\/es\/about\/federal-grants\/comprehensive-literacy-state-development-grant-clsd\/\">Subvenci\u00f3n estatal para el desarrollo de la alfabetizaci\u00f3n integral (CLSD)<\/a><\/li><li class=\"wp-block-pages-list__item\"><a class=\"wp-block-pages-list__item__link\" href=\"https:\/\/hawaiipublicschools.org\/es\/about\/federal-grants\/adult-education-family-literacy-act-aefla\/\">Ley de alfabetizaci\u00f3n familiar para la educaci\u00f3n de adultos (AEFLA)<\/a><\/li><\/ul><\/li><\/ul>\n\n\n<p><\/p>\n<\/div>\n<\/div>\n\n\n\n<p><\/p>\n\n\n\n<p><\/p>","protected":false},"excerpt":{"rendered":"<p>2023\u20132029 Strategic Plan Hawai\u02bbi\u2019s public schools are the heart of our communities, shaping the future by empowering students, supporting educators, and inspiring success. In 2022 the Hawai\u02bbi Board of Education embarked on a journey to create a clear, forward-thinking roadmap for our public schools. The result is the 2023\u20132029 Strategic Plan, a comprehensive vision to [&hellip;]<\/p>","protected":false},"author":8,"featured_media":0,"parent":105,"menu_order":15,"comment_status":"closed","ping_status":"closed","template":"wp-custom-template-page-for-custom-sidebar","meta":{"_relevanssi_hide_post":"","_relevanssi_hide_content":"","_relevanssi_pin_for_all":"","_relevanssi_pin_keywords":"","_relevanssi_unpin_keywords":"","_relevanssi_related_keywords":"","_relevanssi_related_include_ids":"","_relevanssi_related_exclude_ids":"","_relevanssi_related_no_append":"","_relevanssi_related_not_related":"","_relevanssi_related_posts":"","_relevanssi_noindex_reason":"","_sitemap_exclude":false,"_sitemap_priority":"","_sitemap_frequency":"","_kad_blocks_custom_css":"","_kad_blocks_head_custom_js":"","_kad_blocks_body_custom_js":"","_kad_blocks_footer_custom_js":"","wp_popup_display_lightbox":0,"wp_popup_suppress":"","wp_popup_trigger":"","wp_popup_trigger_amount":0,"wp_popup_disable_on_mobile":false,"footnotes":""},"class_list":["post-110","page","type-page","status-publish","hentry"],"pp_statuses_selecting_workflow":false,"pp_workflow_action":"current","pp_status_selection":"publish","taxonomy_info":[],"featured_image_src_large":false,"author_info":{"display_name":"Ariana Enomoto","author_link":"https:\/\/hawaiipublicschools.org\/es\/author\/arianastaceyleong-com\/"},"comment_info":0,"publishpress_future_action":{"enabled":false,"date":"2026-04-21 18:27:27","action":"change-status","newStatus":"draft","terms":[],"taxonomy":"","extraData":[]},"publishpress_future_workflow_manual_trigger":{"enabledWorkflows":[]},"_links":{"self":[{"href":"https:\/\/hawaiipublicschools.org\/es\/wp-json\/wp\/v2\/pages\/110","targetHints":{"allow":["GET"]}}],"collection":[{"href":"https:\/\/hawaiipublicschools.org\/es\/wp-json\/wp\/v2\/pages"}],"about":[{"href":"https:\/\/hawaiipublicschools.org\/es\/wp-json\/wp\/v2\/types\/page"}],"author":[{"embeddable":true,"href":"https:\/\/hawaiipublicschools.org\/es\/wp-json\/wp\/v2\/users\/8"}],"replies":[{"embeddable":true,"href":"https:\/\/hawaiipublicschools.org\/es\/wp-json\/wp\/v2\/comments?post=110"}],"version-history":[{"count":0,"href":"https:\/\/hawaiipublicschools.org\/es\/wp-json\/wp\/v2\/pages\/110\/revisions"}],"up":[{"embeddable":true,"href":"https:\/\/hawaiipublicschools.org\/es\/wp-json\/wp\/v2\/pages\/105"}],"wp:attachment":[{"href":"https:\/\/hawaiipublicschools.org\/es\/wp-json\/wp\/v2\/media?parent=110"}],"curies":[{"name":"wp","href":"https:\/\/api.w.org\/{rel}","templated":true}]}}