{"id":109,"date":"2024-09-04T23:52:01","date_gmt":"2024-09-04T23:52:01","guid":{"rendered":"https:\/\/hawaiipublicschools.org\/?page_id=109"},"modified":"2025-10-08T08:53:12","modified_gmt":"2025-10-08T18:53:12","slug":"na-hopena-a%ca%bbo-ha","status":"publish","type":"page","link":"https:\/\/hawaiipublicschools.org\/es\/about\/na-hopena-a%ca%bbo-ha\/","title":{"rendered":"N\u0101 Hopena A\u02bbo (H\u0100)"},"content":{"rendered":"<div class=\"wp-block-columns double_col_sidebar is-layout-flex wp-container-core-columns-is-layout-28f84493 wp-block-columns-is-layout-flex\">\n<div class=\"wp-block-column left_col is-layout-flow wp-block-column-is-layout-flow\">\n<p class=\"intro\" style=\"font-size:clamp(0.875rem, 0.875rem + ((1vw - 0.2rem) * 0.531), 1.3rem);\">N\u0101 Hopena A\u02bbo (H\u0100) is a Department-wide framework to develop the skills, behaviors and dispositions that are reminiscent of Hawai\u02bbi\u2019s unique context, and to honor the qualities and values of the indigenous language and culture of Hawai\u02bbi.<\/p>\n\n\n\n<h2 class=\"wp-block-heading\">Fondo<\/h2>\n\n\n\n<p>En 2013, Cheryl Lupenui, exmiembro de la Junta de Educaci\u00f3n, reuni\u00f3 a varios representantes de la comunidad y del HIDOE para participar en una auditor\u00eda y revisi\u00f3n de la Pol\u00edtica 4000 de la BOE, Resultados Generales del Aprendizaje. Como resultado del proceso, se recomend\u00f3 mantener la Pol\u00edtica 4000 intacta y, en su lugar, crear una nueva pol\u00edtica. Esta nueva pol\u00edtica, E-3 (que significa Pol\u00edtica Final 3), proporcionar\u00eda un marco para que el Departamento desarrollara en sus empleados y estudiantes las habilidades, comportamientos y actitudes que evocan el contexto \u00fanico de Haw\u00e1i y honrara las cualidades y valores de la lengua y la cultura ind\u00edgenas de Haw\u00e1i. En junio de 2015, la BOE aprob\u00f3 la pol\u00edtica.<\/p>\n\n\n\n<h3 class=\"wp-block-heading\">Policy E-3: N\u0101 Hopena A\u02bbo (H\u0100)\u200b<\/h3>\n\n\n\n<p>N\u0101 Hopena A\u02bbo (\u201cH\u0100\u201d) is a framework of outcomes that reflects the Department of Education\u2019s core values and beliefs in action throughout the public educational system of Hawai\u2018i. The Department of Education works together as a system that includes everyone in the broader community to develop the competencies that strengthen a sense of belonging, responsibility, excellence, aloha, total-well-being and Hawai\u02bbi (\u201cBREATH\u201d) in ourselves, students and others. With a foundation in Hawaiian values, language, culture and history, H\u0100 reflects the uniqueness of Hawai\u02bbi and is meaningful in all places of learning. H\u0100 supports a holistic learning process with universal appeal and application to guide learners and leaders in the entire school community.<\/p>\n\n\n\n<p>Los siguientes principios rectores deben guiar todos los esfuerzos para utilizar H\u0100 como un marco de resultados integral:<\/p>\n\n\n\n<ul class=\"wp-block-list\">\n<li>Los seis resultados son interdependientes y no deben utilizarse por separado.<\/li>\n\n\n\n<li>Se deben contar con sistemas de apoyo y recursos apropiados para una implementaci\u00f3n exitosa y bien pensada.<\/li>\n\n\n\n<li>La planificaci\u00f3n y la preparaci\u00f3n deben ser inclusivas, colectivas y en un marco temporal que tenga en cuenta las necesidades de las escuelas y sus comunidades.<\/li>\n\n\n\n<li>Los ejemplos actuales de H\u0100 en la pr\u00e1ctica pueden utilizarse como fuentes de conocimiento.<\/li>\n\n\n\n<li>Todos los miembros de la comunidad escolar comparten el liderazgo de H\u0100.<\/li>\n<\/ul>\n\n\n\n<h3 class=\"wp-block-heading\">Raz\u00f3n fundamental:<\/h3>\n\n\n\n<p>El prop\u00f3sito de esta pol\u00edtica es proporcionar un marco de resultados integral para ser utilizado por aquellos que est\u00e1n desarrollando el rendimiento acad\u00e9mico, el car\u00e1cter, el bienestar f\u00edsico y socioemocional de todos nuestros estudiantes al m\u00e1ximo potencial.<\/p>\n\n\n\n<h2 class=\"wp-block-heading\">La filosof\u00eda H\u0100<\/h2>\n\n\n\n<p>Los seis resultados de H\u0100 contienen valores universales para todas las culturas. Educar a los estudiantes en un entorno de H\u0100 aportar\u00e1 valor y fortalecer\u00e1 a cada persona que participe en su proceso de aprendizaje. El profesorado y el personal del departamento tambi\u00e9n deben ser modelos de comportamiento que gu\u00eden a los estudiantes hacia c\u00f3mo estos resultados podr\u00edan materializarse en la pr\u00e1ctica. Se anima a quienes se sienten impulsados por los objetivos e intenciones de H\u0100 a aplicarlos en su pr\u00e1ctica diaria. La Oficina de Educaci\u00f3n Hawaiana agradece cualquier mo\u02bbolelo (historia) de buenas pr\u00e1cticas y \u00e9xitos que desee compartir.<\/p>\n\n\n\n<h3 class=\"wp-block-heading\">Recursos clave<\/h3>\n\n\n\n<ul class=\"wp-block-list\">\n<li><a href=\"\/es\/DOE%20Forms\/NaHopenaAoE3.pdf\/\" target=\"_blank\" rel=\"noreferrer noopener\">N\u0101 Hopena A\u02bbo (\u201cH\u0100\u201d)\u200b Handout (PDF)<\/a> <br>Seis resultados que deben fortalecerse en cada estudiante a lo largo de su trayectoria de aprendizaje desde preescolar hasta la secundaria.<\/li>\n\n\n\n<li><a href=\"\/es\/DOE%20Forms\/Hawaiian\/ALP-HA.pdf\/\" target=\"_blank\" rel=\"noreferrer noopener\">Proyecto de evaluaci\u00f3n para el aprendizaje H\u0100 (PDF)<\/a><br>Un programa piloto de dos a\u00f1os para desarrollar un marco de evaluaci\u00f3n culturalmente sensible para los resultados de H\u0100.<\/li>\n\n\n\n<li><a href=\"https:\/\/docs.google.com\/forms\/d\/e\/1FAIpQLSdMNzec8SdWr_G4P1mFxvTdd3FRwa8SawZ3Z8ky7oRUxNoimQ\/viewform\" target=\"_blank\" rel=\"noreferrer noopener\">Request N\u0101 Hopena A\u02bbo Support (Google Doc)<\/a><br>Complete este formulario para solicitar apoyo y\/o recursos de H\u0100, incluidas presentaciones, facilitaci\u00f3n y folletos y carteles de H\u0100.<\/li>\n\n\n\n<li><a href=\"\/es\/DOE%20Forms\/HA\/HAterms.pdf\/\" target=\"_blank\" rel=\"noreferrer noopener\">T\u00e9rminos H\u0100 (PDF)<\/a><br>Este documento proporciona una descripci\u00f3n general y general de varios t\u00e9rminos H\u0100.<\/li>\n<\/ul>\n<\/div>\n\n\n\n<div class=\"wp-block-column right_col is-layout-flow wp-block-column-is-layout-flow\">\n<h3 class=\"wp-block-heading\">Acerca de<\/h3>\n\n\n<ul class=\"wp-block-page-list\"><li class=\"wp-block-pages-list__item has-child\"><a class=\"wp-block-pages-list__item__link\" href=\"https:\/\/hawaiipublicschools.org\/es\/about\/organization\/\">Organizaci\u00f3n<\/a><ul class=\"wp-block-navigation__submenu-container\"><li class=\"wp-block-pages-list__item\"><a class=\"wp-block-pages-list__item__link\" href=\"https:\/\/hawaiipublicschools.org\/es\/about\/organization\/strive-hi-dashboard\/\">Panel de control de Strive HI<\/a><\/li><\/ul><\/li><li class=\"wp-block-pages-list__item\"><a class=\"wp-block-pages-list__item__link\" href=\"https:\/\/hawaiipublicschools.org\/es\/about\/offices\/\">Oficinas<\/a><\/li><li class=\"wp-block-pages-list__item\"><a class=\"wp-block-pages-list__item__link\" href=\"https:\/\/hawaiipublicschools.org\/es\/about\/na-hopena-a%ca%bbo-ha\/\">N\u0101 Hopena A\u02bbo (H\u0100)<\/a><\/li><li class=\"wp-block-pages-list__item\"><a class=\"wp-block-pages-list__item__link\" href=\"https:\/\/hawaiipublicschools.org\/es\/about\/strategic-plan\/\">Plan estrat\u00e9gico<\/a><\/li><li class=\"wp-block-pages-list__item\"><a class=\"wp-block-pages-list__item__link\" href=\"https:\/\/hawaiipublicschools.org\/es\/about\/partnerships\/\">Asociaciones<\/a><\/li><li class=\"wp-block-pages-list__item has-child\"><a class=\"wp-block-pages-list__item__link\" href=\"https:\/\/hawaiipublicschools.org\/es\/about\/budget\/\">Presupuesto<\/a><ul class=\"wp-block-navigation__submenu-container\"><li class=\"wp-block-pages-list__item\"><a class=\"wp-block-pages-list__item__link\" href=\"https:\/\/hawaiipublicschools.org\/es\/about\/budget\/appropriation-summary-reports\/\">Informes de s\u00edntesis de los cr\u00e9ditos<\/a><\/li><li class=\"wp-block-pages-list__item\"><a class=\"wp-block-pages-list__item__link\" href=\"https:\/\/hawaiipublicschools.org\/es\/about\/budget\/budget-cycle-and-process\/\">Ciclo y proceso presupuestarios<\/a><\/li><li class=\"wp-block-pages-list__item\"><a class=\"wp-block-pages-list__item__link\" href=\"https:\/\/hawaiipublicschools.org\/es\/about\/budget\/capital-improvements-program\/\">Programa de mejoras de capital<\/a><\/li><li class=\"wp-block-pages-list__item\"><a class=\"wp-block-pages-list__item__link\" href=\"https:\/\/hawaiipublicschools.org\/es\/about\/budget\/federal-covid-relief-funding-for-education\/\">Financiamiento federal de ayuda por COVID para educaci\u00f3n<\/a><\/li><li class=\"wp-block-pages-list__item has-child\"><a class=\"wp-block-pages-list__item__link\" href=\"https:\/\/hawaiipublicschools.org\/es\/about\/budget\/weighted-student-formula\/\">F\u00f3rmula ponderada del estudiante<\/a><ul class=\"wp-block-navigation__submenu-container\"><li class=\"wp-block-pages-list__item\"><a class=\"wp-block-pages-list__item__link\" href=\"https:\/\/hawaiipublicschools.org\/es\/about\/budget\/weighted-student-formula\/weighted-student-formula-archived-reports\/\">Informes archivados de la f\u00f3rmula ponderada para estudiantes<\/a><\/li><\/ul><\/li><\/ul><\/li><li class=\"wp-block-pages-list__item has-child\"><a class=\"wp-block-pages-list__item__link\" href=\"https:\/\/hawaiipublicschools.org\/es\/about\/federal-grants\/\">Subvenciones federales<\/a><ul class=\"wp-block-navigation__submenu-container\"><li class=\"wp-block-pages-list__item\"><a class=\"wp-block-pages-list__item__link\" href=\"https:\/\/hawaiipublicschools.org\/es\/about\/federal-grants\/comprehensive-literacy-state-development-grant-clsd\/\">Subvenci\u00f3n estatal para el desarrollo de la alfabetizaci\u00f3n integral (CLSD)<\/a><\/li><li class=\"wp-block-pages-list__item\"><a class=\"wp-block-pages-list__item__link\" href=\"https:\/\/hawaiipublicschools.org\/es\/about\/federal-grants\/adult-education-family-literacy-act-aefla\/\">Ley de alfabetizaci\u00f3n familiar para la educaci\u00f3n de adultos (AEFLA)<\/a><\/li><\/ul><\/li><\/ul>\n\n\n<p><\/p>\n<\/div>\n<\/div>","protected":false},"excerpt":{"rendered":"<p>N\u0101 Hopena A\u02bbo (H\u0100) is a Department-wide framework to develop the skills, behaviors and dispositions that are reminiscent of Hawai\u02bbi\u2019s unique context, and to honor the qualities and values of the indigenous language and culture of Hawai\u02bbi. Background In 2013 former Board of Education member Cheryl Lupenui gathered various community and HIDOE representatives to participate [&hellip;]<\/p>","protected":false},"author":8,"featured_media":0,"parent":105,"menu_order":14,"comment_status":"closed","ping_status":"closed","template":"wp-custom-template-page-for-custom-sidebar","meta":{"_relevanssi_hide_post":"","_relevanssi_hide_content":"","_relevanssi_pin_for_all":"","_relevanssi_pin_keywords":"","_relevanssi_unpin_keywords":"","_relevanssi_related_keywords":"","_relevanssi_related_include_ids":"","_relevanssi_related_exclude_ids":"","_relevanssi_related_no_append":"","_relevanssi_related_not_related":"","_relevanssi_related_posts":"","_relevanssi_noindex_reason":"","_sitemap_exclude":false,"_sitemap_priority":"","_sitemap_frequency":"","_kad_blocks_custom_css":"","_kad_blocks_head_custom_js":"","_kad_blocks_body_custom_js":"","_kad_blocks_footer_custom_js":"","wp_popup_display_lightbox":0,"wp_popup_suppress":"","wp_popup_trigger":"","wp_popup_trigger_amount":0,"wp_popup_disable_on_mobile":false,"footnotes":""},"class_list":["post-109","page","type-page","status-publish","hentry"],"pp_statuses_selecting_workflow":false,"pp_workflow_action":"current","pp_status_selection":"publish","taxonomy_info":[],"featured_image_src_large":false,"author_info":{"display_name":"Ariana Enomoto","author_link":"https:\/\/hawaiipublicschools.org\/es\/author\/arianastaceyleong-com\/"},"comment_info":0,"publishpress_future_action":{"enabled":false,"date":"2026-04-13 11:17:44","action":"change-status","newStatus":"draft","terms":[],"taxonomy":"","extraData":[]},"publishpress_future_workflow_manual_trigger":{"enabledWorkflows":[]},"_links":{"self":[{"href":"https:\/\/hawaiipublicschools.org\/es\/wp-json\/wp\/v2\/pages\/109","targetHints":{"allow":["GET"]}}],"collection":[{"href":"https:\/\/hawaiipublicschools.org\/es\/wp-json\/wp\/v2\/pages"}],"about":[{"href":"https:\/\/hawaiipublicschools.org\/es\/wp-json\/wp\/v2\/types\/page"}],"author":[{"embeddable":true,"href":"https:\/\/hawaiipublicschools.org\/es\/wp-json\/wp\/v2\/users\/8"}],"replies":[{"embeddable":true,"href":"https:\/\/hawaiipublicschools.org\/es\/wp-json\/wp\/v2\/comments?post=109"}],"version-history":[{"count":0,"href":"https:\/\/hawaiipublicschools.org\/es\/wp-json\/wp\/v2\/pages\/109\/revisions"}],"up":[{"embeddable":true,"href":"https:\/\/hawaiipublicschools.org\/es\/wp-json\/wp\/v2\/pages\/105"}],"wp:attachment":[{"href":"https:\/\/hawaiipublicschools.org\/es\/wp-json\/wp\/v2\/media?parent=109"}],"curies":[{"name":"wp","href":"https:\/\/api.w.org\/{rel}","templated":true}]}}