{"id":104,"date":"2024-09-04T23:49:35","date_gmt":"2024-09-04T23:49:35","guid":{"rendered":"https:\/\/hawaiipublicschools.org\/?page_id=104"},"modified":"2025-07-07T12:36:30","modified_gmt":"2025-07-07T22:36:30","slug":"mental-health-resources","status":"publish","type":"page","link":"https:\/\/hawaiipublicschools.org\/es\/resources\/mental-health-resources\/","title":{"rendered":"Recursos de salud mental"},"content":{"rendered":"<p class=\"intro\" style=\"font-size:clamp(0.875rem, 0.875rem + ((1vw - 0.2rem) * 0.531), 1.3rem);\">Las escuelas p\u00fablicas de Haw\u00e1i est\u00e1n utilizando <a href=\"https:\/\/hawaiipublicschools.org\/es\/academics\/social-emotional-learning\/\" target=\"_blank\" rel=\"noreferrer noopener\">aprendizaje social y emocional (SEL)<\/a> Proporcionar las habilidades que los estudiantes necesitan para ser conscientes de s\u00ed mismos, ser socialmente conscientes, participar en el pensamiento cr\u00edtico, tomar decisiones responsables y fomentar un sentido de conexi\u00f3n y pertenencia.<\/p>\n\n\n\n<h2 class=\"wp-block-heading\">Aprendizaje social y emocional (SEL)<\/h2>\n\n\n\n<h3 class=\"wp-block-heading\">\u00bfQu\u00e9 es SEL?<\/h3>\n\n\n\n<p><a href=\"https:\/\/casel.org\/fundamentals-of-sel\/\" data-type=\"link\" data-id=\"https:\/\/casel.org\/fundamentals-of-sel\/\">SEL<\/a> is the process through which all young people and adults acquire and apply the knowledge, skills and attitudes to:\u00a0\u00a0<\/p>\n\n\n\n<ul class=\"wp-block-list\">\n<li>Desarrollar identidades saludables.<\/li>\n\n\n\n<li>Gestionar emociones y alcanzar metas personales y colectivas.<\/li>\n\n\n\n<li>Sentir y mostrar empat\u00eda por los dem\u00e1s.<\/li>\n\n\n\n<li>Establecer y mantener relaciones de apoyo.<\/li>\n\n\n\n<li>Tome decisiones responsables y cuidadosas.&nbsp;<\/li>\n<\/ul>\n\n\n\n<p>Le invitamos a ver este video de introducci\u00f3n sobre SEL en las escuelas para obtener informaci\u00f3n sobre c\u00f3mo se puede incorporar SEL en las pr\u00e1cticas de crianza en el hogar para apoyar el conocimiento social y emocional de los ni\u00f1os en todo momento.<\/p>\n\n\n\n<figure class=\"wp-block-embed is-type-video is-provider-youtube wp-block-embed-youtube wp-embed-aspect-16-9 wp-has-aspect-ratio\"><div class=\"wp-block-embed__wrapper\">\n<iframe loading=\"lazy\" title=\"SEL para padres\" width=\"500\" height=\"281\" src=\"https:\/\/www.youtube.com\/embed\/y2d0da6BZWA?feature=oembed\" frameborder=\"0\" allow=\"accelerometer; autoplay; clipboard-write; encrypted-media; gyroscope; picture-in-picture; web-share\" referrerpolicy=\"strict-origin-when-cross-origin\" allowfullscreen><\/iframe>\n<\/div><\/figure>\n\n\n\n<h2 class=\"wp-block-heading\">Recursos<\/h2>\n\n\n\n<h3 class=\"wp-block-heading\">Aqu\u00ed para ayudar<\/h3>\n\n\n\n<p>&#8220;<a href=\"https:\/\/heretohelphidoe.com\">Aqu\u00ed para ayudar<\/a>&#8221; equips students with essential mental health literacy and provides accessible tools and support from trained staff.<\/p>\n\n\n\n<h3 class=\"wp-block-heading\">ParentGuidance.org<\/h3>\n\n\n\n<p>La Oficina de Servicios de Apoyo Estudiantil del Departamento ofrece una variedad de recursos valiosos a trav\u00e9s de <a href=\"http:\/\/ParentGuidance.org\" target=\"_blank\" rel=\"noreferrer noopener\">ParentGuidance.org<\/a>Estos recursos son gratuitos y est\u00e1n destinados a apoyar a los estudiantes, las familias y el personal. <a href=\"https:\/\/parentguidance.org\/\" target=\"_blank\" rel=\"noreferrer noopener\">ParentGuidance.org<\/a> Trabaja con escuelas y comunidades de todo el pa\u00eds, empoderando a las familias para que ayuden a sus hijos a prosperar a trav\u00e9s de sus recursos de salud mental. Los padres y el personal escolar de Haw\u00e1i tendr\u00e1n acceso gratuito a recursos como:<\/p>\n\n\n\n<ul class=\"wp-block-list\">\n<li>Coaching regular personalizado para padres, familias y personal escolar.<\/li>\n\n\n\n<li>Acceso a m\u00e1s de 30 seminarios virtuales de la serie salud mental.<\/li>\n\n\n\n<li>Clases en l\u00ednea impartidas por terapeutas titulados.<\/li>\n\n\n\n<li>\u201cPreg\u00fantele a un terapeuta\u201d, un foro de preguntas y respuestas que se actualiza con frecuencia.<\/li>\n<\/ul>\n\n\n\n<p>Join live caregiver webinars developed by licensed therapists. Registration and participation is anonymous.<\/p>\n\n\n\n<ul class=\"wp-block-list\">\n<li><a href=\"\/wp-content\/uploads\/Hawaii-May-2025-MHS-Calendar.pdf\" target=\"_blank\" rel=\"noreferrer noopener\">Calendar for May<\/a> (PDF)<\/li>\n<\/ul>\n\n\n\n<h3 class=\"wp-block-heading\">Lectura adicional<\/h3>\n\n\n\n<ul class=\"wp-block-list\">\n<li><a href=\"https:\/\/docs.google.com\/document\/d\/1pIpzZTdHLd5hvdOUAh3cVhJwQHKQrcWHnHxzeltDNoA\/edit?usp=sharing\" target=\"_blank\" rel=\"noreferrer noopener\">Recursos SEL para ayudar a educadores, padres y familias a fortalecer sus habilidades y mentalidades SEL (Google Doc)<\/a> <\/li>\n\n\n\n<li><a href=\"https:\/\/hawaiipublicschools.org\/es\/DOE%20Forms\/OSSS\/ParentGuidance-ParentCoachingSteps.pdf\/\" target=\"_blank\" rel=\"noreferrer noopener\">ParentGuidance.org \u2013 Folleto de pasos de coaching para padres (PDF)<\/a><\/li>\n\n\n\n<li><a href=\"https:\/\/hawaiipublicschools.org\/es\/DOE%20Forms\/OSSS\/ParentGuidance-StaffCoachingSteps.pdf\/\" target=\"_blank\" rel=\"noreferrer noopener\">ParentGuidance.org \u2013 Folleto de orientaci\u00f3n en salud mental para el personal y las familias (PDF)<\/a><\/li>\n<\/ul>\n\n\n\n<p><\/p>\n\n\n\n<p><\/p>\n\n\n\n<p><\/p>","protected":false},"excerpt":{"rendered":"<p>Hawai\u02bbi public schools are using social and emotional learning (SEL) to provide the skills students need to be self-aware, be socially conscious, engage in critical thinking, make responsible decisions, and foster a sense of connectedness and belonging. Social and Emotional Learning (SEL) What is SEL? SEL is the process through which all young people and [&hellip;]<\/p>","protected":false},"author":8,"featured_media":0,"parent":87,"menu_order":20,"comment_status":"closed","ping_status":"closed","template":"","meta":{"_relevanssi_hide_post":"","_relevanssi_hide_content":"","_relevanssi_pin_for_all":"","_relevanssi_pin_keywords":"","_relevanssi_unpin_keywords":"","_relevanssi_related_keywords":"","_relevanssi_related_include_ids":"","_relevanssi_related_exclude_ids":"","_relevanssi_related_no_append":"","_relevanssi_related_not_related":"","_relevanssi_related_posts":"","_relevanssi_noindex_reason":"","_sitemap_exclude":false,"_sitemap_priority":"","_sitemap_frequency":"","_kad_blocks_custom_css":"","_kad_blocks_head_custom_js":"","_kad_blocks_body_custom_js":"","_kad_blocks_footer_custom_js":"","wp_popup_display_lightbox":0,"wp_popup_suppress":"","wp_popup_trigger":"","wp_popup_trigger_amount":0,"wp_popup_disable_on_mobile":false,"footnotes":""},"class_list":["post-104","page","type-page","status-publish","hentry"],"pp_statuses_selecting_workflow":false,"pp_workflow_action":"current","pp_status_selection":"publish","taxonomy_info":[],"featured_image_src_large":false,"author_info":{"display_name":"Ariana Enomoto","author_link":"https:\/\/hawaiipublicschools.org\/es\/author\/arianastaceyleong-com\/"},"comment_info":0,"publishpress_future_action":{"enabled":false,"date":"2026-04-11 06:42:22","action":"change-status","newStatus":"draft","terms":[],"taxonomy":"","extraData":[]},"publishpress_future_workflow_manual_trigger":{"enabledWorkflows":[]},"_links":{"self":[{"href":"https:\/\/hawaiipublicschools.org\/es\/wp-json\/wp\/v2\/pages\/104","targetHints":{"allow":["GET"]}}],"collection":[{"href":"https:\/\/hawaiipublicschools.org\/es\/wp-json\/wp\/v2\/pages"}],"about":[{"href":"https:\/\/hawaiipublicschools.org\/es\/wp-json\/wp\/v2\/types\/page"}],"author":[{"embeddable":true,"href":"https:\/\/hawaiipublicschools.org\/es\/wp-json\/wp\/v2\/users\/8"}],"replies":[{"embeddable":true,"href":"https:\/\/hawaiipublicschools.org\/es\/wp-json\/wp\/v2\/comments?post=104"}],"version-history":[{"count":0,"href":"https:\/\/hawaiipublicschools.org\/es\/wp-json\/wp\/v2\/pages\/104\/revisions"}],"up":[{"embeddable":true,"href":"https:\/\/hawaiipublicschools.org\/es\/wp-json\/wp\/v2\/pages\/87"}],"wp:attachment":[{"href":"https:\/\/hawaiipublicschools.org\/es\/wp-json\/wp\/v2\/media?parent=104"}],"curies":[{"name":"wp","href":"https:\/\/api.w.org\/{rel}","templated":true}]}}