{"id":103,"date":"2024-09-04T23:48:34","date_gmt":"2024-09-04T23:48:34","guid":{"rendered":"https:\/\/hawaiipublicschools.org\/?page_id=103"},"modified":"2025-02-26T15:56:31","modified_gmt":"2025-02-27T01:56:31","slug":"parent-community-networking-centers","status":"publish","type":"page","link":"https:\/\/hawaiipublicschools.org\/es\/resources\/parent-community-networking-centers\/","title":{"rendered":"Centros de redes de padres y comunidad"},"content":{"rendered":"<p class=\"intro\" style=\"font-size:clamp(0.875rem, 0.875rem + ((1vw - 0.2rem) * 0.531), 1.3rem);\">Los Centros de Redes de Padres y Comunidad (PCNCs, por sus siglas en ingl\u00e9s) sirven para crear asociaciones de apoyo entre el hogar, la escuela y la comunidad con el fin de apoyar el \u00e9xito de los estudiantes y generar un sentido de familia y comunidad. Los PCNCs son centros escolares para que las familias, los voluntarios y la comunidad identifiquen sus fortalezas, colaboren, tomen decisiones y creen asociaciones.<\/p>\n\n\n\n<h2 class=\"wp-block-heading\">Acerca de<\/h2>\n\n\n\n<p>Participaci\u00f3n\/Asociaci\u00f3n Familiar y Comunitaria de la Junta de Educaci\u00f3n (BOE) <a href=\"http:\/\/boe.hawaii.gov\/policies\/Board%20Policies\/Family%20and%20Community%20Engagement-Partnership.pdf\" target=\"_blank\" rel=\"noreferrer noopener\">Pol\u00edtica 101-14 (PDF)<\/a> \u201creconoce que el crecimiento y el \u00e9xito educativo de un ni\u00f1o son responsabilidades y objetivos compartidos por HIDOE, las comunidades, las escuelas y las familias. De ello se desprende que el logro de estos objetivos depende del establecimiento de una amplia gama de asociaciones informadas entre las partes interesadas que aborden las fortalezas y las necesidades de todos los estudiantes\u201d.&nbsp;<\/p>\n\n\n\n<p>La misi\u00f3n de los PCNC es desarrollar un sentido de comunidad y una red de aprendizaje solidaria para fortalecer la familia, el vecindario, la escuela y el aula para el bienestar de todos los estudiantes. Para mantener los est\u00e1ndares establecidos por la pol\u00edtica de la BOE, los PCNC respaldan la implementaci\u00f3n, el monitoreo y la evaluaci\u00f3n de la participaci\u00f3n y las asociaciones de la familia y la comunidad en funci\u00f3n de las mejores pr\u00e1cticas nacionales basadas en evidencia, que incluyen:<\/p>\n\n\n\n<ul class=\"wp-block-list\">\n<li><strong>Est\u00e1ndar 1: Dar la bienvenida a todas las familias a la comunidad escolar.<\/strong> Las familias son participantes activos en la vida de la escuela y se sienten bienvenidas, valoradas y conectadas entre s\u00ed, con el personal de la escuela y con lo que los estudiantes est\u00e1n aprendiendo y haciendo en clase.<\/li>\n\n\n\n<li><strong>Est\u00e1ndar 2: Comunicarse eficazmente.<\/strong> Las familias y el personal escolar mantienen una comunicaci\u00f3n regular, bidireccional y significativa sobre el aprendizaje de los estudiantes.<\/li>\n\n\n\n<li><strong>Est\u00e1ndar 3: Apoyar el \u00e9xito de los estudiantes.<\/strong> Las familias y el personal escolar se asocian continuamente para apoyar el aprendizaje y el desarrollo saludable de los estudiantes tanto en el hogar como en la escuela, y tienen oportunidades regulares para fortalecer sus conocimientos y habilidades para hacerlo de manera efectiva.<\/li>\n\n\n\n<li><strong>Est\u00e1ndar 4: Hablar en nombre de cada ni\u00f1o.<\/strong> Las familias est\u00e1n capacitadas para defender a sus propios hijos y a los de otros, para garantizar que los estudiantes reciban un trato justo y tengan acceso a oportunidades de aprendizaje que respalden su \u00e9xito.<\/li>\n\n\n\n<li><strong>Est\u00e1ndar 5: Compartir el poder.<\/strong> Las familias y el personal escolar son socios iguales en las decisiones que afectan a los ni\u00f1os y las familias y juntos informan, influyen y crean pol\u00edticas, pr\u00e1cticas y programas.<\/li>\n\n\n\n<li><strong>Est\u00e1ndar 6: Involucrarse\/asociarse con la comunidad.<\/strong> Las familias y el personal escolar interact\u00faan\/se asocian con miembros de la comunidad para conectar a los estudiantes, las familias y el personal con oportunidades de aprendizaje ampliadas, servicios comunitarios y participaci\u00f3n c\u00edvica.<\/li>\n<\/ul>\n\n\n\n<h2 class=\"wp-block-heading\">Contacto<\/h2>\n\n\n\n<p>Comun\u00edquese con su hijo <a href=\"https:\/\/hawaiipublicschools.org\/es\/enrolling-in-school\/find-your-school\/\" data-type=\"link\" data-id=\"https:\/\/hawaiipublicschools.org\/enrolling-in-school\/find-your-school\/\">escuela<\/a> directamente para preguntar sobre su PCNC.<\/p>\n\n\n\n<p><\/p>\n\n\n\n<p><\/p>\n\n\n\n<p><\/p>","protected":false},"excerpt":{"rendered":"<p>Parent-Community Networking Centers (PCNCs) serve to create supportive partnerships among the home, school and community for the purposes of supporting student success and building a sense of family and community. The PCNCs are school-based centers for families, volunteers and community to identify their strengths, collaborate, make decisions and create partnerships. About The Board of Education&#8217;s [&hellip;]<\/p>","protected":false},"author":8,"featured_media":0,"parent":87,"menu_order":19,"comment_status":"closed","ping_status":"closed","template":"","meta":{"_relevanssi_hide_post":"","_relevanssi_hide_content":"","_relevanssi_pin_for_all":"","_relevanssi_pin_keywords":"","_relevanssi_unpin_keywords":"","_relevanssi_related_keywords":"","_relevanssi_related_include_ids":"","_relevanssi_related_exclude_ids":"","_relevanssi_related_no_append":"","_relevanssi_related_not_related":"","_relevanssi_related_posts":"","_relevanssi_noindex_reason":"","_sitemap_exclude":false,"_sitemap_priority":"","_sitemap_frequency":"","_kad_blocks_custom_css":"","_kad_blocks_head_custom_js":"","_kad_blocks_body_custom_js":"","_kad_blocks_footer_custom_js":"","wp_popup_display_lightbox":0,"wp_popup_suppress":"","wp_popup_trigger":"","wp_popup_trigger_amount":0,"wp_popup_disable_on_mobile":false,"footnotes":""},"class_list":["post-103","page","type-page","status-publish","hentry"],"pp_statuses_selecting_workflow":false,"pp_workflow_action":"current","pp_status_selection":"publish","taxonomy_info":[],"featured_image_src_large":false,"author_info":{"display_name":"Ariana Enomoto","author_link":"https:\/\/hawaiipublicschools.org\/es\/author\/arianastaceyleong-com\/"},"comment_info":0,"publishpress_future_action":{"enabled":false,"date":"2026-04-28 11:46:02","action":"change-status","newStatus":"draft","terms":[],"taxonomy":"","extraData":[]},"publishpress_future_workflow_manual_trigger":{"enabledWorkflows":[]},"_links":{"self":[{"href":"https:\/\/hawaiipublicschools.org\/es\/wp-json\/wp\/v2\/pages\/103","targetHints":{"allow":["GET"]}}],"collection":[{"href":"https:\/\/hawaiipublicschools.org\/es\/wp-json\/wp\/v2\/pages"}],"about":[{"href":"https:\/\/hawaiipublicschools.org\/es\/wp-json\/wp\/v2\/types\/page"}],"author":[{"embeddable":true,"href":"https:\/\/hawaiipublicschools.org\/es\/wp-json\/wp\/v2\/users\/8"}],"replies":[{"embeddable":true,"href":"https:\/\/hawaiipublicschools.org\/es\/wp-json\/wp\/v2\/comments?post=103"}],"version-history":[{"count":0,"href":"https:\/\/hawaiipublicschools.org\/es\/wp-json\/wp\/v2\/pages\/103\/revisions"}],"up":[{"embeddable":true,"href":"https:\/\/hawaiipublicschools.org\/es\/wp-json\/wp\/v2\/pages\/87"}],"wp:attachment":[{"href":"https:\/\/hawaiipublicschools.org\/es\/wp-json\/wp\/v2\/media?parent=103"}],"curies":[{"name":"wp","href":"https:\/\/api.w.org\/{rel}","templated":true}]}}