{"id":10268,"date":"2025-04-03T10:13:31","date_gmt":"2025-04-03T20:13:31","guid":{"rendered":"https:\/\/hawaiipublicschools.org\/?page_id=10268"},"modified":"2025-04-17T08:30:06","modified_gmt":"2025-04-17T18:30:06","slug":"section-504","status":"publish","type":"page","link":"https:\/\/hawaiipublicschools.org\/es\/academics\/section-504\/","title":{"rendered":"Secci\u00f3n 504"},"content":{"rendered":"<p class=\"intro\">La Secci\u00f3n 504 de la Ley de Rehabilitaci\u00f3n de 1973, com\u00fanmente llamada \u201cSecci\u00f3n 504\u201d, es una ley federal que protege a los estudiantes de la discriminaci\u00f3n basada en la discapacidad. La Secci\u00f3n 504 garantiza que los estudiantes con discapacidades tengan oportunidades y beneficios educativos iguales a los que se brindan a los estudiantes sin discapacidades. Para ser elegible, un estudiante debe tener un impedimento f\u00edsico o mental que limite sustancialmente una o m\u00e1s actividades importantes de la vida. <\/p>\n\n\n\n<h2 class=\"wp-block-heading\">El proceso de la Secci\u00f3n 504<\/h2>\n\n\n\n<p>Su hijo tiene derecho a una evaluaci\u00f3n antes de que la escuela determine si es elegible seg\u00fan la Secci\u00f3n 504. Usted tiene derecho a:&nbsp;<\/p>\n\n\n\n<ul class=\"wp-block-list\">\n<li>Recibir notificaci\u00f3n antes de que la escuela tome cualquier acci\u00f3n con respecto a la identificaci\u00f3n, evaluaci\u00f3n y ubicaci\u00f3n de su hijo.&nbsp;<\/li>\n\n\n\n<li>Hacer que las decisiones de evaluaci\u00f3n y ubicaci\u00f3n sean tomadas por un grupo de personas, a menudo llamado un \u201cequipo 504\u201d, que incluye personas que conocen a su hijo, el significado de la informaci\u00f3n de la evaluaci\u00f3n y las opciones de ubicaci\u00f3n disponibles.&nbsp;<\/li>\n\n\n\n<li>Tomar decisiones de evaluaci\u00f3n basadas en una variedad de fuentes. Algunos ejemplos de fuentes incluyen, entre otras, las siguientes: calificaciones o informes de progreso, su aporte, el aporte de los maestros, observaciones, derivaciones disciplinarias y pruebas formales.&nbsp;<\/li>\n\n\n\n<li>Rechazar el consentimiento para la evaluaci\u00f3n y prestaci\u00f3n de servicios bajo la Secci\u00f3n 504.&nbsp;<\/li>\n\n\n\n<li>Desarrollar un plan de la Secci\u00f3n 504 cuando las adaptaciones y los servicios relacionados sean necesarios para recibir una educaci\u00f3n p\u00fablica gratuita y apropiada para acceder a oportunidades educativas iguales.&nbsp;<\/li>\n<\/ul>\n\n\n\n<p>Su hijo, de acuerdo con la Secci\u00f3n 504, tiene derecho a reevaluaciones peri\u00f3dicas, incluidas reevaluaciones antes de que se realice cualquier cambio significativo en el programa o la ubicaci\u00f3n de su hijo. Si tiene alguna pregunta o inquietud con respecto al plan de la Secci\u00f3n 504, comun\u00edquese con el administrador de la escuela o el superintendente del \u00e1rea del complejo para obtener ayuda.&nbsp;<\/p>\n\n\n\n<h3 class=\"wp-block-heading\">Si no est\u00e1 de acuerdo con la decisi\u00f3n de la escuela&nbsp;<\/h3>\n\n\n\n<p>Si no est\u00e1 de acuerdo con la decisi\u00f3n de la escuela con respecto a la identificaci\u00f3n, evaluaci\u00f3n, programa educativo o ubicaci\u00f3n de su hijo seg\u00fan la Secci\u00f3n 504, puede solicitar una mediaci\u00f3n o una audiencia imparcial de debido proceso. Usted y su hijo tienen derecho a participar en la audiencia y a que los represente un abogado. Las solicitudes de una audiencia imparcial de debido proceso deben presentarse por escrito al superintendente del \u00e1rea del complejo de la escuela de su hijo. El siguiente es un enlace directo a la <a href=\"\/es\/DOE%20Forms\/Special%20Education\/Sect_504_Request_For_Impartial_Due_Process_Hearing.pdf\/\" target=\"_blank\" rel=\"noreferrer noopener\">\u201cSolicitud de audiencia imparcial de debido proceso conforme a la Secci\u00f3n 504\u201d (PDF)<\/a> forma.<br>Tiene derecho a presentar una queja por discriminaci\u00f3n ante la Divisi\u00f3n de Cumplimiento de Derechos Civiles del HIDOE.&nbsp;<\/p>\n\n\n\n<p>Departamento de Educaci\u00f3n del Estado de Haw\u00e1i<br>Divisi\u00f3n de Cumplimiento de Derechos Civiles<br>Apartado Postal 2360<br>Honolulu, Haw\u00e1i 96804<br>Tel\u00e9fono: 808-586-3322&nbsp;<\/p>\n\n\n\n<p>Tambi\u00e9n tiene derecho a presentar una solicitud ante la Oficina de Derechos Civiles del Departamento de Educaci\u00f3n de EE. UU.&nbsp;<\/p>\n\n\n\n<p>Departamento de Educaci\u00f3n de los Estados Unidos<br>Oficina de Derechos Civiles<br>915 Second Ave, Sala 3310<br>Seattle, Washington 98174-1099<\/p>\n\n\n\n<h3 class=\"wp-block-heading\">Derechos de los padres y estudiantes seg\u00fan la Secci\u00f3n 504, Subparte D y la Ley y los Reglamentos de Haw\u00e1i<\/h3>\n\n\n\n<div class=\"wp-block-columns is-layout-flex wp-container-core-columns-is-layout-28f84493 wp-block-columns-is-layout-flex\">\n<div class=\"wp-block-column is-layout-flow wp-block-column-is-layout-flow\">\n<ul class=\"wp-block-list\">\n<li><a href=\"\/es\/DOE%20Forms\/504%20Parent%20Student%20Rights.pdf\/\" target=\"_blank\" rel=\"noreferrer noopener\">Ingl\u00e9s (PDF)<\/a><\/li>\n\n\n\n<li><a href=\"\/wp-content\/uploads\/504rights_Cebuano.pdf\" data-type=\"attachment\" data-id=\"10720\" target=\"_blank\" rel=\"noreferrer noopener\">Cebuano (PDF)<\/a><\/li>\n\n\n\n<li><a href=\"\/wp-content\/uploads\/504rights_S_Chinese.pdf\" data-type=\"attachment\" data-id=\"10727\" target=\"_blank\" rel=\"noreferrer noopener\">Chino (simplificado) (PDF)<\/a><\/li>\n\n\n\n<li><a href=\"\/wp-content\/uploads\/504rights_Trad_Chinese.pdf\" data-type=\"attachment\" data-id=\"10733\" target=\"_blank\" rel=\"noreferrer noopener\">Chino (tradicional) (PDF)<\/a><\/li>\n\n\n\n<li><a href=\"\/wp-content\/uploads\/504rights_Chuukese.pdf\" data-type=\"attachment\" data-id=\"10721\" target=\"_blank\" rel=\"noreferrer noopener\">Chuukese (PDF)<\/a><\/li>\n\n\n\n<li><a href=\"\/wp-content\/uploads\/504rights_Hawaiian.pdf\" data-type=\"attachment\" data-id=\"10722\" target=\"_blank\" rel=\"noreferrer noopener\">Hawaiano (PDF)<\/a><\/li>\n<\/ul>\n<\/div>\n\n\n\n<div class=\"wp-block-column is-layout-flow wp-block-column-is-layout-flow\">\n<ul class=\"wp-block-list\">\n<li><a href=\"\/wp-content\/uploads\/504rights_Ilocano.pdf\" data-type=\"attachment\" data-id=\"10723\" target=\"_blank\" rel=\"noreferrer noopener\">Ilocano (PDF)<\/a><\/li>\n\n\n\n<li><a href=\"\/wp-content\/uploads\/504rights_Japanese.pdf\" data-type=\"attachment\" data-id=\"10724\" target=\"_blank\" rel=\"noreferrer noopener\">Japon\u00e9s (PDF)<\/a><\/li>\n\n\n\n<li><a href=\"\/wp-content\/uploads\/504rights_Korean.pdf\" data-type=\"attachment\" data-id=\"10725\" target=\"_blank\" rel=\"noreferrer noopener\">Coreano (PDF)<\/a><\/li>\n\n\n\n<li><a href=\"\/wp-content\/uploads\/504rights_Marshallese.pdf\" data-type=\"attachment\" data-id=\"10726\" target=\"_blank\" rel=\"noreferrer noopener\">marshal\u00e9s (PDF)<\/a><\/li>\n\n\n\n<li><a href=\"\/wp-content\/uploads\/504rights_Samoan.pdf\" data-type=\"attachment\" data-id=\"10728\" target=\"_blank\" rel=\"noreferrer noopener\">Samoano (PDF)<\/a><\/li>\n<\/ul>\n<\/div>\n\n\n\n<div class=\"wp-block-column is-layout-flow wp-block-column-is-layout-flow\">\n<ul class=\"wp-block-list\">\n<li><a href=\"\/wp-content\/uploads\/504rights_Spanish.pdf\" data-type=\"attachment\" data-id=\"10729\" target=\"_blank\" rel=\"noreferrer noopener\">Espa\u00f1ol (PDF)<\/a><\/li>\n\n\n\n<li><a href=\"\/wp-content\/uploads\/504rights_Tagalog.pdf\" data-type=\"attachment\" data-id=\"10730\" target=\"_blank\" rel=\"noreferrer noopener\">Tagalo (PDF)<\/a><\/li>\n\n\n\n<li><a href=\"\/wp-content\/uploads\/504rights_Thai.pdf\" data-type=\"attachment\" data-id=\"10731\" target=\"_blank\" rel=\"noreferrer noopener\">Tailand\u00e9s (PDF)<\/a><\/li>\n\n\n\n<li><a href=\"\/wp-content\/uploads\/504rights_Tongan.pdf\" data-type=\"attachment\" data-id=\"10732\" target=\"_blank\" rel=\"noreferrer noopener\">Tongano (PDF)<\/a><\/li>\n\n\n\n<li><a href=\"\/wp-content\/uploads\/504rights_Vietnamese.pdf\" data-type=\"attachment\" data-id=\"10734\" target=\"_blank\" rel=\"noreferrer noopener\">vietnamita (PDF)<\/a><\/li>\n<\/ul>\n<\/div>\n<\/div>","protected":false},"excerpt":{"rendered":"<p>Section 504 of the Rehabilitation Act of 1973, commonly called \u201cSection 504,\u201d is a federal law that protects students from discrimination based on disability. Section 504 assures that students with disabilities have educational opportunities and benefits equal to those provided to students without disabilities. To be eligible, a student must have a physical or mental [&hellip;]<\/p>","protected":false},"author":13,"featured_media":0,"parent":22,"menu_order":0,"comment_status":"closed","ping_status":"closed","template":"","meta":{"_relevanssi_hide_post":"","_relevanssi_hide_content":"","_relevanssi_pin_for_all":"","_relevanssi_pin_keywords":"","_relevanssi_unpin_keywords":"","_relevanssi_related_keywords":"","_relevanssi_related_include_ids":"","_relevanssi_related_exclude_ids":"","_relevanssi_related_no_append":"","_relevanssi_related_not_related":"","_relevanssi_related_posts":"","_relevanssi_noindex_reason":"","_sitemap_exclude":false,"_sitemap_priority":"","_sitemap_frequency":"","_kad_blocks_custom_css":"","_kad_blocks_head_custom_js":"","_kad_blocks_body_custom_js":"","_kad_blocks_footer_custom_js":"","wp_popup_display_lightbox":0,"wp_popup_suppress":"","wp_popup_trigger":"","wp_popup_trigger_amount":0,"wp_popup_disable_on_mobile":false,"footnotes":""},"class_list":["post-10268","page","type-page","status-publish","hentry"],"pp_statuses_selecting_workflow":false,"pp_workflow_action":"current","pp_status_selection":"publish","taxonomy_info":[],"featured_image_src_large":false,"author_info":{"display_name":"Sara Miyazono","author_link":"https:\/\/hawaiipublicschools.org\/es\/author\/sara-miyazonok12-hi-us\/"},"comment_info":0,"publishpress_future_action":{"enabled":false,"date":"2026-04-20 06:16:09","action":"change-status","newStatus":"draft","terms":[],"taxonomy":"","extraData":[]},"publishpress_future_workflow_manual_trigger":{"enabledWorkflows":[]},"_links":{"self":[{"href":"https:\/\/hawaiipublicschools.org\/es\/wp-json\/wp\/v2\/pages\/10268","targetHints":{"allow":["GET"]}}],"collection":[{"href":"https:\/\/hawaiipublicschools.org\/es\/wp-json\/wp\/v2\/pages"}],"about":[{"href":"https:\/\/hawaiipublicschools.org\/es\/wp-json\/wp\/v2\/types\/page"}],"author":[{"embeddable":true,"href":"https:\/\/hawaiipublicschools.org\/es\/wp-json\/wp\/v2\/users\/13"}],"replies":[{"embeddable":true,"href":"https:\/\/hawaiipublicschools.org\/es\/wp-json\/wp\/v2\/comments?post=10268"}],"version-history":[{"count":0,"href":"https:\/\/hawaiipublicschools.org\/es\/wp-json\/wp\/v2\/pages\/10268\/revisions"}],"up":[{"embeddable":true,"href":"https:\/\/hawaiipublicschools.org\/es\/wp-json\/wp\/v2\/pages\/22"}],"wp:attachment":[{"href":"https:\/\/hawaiipublicschools.org\/es\/wp-json\/wp\/v2\/media?parent=10268"}],"curies":[{"name":"wp","href":"https:\/\/api.w.org\/{rel}","templated":true}]}}