{"id":101,"date":"2024-09-04T23:47:45","date_gmt":"2024-09-04T23:47:45","guid":{"rendered":"https:\/\/hawaiipublicschools.org\/?page_id=101"},"modified":"2026-02-05T16:37:11","modified_gmt":"2026-02-06T02:37:11","slug":"community-childrens-council","status":"publish","type":"page","link":"https:\/\/hawaiipublicschools.org\/es\/resources\/community-childrens-council\/","title":{"rendered":"Consejo Comunitario de Ni\u00f1os"},"content":{"rendered":"<div class=\"wp-block-columns double_col_sidebar is-layout-flex wp-container-core-columns-is-layout-28f84493 wp-block-columns-is-layout-flex\">\n<div class=\"wp-block-column left_col is-layout-flow wp-block-column-is-layout-flow\">\n<p class=\"intro\">Los Consejos Comunitarios Infantiles atienden a ni\u00f1os y familias, incluyendo a aquellos con discapacidades y necesidades de salud mental, mediante alianzas colaborativas. Estas alianzas, con pleno apoyo, requieren la participaci\u00f3n equitativa y responsabilidades compartidas de las familias, los proveedores locales, las partes interesadas y los representantes de la comunidad.<\/p>\n\n\n\n<h2 class=\"wp-block-heading\">ACERCA DE<\/h2>\n\n\n\n<p>Los Consejos Comunitarios Infantiles, una de las alianzas clave en el desarrollo de una gama completa de servicios para ni\u00f1os con necesidades especiales y sus familias, est\u00e1n dirigidos por padres voluntarios y copresidentes profesionales de su comunidad. La visi\u00f3n colectiva va m\u00e1s all\u00e1 de la implementaci\u00f3n de servicios para necesidades especiales y ofrece foros locales a nivel estatal donde todos los miembros de la comunidad se re\u00fanen como socios iguales para debatir e influir positivamente en los problemas en beneficio de todos los ni\u00f1os, familias y comunidades. Los objetivos son:<\/p>\n\n\n\n<ul class=\"wp-block-list\">\n<li>Proporcionar un enfoque de fuerte participaci\u00f3n familiar en la planificaci\u00f3n y la toma de decisiones.<\/li>\n\n\n\n<li>Proporcionar un veh\u00edculo para la participaci\u00f3n de toda la comunidad.<\/li>\n\n\n\n<li>Crear colaborativamente una visi\u00f3n compartida para un sistema integrado de atenci\u00f3n.<\/li>\n\n\n\n<li>Implementar evaluaciones continuas de las necesidades de la comunidad y un proceso de planificaci\u00f3n estrat\u00e9gica.<\/li>\n\n\n\n<li>Participar en el aseguramiento y mejora de la calidad en el desarrollo del sistema de atenci\u00f3n.<\/li>\n<\/ul>\n\n\n\n<p>There are 17 Community Children&#8217;s Councils in Hawai\u02bbi that usually meet monthly. Common activities include parent support groups, workshops and informational meetings, with conferences and special events offered throughout the year.<\/p>\n\n\n\n<p>Los consejos cuentan con el apoyo de una oficina que brinda apoyo t\u00e9cnico y administrativo, incluyendo la recopilaci\u00f3n y difusi\u00f3n de informaci\u00f3n, asistencia log\u00edstica para conferencias y talleres, capacitaci\u00f3n en liderazgo y facilitaci\u00f3n, y asistencia y apoyo t\u00e9cnico. Para obtener informaci\u00f3n de contacto y enlaces a reuniones, visite <a href=\"https:\/\/hawaiicommunityengagement.com\/community-childrens-councils\/\" target=\"_blank\" rel=\"noreferrer noopener\">Community Children&#8217;s Council website<\/a>.<\/p>\n\n\n\n<h2 class=\"wp-block-heading\">Contacto<\/h2>\n\n\n\n<p>Tel\u00e9fono: 808-305-0696<br>Correo electr\u00f3nico: <a href=\"mailto:familypartnerships@k12.hi.us\" target=\"_blank\" rel=\"noreferrer noopener\">familypartnerships@k12.hi.us<\/a><br><a href=\"https:\/\/hawaiicommunityengagement.com\/community-childrens-councils\/\" target=\"_blank\" rel=\"noreferrer noopener\">Consejo Comunitario de Ni\u00f1os<\/a> Sitio web<\/p>\n\n\n\n<h2 class=\"wp-block-heading\">Recursos<\/h2>\n\n\n\n<ul class=\"wp-block-list\">\n<li><a href=\"https:\/\/hawaiipublicschools.org\/wp-content\/uploads\/CCC-Flyer-Feb-2026.pdf\" target=\"_blank\" rel=\"noreferrer noopener\">HIDOE Community Children&#8217;s Councils Information<\/a><\/li>\n\n\n\n<li><a href=\"https:\/\/hawaiipublicschools.org\/wp-content\/uploads\/Support-for-Families-QR.pdf\" target=\"_blank\" rel=\"noreferrer noopener\">Support for Families<\/a><\/li>\n\n\n\n<li><a href=\"http:\/\/spinhawaii.org\/\" target=\"_blank\" rel=\"noreferrer noopener\">Red de informaci\u00f3n para padres especiales: Haw\u00e1i<\/a>&nbsp;<\/li>\n\n\n\n<li><a href=\"http:\/\/www.ldahawaii.org\/\" target=\"_blank\" rel=\"noreferrer noopener\">Liderazgo en discapacidades y logros de Haw\u00e1i<\/a>&nbsp;<\/li>\n\n\n\n<li><a href=\"http:\/\/seac-hawaii.org\/\" target=\"_blank\" rel=\"noreferrer noopener\">Consejo Asesor de Educaci\u00f3n Especial<\/a>&nbsp;<\/li>\n\n\n\n<li><a href=\"http:\/\/www.ldonline.org\/\" target=\"_blank\" rel=\"noreferrer noopener\">LD en l\u00ednea<\/a>&nbsp;<\/li>\n\n\n\n<li><a href=\"http:\/\/www.pacer.org\/\" target=\"_blank\" rel=\"noreferrer noopener\">Centro Pacer<\/a>&nbsp;<\/li>\n\n\n\n<li><a href=\"http:\/\/www.chadd.org\/\" target=\"_blank\" rel=\"noreferrer noopener\">CHADD \u2014 Ni\u00f1os y adultos con trastorno por d\u00e9ficit de atenci\u00f3n e hiperactividad<\/a>&nbsp;<\/li>\n\n\n\n<li><a href=\"https:\/\/www2.ed.gov\/about\/offices\/list\/osers\/osep\/index.html\" target=\"_blank\" rel=\"noreferrer noopener\">Oficina de Programas de Educaci\u00f3n Especial (OSEP)<\/a>&nbsp;<\/li>\n\n\n\n<li><a href=\"https:\/\/dyslexiaida.org\/\" target=\"_blank\" rel=\"noreferrer noopener\">Asociaci\u00f3n Internacional de Dislexia<\/a>&nbsp;<\/li>\n<\/ul>\n<\/div>\n<\/div>\n\n\n\n<p><\/p>","protected":false},"excerpt":{"rendered":"<p>The Community Children\u2019s Councils serve children and families \u2014 including those with disabilities and mental health needs \u2014 through collaborative partnerships. Fully supported collaborative partnerships require equal participation and shared responsibilities of families, local providers, community stakeholders and representatives. ABOUT One of the key partnerships in the development of a full array of services to [&hellip;]<\/p>","protected":false},"author":8,"featured_media":0,"parent":87,"menu_order":15,"comment_status":"closed","ping_status":"closed","template":"","meta":{"_relevanssi_hide_post":"","_relevanssi_hide_content":"","_relevanssi_pin_for_all":"","_relevanssi_pin_keywords":"","_relevanssi_unpin_keywords":"","_relevanssi_related_keywords":"","_relevanssi_related_include_ids":"","_relevanssi_related_exclude_ids":"","_relevanssi_related_no_append":"","_relevanssi_related_not_related":"","_relevanssi_related_posts":"11057,16234,10032,14020,10101,10143","_relevanssi_noindex_reason":"","_sitemap_exclude":false,"_sitemap_priority":"","_sitemap_frequency":"","_kad_blocks_custom_css":"","_kad_blocks_head_custom_js":"","_kad_blocks_body_custom_js":"","_kad_blocks_footer_custom_js":"","wp_popup_display_lightbox":0,"wp_popup_suppress":"","wp_popup_trigger":"","wp_popup_trigger_amount":0,"wp_popup_disable_on_mobile":false,"footnotes":""},"class_list":["post-101","page","type-page","status-publish","hentry"],"pp_statuses_selecting_workflow":false,"pp_workflow_action":"current","pp_status_selection":"publish","taxonomy_info":[],"featured_image_src_large":false,"author_info":{"display_name":"Ariana Enomoto","author_link":"https:\/\/hawaiipublicschools.org\/es\/author\/arianastaceyleong-com\/"},"comment_info":0,"publishpress_future_action":{"enabled":false,"date":"2026-04-27 13:29:07","action":"change-status","newStatus":"draft","terms":[],"taxonomy":"","extraData":[]},"publishpress_future_workflow_manual_trigger":{"enabledWorkflows":[]},"_links":{"self":[{"href":"https:\/\/hawaiipublicschools.org\/es\/wp-json\/wp\/v2\/pages\/101","targetHints":{"allow":["GET"]}}],"collection":[{"href":"https:\/\/hawaiipublicschools.org\/es\/wp-json\/wp\/v2\/pages"}],"about":[{"href":"https:\/\/hawaiipublicschools.org\/es\/wp-json\/wp\/v2\/types\/page"}],"author":[{"embeddable":true,"href":"https:\/\/hawaiipublicschools.org\/es\/wp-json\/wp\/v2\/users\/8"}],"replies":[{"embeddable":true,"href":"https:\/\/hawaiipublicschools.org\/es\/wp-json\/wp\/v2\/comments?post=101"}],"version-history":[{"count":0,"href":"https:\/\/hawaiipublicschools.org\/es\/wp-json\/wp\/v2\/pages\/101\/revisions"}],"up":[{"embeddable":true,"href":"https:\/\/hawaiipublicschools.org\/es\/wp-json\/wp\/v2\/pages\/87"}],"wp:attachment":[{"href":"https:\/\/hawaiipublicschools.org\/es\/wp-json\/wp\/v2\/media?parent=101"}],"curies":[{"name":"wp","href":"https:\/\/api.w.org\/{rel}","templated":true}]}}