{"id":10038,"date":"2025-03-24T14:42:30","date_gmt":"2025-03-25T00:42:30","guid":{"rendered":"https:\/\/hawaiipublicschools.org\/?page_id=10038"},"modified":"2025-11-05T07:43:05","modified_gmt":"2025-11-05T17:43:05","slug":"multilingualism","status":"publish","type":"page","link":"https:\/\/hawaiipublicschools.org\/es\/useful-links\/policies\/multilingualism\/","title":{"rendered":"Multiling\u00fcismo"},"content":{"rendered":"<p>All cultures and languages are valuable resources. Multilingualism creates learning environments that draw from the rich linguistic diversity and cultural strengths of Hawai\u02bbi\u2019s students. The BOE recognizes the important role of multilingualism in providing a meaningful and equitable education for student achievement. The BOE\u2019s Multilingualism for Equitable Education Policy\u2014<a href=\"http:\/\/boe.hawaii.gov\/policies\/Board%20Policies\/Multilingualism%20for%20Equitable%20Education.pdf\" target=\"_blank\" rel=\"noreferrer noopener\">Pol\u00edtica 105-14 (PDF)<\/a>\u2014gu\u00eda al HIDOE y sus escuelas para adoptar, promover y perpetuar el multiling\u00fcismo y el multiculturalismo para apoyar a los estudiantes, las familias y las comunidades.<\/p>\n\n\n\n<p>Hawai\u02bbi is multicultural and multilingual. There are two official state languages\u2014Hawaiian and English. Up to 14% of students have been identified as <a href=\"\/es\/academics\/english-learner-program\/\" data-type=\"page\" data-id=\"44\">English Learners<\/a> (ELs) over the past five years; the top five languages spoken at home are Ilokano, Chuukese, Marshallese, Tagalog and Spanish. Studies consistently show that when students\u2019 identities, histories, cultures and languages are included in a meaningful and equitable way, they are better able to learn and succeed in school and beyond.\u00a0<\/p>\n\n\n\n<figure class=\"wp-block-embed is-type-video is-provider-vimeo wp-block-embed-vimeo wp-embed-aspect-16-9 wp-has-aspect-ratio\"><div class=\"wp-block-embed__wrapper\">\n<iframe loading=\"lazy\" title=\"Estudiantes multiling\u00fces\" src=\"https:\/\/player.vimeo.com\/video\/266165995?dnt=1&amp;app_id=122963\" width=\"500\" height=\"281\" frameborder=\"0\" allow=\"autoplay; fullscreen; picture-in-picture; clipboard-write; encrypted-media; web-share\" referrerpolicy=\"strict-origin-when-cross-origin\"><\/iframe>\n<\/div><\/figure>\n\n\n\n<h3 class=\"wp-block-heading\">Objetivos&nbsp;<\/h3>\n\n\n\n<p>Los tres objetivos generales delineados en la pol\u00edtica incluyen:&nbsp;<\/p>\n\n\n\n<ol class=\"wp-block-list\">\n<li>Proporcionar una variedad de programas de idiomas para estudiantes multiling\u00fces, que incluyen estudiantes identificados como EL y estudiantes que desean aprender un idioma adicional;&nbsp;<\/li>\n\n\n\n<li>Proporcionar a educadores eficaces conocimientos, habilidades y materiales did\u00e1cticos adecuados; y&nbsp;<\/li>\n\n\n\n<li>Proporcionar&nbsp;<a href=\"https:\/\/hawaiipublicschools.org\/es\/DOE%20Forms\/Multilingualism\/OahuMultilingualResources.pdf\/\">apoyo de extensi\u00f3n<\/a>&nbsp;A las familias para que participen activamente en la educaci\u00f3n de sus hijos.&nbsp;<\/li>\n<\/ol>\n\n\n\n<p>The goals for this policy were written to be inclusive of all major language groups in Hawai\u02bbi: Hawaiian, English, World\/Heritage Languages, and American Sign Language.\u00a0<\/p>\n\n\n\n<p>Tras la aprobaci\u00f3n de la pol\u00edtica en 2016, el Grupo de Trabajo sobre Pol\u00edticas de Multiling\u00fcismo cre\u00f3 un plan de implementaci\u00f3n funcional que incorpor\u00f3 todos los elementos de la pol\u00edtica en un documento de trabajo con seis objetivos:&nbsp;<\/p>\n\n\n\n<ul class=\"wp-block-list\">\n<li>Objetivo 1: Ofrecer una variedad de programas de idiomas para estudiantes multiling\u00fces.&nbsp;<\/li>\n\n\n\n<li>Objetivo 2: Proporcionar a educadores eficaces los conocimientos, las habilidades y los materiales adecuados.&nbsp;<\/li>\n\n\n\n<li>Objetivo 3: Brindar apoyo de extensi\u00f3n a las familias&nbsp;<\/li>\n\n\n\n<li>Objetivo 4: Establecer un comit\u00e9 asesor permanente&nbsp;<\/li>\n\n\n\n<li>Objetivo 5: Presentar un informe anual al BOE&nbsp;<\/li>\n\n\n\n<li>Objetivo 6: Buscar los fondos necesarios para implementar la Pol\u00edtica de Multiling\u00fcismo&nbsp;<\/li>\n<\/ul>\n\n\n\n<h3 class=\"wp-block-heading\">Beneficios&nbsp;<\/h3>\n\n\n\n<p>Resultados de la investigaci\u00f3n de&nbsp;<a href=\"\/es\/DOE%20Forms\/World%20Languages\/MultilingualBenefits.pdf\/\" target=\"_blank\" rel=\"noreferrer noopener\">Beneficios del multiling\u00fcismo (PDF)<\/a>&nbsp;Los autores han se\u00f1alado constantemente los beneficios acad\u00e9micos, ling\u00fc\u00edsticos y sociales de permitir que los estudiantes identificados como EL contin\u00faen desarrollando sus idiomas nativos mientras aprenden ingl\u00e9s. Algunos ejemplos de dichos beneficios incluyen: adquirir conocimientos de contenido en idiomas familiares, lo que repercute positivamente en el desarrollo cognitivo; mayor competencia en varios idiomas; y afirmaci\u00f3n de la identidad de los estudiantes, lo que repercute positivamente en el rendimiento.&nbsp;<\/p>\n\n\n\n<p>Los resultados de las investigaciones tambi\u00e9n han se\u00f1alado diversos beneficios del biling\u00fcismo y el multiling\u00fcismo para los j\u00f3venes que no est\u00e1n identificados como EL. Estos beneficios incluyen mejores habilidades para realizar m\u00faltiples tareas, una mayor conciencia y apreciaci\u00f3n de diferentes culturas y una mayor competencia cultural. Debido a estos beneficios, HIDOE ha establecido un&nbsp;<a href=\"https:\/\/hawaiipublicschools.org\/es\/academics\/seal-of-biliteracy\/\">sello de alfabetizaci\u00f3n biling\u00fce<\/a>&nbsp;que los estudiantes podr\u00e1n cursar opcionalmente para mejorar su diploma.<\/p>\n\n\n\n<p>Many Hawai\u02bbi schools are already integrating multilingualism and multiculturalism into their school culture and curriculum in a variety of ways.<\/p>\n\n\n\n<figure class=\"wp-block-embed is-type-video is-provider-vimeo wp-block-embed-vimeo wp-embed-aspect-16-9 wp-has-aspect-ratio\"><div class=\"wp-block-embed__wrapper\">\n<iframe loading=\"lazy\" title=\"Multiling\u00fcismo\" src=\"https:\/\/player.vimeo.com\/video\/273991686?dnt=1&amp;app_id=122963\" width=\"500\" height=\"281\" frameborder=\"0\" allow=\"autoplay; fullscreen; picture-in-picture; clipboard-write; encrypted-media; web-share\" referrerpolicy=\"strict-origin-when-cross-origin\"><\/iframe>\n<\/div><\/figure>","protected":false},"excerpt":{"rendered":"<p>All cultures and languages are valuable resources. Multilingualism creates learning environments that draw from the rich linguistic diversity and cultural strengths of Hawai\u02bbi\u2019s students. The BOE recognizes the important role of multilingualism in providing a meaningful and equitable education for student achievement. The BOE\u2019s Multilingualism for Equitable Education Policy\u2014Policy 105-14 (PDF)\u2014guides the HIDOE and its [&hellip;]<\/p>","protected":false},"author":13,"featured_media":0,"parent":148,"menu_order":0,"comment_status":"closed","ping_status":"closed","template":"","meta":{"_relevanssi_hide_post":"","_relevanssi_hide_content":"","_relevanssi_pin_for_all":"","_relevanssi_pin_keywords":"","_relevanssi_unpin_keywords":"","_relevanssi_related_keywords":"","_relevanssi_related_include_ids":"","_relevanssi_related_exclude_ids":"","_relevanssi_related_no_append":"","_relevanssi_related_not_related":"","_relevanssi_related_posts":"856,888,893,1022,1619,1622","_relevanssi_noindex_reason":"","_sitemap_exclude":false,"_sitemap_priority":"","_sitemap_frequency":"","_kad_blocks_custom_css":"","_kad_blocks_head_custom_js":"","_kad_blocks_body_custom_js":"","_kad_blocks_footer_custom_js":"","wp_popup_display_lightbox":0,"wp_popup_suppress":"","wp_popup_trigger":"","wp_popup_trigger_amount":0,"wp_popup_disable_on_mobile":false,"footnotes":""},"class_list":["post-10038","page","type-page","status-publish","hentry"],"pp_statuses_selecting_workflow":false,"pp_workflow_action":"current","pp_status_selection":"publish","taxonomy_info":[],"featured_image_src_large":false,"author_info":{"display_name":"Sara Miyazono","author_link":"https:\/\/hawaiipublicschools.org\/es\/author\/sara-miyazonok12-hi-us\/"},"comment_info":0,"publishpress_future_action":{"enabled":false,"date":"2026-04-26 08:08:39","action":"change-status","newStatus":"draft","terms":[],"taxonomy":"","extraData":[]},"publishpress_future_workflow_manual_trigger":{"enabledWorkflows":[]},"_links":{"self":[{"href":"https:\/\/hawaiipublicschools.org\/es\/wp-json\/wp\/v2\/pages\/10038","targetHints":{"allow":["GET"]}}],"collection":[{"href":"https:\/\/hawaiipublicschools.org\/es\/wp-json\/wp\/v2\/pages"}],"about":[{"href":"https:\/\/hawaiipublicschools.org\/es\/wp-json\/wp\/v2\/types\/page"}],"author":[{"embeddable":true,"href":"https:\/\/hawaiipublicschools.org\/es\/wp-json\/wp\/v2\/users\/13"}],"replies":[{"embeddable":true,"href":"https:\/\/hawaiipublicschools.org\/es\/wp-json\/wp\/v2\/comments?post=10038"}],"version-history":[{"count":0,"href":"https:\/\/hawaiipublicschools.org\/es\/wp-json\/wp\/v2\/pages\/10038\/revisions"}],"up":[{"embeddable":true,"href":"https:\/\/hawaiipublicschools.org\/es\/wp-json\/wp\/v2\/pages\/148"}],"wp:attachment":[{"href":"https:\/\/hawaiipublicschools.org\/es\/wp-json\/wp\/v2\/media?parent=10038"}],"curies":[{"name":"wp","href":"https:\/\/api.w.org\/{rel}","templated":true}]}}