{"id":100,"date":"2024-09-04T23:47:15","date_gmt":"2024-09-04T23:47:15","guid":{"rendered":"https:\/\/hawaiipublicschools.org\/?page_id=100"},"modified":"2025-02-13T13:24:41","modified_gmt":"2025-02-13T23:24:41","slug":"hawai%ca%bbi-state-parent-teacher-student-association","status":"publish","type":"page","link":"https:\/\/hawaiipublicschools.org\/es\/resources\/hawai%ca%bbi-state-parent-teacher-student-association\/","title":{"rendered":"Asociaci\u00f3n de padres, maestros y estudiantes del estado de Haw\u00e1i"},"content":{"rendered":"<p class=\"intro\">La Asociaci\u00f3n de Padres, Maestros y Estudiantes del Estado de Haw\u00e1i (HSPTSA) es un grupo de apoyo voluntario que apoya a los estudiantes mediante la participaci\u00f3n de padres, maestros y la comunidad. Ofrece recursos, capacitaci\u00f3n en liderazgo y oportunidades para participar tanto dentro como fuera del aula.<\/p>\n\n\n\n<h2 class=\"wp-block-heading\">ACERCA DE<\/h2>\n\n\n\n<p>El \u00e9xito y el apoyo de todos los estudiantes comienzan en casa. La Asociaci\u00f3n de Padres, Maestros y Estudiantes del Estado de Haw\u00e1i (<a href=\"http:\/\/www.hawaiistateptsa.org\/\" data-type=\"link\" data-id=\"http:\/\/www.hawaiistateptsa.org\/\" target=\"_blank\" rel=\"noreferrer noopener\">HSPTSA<\/a>) es una organizaci\u00f3n de voluntariado y apoyo abierta a toda la comunidad. Ofrece recursos fuera del \u00e1mbito educativo regular para padres, maestros y estudiantes, para que sus hijos puedan destacar tanto dentro como fuera del aula. Ser parte del proceso educativo de su hijo es una excelente manera de ser voluntario, conocer a otros padres, estar al tanto de lo que ocurre en su escuela y apoyar a la comunidad escolar. \u00a1Pregunte c\u00f3mo puede participar!<\/p>\n\n\n\n<h3 class=\"wp-block-heading\">Misi\u00f3n de HSPTSA<\/h3>\n\n\n\n<ul class=\"wp-block-list\">\n<li>Promover el bienestar de los ni\u00f1os y j\u00f3venes en el hogar, la escuela y la comunidad.<\/li>\n\n\n\n<li>Elevar el nivel de vida del hogar.<\/li>\n\n\n\n<li>Garantizar leyes adecuadas para el cuidado y protecci\u00f3n de la ni\u00f1ez y la juventud.<\/li>\n\n\n\n<li>Construir relaciones estrechas entre el hogar y la escuela para que los padres y los maestros puedan cooperar en la educaci\u00f3n de los j\u00f3venes.<\/li>\n<\/ul>\n\n\n\n<h3 class=\"wp-block-heading\">Formas de ser voluntario<\/h3>\n\n\n\n<ul class=\"wp-block-list\">\n<li>Ayude a la HSPTSA a participar en la defensa de los ni\u00f1os en las escuelas, las comunidades, ante organismos gubernamentales y otras organizaciones que toman decisiones que afectan a los ni\u00f1os.<\/li>\n\n\n\n<li>Comun\u00edquese con los legisladores locales o convi\u00e9rtase en presidente legislativo de una unidad local.<\/li>\n\n\n\n<li>Trabajar con la escuela para implementar una pol\u00edtica s\u00f3lida de participaci\u00f3n familiar.<\/li>\n<\/ul>\n\n\n\n<p><\/p>\n\n\n\n<p><\/p>","protected":false},"excerpt":{"rendered":"<p>The Hawai\u02bbi State Parent Teacher Student Association (HSPTSA) is a volunteer advocacy group supporting students through parent, teacher and community involvement. It provides resources, leadership training and opportunities to engage both in and out of the classroom. ABOUT Success and support of all students begin at home. The Hawai\u02bbi State Parent Teacher Student Association (HSPTSA) [&hellip;]<\/p>","protected":false},"author":8,"featured_media":0,"parent":87,"menu_order":14,"comment_status":"closed","ping_status":"closed","template":"","meta":{"_relevanssi_hide_post":"","_relevanssi_hide_content":"","_relevanssi_pin_for_all":"","_relevanssi_pin_keywords":"","_relevanssi_unpin_keywords":"","_relevanssi_related_keywords":"","_relevanssi_related_include_ids":"","_relevanssi_related_exclude_ids":"","_relevanssi_related_no_append":"","_relevanssi_related_not_related":"","_relevanssi_related_posts":"","_relevanssi_noindex_reason":"","_sitemap_exclude":false,"_sitemap_priority":"","_sitemap_frequency":"","_kad_blocks_custom_css":"","_kad_blocks_head_custom_js":"","_kad_blocks_body_custom_js":"","_kad_blocks_footer_custom_js":"","wp_popup_display_lightbox":0,"wp_popup_suppress":"","wp_popup_trigger":"","wp_popup_trigger_amount":0,"wp_popup_disable_on_mobile":false,"footnotes":""},"class_list":["post-100","page","type-page","status-publish","hentry"],"pp_statuses_selecting_workflow":false,"pp_workflow_action":"current","pp_status_selection":"publish","taxonomy_info":[],"featured_image_src_large":false,"author_info":{"display_name":"Ariana Enomoto","author_link":"https:\/\/hawaiipublicschools.org\/es\/author\/arianastaceyleong-com\/"},"comment_info":0,"publishpress_future_action":{"enabled":false,"date":"2026-04-27 03:44:37","action":"change-status","newStatus":"draft","terms":[],"taxonomy":"","extraData":[]},"publishpress_future_workflow_manual_trigger":{"enabledWorkflows":[]},"_links":{"self":[{"href":"https:\/\/hawaiipublicschools.org\/es\/wp-json\/wp\/v2\/pages\/100","targetHints":{"allow":["GET"]}}],"collection":[{"href":"https:\/\/hawaiipublicschools.org\/es\/wp-json\/wp\/v2\/pages"}],"about":[{"href":"https:\/\/hawaiipublicschools.org\/es\/wp-json\/wp\/v2\/types\/page"}],"author":[{"embeddable":true,"href":"https:\/\/hawaiipublicschools.org\/es\/wp-json\/wp\/v2\/users\/8"}],"replies":[{"embeddable":true,"href":"https:\/\/hawaiipublicschools.org\/es\/wp-json\/wp\/v2\/comments?post=100"}],"version-history":[{"count":0,"href":"https:\/\/hawaiipublicschools.org\/es\/wp-json\/wp\/v2\/pages\/100\/revisions"}],"up":[{"embeddable":true,"href":"https:\/\/hawaiipublicschools.org\/es\/wp-json\/wp\/v2\/pages\/87"}],"wp:attachment":[{"href":"https:\/\/hawaiipublicschools.org\/es\/wp-json\/wp\/v2\/media?parent=100"}],"curies":[{"name":"wp","href":"https:\/\/api.w.org\/{rel}","templated":true}]}}