{"id":550,"date":"2024-09-13T03:18:34","date_gmt":"2024-09-13T03:18:34","guid":{"rendered":"https:\/\/hawaiipublicschools.org\/?page_id=550"},"modified":"2025-10-03T07:44:50","modified_gmt":"2025-10-03T17:44:50","slug":"official-school-names","status":"publish","type":"page","link":"https:\/\/hawaiipublicschools.org\/ceb\/useful-links\/policies\/official-school-names\/","title":{"rendered":"Opisyal nga Ngalan sa Eskwelahan"},"content":{"rendered":"<p class=\"intro\">Ang pagsagop sa Departamento sa N\u0101 Hopena A\u02bbo nga resulta sa pagkat-on nagtimaan sa usa ka gipalig-on nga pasalig aron masiguro nga ang atong mga estudyante moapil sa pagkat-on nga mga palibot nga nakagamot sa Hawai\u02bbi. Ang Departamento nagtumong sa pag-establisar sa pagkamakanunayon sa paggamit sa \u02bb\u014dlelo Hawai\u02bbi sa mga memo, mga dokumento, mga taho, mga website nga nag-atubang sa publiko ug uban pang mga komunikasyon.&nbsp;<\/p>\n\n\n\n<p>Ang Hawai\u02bbi State Board of Education Policy 301-8 naglatid nga \u201cAng usa ka eskwelahan nga ginganlan sunod sa usa ka personahe kinahanglang mogamit sa pormal nga titulo ug tibuok nga ngalan sa personahe isip opisyal nga ngalan sa eskwelahan. Ang mga eskwelahan kinahanglang magdasig sa paggamit sa opisyal nga mga ngalan sa ilang mga estudyante ug sa ilang mga komunidad.\u201d Busa, ang lista sa updated nga diacritical nga mga marka ug spelling sa Hawaiian nga mga termino sa mga ngalan sa eskwelahan sa ubos naglakip usab sa updated nga opisyal nga mga ngalan alang sa mga eskwelahan nga ginganlan sunod sa mga tawo sumala sa gilatid sa Board policy. Kining opisyal nga mga ngalan kinahanglang gamiton sa tanang pormal nga komunikasyon, sama sa mga memorandum ug mga taho.&nbsp;<\/p>\n\n\n\n<p>Ang mga heyograpiya (distrito, komplikado, komplikado nga lugar ug siyudad) gi-update usab sa listahan sa ubos. Kini nga mga geographic nga mga ngalan, uban sa among estado nga ngalan, kinahanglan nga husto nga spelling sa tanan nga mga memorandum, mga dokumento, mga taho, nag-atubang sa publiko nga mga website ug uban pang mga komunikasyon.<\/p>\n\n\n\n<p>Note \u2014 public charter schools noted below with * <\/p>\n\n\n\n<p><\/p>\n\n\n\n<h2 class=\"wp-block-heading\">Mga ngalan sa eskwelahan sa isla<\/h2>\n\n\n\n<h3 class=\"wp-block-heading\">O\u02bbahu<\/h3>\n\n\n\n<div class=\"wp-block-columns is-layout-flex wp-container-core-columns-is-layout-28f84493 wp-block-columns-is-layout-flex\">\n<div class=\"wp-block-column is-layout-flow wp-block-column-is-layout-flow\">\n<ul class=\"wp-block-list\">\n<li>1SG Samuel K. Solomon Elementary School<\/li>\n\n\n\n<li>Admiral Arthur W. Radford High School<\/li>\n\n\n\n<li>Admiral CW Nimitz Elementary School<\/li>\n\n\n\n<li>\u02bb\u0100huimanu Elementary School<\/li>\n\n\n\n<li>\u02bbAiea Elementary School<\/li>\n\n\n\n<li>&#039;Aiea High School<\/li>\n\n\n\n<li>\u02bbAiea Intermediate School<\/li>\n\n\n\n<li>\u02bbAikahi Elementary School<\/li>\n\n\n\n<li>\u02bb\u0100ina Haina Elementary School<\/li>\n\n\n\n<li>Ala Wai Elementary School<\/li>\n\n\n\n<li>\u0100liamanu Elementary School<\/li>\n\n\n\n<li>\u0100liamanu Middle School<\/li>\n\n\n\n<li>Ali\u02bbiolani Elementary School<\/li>\n\n\n\n<li>Alvah A. Scott Elementary School<\/li>\n\n\n\n<li>August Ahrens Elementary School<\/li>\n\n\n\n<li>Barbers Point Elementary School<\/li>\n\n\n\n<li>Blanche Pope Elementary School<\/li>\n\n\n\n<li>Daniel K. Inouye Elementary School<\/li>\n\n\n\n<li>DreamHouse \u02bbEwa Beach*<\/li>\n\n\n\n<li>Enchanted Lake Elementary School<\/li>\n\n\n\n<li>\u02bbEwa Beach Elementary School<\/li>\n\n\n\n<li>\u02bbEwa Elementary School<\/li>\n\n\n\n<li>\u02bbEwa Makai Middle School<\/li>\n\n\n\n<li>Gobernador SW King Intermediate School<\/li>\n\n\n\n<li>Gobernador Sanford B. Dole Middle School<\/li>\n\n\n\n<li>Gobernador Wallace Rider Farrington High School<\/li>\n\n\n\n<li>Gustav H. Webling Elementary School<\/li>\n\n\n\n<li>Haha&#039;ione Elementary School<\/li>\n\n\n\n<li>Hakipu\u02bbu Academy*<\/li>\n\n\n\n<li>H\u0101lau K\u016b M\u0101na New Century Public Charter School*<\/li>\n\n\n\n<li>Hale\u02bbiwa Elementary School<\/li>\n\n\n\n<li>Hau\u02bbula Elementary School<\/li>\n\n\n\n<li>Hawai\u02bbi School for the Deaf and the Blind<\/li>\n\n\n\n<li>Hawai\u02bbi Technology Academy*<\/li>\n\n\n\n<li>He\u02bbeia Elementary School<\/li>\n\n\n\n<li>Helenano Elementary School<\/li>\n\n\n\n<li>Henry J. Kaiser High School<\/li>\n\n\n\n<li>Highlands Intermediate School<\/li>\n\n\n\n<li>Ho\u02bbokele Elementary School<\/li>\n\n\n\n<li>H\u014dk\u016blani Elementary School<\/li>\n\n\n\n<li>Holomua Elementary School<\/li>\n\n\n\n<li>Honouliuli Middle School<\/li>\n\n\n\n<li>Honowai Elementary School<\/li>\n\n\n\n<li>`Iliahi Elementary School<\/li>\n\n\n\n<li>\u02bbIlima Intermediate School<\/li>\n\n\n\n<li>Iroquois Point Elementary School<\/li>\n\n\n\n<li>James B. Castle High School<\/li>\n\n\n\n<li>James Campbell High School<\/li>\n\n\n\n<li>Ka Waihona o ka Na\u02bbauao Public Charter School*<\/li>\n\n\n\n<li>Kahala Elementary School<\/li>\n\n\n\n<li>Kahalu\u02bbu Elementary School<\/li>\n\n\n\n<li>Kahuku Elementary School<\/li>\n\n\n\n<li>Kahuku High &amp; Intermediate School<\/li>\n\n\n\n<li>Ka\u02bba\u02bbawa Elementary School<\/li>\n\n\n\n<li>Ka&#039;ala Elementary School<\/li>\n\n\n\n<li>Ka&#039;elepulu Elementary School<\/li>\n\n\n\n<li>Ka\u02bbewai Elementary School<\/li>\n\n\n\n<li>Ka&#039;imiloa Elementary School<\/li>\n\n\n\n<li>Kailua Elementary School<\/li>\n\n\n\n<li>Kailua High School<\/li>\n\n\n\n<li>Kailua Intermediate School<\/li>\n\n\n\n<li>Kaimuk\u012b High School<\/li>\n<\/ul>\n<\/div>\n\n\n\n<div class=\"wp-block-column is-layout-flow wp-block-column-is-layout-flow\">\n<ul class=\"wp-block-list\">\n<li>Kaimuk\u012b Middle School<\/li>\n\n\n\n<li>Kainalu Elementary School<\/li>\n\n\n\n<li>Kal\u0101heo High School<\/li>\n\n\n\n<li>Kalani High School<\/li>\n\n\n\n<li>Kaleiopu\u02bbu Elementary School<\/li>\n\n\n\n<li>Kalihi Elementary School<\/li>\n\n\n\n<li>Kalihi-Kai Elementary School<\/li>\n\n\n\n<li>Kalihi-Uka Elementary School<\/li>\n\n\n\n<li>Kalihi-Waena Elementary School<\/li>\n\n\n\n<li>Kamaile Academy Public Charter School*<\/li>\n\n\n\n<li>Kamilo\u02bbiki Elementary School<\/li>\n\n\n\n<li>Kane\u02bbohe Elementary School<\/li>\n\n\n\n<li>Kanoelani Elementary School<\/li>\n\n\n\n<li>Ka\u02bb\u014dhao School*<\/li>\n\n\n\n<li>Kap\u0101lama Elementary School<\/li>\n\n\n\n<li>Kapolei Charter School*<\/li>\n\n\n\n<li>Kapolei Elementary School<\/li>\n\n\n\n<li>Kapolei High School<\/li>\n\n\n\n<li>Kapolei Middle School<\/li>\n\n\n\n<li>Kapunahala Elementary School<\/li>\n\n\n\n<li>Kauluwela Elementary School<\/li>\n\n\n\n<li>Ke Kula \u02bbo Samuel M. Kamakau Laboratory Public Charter School*<\/li>\n\n\n\n<li>Ke Kula Kaiapuni \u02bbO \u0100nuenue<\/li>\n\n\n\n<li>Keolu Elementary School<\/li>\n\n\n\n<li>Keone\u02bbula Elementary School<\/li>\n\n\n\n<li>King David Kal\u0101kaua Middle School<\/li>\n\n\n\n<li>King Liholiho Elementary School<\/li>\n\n\n\n<li>King William C. Lunalilo Elementary School<\/li>\n\n\n\n<li>K\u012bpapa Elementary School<\/li>\n\n\n\n<li>Koko Head Elementary School<\/li>\n\n\n\n<li>K\u016blia Academy*<\/li>\n\n\n\n<li>L\u0101\u02bbie Elementary School<\/li>\n\n\n\n<li>Lanakila Elementary School<\/li>\n\n\n\n<li>Lehua Elementary School<\/li>\n\n\n\n<li>Leih\u014dk\u016b Elementary School<\/li>\n\n\n\n<li>Leilehua High School<\/li>\n\n\n\n<li>Linapuni Elementary School<\/li>\n\n\n\n<li>Lt. Col. Horace M. Hickam Elementary School<\/li>\n\n\n\n<li>Ma&#039;ema&#039;e Elementary School<\/li>\n\n\n\n<li>Ma\u02bbili Elementary School<\/li>\n\n\n\n<li>Major General William R. Shafter Elementary School<\/li>\n\n\n\n<li>Major Sheldon Wheeler Elementary School<\/li>\n\n\n\n<li>Major Sheldon Wheeler Middle School<\/li>\n\n\n\n<li>Makaha Elementary School<\/li>\n\n\n\n<li>Makakilo Elementary School<\/li>\n\n\n\n<li>Makalapa Elementary School<\/li>\n\n\n\n<li>M\u0101lama Honua Public Charter School*<\/li>\n\n\n\n<li>Manana Elementary School<\/li>\n\n\n\n<li>Elementary School sa M\u0101noa<\/li>\n\n\n\n<li>Mauka Lani Elementary School<\/li>\n\n\n\n<li>Maunawili Elementary School<\/li>\n\n\n\n<li>Mayor John H. Wilson Elementary School<\/li>\n\n\n\n<li>Mayor Joseph J. Fern Elementary School<\/li>\n\n\n\n<li>Mililani High School<\/li>\n\n\n\n<li>Mililani \u02bbIke Elementary School<\/li>\n\n\n\n<li>Mililani Mauka Elementary School<\/li>\n\n\n\n<li>Mililani Middle School<\/li>\n\n\n\n<li>Mililani Uka Elementary School<\/li>\n\n\n\n<li>Mililani Waena Elementary School<\/li>\n\n\n\n<li>Moanalua Elementary School<\/li>\n\n\n\n<li>High School sa Moanalua<\/li>\n\n\n\n<li>Middle School sa Moanalua<\/li>\n<\/ul>\n<\/div>\n\n\n\n<div class=\"wp-block-column is-layout-flow wp-block-column-is-layout-flow\">\n<ul class=\"wp-block-list\">\n<li>Mokapu Elementary School<\/li>\n\n\n\n<li>Mokulele Elementary School<\/li>\n\n\n\n<li>Momilani Elementary School<\/li>\n\n\n\n<li>Myron B. Thompson Academy*<\/li>\n\n\n\n<li>N\u0101n\u0101ikapono Elementary School<\/li>\n\n\n\n<li>Eskwelahan sa Elementarya sa N\u0101n\u0101kuli<\/li>\n\n\n\n<li>N\u0101n\u0101kuli High &amp; Intermediate School<\/li>\n\n\n\n<li>Niu Valley Middle School<\/li>\n\n\n\n<li>Noelani Elementary School<\/li>\n\n\n\n<li>Nu\u02bbuanu Elementary School<\/li>\n\n\n\n<li>Olomana School<\/li>\n\n\n\n<li>Palisades Elementary School<\/li>\n\n\n\n<li>Palolo Elementary School<\/li>\n\n\n\n<li>Parkway Village Preschool*<\/li>\n\n\n\n<li>Pauoa Elementary School<\/li>\n\n\n\n<li>Elementary School sa Pearl City<\/li>\n\n\n\n<li>High School sa Pearl City<\/li>\n\n\n\n<li>Pearl City Highlands Elementary School<\/li>\n\n\n\n<li>Elementary School sa Pearl Harbor<\/li>\n\n\n\n<li>Pearl Harbor Kai Elementary School<\/li>\n\n\n\n<li>Pearl Ridge Elementary School<\/li>\n\n\n\n<li>Elementary School sa P\u014dh\u0101kea<\/li>\n\n\n\n<li>Presidente Abraham Lincoln Elementary School<\/li>\n\n\n\n<li>Presidente George Washington Middle School<\/li>\n\n\n\n<li>Presidente Theodore Roosevelt High School<\/li>\n\n\n\n<li>Presidente Thomas Jefferson Elementary School<\/li>\n\n\n\n<li>Presidente William McKinley High School<\/li>\n\n\n\n<li>Prince David Kaw\u0101nanakoa Middle School<\/li>\n\n\n\n<li>Prince Jonah K\u016bhi\u014d Elementary School<\/li>\n\n\n\n<li>Princess Miriam K. Likelike Elementary School<\/li>\n\n\n\n<li>Princess Ruth Ke\u02bbelik\u014dlani Middle School<\/li>\n\n\n\n<li>Prinsesa Victoria Ka\u02bbiulani Elementary School<\/li>\n\n\n\n<li>Pu\u02bb\u014dhala Elementary School<\/li>\n\n\n\n<li>Pu\u02bbuhale Elementary School<\/li>\n\n\n\n<li>Queen Ka\u02bbahumanu Elementary School<\/li>\n\n\n\n<li>Red Hill Elementary School<\/li>\n\n\n\n<li>Reverend Benjamin Parker Elementary School<\/li>\n\n\n\n<li>Robert Louis Stevenson Middle School<\/li>\n\n\n\n<li>Royal Elementary School<\/li>\n\n\n\n<li>Salt Lake Elementary School<\/li>\n\n\n\n<li>SEEQS: the School for Examining Essential Questions of Sustainability*<\/li>\n\n\n\n<li>Sunset Beach Elementary School<\/li>\n\n\n\n<li>University Laboratory School*<\/li>\n\n\n\n<li>Voyager Public Charter School*<\/li>\n\n\n\n<li>Wahiaw\u0101 Elementary School<\/li>\n\n\n\n<li>Wahiaw\u0101 Middle School<\/li>\n\n\n\n<li>Wai\u0101hole Elementary School<\/li>\n\n\n\n<li>Waialua Elementary School<\/li>\n\n\n\n<li>Waialua High &amp; Intermediate School<\/li>\n\n\n\n<li>Waiau Elementary School<\/li>\n\n\n\n<li>Wai\u02bbalae Elementary Public Charter School*<\/li>\n\n\n\n<li>Wai\u02bbanae Elementary School<\/li>\n\n\n\n<li>Wai\u02bbanae High School<\/li>\n\n\n\n<li>Wai\u02bbanae Intermediate School<\/li>\n\n\n\n<li>Waikele Elementary School<\/li>\n\n\n\n<li>Waik\u012bk\u012b Community Preschool*<\/li>\n\n\n\n<li>Waik\u012bk\u012b Elementary School<\/li>\n\n\n\n<li>Waimalu Elementary School<\/li>\n\n\n\n<li>Waim\u0101nalo Elementary &amp; Intermediate School<\/li>\n\n\n\n<li>Waipahu Elementary School<\/li>\n\n\n\n<li>Waipahu High School<\/li>\n\n\n\n<li>Waipahu Intermediate School<\/li>\n\n\n\n<li>William P. Jarrett Middle School<\/li>\n<\/ul>\n<\/div>\n<\/div>\n\n\n\n<h3 class=\"wp-block-heading\">Hawaii<\/h3>\n\n\n\n<div class=\"wp-block-columns is-layout-flex wp-container-core-columns-is-layout-28f84493 wp-block-columns-is-layout-flex\">\n<div class=\"wp-block-column is-layout-flow wp-block-column-is-layout-flow\">\n<ul class=\"wp-block-list\">\n<li>Chiefess Kapi\u02bbolani Elementary School<\/li>\n\n\n\n<li>Connections Public Charter School*<\/li>\n\n\n\n<li>Ernest Bowen DeSilva Elementary School<\/li>\n\n\n\n<li>Ha\u02bbaheo Elementary School<\/li>\n\n\n\n<li>Hawai\u02bbi Academy of Arts &amp; Science*<\/li>\n\n\n\n<li>Hilo High School<\/li>\n\n\n\n<li>Hilo Intermediate School<\/li>\n\n\n\n<li>Hilo Union Elementary School<\/li>\n\n\n\n<li>Ho\u02bbokena Elementary School<\/li>\n\n\n\n<li>Elementary School sa H\u014dlualoa<\/li>\n\n\n\n<li>Elementary School sa H\u014dnaunau<\/li>\n\n\n\n<li>Honoka\u02bba Elementary School<\/li>\n\n\n\n<li>Honoka\u02bba High &amp; Intermediate School<\/li>\n\n\n\n<li>Innovations Public Charter School*<\/li>\n\n\n\n<li>Ka \u02bbUmeke K\u0101\u02bbeo*<\/li>\n\n\n\n<li>Kahakai Elementary School<\/li>\n\n\n\n<li>Ka\u02bb\u016b High &amp; P\u0101hala Elementary School<\/li>\n\n\n\n<li>Ka\u02bb\u016bmana Elementary School<\/li>\n\n\n\n<li>Kanu o ka \u02bb\u0100ina New Century Public Charter School*<\/li>\n<\/ul>\n<\/div>\n\n\n\n<div class=\"wp-block-column is-layout-flow wp-block-column-is-layout-flow\">\n<ul class=\"wp-block-list\">\n<li>Ke Ana La\u02bbahana Public Charter School*<\/li>\n\n\n\n<li>Ke Kula \u02bbO \u02bbEhunuikaimalino<\/li>\n\n\n\n<li>Ke Kula \u02bbO N\u0101wah\u012bokalani\u02bb\u014dpu\u02bbu Iki Lab Public Charter School*<\/li>\n\n\n\n<li>Kea\u02bbau Elementary School<\/li>\n\n\n\n<li>Kea\u02bbau High School<\/li>\n\n\n\n<li>Kea\u02bbau Middle School<\/li>\n\n\n\n<li>Kealakehe Elementary School<\/li>\n\n\n\n<li>Kealakehe High School<\/li>\n\n\n\n<li>Kealakehe Intermediate School<\/li>\n\n\n\n<li>Keaukaha Elementary School<\/li>\n\n\n\n<li>Keonepoko Elementary School<\/li>\n\n\n\n<li>Kohala Elementary School<\/li>\n\n\n\n<li>Kohala High School<\/li>\n\n\n\n<li>Kohala Middle School<\/li>\n\n\n\n<li>Kona Pacific Public Charter School*<\/li>\n\n\n\n<li>Konawaena Elementary School<\/li>\n\n\n\n<li>Konawaena High School<\/li>\n\n\n\n<li>Konawaena Middle School<\/li>\n<\/ul>\n<\/div>\n\n\n\n<div class=\"wp-block-column is-layout-flow wp-block-column-is-layout-flow\">\n<ul class=\"wp-block-list\">\n<li>Kua O Ka L\u0101 New Century Public Charter School*<\/li>\n\n\n\n<li>Laup\u0101hoehoe Community \u2014 Public Charter School*<\/li>\n\n\n\n<li>Elementary School sa Mountain View<\/li>\n\n\n\n<li>N\u0101 Wai Ola Public Charter School*<\/li>\n\n\n\n<li>Na\u02bb\u0101lehu Elementary School<\/li>\n\n\n\n<li>Pahoa Elementary School<\/li>\n\n\n\n<li>Pahoa High &amp; Intermediate School<\/li>\n\n\n\n<li>Pa\u02bbauilo Elementary &amp; Intermediate School<\/li>\n\n\n\n<li>Prinsipe Jonah K\u016bhi\u014d Kalaniana\u02bbole Elementarya<\/li>\n\n\n\n<li>Volcano School of Arts &amp; Sciences*<\/li>\n\n\n\n<li>Wai\u0101kea Elementary School<\/li>\n\n\n\n<li>Waiakea High School<\/li>\n\n\n\n<li>Wai\u0101kea Intermediate School<\/li>\n\n\n\n<li>Wai\u0101keawaena Elementary School<\/li>\n\n\n\n<li>Waikoloa Elementary ug Middle School<\/li>\n\n\n\n<li>Waimea Elementary School<\/li>\n\n\n\n<li>Waimea Middle Public Conversion Charter School*<\/li>\n\n\n\n<li>West Hawai\u2018i Explorations Public Charter School*<\/li>\n<\/ul>\n<\/div>\n<\/div>\n\n\n\n<h3 class=\"wp-block-heading\">Maui<\/h3>\n\n\n\n<div class=\"wp-block-columns is-layout-flex wp-container-core-columns-is-layout-28f84493 wp-block-columns-is-layout-flex\">\n<div class=\"wp-block-column is-layout-flow wp-block-column-is-layout-flow\">\n<ul class=\"wp-block-list\">\n<li>Ha\u02bbik\u016b Elementary School<\/li>\n\n\n\n<li>H\u0101na High &amp; Elementary School<\/li>\n\n\n\n<li>Henry Perrine Baldwin High School<\/li>\n\n\n\n<li>\u02bb\u012aao Intermediate School<\/li>\n\n\n\n<li>Kahului Elementary School<\/li>\n\n\n\n<li>Kamali\u02bbi Elementary School<\/li>\n\n\n\n<li>K\u012bhei Charter School*<\/li>\n\n\n\n<li>K\u012bhei Elementary School<\/li>\n\n\n\n<li>Kilohana Elementary School<\/li>\n\n\n\n<li>King Kamehameha III Elementary School<\/li>\n<\/ul>\n<\/div>\n\n\n\n<div class=\"wp-block-column is-layout-flow wp-block-column-is-layout-flow\">\n<ul class=\"wp-block-list\">\n<li>King Kekaulike High School<\/li>\n\n\n\n<li>Kula Elementary School<\/li>\n\n\n\n<li>Kulanih\u0101ko\u02bbi High School<\/li>\n\n\n\n<li>Lahaina Intermediate School<\/li>\n\n\n\n<li>Lahainaluna High School<\/li>\n\n\n\n<li>Lihikai Elementary School<\/li>\n\n\n\n<li>Lokelani Intermediate School<\/li>\n\n\n\n<li>Makawao Elementary School<\/li>\n\n\n\n<li>Maui High School<\/li>\n\n\n\n<li>Maui Waena Intermediate School<\/li>\n<\/ul>\n<\/div>\n\n\n\n<div class=\"wp-block-column is-layout-flow wp-block-column-is-layout-flow\">\n<ul class=\"wp-block-list\">\n<li>Pa\u02bbia Elementary School<\/li>\n\n\n\n<li>Pomaika\u02bbi Elementary School<\/li>\n\n\n\n<li>Prinsesa N\u0101hi\u02bbena\u02bbena Elementary School<\/li>\n\n\n\n<li>Pu\u02bbu Kukui Elementary School<\/li>\n\n\n\n<li>Pukalani Elementary School<\/li>\n\n\n\n<li>Samuel E. Kalama Intermediate School<\/li>\n\n\n\n<li>Waihe\u02bbe Elementary School<\/li>\n\n\n\n<li>Wailuku Elementary School<\/li>\n<\/ul>\n<\/div>\n<\/div>\n\n\n\n<h3 class=\"wp-block-heading\">Kaua&#039;i<\/h3>\n\n\n\n<div class=\"wp-block-columns is-layout-flex wp-container-core-columns-is-layout-28f84493 wp-block-columns-is-layout-flex\">\n<div class=\"wp-block-column is-layout-flow wp-block-column-is-layout-flow\">\n<ul class=\"wp-block-list\">\n<li>Alaka\u02bbi O Kaua\u02bbi Charter School*<\/li>\n\n\n\n<li>Chiefess Kamakahelei Middle<\/li>\n\n\n\n<li>Elsie H. Wilcox Elementary School<\/li>\n\n\n\n<li>Hanalei Elementary School<\/li>\n\n\n\n<li>&#039;Ele\u02bbele Elementary School<\/li>\n\n\n\n<li>Kal\u0101heo Elementary School<\/li>\n\n\n\n<li>Kanuikapono Public Charter School*<\/li>\n<\/ul>\n<\/div>\n\n\n\n<div class=\"wp-block-column is-layout-flow wp-block-column-is-layout-flow\">\n<ul class=\"wp-block-list\">\n<li>Kapa\u02bba Elementary School<\/li>\n\n\n\n<li>Kapa&#039;a High School<\/li>\n\n\n\n<li>Kapa&#039;a Middle School<\/li>\n\n\n\n<li>Kaua\u02bbi High School<\/li>\n\n\n\n<li>Kawaikini New Century Public Charter School*<\/li>\n\n\n\n<li>Ke Kula Niihau o Kekaha*<\/li>\n\n\n\n<li>Kekaha Elementary School<\/li>\n<\/ul>\n<\/div>\n\n\n\n<div class=\"wp-block-column is-layout-flow wp-block-column-is-layout-flow\">\n<ul class=\"wp-block-list\">\n<li>K\u012blauea Elementary School<\/li>\n\n\n\n<li>King Kaumuali\u02bbi Elementary School<\/li>\n\n\n\n<li>Koloa Elementary School<\/li>\n\n\n\n<li>Kula Aupuni Niihau A Kahelelani Aloha &#8211; A New Century Public Charter School*<\/li>\n\n\n\n<li>Namahana School*<\/li>\n\n\n\n<li>Waimea Canyon Middle School<\/li>\n\n\n\n<li>Waimea High School<\/li>\n<\/ul>\n<\/div>\n<\/div>\n\n\n\n<h3 class=\"wp-block-heading\">Molokai<\/h3>\n\n\n\n<div class=\"wp-block-columns is-layout-flex wp-container-core-columns-is-layout-28f84493 wp-block-columns-is-layout-flex\">\n<div class=\"wp-block-column is-layout-flow wp-block-column-is-layout-flow\">\n<ul class=\"wp-block-list\">\n<li>Kaunakakai Elementary School<\/li>\n\n\n\n<li>Kilohana Elementary School<\/li>\n<\/ul>\n<\/div>\n\n\n\n<div class=\"wp-block-column is-layout-flow wp-block-column-is-layout-flow\">\n<ul class=\"wp-block-list\">\n<li>Kualapu\u02bbu Conversion Charter School*<\/li>\n\n\n\n<li>Maunaloa Elementary School<\/li>\n<\/ul>\n<\/div>\n\n\n\n<div class=\"wp-block-column is-layout-flow wp-block-column-is-layout-flow\">\n<ul class=\"wp-block-list\">\n<li>Molokai High School<\/li>\n\n\n\n<li>Molokai Middle School<\/li>\n<\/ul>\n<\/div>\n<\/div>\n\n\n\n<h3 class=\"wp-block-heading\">L\u0101na\u02bbi<\/h3>\n\n\n\n<ul class=\"wp-block-list\">\n<li>L\u0101na\u02bbi High &amp; Elementary School<\/li>\n<\/ul>\n\n\n\n<h3 class=\"wp-block-heading\">Niihau<\/h3>\n\n\n\n<ul class=\"wp-block-list\">\n<li>Niihau High &amp; Elementary School<\/li>\n<\/ul>\n\n\n\n<p><\/p>\n\n\n\n<p><\/p>","protected":false},"excerpt":{"rendered":"<p>The Department\u2019s adoption of N\u0101 Hopena A\u02bbo learning outcomes marked a strengthened commitment to ensure our students engage in learning environments rooted in Hawai\u02bbi. The Department aims to establish consistency in the use of \u02bb\u014dlelo Hawai\u02bbi across memos, documents, reports, public-facing websites and other communications.&nbsp; Hawai\u02bbi State Board of Education Policy 301-8 stipulates that \u201cA [&hellip;]<\/p>","protected":false},"author":8,"featured_media":0,"parent":148,"menu_order":22,"comment_status":"closed","ping_status":"closed","template":"","meta":{"_relevanssi_hide_post":"","_relevanssi_hide_content":"","_relevanssi_pin_for_all":"","_relevanssi_pin_keywords":"","_relevanssi_unpin_keywords":"","_relevanssi_related_keywords":"","_relevanssi_related_include_ids":"","_relevanssi_related_exclude_ids":"","_relevanssi_related_no_append":"","_relevanssi_related_not_related":"","_relevanssi_related_posts":"","_relevanssi_noindex_reason":"","_sitemap_exclude":false,"_sitemap_priority":"","_sitemap_frequency":"","_kad_blocks_custom_css":"","_kad_blocks_head_custom_js":"","_kad_blocks_body_custom_js":"","_kad_blocks_footer_custom_js":"","wp_popup_display_lightbox":0,"wp_popup_suppress":"","wp_popup_trigger":"","wp_popup_trigger_amount":0,"wp_popup_disable_on_mobile":false,"footnotes":""},"class_list":["post-550","page","type-page","status-publish","hentry"],"pp_statuses_selecting_workflow":false,"pp_workflow_action":"current","pp_status_selection":"publish","taxonomy_info":[],"featured_image_src_large":false,"author_info":{"display_name":"Ariana Enomoto","author_link":"https:\/\/hawaiipublicschools.org\/ceb\/author\/arianastaceyleong-com\/"},"comment_info":0,"publishpress_future_action":{"enabled":false,"date":"2026-04-25 12:01:42","action":"change-status","newStatus":"draft","terms":[],"taxonomy":"","extraData":[]},"publishpress_future_workflow_manual_trigger":{"enabledWorkflows":[]},"_links":{"self":[{"href":"https:\/\/hawaiipublicschools.org\/ceb\/wp-json\/wp\/v2\/pages\/550","targetHints":{"allow":["GET"]}}],"collection":[{"href":"https:\/\/hawaiipublicschools.org\/ceb\/wp-json\/wp\/v2\/pages"}],"about":[{"href":"https:\/\/hawaiipublicschools.org\/ceb\/wp-json\/wp\/v2\/types\/page"}],"author":[{"embeddable":true,"href":"https:\/\/hawaiipublicschools.org\/ceb\/wp-json\/wp\/v2\/users\/8"}],"replies":[{"embeddable":true,"href":"https:\/\/hawaiipublicschools.org\/ceb\/wp-json\/wp\/v2\/comments?post=550"}],"version-history":[{"count":0,"href":"https:\/\/hawaiipublicschools.org\/ceb\/wp-json\/wp\/v2\/pages\/550\/revisions"}],"up":[{"embeddable":true,"href":"https:\/\/hawaiipublicschools.org\/ceb\/wp-json\/wp\/v2\/pages\/148"}],"wp:attachment":[{"href":"https:\/\/hawaiipublicschools.org\/ceb\/wp-json\/wp\/v2\/media?parent=550"}],"curies":[{"name":"wp","href":"https:\/\/api.w.org\/{rel}","templated":true}]}}