{"id":18184,"date":"2026-01-26T08:19:52","date_gmt":"2026-01-26T18:19:52","guid":{"rendered":"https:\/\/hawaiipublicschools.org\/?page_id=18184"},"modified":"2026-01-26T08:21:52","modified_gmt":"2026-01-26T18:21:52","slug":"kaiapuni-directory","status":"publish","type":"page","link":"https:\/\/hawaiipublicschools.org\/ceb\/kaiapuni-directory\/","title":{"rendered":"Kaiapuni Directory"},"content":{"rendered":"<div class=\"wp-block-columns double_col_sidebar is-layout-flex wp-container-core-columns-is-layout-28f84493 wp-block-columns-is-layout-flex\">\n<div class=\"wp-block-column left_col is-layout-flow wp-block-column-is-layout-flow\">\n<p class=\"intro\" style=\"font-size:clamp(0.875rem, 0.875rem + ((1vw - 0.2rem) * 0.531), 1.3rem);\">To contribute to the revitalization of the Hawaiian language and culture, we offer a K-12 Hawaiian language immersion education in our Kaiapuni schools. Classes in Kaiapuni schools are conducted exclusively in the Hawaiian language. English is introduced as a subject starting in Grade 5.<\/p>\n\n\n\n<p><strong>Policy &amp; Commitment<\/strong><br>We are guided by <a href=\"https:\/\/boe.hawaii.gov\/wp-content\/uploads\/policy_105-08_20160621.pdf\" data-type=\"link\" data-id=\"https:\/\/boe.hawaii.gov\/wp-content\/uploads\/policy_105-08_20160621.pdf\">Board of Education Policy 105.8<\/a> (\u201creasonable access to Hawaiian immersion\u201d) and the Implementation Plan for the 2023-29 Strategic Plan, which calls for a Kaiapuni education strategic plan. These policies help ensure that growth of Kaiapuni education is high quality and accessible.<\/p>\n\n\n\n<p><strong>Investing in Our Teachers<\/strong><br>Quality immersion education requires quality teachers. Students&#8217; and families&#8217; interest in Kaiapuni education has grown faster than the availability of qualified teachers for Kaiapuni education. The Department continues to partner with teacher preparation programs, the Hawai\u02bbi Teacher Standards Board, and the University of Hawai\u02bbi to develop more Kaiapuni educators.<\/p>\n\n\n\n<p>Since January 2020, every Kaiapuni-licensed teacher receives an $8,000 annual salary differential \u2014 one of several \u201cGrow Our Own\u201d strategies designed to recruit and retain \u02bb\u014dlelo Hawai\u02bbi educators.<\/p>\n\n\n\n<p><strong>Kaiapuni Distance Learning<\/strong><br>The Department offers Kaiapuni education in grades K-12 via distance learning. The Kaiapuni Distance Learning Program offers options for students who thrive in the online modality and provides access for students who may not be able to access an in-person Kaiapuni program.<\/p>\n\n\n\n<p>There are specific enrollment capacities and criteria that will guide student participation, ensuring resources are distributed effectively and that student needs are met.<\/p>\n\n\n\n<p><\/p>\n\n\n\n<h2 class=\"wp-block-heading\">Kaiapuni Schools sa isla<\/h2>\n\n\n\n<h3 class=\"wp-block-heading\">O\u02bbahu<\/h3>\n\n\n\n<div class=\"wp-block-columns is-layout-flex wp-container-core-columns-is-layout-28f84493 wp-block-columns-is-layout-flex\">\n<div class=\"wp-block-column is-layout-flow wp-block-column-is-layout-flow\">\n<h4 class=\"wp-block-heading\">Ke Kula Kaiapuni \u02bbO \u0100nuenue<\/h4>\n\n\n\n<p>Kaiapuni: Mga grado K\u201312<br>2528 10th Avenue<br>Honolulu, HI 96816<br>P: 808-307-3000 | F: 808-733-8467<br><a href=\"https:\/\/www.anuenue.org\/\" target=\"_blank\" rel=\"noreferrer noopener\">www.anuenue.org<\/a><\/p>\n\n\n\n<h4 class=\"wp-block-heading\">Blanche Pope Elementary<\/h4>\n\n\n\n<p>Kaiapuni: Mga Grade K-6<br>41-133 Huli Street<br>Waim\u0101nalo, HI 96795<br>P: 808-259-0450 | F: 808-259-0452<br><a href=\"https:\/\/www.pope.k12.hi.us\" target=\"_blank\" rel=\"noreferrer noopener\">www.pope.k12.hi.us<\/a><\/p>\n\n\n\n<h4 class=\"wp-block-heading\">James B. Castle High<\/h4>\n\n\n\n<p>Satellite site located at P\u016b\u02bb\u014dhala Elementary<br>Kaiapuni: Grades 9-12<br>45-233 Kulauli Street<br>K\u0101ne\u02bbohe, HI 96744<br>P: 808-233-5660 | F: 808-233-5663<br><a href=\"https:\/\/puohalaschool.weebly.com\" target=\"_blank\" rel=\"noreferrer noopener\">www.puohalaschool.weebly.com<\/a><\/p>\n\n\n\n<h4 class=\"wp-block-heading\">Elementarya sa Hau\u02bbula<\/h4>\n\n\n\n<p>Kaiapuni: Mga grado K\u20136<br>54-046 Kamehameha Highway<br>Hau\u02bbula, HI 96717<br>P: 808-305-2100 | F: 808-293-8927<br><a href=\"https:\/\/www.hauulaelementary.com\/\" target=\"_blank\" rel=\"noreferrer noopener\">www.hauulaelementary.com<\/a><\/p>\n\n\n\n<h4 class=\"wp-block-heading\">Kahuku High &amp; Intermediate<\/h4>\n\n\n\n<p>Kaiapuni: Grade 7\u201312<br>56-490 Kamehameha Highway<br>Kahuku, HI 96731<br>P: 808-305-7300 | F: 808-293-8960<br><a href=\"http:\/\/www.kahukuhigh.org\/\" target=\"_blank\" rel=\"noreferrer noopener\">www.kahukuhigh.org<\/a><\/p>\n<\/div>\n\n\n\n<div class=\"wp-block-column is-layout-flow wp-block-column-is-layout-flow\">\n<h4 class=\"wp-block-heading\">Kailua High<\/h4>\n\n\n\n<p>Kaiapuni: Grade 9\u201312<br>451 Ulumanu Drive<br>Kailua, HI 96734<br>P: 808-266-7900<br>nga<a href=\"http:\/\/www.kailuahighschool.com\/\" target=\"_blank\" rel=\"noreferrer noopener\">www.kailuahighschool.com<\/a><\/p>\n\n\n\n<h4 class=\"wp-block-heading\">Kapolei High<\/h4>\n\n\n\n<p>Ke Kula Ki\u02bbeki\u02bbe Kaiapuni \u02bbo Kapolei<br>Kaiapuni: Grade 9<br>91-5007 Kapolei Parkway<br>Kapolei, HI 96707<br><a href=\"https:\/\/www.kapoleihigh.org\/\" target=\"_blank\" rel=\"noreferrer noopener\">www.kapoleihigh.org\/<\/a><\/p>\n\n\n\n<h4 class=\"wp-block-heading\">Kapolei Middle<\/h4>\n\n\n\n<p>Kaiapuni: Grades 7-8<br>91-5335 Kapolei Parkway<br>Kapolei, HI 96707<br><a href=\"https:\/\/www.kapoleimid.k12.hi.us\/\" target=\"_blank\" rel=\"noreferrer noopener\">www.kapoleimid.k12.hi.us\/<\/a><\/p>\n\n\n\n<h4 class=\"wp-block-heading\">Gobernador SW King Intermediate<\/h4>\n\n\n\n<p>Satellite site nga nahimutang sa P\u016b&#039;\u014dhala Elementary<br>Kaiapuni: Grades 7-8<br>45-233 Kulauli Street<br>K\u0101ne\u02bbohe, HI 96744<br><a href=\"https:\/\/puohalaschool.weebly.com\" target=\"_blank\" rel=\"noreferrer noopener\">puohalaschool.weebly.com<\/a><\/p>\n\n\n\n<h4 class=\"wp-block-heading\">N\u0101n\u0101\u200bkuli Elementary<\/h4>\n\n\n\n<p>Kaiapuni: Mga grado K\u20136<br>89-778 Haleakala Avenue<br>Wai\u02bbanae, HI 96792<br>P: 808-307-8600 | F: 808-668-5817<br><a href=\"http:\/\/nes.nwcomplex.org\" target=\"_blank\" rel=\"noreferrer noopener\">www.nes.nwcomplex.org<\/a><\/p>\n<\/div>\n\n\n\n<div class=\"wp-block-column is-layout-flow wp-block-column-is-layout-flow\">\n<h4 class=\"wp-block-heading\">Pu\u02bb\u014dhala Elementarya<\/h4>\n\n\n\n<p>Kaiapuni: Mga grado K\u20136<br>45-233 Kulauli Street<br>K\u0101ne\u02bbohe, HI 96744<br>P: 808-305-5900 | F: 808-233-5663<br><a href=\"https:\/\/puohalaschool.weebly.com\/\" target=\"_blank\" rel=\"noreferrer noopener\">www.puohalaschool.weebly.com<\/a><\/p>\n\n\n\n<h4 class=\"wp-block-heading\">Elementarya sa Waiau<\/h4>\n\n\n\n<p>Kaiapuni: Mga grado K\u20136<br>98-450 Hookanike Street<br>Pearl City, HI 96782<br>P: 808-307-5200 | F: 808-453-6541<br><a href=\"http:\/\/www.waiauelementary.org\/\" target=\"_blank\" rel=\"noreferrer noopener\">www.waiauelementary.org<\/a><br><\/p>\n<\/div>\n<\/div>\n\n\n\n<div class=\"wp-block-kadence-spacer aligncenter kt-block-spacer-18184_cbd8bf-fd\"><div class=\"kt-block-spacer kt-block-spacer-halign-center\"><hr class=\"kt-divider\"\/><\/div><\/div>\n\n\n\n<h3 class=\"wp-block-heading\">Maui<\/h3>\n\n\n\n<div class=\"wp-block-columns is-layout-flex wp-container-core-columns-is-layout-28f84493 wp-block-columns-is-layout-flex\">\n<div class=\"wp-block-column is-layout-flow wp-block-column-is-layout-flow\">\n<h4 class=\"wp-block-heading\">Ha\u200bna High &amp; Elementary<\/h4>\n\n\n\n<p>Kaiapuni: Grades K\u20139<br>4111 H\u0101na Highway<br>H\u0101na, HI 96713<br>P: 808-248-4815<br><a href=\"http:\/\/www.hanak12school.org\" target=\"_blank\" rel=\"noreferrer noopener\">www.hanak12school.org<\/a><\/p>\n\n\n\n<h4 class=\"wp-block-heading\">Samuel E. Kalama Intermediate<\/h4>\n\n\n\n<p>Kaiapuni: Grade 6\u20138<br>120 Makani Road<br>Makawao, HI 96768<br>P: 808-573-8735 | F: 808-573-8748<br><a href=\"https:\/\/www.kalama.k12.hi.us\" target=\"_blank\" rel=\"noreferrer noopener\">www.kalama.k12.hi.us<\/a><\/p>\n\n\n\n<h4 class=\"wp-block-heading\">King Kekaulike High<\/h4>\n\n\n\n<p>Kaiapuni: Grade 9\u201312<br>121 Kula Highway<br>Pukalani, HI 96768<br>P: 808-727-3500 | F: 808-573-2231<br><a href=\"https:\/\/sites.google.com\/kkhs.k12.hi.us\/kingkekaulike\/home?authuser=0\" target=\"_blank\" rel=\"noreferrer noopener\">https:\/\/sites.google.com\/kkhs.k12.hi.us\/kingkekaulike\/home?authuser=0<\/a><\/p>\n<\/div>\n\n\n\n<div class=\"wp-block-column is-layout-flow wp-block-column-is-layout-flow\">\n<h4 class=\"wp-block-heading\">Lahaina Intermediate<\/h4>\n\n\n\n<p>Kaiapuni: Grade 6\u20138<br>871 Lahainaluna Road<br>Lahaina, HI 96761<br>P: 808-662-3965 | F: 808-662-3968<br><a href=\"https:\/\/www.lis.k12.hi.us\/\" target=\"_blank\" rel=\"noreferrer noopener\">www.lis.k12.hi.us<\/a><\/p>\n\n\n\n<h4 class=\"wp-block-heading\">Labaw sa Lahainaluna<\/h4>\n\n\n\n<p>Kaiapuni: Grade 9\u201312<br>980 Lahainaluna Road<br>Lahaina, HI 96761<br>P: 808-662-4000<br><a href=\"http:\/\/www.lahainalunahs.org\/\" target=\"_blank\" rel=\"noreferrer noopener\">www.lahainalunahs.org<\/a><\/p>\n<\/div>\n\n\n\n<div class=\"wp-block-column is-layout-flow wp-block-column-is-layout-flow\">\n<h4 class=\"wp-block-heading\">N\u0101hi\u02bbena\u02bbena Elementary<\/h4>\n\n\n\n<p>Kaiapuni: Mga grado K\u20135<br>816 Niheu Street<br>Lahaina, HI 96761<br>P: 808-727-6200 | F: 808-662-4023<br><a href=\"https:\/\/www.nahienaena.k12.hi.us\/\" target=\"_blank\" rel=\"noreferrer noopener\">www.nahienaena.k12.hi.us<\/a><\/p>\n\n\n\n<h4 class=\"wp-block-heading\">Elementarya sa P\u0101\u02bbia<\/h4>\n\n\n\n<p>Kaiapuni: Mga grado K\u20135<br>955 Baldwin Avenue<br>P\u0101\u02bbia, HI 96779<br>P: 808-727-3800 | F: 808-579-2103<br><a href=\"http:\/\/paiaelementary.com\/\" target=\"_blank\" rel=\"noreferrer noopener\">www.paiaelementary.com<\/a><\/p>\n<\/div>\n<\/div>\n\n\n\n<div class=\"wp-block-kadence-spacer aligncenter kt-block-spacer-18184_a6c186-9d\"><div class=\"kt-block-spacer kt-block-spacer-halign-center\"><hr class=\"kt-divider\"\/><\/div><\/div>\n\n\n\n<h3 class=\"wp-block-heading\">Hawaii<\/h3>\n\n\n\n<div class=\"wp-block-columns is-layout-flex wp-container-core-columns-is-layout-28f84493 wp-block-columns-is-layout-flex\">\n<div class=\"wp-block-column is-layout-flow wp-block-column-is-layout-flow\">\n<h4 class=\"wp-block-heading\">Ke Kula \u02bbO \u02bbEhunuikaimalino<\/h4>\n\n\n\n<p>Kaiapuni: Mga grado K\u201312<br>81-1041 Konawaena School Road<br>Kealakekua, HI 96750<br>P: 808-313-3131 | F: 808-323-4538<br><a href=\"http:\/\/ehunui.org\/\" target=\"_blank\" rel=\"noreferrer noopener\">www.ehunui.org<\/a><\/p>\n<\/div>\n\n\n\n<div class=\"wp-block-column is-layout-flow wp-block-column-is-layout-flow\">\n<h4 class=\"wp-block-heading\">Hilo High<\/h4>\n\n\n\n<p>N\u0101\u200bwah\u012bokalani&#039;\u014dpu\u02bbu<br>Kaiapuni: Grade 9\u201312<br>16-120 Opukahaia Street<br>Keaau, HI 96749<br>P: 808-966-7821 | F: 808-966-7821<br><a href=\"http:\/\/www.nawahi.org\/\" target=\"_blank\" rel=\"noreferrer noopener\">www.nawahi.org<\/a><\/p>\n<\/div>\n\n\n\n<div class=\"wp-block-column is-layout-flow wp-block-column-is-layout-flow\">\n<h4 class=\"wp-block-heading\">Keonepoko Elementary<\/h4>\n\n\n\n<p>Kaiapuni: Grade K<br>15-890 Kahakai Boulevard<br>Pahoa, HI 96778<br>P: 808-313-4500<br><a href=\"https:\/\/www.keonepoko.k12.hi.us\/\" target=\"_blank\" rel=\"noreferrer noopener\">www.keonepoko.k12.hi.us\/<\/a><\/p>\n<\/div>\n<\/div>\n\n\n\n<div class=\"wp-block-kadence-spacer aligncenter kt-block-spacer-18184_6065ab-fd\"><div class=\"kt-block-spacer kt-block-spacer-halign-center\"><hr class=\"kt-divider\"\/><\/div><\/div>\n\n\n\n<h3 class=\"wp-block-heading\">Molokai<\/h3>\n\n\n\n<div class=\"wp-block-columns is-layout-flex wp-container-core-columns-is-layout-28f84493 wp-block-columns-is-layout-flex\">\n<div class=\"wp-block-column is-layout-flow wp-block-column-is-layout-flow\">\n<h4 class=\"wp-block-heading\">Molokai Middle<\/h4>\n\n\n\n<p>\u02bbO Hina i ka Malama<br>Kaiapuni: Grade 7\u20138<br>2175 Lihi Pali Avenue<br>Ho\u02bbolehua, HI 96729<br>P: 808-774-8500<br><a href=\"https:\/\/www.molokaimiddle.org\/\" target=\"_blank\" rel=\"noreferrer noopener\">www.molokaimiddle.org<\/a><\/p>\n<\/div>\n\n\n\n<div class=\"wp-block-column is-layout-flow wp-block-column-is-layout-flow\">\n<h4 class=\"wp-block-heading\">Molokai High<\/h4>\n\n\n\n<p>\u02bbO Hina i ka Malama<br>Kaiapuni: Grade 9\u201312<br>2140 Farrington Avenue<br>Ho\u02bbolehua, HI 96729<br>P: 808-576-7100<br><a href=\"https:\/\/www.molokaihighschool.org\/\" target=\"_blank\" rel=\"noreferrer noopener\">www.molokaihighschool.org<\/a><\/p>\n<\/div>\n\n\n\n<div class=\"wp-block-column is-layout-flow wp-block-column-is-layout-flow\">\n<p><\/p>\n<\/div>\n<\/div>\n\n\n\n<div class=\"wp-block-kadence-spacer aligncenter kt-block-spacer-18184_81833b-ca\"><div class=\"kt-block-spacer kt-block-spacer-halign-center\"><hr class=\"kt-divider\"\/><\/div><\/div>\n\n\n\n<h3 class=\"wp-block-heading\">L\u0101na\u02bbi<\/h3>\n\n\n\n<h4 class=\"wp-block-heading\">Lana&#039;i High &amp; Elementary<\/h4>\n\n\n\n<p>Kaiapuni: Mga grado K\u20135<br>555 Fraser Avenue<br>L\u0101na\u02bbi City, HI 96763<br>P: 808-565-7900<br>nga<a href=\"http:\/\/lanaihighandelementaryschool.org\/\" target=\"_blank\" rel=\"noreferrer noopener\">www.lanaihighandelementaryschool.org<\/a><\/p>\n\n\n\n<div style=\"height:100px\" aria-hidden=\"true\" class=\"wp-block-spacer\"><\/div>\n\n\n\n<h2 class=\"wp-block-heading\">Kaiapuni Charter Schools sa isla<\/h2>\n\n\n\n<h3 class=\"wp-block-heading\">O\u02bbahu<\/h3>\n\n\n\n<div class=\"wp-block-columns is-layout-flex wp-container-core-columns-is-layout-28f84493 wp-block-columns-is-layout-flex\">\n<div class=\"wp-block-column is-layout-flow wp-block-column-is-layout-flow\">\n<h4 class=\"wp-block-heading\">Ke Kula \u02bbo Samuel M. Kamakau Laboratory PCS<\/h4>\n\n\n\n<p>Kaiapuni: Mga grado K\u201312<br>46-500 Kuneki Street<br>K\u0101ne\u02bbohe, HI 96744<br>P: 808-235-9175 | F: 808-235-9173<br><a href=\"http:\/\/www.kamakau.com\/\" target=\"_blank\" rel=\"noreferrer noopener\">www.kamakau.com<\/a><\/p>\n<\/div>\n\n\n\n<div class=\"wp-block-column is-layout-flow wp-block-column-is-layout-flow\">\n<h4 class=\"wp-block-heading\">Ka Waihona o ka Na\u02bbauao PCS<\/h4>\n\n\n\n<p>Kaiapuni: Mga grado K\u20138<br>89-195 Farrington Highway<br>Wai\u02bbanae, HI 96792<br>P: 808-235-9175 | F: 808-235-9173<br><a href=\"https:\/\/www.kawaihonapcs.org\/\" target=\"_blank\" rel=\"noreferrer noopener\">www.kawaihonapcs.org<\/a><\/p>\n<\/div>\n\n\n\n<div class=\"wp-block-column is-layout-flow wp-block-column-is-layout-flow\"><\/div>\n<\/div>\n\n\n\n<div class=\"wp-block-kadence-spacer aligncenter kt-block-spacer-18184_321b2b-8c\"><div class=\"kt-block-spacer kt-block-spacer-halign-center\"><hr class=\"kt-divider\"\/><\/div><\/div>\n\n\n\n<h3 class=\"wp-block-heading\">Molokai<\/h3>\n\n\n\n<h4 class=\"wp-block-heading\">Kualapu\u02bbu Conversion CS<\/h4>\n\n\n\n<p>Kaiapuni: Mga grado K\u20136<br>260 Farrington Avenue<br>Kualapu&#039;u, HI 96757<br>P: 808-567-6900 | F: 808-567-6906<br><a href=\"https:\/\/www.kualapuucharterschool.org\/\" target=\"_blank\" rel=\"noreferrer noopener\">www.kualapuucharterschool.org<\/a><\/p>\n\n\n\n<div class=\"wp-block-kadence-spacer aligncenter kt-block-spacer-18184_8fa799-09\"><div class=\"kt-block-spacer kt-block-spacer-halign-center\"><hr class=\"kt-divider\"\/><\/div><\/div>\n\n\n\n<h3 class=\"wp-block-heading\">Hawaii<\/h3>\n\n\n\n<div class=\"wp-block-columns is-layout-flex wp-container-core-columns-is-layout-28f84493 wp-block-columns-is-layout-flex\">\n<div class=\"wp-block-column is-layout-flow wp-block-column-is-layout-flow\">\n<h4 class=\"wp-block-heading\">Ka \u02bbUmeke K\u0101\u02bbeo<\/h4>\n\n\n\n<p>Kaiapuni: Mga grado K\u201312<br>1500 Kalanianaole Avenue<br>Hilo, HI 96720<br>P: 808-961-0470 | F: 808-933-3488<br><a href=\"http:\/\/kaumeke.org\/\" target=\"_blank\" rel=\"noreferrer noopener\">www.kaumeke.org<\/a><br><\/p>\n<\/div>\n\n\n\n<div class=\"wp-block-column is-layout-flow wp-block-column-is-layout-flow\">\n<h4 class=\"wp-block-heading\">Ke Kula \u02bbO N\u0101wah\u012bokalani\u02bb\u014dpu\u02bbu Iki Lab&nbsp;PCS<\/h4>\n\n\n\n<p>Satellite sites: Ka Papahana \u02bbo M\u0101\u02bbilik\u016bkahi <br>nahimutang sa Wai\u02bbanae, O\u02bbahu (K-8)<br>Ka Papahana \u02bbo \u02bbAlo K\u0113hau o ka \u02bb\u0100ina Mauna <br>nahimutang sa Waimea, Hawai\u02bbi (K-8)<br>Kaiapuni: Mga grado K\u20138<br>16-120 Opukahaia Street, Suite 2<br>Kea\u2018au, HI 96749<br>P: 808-982-4260 | F: 808-966-7821\u200b<br><a href=\"https:\/\/www.nawahi.org\/\" target=\"_blank\" rel=\"noreferrer noopener\">www.nawahi.org<\/a><\/p>\n<\/div>\n\n\n\n<div class=\"wp-block-column is-layout-flow wp-block-column-is-layout-flow\"><\/div>\n<\/div>\n\n\n\n<div class=\"wp-block-kadence-spacer aligncenter kt-block-spacer-18184_535784-ce\"><div class=\"kt-block-spacer kt-block-spacer-halign-center\"><hr class=\"kt-divider\"\/><\/div><\/div>\n\n\n\n<h3 class=\"wp-block-heading\">Kaua&#039;i<\/h3>\n\n\n\n<div class=\"wp-block-columns is-layout-flex wp-container-core-columns-is-layout-28f84493 wp-block-columns-is-layout-flex\">\n<div class=\"wp-block-column is-layout-flow wp-block-column-is-layout-flow\">\n<h4 class=\"wp-block-heading\">Ke Kula Niihau o Kekaha<\/h4>\n\n\n\n<p>Kaiapuni: Mga grado K\u201312<br>8135 Kekaha Road<br>Kekaha, HI, 96752<br>P: 808-337-0481 | F: 808-337-1289\u200b<br><a href=\"http:\/\/www.kknok.org\/\" target=\"_blank\" rel=\"noreferrer noopener\">www.kknok.org<\/a><\/p>\n<\/div>\n\n\n\n<div class=\"wp-block-column is-layout-flow wp-block-column-is-layout-flow\">\n<h4 class=\"wp-block-heading\">Kawaikini New Century&nbsp; PCS<\/h4>\n\n\n\n<p>Kaiapuni: Mga grado K\u201312<br>3-1821J Kaumualii Highway<br>L\u012bhu\u02bbe, HI 96766<br>P: 808-632-2032 | F: 808-246-4835<br><a href=\"http:\/\/www.kawaikini.com\/\" target=\"_blank\" rel=\"noreferrer noopener\">www.kawaikini.com<\/a><\/p>\n<\/div>\n\n\n\n<div class=\"wp-block-column is-layout-flow wp-block-column-is-layout-flow\"><\/div>\n<\/div>\n<\/div>\n<\/div>\n\n\n\n<p><\/p>","protected":false},"excerpt":{"rendered":"<p>To contribute to the revitalization of the Hawaiian language and culture, we offer a K-12 Hawaiian language immersion education in our Kaiapuni schools. Classes in Kaiapuni schools are conducted exclusively in the Hawaiian language. English is introduced as a subject starting in Grade 5. Policy &amp; CommitmentWe are guided by Board of Education Policy 105.8 [&hellip;]<\/p>","protected":false},"author":13,"featured_media":0,"parent":0,"menu_order":0,"comment_status":"closed","ping_status":"closed","template":"","meta":{"_relevanssi_hide_post":"","_relevanssi_hide_content":"","_relevanssi_pin_for_all":"","_relevanssi_pin_keywords":"","_relevanssi_unpin_keywords":"","_relevanssi_related_keywords":"","_relevanssi_related_include_ids":"","_relevanssi_related_exclude_ids":"","_relevanssi_related_no_append":"","_relevanssi_related_not_related":"","_relevanssi_related_posts":"856,888,893,1022,1619,1622","_relevanssi_noindex_reason":"","_sitemap_exclude":false,"_sitemap_priority":"","_sitemap_frequency":"","_kad_blocks_custom_css":"","_kad_blocks_head_custom_js":"","_kad_blocks_body_custom_js":"","_kad_blocks_footer_custom_js":"","wp_popup_display_lightbox":0,"wp_popup_suppress":"","wp_popup_trigger":"","wp_popup_trigger_amount":0,"wp_popup_disable_on_mobile":false,"footnotes":""},"class_list":["post-18184","page","type-page","status-publish","hentry"],"pp_statuses_selecting_workflow":false,"pp_workflow_action":"current","pp_status_selection":"publish","taxonomy_info":[],"featured_image_src_large":false,"author_info":{"display_name":"Sara Miyazono","author_link":"https:\/\/hawaiipublicschools.org\/ceb\/author\/sara-miyazonok12-hi-us\/"},"comment_info":0,"publishpress_future_action":{"enabled":false,"date":"2026-04-29 00:20:23","action":"change-status","newStatus":"draft","terms":[],"taxonomy":"","extraData":[]},"publishpress_future_workflow_manual_trigger":{"enabledWorkflows":[]},"_links":{"self":[{"href":"https:\/\/hawaiipublicschools.org\/ceb\/wp-json\/wp\/v2\/pages\/18184","targetHints":{"allow":["GET"]}}],"collection":[{"href":"https:\/\/hawaiipublicschools.org\/ceb\/wp-json\/wp\/v2\/pages"}],"about":[{"href":"https:\/\/hawaiipublicschools.org\/ceb\/wp-json\/wp\/v2\/types\/page"}],"author":[{"embeddable":true,"href":"https:\/\/hawaiipublicschools.org\/ceb\/wp-json\/wp\/v2\/users\/13"}],"replies":[{"embeddable":true,"href":"https:\/\/hawaiipublicschools.org\/ceb\/wp-json\/wp\/v2\/comments?post=18184"}],"version-history":[{"count":0,"href":"https:\/\/hawaiipublicschools.org\/ceb\/wp-json\/wp\/v2\/pages\/18184\/revisions"}],"wp:attachment":[{"href":"https:\/\/hawaiipublicschools.org\/ceb\/wp-json\/wp\/v2\/media?parent=18184"}],"curies":[{"name":"wp","href":"https:\/\/api.w.org\/{rel}","templated":true}]}}